{"id":9149,"date":"2020-02-27T10:31:23","date_gmt":"2020-02-27T10:31:23","guid":{"rendered":"https:\/\/giannikarmily.wpenginepowered.com\/crimenes-violentos\/"},"modified":"2025-01-31T19:02:18","modified_gmt":"2025-01-31T19:02:18","slug":"crimenes-violentos","status":"publish","type":"page","link":"https:\/\/giannicriminallaw.com\/es\/crimenes-violentos\/","title":{"rendered":"Cr\u00edmenes violentos"},"content":{"rendered":"<h1>Abogado de delitos violentos de Long Island que defiende agresivamente los derechos de los acusados en todo el condado de Nassau<\/h1>\n<p><iframe src=\"https:\/\/www.youtube.com\/embed\/3P15ZRH0GvE\" width=\"587\" height=\"330\" frameborder=\"0\" allowfullscreen=\"allowfullscreen\"><\/iframe><\/p>\n<p>El estado de Nueva York se toma muy en serio los delitos violentos. De hecho, solo los delitos graves violentos y algunos otros delitos se consideran \u00abdelitos calificados\u00bb seg\u00fan la Reforma de la justicia penal de Nueva York de 2020. Esto significa que, aunque se elimin\u00f3 la fianza en efectivo para la mayor\u00eda de los delitos, los jueces a\u00fan pueden establecer una fianza monetaria para los acusados. quienes son acusados de delitos violentos.<\/p>\n<p>Si te acusan de uno de estos delitos, es importante que busques representaci\u00f3n legal del <a href=\"https:\/\/giannicriminallaw.com\/es\/\">abogado de delitos violentos Gianni Karmily<\/a> de inmediato. Las sanciones por una condena por un delito violento son graves y una condena puede devastar completamente su vida. Deje que Gianni lo ayude a combatir estos cargos y evitar estas graves consecuencias.<\/p>\n<h2>\u00bfQu\u00e9 son los delitos violentos en Long Island?<\/h2>\n<p>Muchos delitos penales se consideran delitos violentos en Long Island, entre ellos:<\/p>\n<h3>Agresi\u00f3n<\/h3>\n<p>Hay tres grados de <a href=\"https:\/\/giannicriminallaw.com\/es\/agresiones\/\">delitos de agresi\u00f3n en Nueva York<\/a>. El asalto en tercer grado ocurre cuando lesiona intencionalmente a alguien, lesiona a alguien como resultado de su imprudencia o lesiona a alguien como resultado del uso negligente de un arma mortal. Este es un delito menor de clase A.<\/p>\n<p>Hay muchas maneras diferentes de cometer una agresi\u00f3n en segundo grado. Algunos ejemplos incluyen:<\/p>\n<ul>\n<li>Causar intencionalmente lesiones f\u00edsicas graves<\/li>\n<li>Herir a alguien con un arma mortal<\/li>\n<li>Herir a alguien como resultado del uso imprudente de un arma mortal<\/li>\n<li>Lesionar a un oficial de polic\u00eda, oficial del orden p\u00fablico u otras personas en un intento de evitar que realicen sus funciones laborales<\/li>\n<\/ul>\n<p>El asalto en segundo grado es un delito grave de clase D.<\/p>\n<p>El asalto en primer grado ocurre cuando usted:<\/p>\n<ul>\n<li>Causar intencionalmente lesiones f\u00edsicas graves con un arma mortal<\/li>\n<li>Causa intencionalmente desfiguraci\u00f3n o lesiones permanentes<\/li>\n<li>Lesiona gravemente a alguien mientras participa en una conducta imprudente que muestra una indiferencia por la vida humana<\/li>\n<li>Lesiona a alguien mientras comete o intenta cometer un delito grave<\/li>\n<\/ul>\n<p>El asalto en primer grado es el m\u00e1s grave de todos los delitos de asalto. Es un delito grave de clase B.<\/p>\n<h3>Incendio<\/h3>\n<p>El incendio provocado es el delito de da\u00f1ar intencionalmente la propiedad de otra persona al iniciar un incendio o provocar una explosi\u00f3n. Hay cinco grados diferentes de incendio provocado. El grado de incendio provocado al que se enfrentar\u00e1 depender\u00e1 de varios factores, incluso si hab\u00eda personas inocentes presentes cuando cometi\u00f3 el delito, si hubo heridos y el tipo de propiedad da\u00f1ada.<\/p>\n<h3>Amenazante<\/h3>\n<p>Amenazante es el delito de poner o intentar poner a otra persona en temor de lesi\u00f3n o muerte. Por ejemplo, amenazar a alguien mostr\u00e1ndole que lleva un arma mortal podr\u00eda considerarse amenazante.<\/p>\n<h3>Cr\u00edmenes De Odio<\/h3>\n<p>Los delitos de odio son delitos cometidos contra las v\u00edctimas debido a su raza, color, origen nacional, g\u00e9nero, religi\u00f3n, edad, discapacidad u orientaci\u00f3n sexual. Enfrentar\u00e1 mayores penas si su ofensa se considera un crimen de odio. Por ejemplo, si comete un delito grave de clase D contra alguien debido a sus creencias religiosas, el delito puede aumentar a un delito grave de clase C si se clasifica como un delito de odio.<\/p>\n<h3>Poner En Peligro Imprudente<\/h3>\n<p>La imprudencia temeraria es el delito de participar en una conducta imprudente que pone a otros en riesgo de sufrir lesiones graves o la muerte.<\/p>\n<h3>Prisi\u00f3n Ilegal<\/h3>\n<p>El delito de privaci\u00f3n de libertad ilegal se produce cuando alguien restringe f\u00edsicamente a otra persona en contra de su voluntad con el fin de restringir sus movimientos y mantenerla confinada en un \u00e1rea determinada.<\/p>\n<h3>Secuestro<\/h3>\n<p>El delito de secuestro se produce cuando alguien secuestra a otra persona. No importa si la v\u00edctima fue liberada o no, puede enfrentar estos cargos por el acto de secuestrarla.<\/p>\n<h3>Robo<\/h3>\n<p>El robo es el acto de robar por la fuerza la propiedad de otra persona. Existen diferentes grados de robo, algunos de los cuales implican herir gravemente a otra persona o el uso de un arma mortal en la comisi\u00f3n del robo.<\/p>\n<h3>Travesuras Criminales<\/h3>\n<p>La travesura criminal ocurre cuando alguien da\u00f1a intencionalmente la propiedad de otra persona sin el derecho a hacerlo.<\/p>\n<h3>Manipulaci\u00f3n Criminal<\/h3>\n<p>La manipulaci\u00f3n delictiva ocurre cuando alguien manipula intencionalmente la propiedad de otra persona para interrumpir o perjudicar el servicio o incomodar a la persona.<\/p>\n<h3>Homicidio<\/h3>\n<p>Si lo acusan de matar a alguien, podr\u00eda enfrentar cargos por homicidio involuntario, asesinato, homicidio por negligencia criminal u homicidio por negligencia criminal agravado. El <a href=\"https:\/\/giannicriminallaw.com\/es\/homicidio\/\">delito de homicidio<\/a> m\u00e1s grave, que es el asesinato en primer grado, se castiga con cadena perpetua.<\/p>\n<h3>Violencia Dom\u00e9stica<\/h3>\n<p><a href=\"https:\/\/giannicriminallaw.com\/es\/violencia-domestica\/\">La violencia dom\u00e9stica<\/a> no es un delito en s\u00ed mismo, sino un tipo especial de caso que involucra un delito cometido por una pareja \u00edntima contra otra \u00edntima. pareja. Por ejemplo, si comete una agresi\u00f3n contra su c\u00f3nyuge, enfrentar\u00e1 cargos de agresi\u00f3n y su caso se considerar\u00e1 violencia dom\u00e9stica.<\/p>\n<h3>Cargos Por Armas\/Armas De Feugo<\/h3>\n<p>Hay una serie de <a href=\"https:\/\/giannicriminallaw.com\/es\/armas-y-armas-de-fuego\/\">cargos relacionados con armas y armas de fuego<\/a> en Nueva York, incluida la posesi\u00f3n delictiva de un arma o arma de fuego, venta delictiva de un arma de fuego y compra o disposici\u00f3n delictiva de un arma. Cada uno de estos delitos conlleva penas graves.<\/p>\n<p>Las sanciones por estos delitos variar\u00e1n seg\u00fan la naturaleza del delito, sus antecedentes penales anteriores y una serie de otros factores. Pero, en general, una condena por un delito violento puede conducir a un posible encarcelamiento y multas sustanciales.<\/p>\n<h3 dir=\"auto\"><strong>Obstrucci\u00f3n De La Respiraci\u00f3n<\/strong><\/h3>\n<p dir=\"auto\">Obstrucci\u00f3n de la respiraci\u00f3n: cuando intenta aplicar presi\u00f3n en el cuello de alguien para impedir que respire, existe la posibilidad de que lo acusen de un delito. Por ejemplo, si intenta poner sus manos alrededor del cuello de alguien durante una disputa pero se sueltan, esto puede constituir una obstrucci\u00f3n de la respiraci\u00f3n.<\/p>\n<h3 dir=\"auto\"><strong>Estrangulamiento<\/strong><\/h3>\n<p dir=\"auto\">Estrangulamiento: cuando impides la respiraci\u00f3n o la circulaci\u00f3n de alguien al asfixiarlo, puedes terminar siendo acusado de estrangulamiento. La estrangulaci\u00f3n es com\u00fan en disputas dom\u00e9sticas y casos de violencia dom\u00e9stica. La estrangulaci\u00f3n puede conllevar sanciones graves que pueden afectar su vida en el futuro.<\/p>\n<h2>\u00bfC\u00f3mo puede ayudar un abogado de delitos violentos?<\/h2>\n<p>El abogado Gianni Karmily estar\u00e1 a su lado durante todo el proceso para garantizar que sus derechos est\u00e9n protegidos. Su objetivo es ayudarlo a alcanzar el mejor resultado posible en su caso, ya sea negociando un acuerdo de culpabilidad favorable, logrando que se desestimen sus cargos o ganando una absoluci\u00f3n en el juicio. Gianni comprende c\u00f3mo una condena por un delito violento puede destruir su vida, por lo que har\u00e1 todo lo posible para asegurar su libertad.<\/p>\n<h2>Programe su evaluaci\u00f3n del caso con nuestro abogado de delitos violentos en Long Island hoy mismo<\/h2>\n<p>No se enfrente solo a cargos de delitos violentos: recurra al abogado de defensa criminal de confianza Gianni Karmily para obtener representaci\u00f3n legal. Gianni ha dedicado su carrera a ayudar a sus clientes a proteger sus derechos y luchar por su libertad. Perm\u00edtale trabajar incansablemente para alcanzar un resultado favorable en su caso. Para programar una evaluaci\u00f3n confidencial de su caso con el Bufete de Abogados de Gianni Karmily, PLLC, llame a nuestra oficina de Great Neck al <a href=\"tel:5166303405\">(516) 630-3405<\/a> o a nuestra oficina de Hempstead al <a href=\"tel:5166144228\">(516) 614-4228<\/a>.<\/p>\n","protected":false},"excerpt":{"rendered":"<p>Abogado de delitos violentos de Long Island que defiende agresivamente los derechos de los acusados en todo el condado de Nassau El estado de Nueva York se toma muy en serio los delitos violentos. De hecho, solo los delitos graves violentos y algunos otros delitos se consideran \u00abdelitos calificados\u00bb seg\u00fan la Reforma de la justicia [&hellip;]<\/p>\n","protected":false},"author":3,"featured_media":0,"parent":0,"menu_order":0,"comment_status":"closed","ping_status":"closed","template":"","meta":{"_genesis_hide_title":false,"_genesis_hide_breadcrumbs":false,"_genesis_hide_singular_image":false,"_genesis_hide_footer_widgets":false,"_genesis_custom_body_class":"inner-page","_genesis_custom_post_class":"","_genesis_layout":"","footnotes":""},"class_list":{"0":"post-9149","1":"page","2":"type-page","3":"status-publish","5":"entry"},"yoast_head":"<!-- This site is optimized with the Yoast SEO plugin v27.4 - https:\/\/yoast.com\/product\/yoast-seo-wordpress\/ -->\n<title>Long Island Abogado de Cr\u00edmenes Violentos | Condado de Nassau | Bufete de Abogados de Gianni Karmily, PLLC<\/title>\n<meta name=\"description\" content=\"Deje que el abogado de delitos violentos de Long Island, Gianni Karmily, proteja sus derechos y luche por su libertad. Llame ahora para discutir sus opciones legales.\" \/>\n<meta name=\"robots\" content=\"index, follow, max-snippet:-1, max-image-preview:large, max-video-preview:-1\" \/>\n<link rel=\"canonical\" href=\"https:\/\/giannicriminallaw.com\/es\/crimenes-violentos\/\" \/>\n<meta property=\"og:locale\" content=\"es_ES\" \/>\n<meta property=\"og:type\" content=\"article\" \/>\n<meta property=\"og:title\" content=\"Long Island Abogado de Cr\u00edmenes Violentos | Condado de Nassau | Bufete de Abogados de Gianni Karmily, PLLC\" \/>\n<meta property=\"og:description\" content=\"Deje que el abogado de delitos violentos de Long Island, Gianni Karmily, proteja sus derechos y luche por su libertad. Llame ahora para discutir sus opciones legales.\" \/>\n<meta property=\"og:url\" content=\"https:\/\/giannicriminallaw.com\/es\/crimenes-violentos\/\" \/>\n<meta property=\"og:site_name\" content=\"Law Firm of Gianni Karmily PLLC\" \/>\n<meta property=\"article:publisher\" content=\"https:\/\/www.facebook.com\/Law-Firm-of-Gianni-Karmily-PLLC-111458240497656\/\" \/>\n<meta property=\"article:modified_time\" content=\"2025-01-31T19:02:18+00:00\" \/>\n<meta name=\"twitter:card\" content=\"summary_large_image\" \/>\n<meta name=\"twitter:site\" content=\"@LawGianni\" \/>\n<meta name=\"twitter:label1\" content=\"Tiempo de lectura\" \/>\n\t<meta name=\"twitter:data1\" content=\"6 minutos\" \/>\n<script type=\"application\/ld+json\" class=\"yoast-schema-graph\">{\"@context\":\"https:\\\/\\\/schema.org\",\"@graph\":[{\"@type\":\"WebPage\",\"@id\":\"https:\\\/\\\/giannicriminallaw.com\\\/es\\\/crimenes-violentos\\\/\",\"url\":\"https:\\\/\\\/giannicriminallaw.com\\\/es\\\/crimenes-violentos\\\/\",\"name\":\"Long Island Abogado de Cr\u00edmenes Violentos | Condado de Nassau | Bufete de Abogados de Gianni Karmily, PLLC\",\"isPartOf\":{\"@id\":\"https:\\\/\\\/giannicriminallaw.com\\\/#website\"},\"datePublished\":\"2020-02-27T10:31:23+00:00\",\"dateModified\":\"2025-01-31T19:02:18+00:00\",\"description\":\"Deje que el abogado de delitos violentos de Long Island, Gianni Karmily, proteja sus derechos y luche por su libertad. Llame ahora para discutir sus opciones legales.\",\"breadcrumb\":{\"@id\":\"https:\\\/\\\/giannicriminallaw.com\\\/es\\\/crimenes-violentos\\\/#breadcrumb\"},\"inLanguage\":\"es\",\"potentialAction\":[{\"@type\":\"ReadAction\",\"target\":[\"https:\\\/\\\/giannicriminallaw.com\\\/es\\\/crimenes-violentos\\\/\"]}]},{\"@type\":\"BreadcrumbList\",\"@id\":\"https:\\\/\\\/giannicriminallaw.com\\\/es\\\/crimenes-violentos\\\/#breadcrumb\",\"itemListElement\":[{\"@type\":\"ListItem\",\"position\":1,\"name\":\"Home\",\"item\":\"https:\\\/\\\/giannicriminallaw.com\\\/es\\\/\"},{\"@type\":\"ListItem\",\"position\":2,\"name\":\"Cr\u00edmenes violentos\"}]},{\"@type\":\"WebSite\",\"@id\":\"https:\\\/\\\/giannicriminallaw.com\\\/#website\",\"url\":\"https:\\\/\\\/giannicriminallaw.com\\\/\",\"name\":\"Law Firm of Gianni Karmily PLLC\",\"description\":\"\",\"publisher\":{\"@id\":\"https:\\\/\\\/giannicriminallaw.com\\\/#organization\"},\"potentialAction\":[{\"@type\":\"SearchAction\",\"target\":{\"@type\":\"EntryPoint\",\"urlTemplate\":\"https:\\\/\\\/giannicriminallaw.com\\\/?s={search_term_string}\"},\"query-input\":{\"@type\":\"PropertyValueSpecification\",\"valueRequired\":true,\"valueName\":\"search_term_string\"}}],\"inLanguage\":\"es\"},{\"@type\":\"Organization\",\"@id\":\"https:\\\/\\\/giannicriminallaw.com\\\/#organization\",\"name\":\"Law Firm of Gianni Karmily PLLC\",\"url\":\"https:\\\/\\\/giannicriminallaw.com\\\/\",\"logo\":{\"@type\":\"ImageObject\",\"inLanguage\":\"es\",\"@id\":\"https:\\\/\\\/giannicriminallaw.com\\\/#\\\/schema\\\/logo\\\/image\\\/\",\"url\":\"https:\\\/\\\/giannicriminallaw.com\\\/wp-content\\\/uploads\\\/2021\\\/03\\\/cropped-favicon.png\",\"contentUrl\":\"https:\\\/\\\/giannicriminallaw.com\\\/wp-content\\\/uploads\\\/2021\\\/03\\\/cropped-favicon.png\",\"width\":512,\"height\":512,\"caption\":\"Law Firm of Gianni Karmily PLLC\"},\"image\":{\"@id\":\"https:\\\/\\\/giannicriminallaw.com\\\/#\\\/schema\\\/logo\\\/image\\\/\"},\"sameAs\":[\"https:\\\/\\\/www.facebook.com\\\/Law-Firm-of-Gianni-Karmily-PLLC-111458240497656\\\/\",\"https:\\\/\\\/x.com\\\/LawGianni\"]}]}<\/script>\n<!-- \/ Yoast SEO plugin. -->","yoast_head_json":{"title":"Long Island Abogado de Cr\u00edmenes Violentos | Condado de Nassau | Bufete de Abogados de Gianni Karmily, PLLC","description":"Deje que el abogado de delitos violentos de Long Island, Gianni Karmily, proteja sus derechos y luche por su libertad. Llame ahora para discutir sus opciones legales.","robots":{"index":"index","follow":"follow","max-snippet":"max-snippet:-1","max-image-preview":"max-image-preview:large","max-video-preview":"max-video-preview:-1"},"canonical":"https:\/\/giannicriminallaw.com\/es\/crimenes-violentos\/","og_locale":"es_ES","og_type":"article","og_title":"Long Island Abogado de Cr\u00edmenes Violentos | Condado de Nassau | Bufete de Abogados de Gianni Karmily, PLLC","og_description":"Deje que el abogado de delitos violentos de Long Island, Gianni Karmily, proteja sus derechos y luche por su libertad. Llame ahora para discutir sus opciones legales.","og_url":"https:\/\/giannicriminallaw.com\/es\/crimenes-violentos\/","og_site_name":"Law Firm of Gianni Karmily PLLC","article_publisher":"https:\/\/www.facebook.com\/Law-Firm-of-Gianni-Karmily-PLLC-111458240497656\/","article_modified_time":"2025-01-31T19:02:18+00:00","twitter_card":"summary_large_image","twitter_site":"@LawGianni","twitter_misc":{"Tiempo de lectura":"6 minutos"},"schema":{"@context":"https:\/\/schema.org","@graph":[{"@type":"WebPage","@id":"https:\/\/giannicriminallaw.com\/es\/crimenes-violentos\/","url":"https:\/\/giannicriminallaw.com\/es\/crimenes-violentos\/","name":"Long Island Abogado de Cr\u00edmenes Violentos | Condado de Nassau | Bufete de Abogados de Gianni Karmily, PLLC","isPartOf":{"@id":"https:\/\/giannicriminallaw.com\/#website"},"datePublished":"2020-02-27T10:31:23+00:00","dateModified":"2025-01-31T19:02:18+00:00","description":"Deje que el abogado de delitos violentos de Long Island, Gianni Karmily, proteja sus derechos y luche por su libertad. Llame ahora para discutir sus opciones legales.","breadcrumb":{"@id":"https:\/\/giannicriminallaw.com\/es\/crimenes-violentos\/#breadcrumb"},"inLanguage":"es","potentialAction":[{"@type":"ReadAction","target":["https:\/\/giannicriminallaw.com\/es\/crimenes-violentos\/"]}]},{"@type":"BreadcrumbList","@id":"https:\/\/giannicriminallaw.com\/es\/crimenes-violentos\/#breadcrumb","itemListElement":[{"@type":"ListItem","position":1,"name":"Home","item":"https:\/\/giannicriminallaw.com\/es\/"},{"@type":"ListItem","position":2,"name":"Cr\u00edmenes violentos"}]},{"@type":"WebSite","@id":"https:\/\/giannicriminallaw.com\/#website","url":"https:\/\/giannicriminallaw.com\/","name":"Law Firm of Gianni Karmily PLLC","description":"","publisher":{"@id":"https:\/\/giannicriminallaw.com\/#organization"},"potentialAction":[{"@type":"SearchAction","target":{"@type":"EntryPoint","urlTemplate":"https:\/\/giannicriminallaw.com\/?s={search_term_string}"},"query-input":{"@type":"PropertyValueSpecification","valueRequired":true,"valueName":"search_term_string"}}],"inLanguage":"es"},{"@type":"Organization","@id":"https:\/\/giannicriminallaw.com\/#organization","name":"Law Firm of Gianni Karmily PLLC","url":"https:\/\/giannicriminallaw.com\/","logo":{"@type":"ImageObject","inLanguage":"es","@id":"https:\/\/giannicriminallaw.com\/#\/schema\/logo\/image\/","url":"https:\/\/giannicriminallaw.com\/wp-content\/uploads\/2021\/03\/cropped-favicon.png","contentUrl":"https:\/\/giannicriminallaw.com\/wp-content\/uploads\/2021\/03\/cropped-favicon.png","width":512,"height":512,"caption":"Law Firm of Gianni Karmily PLLC"},"image":{"@id":"https:\/\/giannicriminallaw.com\/#\/schema\/logo\/image\/"},"sameAs":["https:\/\/www.facebook.com\/Law-Firm-of-Gianni-Karmily-PLLC-111458240497656\/","https:\/\/x.com\/LawGianni"]}]}},"_links":{"self":[{"href":"https:\/\/giannicriminallaw.com\/es\/wp-json\/wp\/v2\/pages\/9149","targetHints":{"allow":["GET"]}}],"collection":[{"href":"https:\/\/giannicriminallaw.com\/es\/wp-json\/wp\/v2\/pages"}],"about":[{"href":"https:\/\/giannicriminallaw.com\/es\/wp-json\/wp\/v2\/types\/page"}],"author":[{"embeddable":true,"href":"https:\/\/giannicriminallaw.com\/es\/wp-json\/wp\/v2\/users\/3"}],"replies":[{"embeddable":true,"href":"https:\/\/giannicriminallaw.com\/es\/wp-json\/wp\/v2\/comments?post=9149"}],"version-history":[{"count":0,"href":"https:\/\/giannicriminallaw.com\/es\/wp-json\/wp\/v2\/pages\/9149\/revisions"}],"wp:attachment":[{"href":"https:\/\/giannicriminallaw.com\/es\/wp-json\/wp\/v2\/media?parent=9149"}],"curies":[{"name":"wp","href":"https:\/\/api.w.org\/{rel}","templated":true}]}}