{"id":9147,"date":"2020-02-27T10:30:12","date_gmt":"2020-02-27T10:30:12","guid":{"rendered":"https:\/\/giannikarmily.wpenginepowered.com\/asalto-vehicular\/"},"modified":"2025-01-31T19:02:26","modified_gmt":"2025-01-31T19:02:26","slug":"asalto-vehicular","status":"publish","type":"page","link":"https:\/\/giannicriminallaw.com\/es\/asalto-vehicular\/","title":{"rendered":"asalto vehicular"},"content":{"rendered":"<h1>Abogado de asalto vehicular de Long Island defendiendo agresivamente los derechos de los acusados en el condado de Nassau<\/h1>\n<p><iframe src=\"https:\/\/www.youtube.com\/embed\/6PJCXsemiqA\" width=\"587\" height=\"330\" frameborder=\"0\" allowfullscreen=\"allowfullscreen\"><\/iframe><\/p>\n<p>Un veh\u00edculo motorizado puede convertirse en un arma mortal si el conductor detr\u00e1s del volante no es responsable. Si lesiona o mata a alguien mientras conduce un veh\u00edculo motorizado, podr\u00eda ser acusado de asalto vehicular, homicidio vehicular u homicidio vehicular agravado. Debido a que estos delitos involucran lesiones f\u00edsicas o muertes, las autoridades de Long Island los procesan agresivamente.<\/p>\n<p>Ser condenado por un delito vehicular puede tener un impacto negativo en el resto de su vida. Si lo acusan de cometer un delito vehicular, deje que el <a href=\"https:\/\/giannicriminallaw.com\/es\/\">abogado Gianni Karmily<\/a> de agresi\u00f3n vehicular luche para proteger su libertad.<\/p>\n<h2>\u00bfQu\u00e9 es Asalto Vehicular?<\/h2>\n<p>Hay dos grados de asalto vehicular. El primero es asalto vehicular de segundo grado, que es un delito grave de clase E. Este delito ocurre cuando un conductor que se encuentra bajo los efectos del alcohol o las drogas causa lesiones f\u00edsicas graves a otra persona.<\/p>\n<p>El delito de asalto vehicular en segundo grado se convierte en asalto vehicular en primer grado si:<\/p>\n<ul>\n<li>El contenido de alcohol en sangre (BAC) del conductor era del 0,18 % o m\u00e1s, o<\/li>\n<li>La licencia de conducir fue suspendida o revocada debido a una condena anterior relacionada con conducir en estado de ebriedad, o<\/li>\n<li>El conductor ha sido condenado previamente por <a href=\"https:\/\/giannicriminallaw.com\/es\/dwi\/\">DWI<\/a> u otro delito vehicular, o<\/li>\n<li>M\u00e1s de una persona resulta lesionada, o<\/li>\n<li>Hab\u00eda un ni\u00f1o de 15 a\u00f1os o menos en el autom\u00f3vil en el momento en que se cometi\u00f3 el delito, y el ni\u00f1o sufri\u00f3 heridas graves.<\/li>\n<\/ul>\n<p>El asalto vehicular de primer grado es un delito grave de clase D.<\/p>\n<h2>\u00bfQu\u00e9 es un asalto vehicular agravado?<\/h2>\n<p>Una persona es culpable de asalto vehicular agravado cuando comete el delito de conducci\u00f3n temeraria y simult\u00e1neamente comete el delito de asalto vehicular en segundo grado seg\u00fan se describe anteriormente, y adicionalmente:<\/p>\n<ul>\n<li>Comete ambos delitos mientras conduce con un nivel de concentraci\u00f3n de alcohol en sangre igual o superior al 0,18 por ciento, o<\/li>\n<li>Comete ambos delitos sabiendo que su licencia de conducir ha sido suspendida o revocada (en este estado o en cualquier otro estado) por conducir en estado de ebriedad, conducir con discapacidad o conducir bajo la influencia de drogas, o<\/li>\n<li>Comete ambos delitos mientras un pasajero de 15 a\u00f1os o menos est\u00e1 en el veh\u00edculo, o<\/li>\n<li>Ha sido condenado por conducir en estado de ebriedad, conducir con discapacidad o conducir bajo la influencia de drogas (en este estado o en cualquier otro estado) en los \u00faltimos diez a\u00f1os, o<\/li>\n<li>Ha sido condenado anteriormente por asalto vehicular agravado en este estado o en cualquier otro estado, o<\/li>\n<li>Causa lesiones f\u00edsicas graves a m\u00e1s de una persona<\/li>\n<li><\/li>\n<\/ul>\n<p>El asalto vehicular agravado es un delito grave de clase C. La distinci\u00f3n principal entre asalto vehicular agravado y asalto vehicular en primer o segundo grado es que un automovilista debe haber estado conduciendo imprudentemente para ser acusado de asalto vehicular agravado.<\/p>\n<h2>\u00bfQu\u00e9 es el homicidio vehicular?<\/h2>\n<p>Si alguien muere en lugar de lesionarse gravemente, ya no se considera asalto vehicular. Si un conductor que est\u00e1 bajo la influencia del alcohol o las drogas mata a alguien, el conductor podr\u00eda enfrentar cargos de homicidio vehicular en segundo grado. Este es un delito grave de clase D.<\/p>\n<p>Al igual que las leyes de agresi\u00f3n vehicular, el homicidio vehicular de segundo grado puede convertirse en homicidio vehicular de primer grado si se cumple una de estas condiciones:<\/p>\n<ul>\n<li>El contenido de alcohol en sangre (BAC) del conductor era del 0,18 % o m\u00e1s, o<\/li>\n<li>La licencia de conducir fue suspendida o revocada debido a una condena anterior relacionada con conducir en estado de ebriedad, o<\/li>\n<li>El conductor ha sido condenado previamente por DWI u otro <a href=\"https:\/\/giannicriminallaw.com\/es\/conduccion-imprudente\/\">delito vehicular<\/a>, o<\/li>\n<li>Muere m\u00e1s de una persona, o<\/li>\n<li>Hab\u00eda un ni\u00f1o de 15 a\u00f1os o menos en el autom\u00f3vil en el momento en que se cometi\u00f3 el crimen, y el ni\u00f1o muri\u00f3.<\/li>\n<\/ul>\n<p>Este crimen es un delito mayor de clase C.<\/p>\n<h2>\u00bfQu\u00e9 es el homicidio vehicular agravado?<\/h2>\n<p>El homicidio vehicular no es el \u00fanico cargo penal que podr\u00eda enfrentar si mata a alguien mientras conduce un veh\u00edculo motorizado. En Nueva York, podr\u00eda ser acusado de homicidio vehicular agravado.<\/p>\n<p>El homicidio vehicular agravado ocurre cuando un conductor imprudente que se encuentra bajo la influencia de alcohol o drogas mata a alguien y adem\u00e1s:<\/p>\n<ul>\n<li>Tiene un BAC de 0.18% o m\u00e1s, o<\/li>\n<li>Tiene una licencia suspendida o revocada de una condena anterior relacionada con DWI, o<\/li>\n<li>Ha sido condenado previamente por DWI u otro delito vehicular, o<\/li>\n<li>Mata a m\u00e1s de una persona, o<\/li>\n<li>Mata a una persona y lesiona gravemente a una o m\u00e1s personas, o<\/li>\n<li>Tiene un ni\u00f1o de 15 a\u00f1os o menos en el autom\u00f3vil en el momento en que se cometi\u00f3 el delito y el ni\u00f1o fue asesinado.<\/li>\n<\/ul>\n<p>Este es el delito vehicular m\u00e1s grave en Nueva York y est\u00e1 clasificado como un delito grave de clase B.<\/p>\n<h2>\u00bfCu\u00e1les son las sanciones por delitos de asalto vehicular en Long Island?<\/h2>\n<p>Las sanciones por estos delitos vehiculares variar\u00e1n seg\u00fan el nivel de infracci\u00f3n. El asalto vehicular de segundo grado es un delito grave de clase E, que se castiga con hasta cuatro a\u00f1os de prisi\u00f3n. Tanto el asalto vehicular en primer grado como el homicidio vehicular en segundo grado son delitos graves de clase D, que se castigan con hasta siete a\u00f1os de prisi\u00f3n. Si lo declaran culpable de homicidio vehicular en primer grado, podr\u00eda enfrentar hasta 15 a\u00f1os de prisi\u00f3n. El delito m\u00e1s grave, el homicidio vehicular agravado, se castiga con hasta 25 a\u00f1os de prisi\u00f3n. A cualquier persona que sea condenada por estos delitos tambi\u00e9n se le puede ordenar que pague hasta $5,000 en multas como parte de su sentencia.<\/p>\n<p>Debido a la severidad de estas sanciones, una condena por un delito vehicular puede trastornar completamente su vida. No dejes que esto te suceda, deja que Gianni Karmily luche agresivamente para asegurar tu libertad.<\/p>\n<h2>Llame ahora para programar una evaluaci\u00f3n de su caso con nuestro abogado de agresi\u00f3n vehicular de Long Island<\/h2>\n<p>Hay mucho en juego en un caso de asalto vehicular, homicidio vehicular u homicidio vehicular agravado. No enfrente estos cargos solo: recurra al abogado experimentado en asalto vehicular Gianni Karmily para obtener ayuda lo antes posible. Trabajar\u00e1 incansablemente para ayudarlo a alcanzar el mejor resultado posible en su caso de delito vehicular. Para programar una evaluaci\u00f3n confidencial de su caso con el Bufete de Abogados de Gianni Karmily, PLLC, llame a nuestra oficina de Great Neck al <a href=\"tel:5166303405\">(516) 630-3405<\/a> o a nuestra oficina de Hempstead al <a href=\"tel:5166144228\">(516) 614-4228<\/a>.<\/p>\n","protected":false},"excerpt":{"rendered":"<p>Abogado de asalto vehicular de Long Island defendiendo agresivamente los derechos de los acusados en el condado de Nassau Un veh\u00edculo motorizado puede convertirse en un arma mortal si el conductor detr\u00e1s del volante no es responsable. Si lesiona o mata a alguien mientras conduce un veh\u00edculo motorizado, podr\u00eda ser acusado de asalto vehicular, homicidio [&hellip;]<\/p>\n","protected":false},"author":3,"featured_media":0,"parent":0,"menu_order":0,"comment_status":"closed","ping_status":"closed","template":"","meta":{"_genesis_hide_title":false,"_genesis_hide_breadcrumbs":false,"_genesis_hide_singular_image":false,"_genesis_hide_footer_widgets":false,"_genesis_custom_body_class":"inner-page","_genesis_custom_post_class":"","_genesis_layout":"","footnotes":""},"class_list":{"0":"post-9147","1":"page","2":"type-page","3":"status-publish","5":"entry"},"yoast_head":"<!-- This site is optimized with the Yoast SEO plugin v27.5 - https:\/\/yoast.com\/product\/yoast-seo-wordpress\/ -->\n<title>Long Island Abogado de Asalto Vehicular | Condado de Nassau | Bufete de Abogados de Gianni Karmily, PLLC<\/title>\n<meta name=\"description\" content=\"Programe una evaluaci\u00f3n de caso con el abogado de asalto vehicular de Long Island, Gianni Karmily, para analizar sus opciones legales hoy.\" \/>\n<meta name=\"robots\" content=\"index, follow, max-snippet:-1, max-image-preview:large, max-video-preview:-1\" \/>\n<link rel=\"canonical\" href=\"https:\/\/giannicriminallaw.com\/es\/asalto-vehicular\/\" \/>\n<meta property=\"og:locale\" content=\"es_ES\" \/>\n<meta property=\"og:type\" content=\"article\" \/>\n<meta property=\"og:title\" content=\"Long Island Abogado de Asalto Vehicular | Condado de Nassau | Bufete de Abogados de Gianni Karmily, PLLC\" \/>\n<meta property=\"og:description\" content=\"Programe una evaluaci\u00f3n de caso con el abogado de asalto vehicular de Long Island, Gianni Karmily, para analizar sus opciones legales hoy.\" \/>\n<meta property=\"og:url\" content=\"https:\/\/giannicriminallaw.com\/es\/asalto-vehicular\/\" \/>\n<meta property=\"og:site_name\" content=\"Law Firm of Gianni Karmily PLLC\" \/>\n<meta property=\"article:publisher\" content=\"https:\/\/www.facebook.com\/Law-Firm-of-Gianni-Karmily-PLLC-111458240497656\/\" \/>\n<meta property=\"article:modified_time\" content=\"2025-01-31T19:02:26+00:00\" \/>\n<meta name=\"twitter:card\" content=\"summary_large_image\" \/>\n<meta name=\"twitter:site\" content=\"@LawGianni\" \/>\n<meta name=\"twitter:label1\" content=\"Tiempo de lectura\" \/>\n\t<meta name=\"twitter:data1\" content=\"5 minutos\" \/>\n<script type=\"application\/ld+json\" class=\"yoast-schema-graph\">{\"@context\":\"https:\\\/\\\/schema.org\",\"@graph\":[{\"@type\":\"WebPage\",\"@id\":\"https:\\\/\\\/giannicriminallaw.com\\\/es\\\/asalto-vehicular\\\/\",\"url\":\"https:\\\/\\\/giannicriminallaw.com\\\/es\\\/asalto-vehicular\\\/\",\"name\":\"Long Island Abogado de Asalto Vehicular | Condado de Nassau | Bufete de Abogados de Gianni Karmily, PLLC\",\"isPartOf\":{\"@id\":\"https:\\\/\\\/giannicriminallaw.com\\\/#website\"},\"datePublished\":\"2020-02-27T10:30:12+00:00\",\"dateModified\":\"2025-01-31T19:02:26+00:00\",\"description\":\"Programe una evaluaci\u00f3n de caso con el abogado de asalto vehicular de Long Island, Gianni Karmily, para analizar sus opciones legales hoy.\",\"breadcrumb\":{\"@id\":\"https:\\\/\\\/giannicriminallaw.com\\\/es\\\/asalto-vehicular\\\/#breadcrumb\"},\"inLanguage\":\"es\",\"potentialAction\":[{\"@type\":\"ReadAction\",\"target\":[\"https:\\\/\\\/giannicriminallaw.com\\\/es\\\/asalto-vehicular\\\/\"]}]},{\"@type\":\"BreadcrumbList\",\"@id\":\"https:\\\/\\\/giannicriminallaw.com\\\/es\\\/asalto-vehicular\\\/#breadcrumb\",\"itemListElement\":[{\"@type\":\"ListItem\",\"position\":1,\"name\":\"Home\",\"item\":\"https:\\\/\\\/giannicriminallaw.com\\\/es\\\/\"},{\"@type\":\"ListItem\",\"position\":2,\"name\":\"asalto vehicular\"}]},{\"@type\":\"WebSite\",\"@id\":\"https:\\\/\\\/giannicriminallaw.com\\\/#website\",\"url\":\"https:\\\/\\\/giannicriminallaw.com\\\/\",\"name\":\"Law Firm of Gianni Karmily PLLC\",\"description\":\"\",\"publisher\":{\"@id\":\"https:\\\/\\\/giannicriminallaw.com\\\/#organization\"},\"potentialAction\":[{\"@type\":\"SearchAction\",\"target\":{\"@type\":\"EntryPoint\",\"urlTemplate\":\"https:\\\/\\\/giannicriminallaw.com\\\/?s={search_term_string}\"},\"query-input\":{\"@type\":\"PropertyValueSpecification\",\"valueRequired\":true,\"valueName\":\"search_term_string\"}}],\"inLanguage\":\"es\"},{\"@type\":\"Organization\",\"@id\":\"https:\\\/\\\/giannicriminallaw.com\\\/#organization\",\"name\":\"Law Firm of Gianni Karmily PLLC\",\"url\":\"https:\\\/\\\/giannicriminallaw.com\\\/\",\"logo\":{\"@type\":\"ImageObject\",\"inLanguage\":\"es\",\"@id\":\"https:\\\/\\\/giannicriminallaw.com\\\/#\\\/schema\\\/logo\\\/image\\\/\",\"url\":\"https:\\\/\\\/giannicriminallaw.com\\\/wp-content\\\/uploads\\\/2021\\\/03\\\/cropped-favicon.png\",\"contentUrl\":\"https:\\\/\\\/giannicriminallaw.com\\\/wp-content\\\/uploads\\\/2021\\\/03\\\/cropped-favicon.png\",\"width\":512,\"height\":512,\"caption\":\"Law Firm of Gianni Karmily PLLC\"},\"image\":{\"@id\":\"https:\\\/\\\/giannicriminallaw.com\\\/#\\\/schema\\\/logo\\\/image\\\/\"},\"sameAs\":[\"https:\\\/\\\/www.facebook.com\\\/Law-Firm-of-Gianni-Karmily-PLLC-111458240497656\\\/\",\"https:\\\/\\\/x.com\\\/LawGianni\"]}]}<\/script>\n<!-- \/ Yoast SEO plugin. -->","yoast_head_json":{"title":"Long Island Abogado de Asalto Vehicular | Condado de Nassau | Bufete de Abogados de Gianni Karmily, PLLC","description":"Programe una evaluaci\u00f3n de caso con el abogado de asalto vehicular de Long Island, Gianni Karmily, para analizar sus opciones legales hoy.","robots":{"index":"index","follow":"follow","max-snippet":"max-snippet:-1","max-image-preview":"max-image-preview:large","max-video-preview":"max-video-preview:-1"},"canonical":"https:\/\/giannicriminallaw.com\/es\/asalto-vehicular\/","og_locale":"es_ES","og_type":"article","og_title":"Long Island Abogado de Asalto Vehicular | Condado de Nassau | Bufete de Abogados de Gianni Karmily, PLLC","og_description":"Programe una evaluaci\u00f3n de caso con el abogado de asalto vehicular de Long Island, Gianni Karmily, para analizar sus opciones legales hoy.","og_url":"https:\/\/giannicriminallaw.com\/es\/asalto-vehicular\/","og_site_name":"Law Firm of Gianni Karmily PLLC","article_publisher":"https:\/\/www.facebook.com\/Law-Firm-of-Gianni-Karmily-PLLC-111458240497656\/","article_modified_time":"2025-01-31T19:02:26+00:00","twitter_card":"summary_large_image","twitter_site":"@LawGianni","twitter_misc":{"Tiempo de lectura":"5 minutos"},"schema":{"@context":"https:\/\/schema.org","@graph":[{"@type":"WebPage","@id":"https:\/\/giannicriminallaw.com\/es\/asalto-vehicular\/","url":"https:\/\/giannicriminallaw.com\/es\/asalto-vehicular\/","name":"Long Island Abogado de Asalto Vehicular | Condado de Nassau | Bufete de Abogados de Gianni Karmily, PLLC","isPartOf":{"@id":"https:\/\/giannicriminallaw.com\/#website"},"datePublished":"2020-02-27T10:30:12+00:00","dateModified":"2025-01-31T19:02:26+00:00","description":"Programe una evaluaci\u00f3n de caso con el abogado de asalto vehicular de Long Island, Gianni Karmily, para analizar sus opciones legales hoy.","breadcrumb":{"@id":"https:\/\/giannicriminallaw.com\/es\/asalto-vehicular\/#breadcrumb"},"inLanguage":"es","potentialAction":[{"@type":"ReadAction","target":["https:\/\/giannicriminallaw.com\/es\/asalto-vehicular\/"]}]},{"@type":"BreadcrumbList","@id":"https:\/\/giannicriminallaw.com\/es\/asalto-vehicular\/#breadcrumb","itemListElement":[{"@type":"ListItem","position":1,"name":"Home","item":"https:\/\/giannicriminallaw.com\/es\/"},{"@type":"ListItem","position":2,"name":"asalto vehicular"}]},{"@type":"WebSite","@id":"https:\/\/giannicriminallaw.com\/#website","url":"https:\/\/giannicriminallaw.com\/","name":"Law Firm of Gianni Karmily PLLC","description":"","publisher":{"@id":"https:\/\/giannicriminallaw.com\/#organization"},"potentialAction":[{"@type":"SearchAction","target":{"@type":"EntryPoint","urlTemplate":"https:\/\/giannicriminallaw.com\/?s={search_term_string}"},"query-input":{"@type":"PropertyValueSpecification","valueRequired":true,"valueName":"search_term_string"}}],"inLanguage":"es"},{"@type":"Organization","@id":"https:\/\/giannicriminallaw.com\/#organization","name":"Law Firm of Gianni Karmily PLLC","url":"https:\/\/giannicriminallaw.com\/","logo":{"@type":"ImageObject","inLanguage":"es","@id":"https:\/\/giannicriminallaw.com\/#\/schema\/logo\/image\/","url":"https:\/\/giannicriminallaw.com\/wp-content\/uploads\/2021\/03\/cropped-favicon.png","contentUrl":"https:\/\/giannicriminallaw.com\/wp-content\/uploads\/2021\/03\/cropped-favicon.png","width":512,"height":512,"caption":"Law Firm of Gianni Karmily PLLC"},"image":{"@id":"https:\/\/giannicriminallaw.com\/#\/schema\/logo\/image\/"},"sameAs":["https:\/\/www.facebook.com\/Law-Firm-of-Gianni-Karmily-PLLC-111458240497656\/","https:\/\/x.com\/LawGianni"]}]}},"_links":{"self":[{"href":"https:\/\/giannicriminallaw.com\/es\/wp-json\/wp\/v2\/pages\/9147","targetHints":{"allow":["GET"]}}],"collection":[{"href":"https:\/\/giannicriminallaw.com\/es\/wp-json\/wp\/v2\/pages"}],"about":[{"href":"https:\/\/giannicriminallaw.com\/es\/wp-json\/wp\/v2\/types\/page"}],"author":[{"embeddable":true,"href":"https:\/\/giannicriminallaw.com\/es\/wp-json\/wp\/v2\/users\/3"}],"replies":[{"embeddable":true,"href":"https:\/\/giannicriminallaw.com\/es\/wp-json\/wp\/v2\/comments?post=9147"}],"version-history":[{"count":0,"href":"https:\/\/giannicriminallaw.com\/es\/wp-json\/wp\/v2\/pages\/9147\/revisions"}],"wp:attachment":[{"href":"https:\/\/giannicriminallaw.com\/es\/wp-json\/wp\/v2\/media?parent=9147"}],"curies":[{"name":"wp","href":"https:\/\/api.w.org\/{rel}","templated":true}]}}