{"id":9146,"date":"2021-09-17T17:39:11","date_gmt":"2021-09-17T17:39:11","guid":{"rendered":"https:\/\/giannikarmily.wpenginepowered.com\/abogada-de-dwi\/"},"modified":"2025-01-31T17:54:19","modified_gmt":"2025-01-31T17:54:19","slug":"abogado-de-dwi","status":"publish","type":"page","link":"https:\/\/giannicriminallaw.com\/es\/abogado-de-dwi\/","title":{"rendered":"Abogado de DWI"},"content":{"rendered":"<h1>Abogado de Hempstead que protege los derechos de los acusados \u200b\u200bde DWI<\/h1>\n<p><iframe src=\"https:\/\/www.youtube.com\/embed\/TV14OqYWBR0\" width=\"587\" height=\"330\" frameborder=\"0\" allowfullscreen=\"allowfullscreen\"><\/iframe><\/p>\n<p>Si lo acusan de DWI (conducir en estado de ebriedad), \u00bfcu\u00e1les son sus derechos legales? \u00bfCu\u00e1les son tus opciones? \u00bfQu\u00e9 pasos puede y debe tomar? Su primer paso despu\u00e9s de un arresto por DWI debe ser programar una evaluaci\u00f3n de caso con un abogado de Hempstead DWI en el Bufete de Abogados de Gianni Karmily.<\/p>\n<p>En cualquier lugar de Nueva York, si un oficial de polic\u00eda cree que usted es una amenaza para la seguridad p\u00fablica o su propia seguridad, podr\u00eda ser arrestado, acusado de DWI, condenado, multado e incluso perder su trabajo o pasar tiempo en la c\u00e1rcel. Una condena por DWI podr\u00eda devastar su vida. \u00bfAd\u00f3nde puede acudir en busca de ayuda?<\/p>\n<p>Si lo acusan de DWI, p\u00eddale al abogado de Hempstead DWI, Gianni Karmily, que proteja sus derechos y luche por la justicia que necesita. Si hay una falla o una inconsistencia en el caso del Estado en su contra, \u00e9l la encontrar\u00e1, la usar\u00e1 en su defensa y llevar\u00e1 su caso de DWI al mejor resultado posible.<\/p>\n<h2>\u00bfQu\u00e9 constituye DWI?<\/h2>\n<p>Si conduce ebrio con un nivel de concentraci\u00f3n de alcohol en la sangre (BAC) igual o superior al 0.08%, puede ser acusado de conducir en estado de ebriedad. Si su nivel de BAC mide 0.18% o m\u00e1s, se le acusar\u00e1 de DWI agravado y enfrentar\u00e1 penas m\u00e1s severas si es declarado culpable.<\/p>\n<p>Adem\u00e1s, y sin tener en cuenta su nivel de BAC, si un oficial de polic\u00eda cree que est\u00e1 demasiado intoxicado para conducir de manera segura, puede ser acusado de DWI.<\/p>\n<p>Una condena por DWI por un delito menor de primer delito en Nueva York se castiga con hasta un a\u00f1o de c\u00e1rcel, una multa de hasta 1,000 d\u00f3lares y una suspensi\u00f3n de la licencia de conducir de seis meses. En la mayor\u00eda de los casos, una primera infracci\u00f3n por DWI es un delito menor, pero una segunda infracci\u00f3n por DWI dentro de los diez a\u00f1os o una primera infracci\u00f3n por DWI con un ni\u00f1o de 15 a\u00f1os o menos en el veh\u00edculo (Ley de Leandra) se considera un delito grave.<\/p>\n<p>Si es condenado por DWI o DWI agravado, tambi\u00e9n deber\u00e1 instalar un dispositivo de bloqueo de encendido (IID) en su veh\u00edculo personal, a su cargo, durante al menos 12 meses. Un IID se conecta al sistema de encendido de un veh\u00edculo, mide el contenido de alcohol en el aliento del conductor y evita que el veh\u00edculo arranque si el nivel de BAC del conductor es de 0.025% o m\u00e1s.<\/p>\n<h2>\u00bfCu\u00e1les son las sanciones por segundas condenas por DWI?<\/h2>\n<p>Una segunda condena por conducir en estado de ebriedad dentro de los diez a\u00f1os posteriores a la primera condena puede ser sancionada con una multa de 1,000 d\u00f3lares a 5,000 d\u00f3lares y\/o de uno a cuatro a\u00f1os de prisi\u00f3n. Una segunda condena por DWI dentro de los diez a\u00f1os posteriores a la primera tambi\u00e9n desencadena una revocaci\u00f3n de la licencia de conducir de un a\u00f1o, y se requerir\u00e1 la instalaci\u00f3n de IID cuando se levante la revocaci\u00f3n de la licencia.<\/p>\n<p>Adem\u00e1s, la ley de Nueva York requerir\u00e1 que un acusado de DWI que reciba una segunda condena por conducir en estado de ebriedad dentro de los cinco a\u00f1os posteriores a la primera condena cumpla al menos cinco d\u00edas en la c\u00e1rcel.<\/p>\n<h2>\u00bfQu\u00e9 es DWAI?<\/h2>\n<p>Podr\u00eda enfrentar un cargo menor, DWAI (conducir con discapacidad), si conduce ebrio en cualquier lugar de Nueva York con un nivel de BAC igual o superior al 0.05% pero inferior al 0.08%.<\/p>\n<p>DWAI es una infracci\u00f3n de tr\u00e1nsito que se castiga con una condena de hasta quince d\u00edas de c\u00e1rcel, una multa de hasta 500 d\u00f3lares y una suspensi\u00f3n de la licencia de conducir de noventa d\u00edas. Tanto los infractores de DWI convictos como los infractores de DWAI convictos deben completar el Programa para conductores en estado de ebriedad (IDP, por sus siglas en ingl\u00e9s) de Nueva York.<\/p>\n<p>Los infractores condenados por DWI y DWAI tambi\u00e9n deben someterse a una evaluaci\u00f3n y evaluaci\u00f3n de drogas\/alcohol, asistir a un Programa de Impacto de V\u00edctimas (VIP) y pagar una tarifa de evaluaci\u00f3n de responsabilidad del conductor de 250 d\u00f3lares al a\u00f1o durante tres a\u00f1os.<\/p>\n<p>En algunos casos de primera ofensa, un fiscal puede ofrecer reducir un cargo de DWI a DWAI si el nivel de BAC del acusado en el momento del arresto estaba por debajo del 0.13%, si el acusado se someti\u00f3 a una prueba de alcoholemia y si el acusado no caus\u00f3 cualquier accidente o lesi\u00f3n.<\/p>\n<h2>\u00bfQu\u00e9 har\u00e1 un abogado de DWI de Hempstead en su nombre?<\/h2>\n<p>Un cargo de DWI es considerablemente m\u00e1s grave que un cargo de DWAI, y si un conductor ebrio causa da\u00f1os a la propiedad o lesiones personales, los cargos y sanciones ser\u00e1n a\u00fan m\u00e1s graves. Una condena podr\u00eda afectarlo negativamente por el resto de su vida.<\/p>\n<p>A good Hempstead DWI defense lawyer will review the prosecution\u2019s evidence and find the best way to cast doubt on the state\u2019s case against you. Breathalyzer and blood test results may be disputed, or the arresting police officer\u2019s testimony may be challenged in court.<\/p>\n<p>Cualquier abogado puede defenderlo contra un cargo de conducir en estado de ebriedad, pero con tanto en juego, debe ser asesorado y representado por un abogado que tenga una experiencia considerable y un historial de \u00e9xito en el manejo de casos de DWI. Ese abogado es el abogado de Hempstead DWI, Gianni Karmily.<\/p>\n<h2>\u00bfPor qu\u00e9 elegir a Gianni Karmily como su abogado de DWI?<\/h2>\n<p>El abogado de Hempstead, Gianni Karmily, se ha forjado una reputaci\u00f3n de servicio al cliente superlativo y de representaci\u00f3n de defensa tenaz y eficaz. Tiene pasi\u00f3n por la justicia. Si lo acusan de DWI, \u00e9l le explicar\u00e1 sus opciones, defender\u00e1 sus derechos y lo guiar\u00e1 a trav\u00e9s del proceso.<\/p>\n<p>Gianni Karmily fue nombrado por Super Lawyers como una \u00abEstrella en ascenso en derecho penal\u00bb en el \u00e1rea metropolitana de Nueva York de 2019 a 2024. Se gradu\u00f3 de la Facultad de Derecho Mercy de la Universidad de Detroit, donde se desempe\u00f1\u00f3 como Presidente de la Oficina de Derecho Internacional. Sociedad.<\/p>\n<p><span style=\"font-weight: 400;\">Para programar una evaluaci\u00f3n confidencial de su caso con el Bufete de Abogados de Gianni Karmily, PLLC, llame a nuestra oficina de Great Neck al <a href=\"tel:5166303405\">(516) 630-3405<\/a> o a nuestra oficina de Hempstead al <a href=\"tel:5166144228\">(516) 614-4228<\/a>.<\/span><\/p>\n","protected":false},"excerpt":{"rendered":"<p>Abogado de Hempstead que protege los derechos de los acusados \u200b\u200bde DWI Si lo acusan de DWI (conducir en estado de ebriedad), \u00bfcu\u00e1les son sus derechos legales? \u00bfCu\u00e1les son tus opciones? \u00bfQu\u00e9 pasos puede y debe tomar? Su primer paso despu\u00e9s de un arresto por DWI debe ser programar una evaluaci\u00f3n de caso con un [&hellip;]<\/p>\n","protected":false},"author":3,"featured_media":0,"parent":0,"menu_order":0,"comment_status":"closed","ping_status":"closed","template":"","meta":{"_genesis_hide_title":false,"_genesis_hide_breadcrumbs":false,"_genesis_hide_singular_image":false,"_genesis_hide_footer_widgets":false,"_genesis_custom_body_class":"inner-page ","_genesis_custom_post_class":"","_genesis_layout":"","footnotes":""},"class_list":{"0":"post-9146","1":"page","2":"type-page","3":"status-publish","5":"entry"},"yoast_head":"<!-- This site is optimized with the Yoast SEO plugin v27.4 - https:\/\/yoast.com\/product\/yoast-seo-wordpress\/ -->\n<title>Hempstead Abogado de DWI | Nueva York | Bufete de Abogados de Gianni Karmily, PLLC<\/title>\n<meta name=\"description\" content=\"Si lo acusan de conducir en estado de ebriedad (DWI), lleve su caso de inmediato a un abogado de Hempstead DWI en el Bufete de Abogados de Gianni Karmily.\" \/>\n<meta name=\"robots\" content=\"index, follow, max-snippet:-1, max-image-preview:large, max-video-preview:-1\" \/>\n<link rel=\"canonical\" href=\"https:\/\/giannicriminallaw.com\/es\/abogado-de-dwi\/\" \/>\n<meta property=\"og:locale\" content=\"es_ES\" \/>\n<meta property=\"og:type\" content=\"article\" \/>\n<meta property=\"og:title\" content=\"Hempstead Abogado de DWI | Nueva York | Bufete de Abogados de Gianni Karmily, PLLC\" \/>\n<meta property=\"og:description\" content=\"Si lo acusan de conducir en estado de ebriedad (DWI), lleve su caso de inmediato a un abogado de Hempstead DWI en el Bufete de Abogados de Gianni Karmily.\" \/>\n<meta property=\"og:url\" content=\"https:\/\/giannicriminallaw.com\/es\/abogado-de-dwi\/\" \/>\n<meta property=\"og:site_name\" content=\"Law Firm of Gianni Karmily PLLC\" \/>\n<meta property=\"article:publisher\" content=\"https:\/\/www.facebook.com\/Law-Firm-of-Gianni-Karmily-PLLC-111458240497656\/\" \/>\n<meta property=\"article:modified_time\" content=\"2025-01-31T17:54:19+00:00\" \/>\n<meta name=\"twitter:card\" content=\"summary_large_image\" \/>\n<meta name=\"twitter:site\" content=\"@LawGianni\" \/>\n<meta name=\"twitter:label1\" content=\"Tiempo de lectura\" \/>\n\t<meta name=\"twitter:data1\" content=\"5 minutos\" \/>\n<script type=\"application\/ld+json\" class=\"yoast-schema-graph\">{\"@context\":\"https:\\\/\\\/schema.org\",\"@graph\":[{\"@type\":\"WebPage\",\"@id\":\"https:\\\/\\\/giannicriminallaw.com\\\/es\\\/abogado-de-dwi\\\/\",\"url\":\"https:\\\/\\\/giannicriminallaw.com\\\/es\\\/abogado-de-dwi\\\/\",\"name\":\"Hempstead Abogado de DWI | Nueva York | Bufete de Abogados de Gianni Karmily, PLLC\",\"isPartOf\":{\"@id\":\"https:\\\/\\\/giannicriminallaw.com\\\/#website\"},\"datePublished\":\"2021-09-17T17:39:11+00:00\",\"dateModified\":\"2025-01-31T17:54:19+00:00\",\"description\":\"Si lo acusan de conducir en estado de ebriedad (DWI), lleve su caso de inmediato a un abogado de Hempstead DWI en el Bufete de Abogados de Gianni Karmily.\",\"breadcrumb\":{\"@id\":\"https:\\\/\\\/giannicriminallaw.com\\\/es\\\/abogado-de-dwi\\\/#breadcrumb\"},\"inLanguage\":\"es\",\"potentialAction\":[{\"@type\":\"ReadAction\",\"target\":[\"https:\\\/\\\/giannicriminallaw.com\\\/es\\\/abogado-de-dwi\\\/\"]}]},{\"@type\":\"BreadcrumbList\",\"@id\":\"https:\\\/\\\/giannicriminallaw.com\\\/es\\\/abogado-de-dwi\\\/#breadcrumb\",\"itemListElement\":[{\"@type\":\"ListItem\",\"position\":1,\"name\":\"Home\",\"item\":\"https:\\\/\\\/giannicriminallaw.com\\\/es\\\/\"},{\"@type\":\"ListItem\",\"position\":2,\"name\":\"Abogado de DWI\"}]},{\"@type\":\"WebSite\",\"@id\":\"https:\\\/\\\/giannicriminallaw.com\\\/#website\",\"url\":\"https:\\\/\\\/giannicriminallaw.com\\\/\",\"name\":\"Law Firm of Gianni Karmily PLLC\",\"description\":\"\",\"publisher\":{\"@id\":\"https:\\\/\\\/giannicriminallaw.com\\\/#organization\"},\"potentialAction\":[{\"@type\":\"SearchAction\",\"target\":{\"@type\":\"EntryPoint\",\"urlTemplate\":\"https:\\\/\\\/giannicriminallaw.com\\\/?s={search_term_string}\"},\"query-input\":{\"@type\":\"PropertyValueSpecification\",\"valueRequired\":true,\"valueName\":\"search_term_string\"}}],\"inLanguage\":\"es\"},{\"@type\":\"Organization\",\"@id\":\"https:\\\/\\\/giannicriminallaw.com\\\/#organization\",\"name\":\"Law Firm of Gianni Karmily PLLC\",\"url\":\"https:\\\/\\\/giannicriminallaw.com\\\/\",\"logo\":{\"@type\":\"ImageObject\",\"inLanguage\":\"es\",\"@id\":\"https:\\\/\\\/giannicriminallaw.com\\\/#\\\/schema\\\/logo\\\/image\\\/\",\"url\":\"https:\\\/\\\/giannicriminallaw.com\\\/wp-content\\\/uploads\\\/2021\\\/03\\\/cropped-favicon.png\",\"contentUrl\":\"https:\\\/\\\/giannicriminallaw.com\\\/wp-content\\\/uploads\\\/2021\\\/03\\\/cropped-favicon.png\",\"width\":512,\"height\":512,\"caption\":\"Law Firm of Gianni Karmily PLLC\"},\"image\":{\"@id\":\"https:\\\/\\\/giannicriminallaw.com\\\/#\\\/schema\\\/logo\\\/image\\\/\"},\"sameAs\":[\"https:\\\/\\\/www.facebook.com\\\/Law-Firm-of-Gianni-Karmily-PLLC-111458240497656\\\/\",\"https:\\\/\\\/x.com\\\/LawGianni\"]}]}<\/script>\n<!-- \/ Yoast SEO plugin. -->","yoast_head_json":{"title":"Hempstead Abogado de DWI | Nueva York | Bufete de Abogados de Gianni Karmily, PLLC","description":"Si lo acusan de conducir en estado de ebriedad (DWI), lleve su caso de inmediato a un abogado de Hempstead DWI en el Bufete de Abogados de Gianni Karmily.","robots":{"index":"index","follow":"follow","max-snippet":"max-snippet:-1","max-image-preview":"max-image-preview:large","max-video-preview":"max-video-preview:-1"},"canonical":"https:\/\/giannicriminallaw.com\/es\/abogado-de-dwi\/","og_locale":"es_ES","og_type":"article","og_title":"Hempstead Abogado de DWI | Nueva York | Bufete de Abogados de Gianni Karmily, PLLC","og_description":"Si lo acusan de conducir en estado de ebriedad (DWI), lleve su caso de inmediato a un abogado de Hempstead DWI en el Bufete de Abogados de Gianni Karmily.","og_url":"https:\/\/giannicriminallaw.com\/es\/abogado-de-dwi\/","og_site_name":"Law Firm of Gianni Karmily PLLC","article_publisher":"https:\/\/www.facebook.com\/Law-Firm-of-Gianni-Karmily-PLLC-111458240497656\/","article_modified_time":"2025-01-31T17:54:19+00:00","twitter_card":"summary_large_image","twitter_site":"@LawGianni","twitter_misc":{"Tiempo de lectura":"5 minutos"},"schema":{"@context":"https:\/\/schema.org","@graph":[{"@type":"WebPage","@id":"https:\/\/giannicriminallaw.com\/es\/abogado-de-dwi\/","url":"https:\/\/giannicriminallaw.com\/es\/abogado-de-dwi\/","name":"Hempstead Abogado de DWI | Nueva York | Bufete de Abogados de Gianni Karmily, PLLC","isPartOf":{"@id":"https:\/\/giannicriminallaw.com\/#website"},"datePublished":"2021-09-17T17:39:11+00:00","dateModified":"2025-01-31T17:54:19+00:00","description":"Si lo acusan de conducir en estado de ebriedad (DWI), lleve su caso de inmediato a un abogado de Hempstead DWI en el Bufete de Abogados de Gianni Karmily.","breadcrumb":{"@id":"https:\/\/giannicriminallaw.com\/es\/abogado-de-dwi\/#breadcrumb"},"inLanguage":"es","potentialAction":[{"@type":"ReadAction","target":["https:\/\/giannicriminallaw.com\/es\/abogado-de-dwi\/"]}]},{"@type":"BreadcrumbList","@id":"https:\/\/giannicriminallaw.com\/es\/abogado-de-dwi\/#breadcrumb","itemListElement":[{"@type":"ListItem","position":1,"name":"Home","item":"https:\/\/giannicriminallaw.com\/es\/"},{"@type":"ListItem","position":2,"name":"Abogado de DWI"}]},{"@type":"WebSite","@id":"https:\/\/giannicriminallaw.com\/#website","url":"https:\/\/giannicriminallaw.com\/","name":"Law Firm of Gianni Karmily PLLC","description":"","publisher":{"@id":"https:\/\/giannicriminallaw.com\/#organization"},"potentialAction":[{"@type":"SearchAction","target":{"@type":"EntryPoint","urlTemplate":"https:\/\/giannicriminallaw.com\/?s={search_term_string}"},"query-input":{"@type":"PropertyValueSpecification","valueRequired":true,"valueName":"search_term_string"}}],"inLanguage":"es"},{"@type":"Organization","@id":"https:\/\/giannicriminallaw.com\/#organization","name":"Law Firm of Gianni Karmily PLLC","url":"https:\/\/giannicriminallaw.com\/","logo":{"@type":"ImageObject","inLanguage":"es","@id":"https:\/\/giannicriminallaw.com\/#\/schema\/logo\/image\/","url":"https:\/\/giannicriminallaw.com\/wp-content\/uploads\/2021\/03\/cropped-favicon.png","contentUrl":"https:\/\/giannicriminallaw.com\/wp-content\/uploads\/2021\/03\/cropped-favicon.png","width":512,"height":512,"caption":"Law Firm of Gianni Karmily PLLC"},"image":{"@id":"https:\/\/giannicriminallaw.com\/#\/schema\/logo\/image\/"},"sameAs":["https:\/\/www.facebook.com\/Law-Firm-of-Gianni-Karmily-PLLC-111458240497656\/","https:\/\/x.com\/LawGianni"]}]}},"_links":{"self":[{"href":"https:\/\/giannicriminallaw.com\/es\/wp-json\/wp\/v2\/pages\/9146","targetHints":{"allow":["GET"]}}],"collection":[{"href":"https:\/\/giannicriminallaw.com\/es\/wp-json\/wp\/v2\/pages"}],"about":[{"href":"https:\/\/giannicriminallaw.com\/es\/wp-json\/wp\/v2\/types\/page"}],"author":[{"embeddable":true,"href":"https:\/\/giannicriminallaw.com\/es\/wp-json\/wp\/v2\/users\/3"}],"replies":[{"embeddable":true,"href":"https:\/\/giannicriminallaw.com\/es\/wp-json\/wp\/v2\/comments?post=9146"}],"version-history":[{"count":0,"href":"https:\/\/giannicriminallaw.com\/es\/wp-json\/wp\/v2\/pages\/9146\/revisions"}],"wp:attachment":[{"href":"https:\/\/giannicriminallaw.com\/es\/wp-json\/wp\/v2\/media?parent=9146"}],"curies":[{"name":"wp","href":"https:\/\/api.w.org\/{rel}","templated":true}]}}