{"id":9145,"date":"2021-09-07T15:26:51","date_gmt":"2021-09-07T15:26:51","guid":{"rendered":"https:\/\/giannikarmily.wpenginepowered.com\/peligro-para-el-bienestar-de-una-nina\/"},"modified":"2025-01-31T17:53:53","modified_gmt":"2025-01-31T17:53:53","slug":"peligro-para-el-bienestar-de-una-nino","status":"publish","type":"page","link":"https:\/\/giannicriminallaw.com\/es\/peligro-para-el-bienestar-de-una-nino\/","title":{"rendered":"Poner En Peligro El Bienestar De Un Ni\u00f1o"},"content":{"rendered":"<h1>LONG ISLAND PONER EN PELIGRO EL BIENESTAR DE UN MENORES ABOGADO<\/h1>\n<p><iframe src=\"https:\/\/www.youtube.com\/embed\/6PJCXsemiqA\" width=\"587\" height=\"330\" frameborder=\"0\" allowfullscreen=\"allowfullscreen\"><\/iframe><\/p>\n<p>\u00bfDej\u00f3 a su hijo solo en casa o solo en el autom\u00f3vil mientras corr\u00eda a una tienda? \u00bfO ha dejado alcohol, drogas o un arma peligrosa al alcance de un ni\u00f1o? De lo contrario, podr\u00eda ser un buen padre, pero estas acciones podr\u00edan generar un cargo de poner en peligro el bienestar de un ni\u00f1o.<\/p>\n<p>Si lo acusan de poner en peligro el bienestar de un ni\u00f1o en Long Island o en cualquier lugar dentro o cerca de la ciudad de Nueva York, debe ser asesorado y representado por un condado de Nassau que pone en peligro el bienestar de un ni\u00f1o en el Bufete de Abogados de Gianni Karmily.<\/p>\n<p>\u00bfQu\u00e9 constituye poner en peligro el bienestar de un ni\u00f1o? \u00bfQu\u00e9 defensas pueden ofrecer usted y su abogado? \u00bfQu\u00e9 sanciones pueden imponerse si se le declara culpable de poner en peligro el bienestar de un ni\u00f1o? Siga leyendo para conocer las respuestas a estas preguntas y la ayuda legal que pueda necesitar.<\/p>\n<h2>\u00bfC\u00f3mo define Nueva York poner en peligro el bienestar de un ni\u00f1o?<\/h2>\n<p>La ley de Nueva York detalla dos situaciones que constituyen poner en peligro el bienestar de un ni\u00f1o:<\/p>\n<ul>\n<li>Usted pone en peligro el bienestar de un ni\u00f1o al actuar a sabiendas de una manera que probablemente cause un da\u00f1o al estado mental, el bienestar f\u00edsico o el bienestar moral de un ni\u00f1o menor de 17 a\u00f1os.<\/li>\n<li>Usted pone en peligro el bienestar de un ni\u00f1o si es padre, tutor o tiene la custodia de un ni\u00f1o menor de 18 a\u00f1os y no ejerce una diligencia razonable para evitar que el ni\u00f1o sea \u00ababusado\u00bb o \u00ababandonado\u00bb. ni\u00f1o o una \u00abpersona que necesita supervisi\u00f3n\u00bb.<\/li>\n<\/ul>\n<h2>\u00bfQu\u00e9 considera el tribunal en estos casos?<\/h2>\n<p>A diferencia de un cargo espec\u00edfico de robo o posesi\u00f3n de armas, poner en peligro el bienestar de un ni\u00f1o, en algunos casos, puede ser m\u00e1s subjetivo y abierto a interpretaci\u00f3n. Digamos que lo acusan de dejar a un ni\u00f1o solo en su casa o solo en su veh\u00edculo durante un breve per\u00edodo de tiempo. El tribunal considerar\u00e1:<\/p>\n<ul>\n<li>la edad y el nivel de madurez del ni\u00f1o<\/li>\n<li>la cantidad de tiempo que el ni\u00f1o estuvo solo<\/li>\n<li>la raz\u00f3n por la cual el ni\u00f1o se qued\u00f3 solo<\/li>\n<li>si el acusado tiene antecedentes de poner en peligro a ni\u00f1os<\/li>\n<\/ul>\n<h2>\u00bfCu\u00e1l es la sanci\u00f3n por poner en peligro el bienestar de un ni\u00f1o?<\/h2>\n<p>En la mayor\u00eda de los casos, poner en peligro el bienestar de un ni\u00f1o es un delito menor de Clase A en el Estado de Nueva York. Cualquiera que sea condenado podr\u00eda cumplir hasta un a\u00f1o en la c\u00e1rcel o hasta tres a\u00f1os en libertad condicional.<\/p>\n<p>Sin embargo, muchos de estos cargos se basan en malentendidos y, a veces, un reclamo por poner en peligro a un ni\u00f1o es completamente falso. Durante un proceso de divorcio, por ejemplo, uno de los padres podr\u00eda inventar un reclamo por peligro para los ni\u00f1os para obtener una ventaja sobre el otro padre.<\/p>\n<p>Ya sea que usted sea inocente o simplemente haya tomado una mala decisi\u00f3n con respecto al bienestar de su hijo (o el hijo de otra persona que estaba supervisando), si se le acusa de poner en peligro el bienestar de un ni\u00f1o, comun\u00edquese de inmediato con un abogado de peligro infantil en el Condado de Nassau en el Bufete de Abogados de Gianni Karmily.<\/p>\n<h2>\u00bfQu\u00e9 har\u00e1 su abogado en su nombre?<\/h2>\n<p>Un abogado de peligro infantil de Long Island puede ofrecer una de estas defensas a un cargo de peligro infantil:<\/p>\n<ul>\n<li>La ley establece que usted no puede ser condenado por poner en peligro a un ni\u00f1o cuando la \u00fanica prueba en su contra es el testimonio de un ni\u00f1o con una discapacidad o defecto mental.<\/li>\n<li>En un caso de peligro infantil basado en la supuesta falta de atenci\u00f3n m\u00e9dica a un ni\u00f1o, la ley prev\u00e9 una defensa si el acusado es miembro de un grupo religioso organizado con principios que ofrecen la oraci\u00f3n como tratamiento principal de la enfermedad y trat\u00f3 o hizo que dicho ni\u00f1o enfermo fuera tratado de acuerdo con dichos principios.<\/li>\n<li>Si ha sido acusado falsamente y el cargo en su contra es inventado, un abogado de peligro infantil en el Condado de Nassau en el Bufete de Abogados de Gianni Karmily har\u00e1 todo lo posible para llegar a la verdad sobre lo que realmente sucedi\u00f3.<\/li>\n<\/ul>\n<h2>\u00bfQu\u00e9 pasa con el peligro para los ni\u00f1os y la conducci\u00f3n bajo los efectos del alcohol?<\/h2>\n<p>Si bien poner en peligro el bienestar de un ni\u00f1o es un delito menor en Nueva York en la mayor\u00eda de los casos, es un delito grave autom\u00e1tico en la primera ofensa conducir en estado de ebriedad con una persona de 15 a\u00f1os o menos en el veh\u00edculo si conduce en estado de ebriedad o tiene la capacidad disminuida por drogas<\/p>\n<p>Cualquier persona que opere un veh\u00edculo motorizado en estado de ebriedad y transporte a un ni\u00f1o puede ser acusada de un delito mayor de Clase E que se castiga con una condena de hasta cuatro a\u00f1os de prisi\u00f3n y una multa de hasta $5,000.<\/p>\n<p>Si un conductor est\u00e1 intoxicado o drogado y un ni\u00f1o en el autom\u00f3vil sufre lesiones graves, el cargo es un delito grave de Clase D punible con hasta siete a\u00f1os de prisi\u00f3n. Si un conductor est\u00e1 intoxicado o drogado y un ni\u00f1o en el autom\u00f3vil muri\u00f3, el cargo es un delito grave de Clase C punible con hasta quince a\u00f1os de prisi\u00f3n.<\/p>\n<h2>Si lo acusan de poner en peligro el bienestar de un ni\u00f1o<\/h2>\n<p>Ni siquiera piense en tratar de actuar como su propio abogado. El estado de Nueva York procesa agresivamente los delitos que involucran a ni\u00f1os, por lo que debe estar representado por un abogado defensor confiable y con experiencia en Nueva York que defienda sus derechos con pasi\u00f3n y eficacia.<\/p>\n<p>Para asegurarse de que su caso de poner en peligro el bienestar de un ni\u00f1o tenga el mejor resultado posible, lleve su caso al Bufete de Abogados de Gianni Karmily. <span style=\"font-weight: 400;\">Para programar una evaluaci\u00f3n confidencial de su caso con el Bufete de Abogados de Gianni Karmily, PLLC, llame a nuestra oficina de Great Neck al <a href=\"tel:5166303405\">(516) 630-3405<\/a> o a nuestra oficina de Hempstead al <a href=\"tel:5166144228\">(516) 614-4228<\/a>.<\/span><\/p>\n","protected":false},"excerpt":{"rendered":"<p>LONG ISLAND PONER EN PELIGRO EL BIENESTAR DE UN MENORES ABOGADO \u00bfDej\u00f3 a su hijo solo en casa o solo en el autom\u00f3vil mientras corr\u00eda a una tienda? \u00bfO ha dejado alcohol, drogas o un arma peligrosa al alcance de un ni\u00f1o? De lo contrario, podr\u00eda ser un buen padre, pero estas acciones podr\u00edan generar [&hellip;]<\/p>\n","protected":false},"author":3,"featured_media":0,"parent":0,"menu_order":0,"comment_status":"closed","ping_status":"closed","template":"","meta":{"_genesis_hide_title":false,"_genesis_hide_breadcrumbs":false,"_genesis_hide_singular_image":false,"_genesis_hide_footer_widgets":false,"_genesis_custom_body_class":"inner-page","_genesis_custom_post_class":"","_genesis_layout":"","footnotes":""},"class_list":{"0":"post-9145","1":"page","2":"type-page","3":"status-publish","5":"entry"},"yoast_head":"<!-- This site is optimized with the Yoast SEO plugin v27.3 - https:\/\/yoast.com\/product\/yoast-seo-wordpress\/ -->\n<title>Long Island Abogado Poner de Peligro el Bienestar de un Ni\u00f1o | Condado de Nassau | Bufete de Abogados de Gianni Karmily, PLLC<\/title>\n<meta name=\"description\" content=\"\u00bfHa sido acusado de poner en peligro a un ni\u00f1o? Si es as\u00ed, comun\u00edquese de inmediato con un abogado en el Condado de Nassau que pone en peligro el bienestar de un ni\u00f1o en el Bufete de Abogados de Gianni Karmily.\" \/>\n<meta name=\"robots\" content=\"index, follow, max-snippet:-1, max-image-preview:large, max-video-preview:-1\" \/>\n<link rel=\"canonical\" href=\"https:\/\/giannicriminallaw.com\/es\/peligro-para-el-bienestar-de-una-nino\/\" \/>\n<meta property=\"og:locale\" content=\"es_ES\" \/>\n<meta property=\"og:type\" content=\"article\" \/>\n<meta property=\"og:title\" content=\"Long Island Abogado Poner de Peligro el Bienestar de un Ni\u00f1o | Condado de Nassau | Bufete de Abogados de Gianni Karmily, PLLC\" \/>\n<meta property=\"og:description\" content=\"\u00bfHa sido acusado de poner en peligro a un ni\u00f1o? Si es as\u00ed, comun\u00edquese de inmediato con un abogado en el Condado de Nassau que pone en peligro el bienestar de un ni\u00f1o en el Bufete de Abogados de Gianni Karmily.\" \/>\n<meta property=\"og:url\" content=\"https:\/\/giannicriminallaw.com\/es\/peligro-para-el-bienestar-de-una-nino\/\" \/>\n<meta property=\"og:site_name\" content=\"Law Firm of Gianni Karmily PLLC\" \/>\n<meta property=\"article:publisher\" content=\"https:\/\/www.facebook.com\/Law-Firm-of-Gianni-Karmily-PLLC-111458240497656\/\" \/>\n<meta property=\"article:modified_time\" content=\"2025-01-31T17:53:53+00:00\" \/>\n<meta name=\"twitter:card\" content=\"summary_large_image\" \/>\n<meta name=\"twitter:site\" content=\"@LawGianni\" \/>\n<meta name=\"twitter:label1\" content=\"Tiempo de lectura\" \/>\n\t<meta name=\"twitter:data1\" content=\"5 minutos\" \/>\n<script type=\"application\/ld+json\" class=\"yoast-schema-graph\">{\"@context\":\"https:\\\/\\\/schema.org\",\"@graph\":[{\"@type\":\"WebPage\",\"@id\":\"https:\\\/\\\/giannicriminallaw.com\\\/es\\\/peligro-para-el-bienestar-de-una-nino\\\/\",\"url\":\"https:\\\/\\\/giannicriminallaw.com\\\/es\\\/peligro-para-el-bienestar-de-una-nino\\\/\",\"name\":\"Long Island Abogado Poner de Peligro el Bienestar de un Ni\u00f1o | Condado de Nassau | Bufete de Abogados de Gianni Karmily, PLLC\",\"isPartOf\":{\"@id\":\"https:\\\/\\\/giannicriminallaw.com\\\/#website\"},\"datePublished\":\"2021-09-07T15:26:51+00:00\",\"dateModified\":\"2025-01-31T17:53:53+00:00\",\"description\":\"\u00bfHa sido acusado de poner en peligro a un ni\u00f1o? Si es as\u00ed, comun\u00edquese de inmediato con un abogado en el Condado de Nassau que pone en peligro el bienestar de un ni\u00f1o en el Bufete de Abogados de Gianni Karmily.\",\"breadcrumb\":{\"@id\":\"https:\\\/\\\/giannicriminallaw.com\\\/es\\\/peligro-para-el-bienestar-de-una-nino\\\/#breadcrumb\"},\"inLanguage\":\"es\",\"potentialAction\":[{\"@type\":\"ReadAction\",\"target\":[\"https:\\\/\\\/giannicriminallaw.com\\\/es\\\/peligro-para-el-bienestar-de-una-nino\\\/\"]}]},{\"@type\":\"BreadcrumbList\",\"@id\":\"https:\\\/\\\/giannicriminallaw.com\\\/es\\\/peligro-para-el-bienestar-de-una-nino\\\/#breadcrumb\",\"itemListElement\":[{\"@type\":\"ListItem\",\"position\":1,\"name\":\"Home\",\"item\":\"https:\\\/\\\/giannicriminallaw.com\\\/es\\\/\"},{\"@type\":\"ListItem\",\"position\":2,\"name\":\"Poner En Peligro El Bienestar De Un Ni\u00f1o\"}]},{\"@type\":\"WebSite\",\"@id\":\"https:\\\/\\\/giannicriminallaw.com\\\/#website\",\"url\":\"https:\\\/\\\/giannicriminallaw.com\\\/\",\"name\":\"Law Firm of Gianni Karmily PLLC\",\"description\":\"\",\"publisher\":{\"@id\":\"https:\\\/\\\/giannicriminallaw.com\\\/#organization\"},\"potentialAction\":[{\"@type\":\"SearchAction\",\"target\":{\"@type\":\"EntryPoint\",\"urlTemplate\":\"https:\\\/\\\/giannicriminallaw.com\\\/?s={search_term_string}\"},\"query-input\":{\"@type\":\"PropertyValueSpecification\",\"valueRequired\":true,\"valueName\":\"search_term_string\"}}],\"inLanguage\":\"es\"},{\"@type\":\"Organization\",\"@id\":\"https:\\\/\\\/giannicriminallaw.com\\\/#organization\",\"name\":\"Law Firm of Gianni Karmily PLLC\",\"url\":\"https:\\\/\\\/giannicriminallaw.com\\\/\",\"logo\":{\"@type\":\"ImageObject\",\"inLanguage\":\"es\",\"@id\":\"https:\\\/\\\/giannicriminallaw.com\\\/#\\\/schema\\\/logo\\\/image\\\/\",\"url\":\"https:\\\/\\\/giannicriminallaw.com\\\/wp-content\\\/uploads\\\/2021\\\/03\\\/cropped-favicon.png\",\"contentUrl\":\"https:\\\/\\\/giannicriminallaw.com\\\/wp-content\\\/uploads\\\/2021\\\/03\\\/cropped-favicon.png\",\"width\":512,\"height\":512,\"caption\":\"Law Firm of Gianni Karmily PLLC\"},\"image\":{\"@id\":\"https:\\\/\\\/giannicriminallaw.com\\\/#\\\/schema\\\/logo\\\/image\\\/\"},\"sameAs\":[\"https:\\\/\\\/www.facebook.com\\\/Law-Firm-of-Gianni-Karmily-PLLC-111458240497656\\\/\",\"https:\\\/\\\/x.com\\\/LawGianni\"]}]}<\/script>\n<!-- \/ Yoast SEO plugin. -->","yoast_head_json":{"title":"Long Island Abogado Poner de Peligro el Bienestar de un Ni\u00f1o | Condado de Nassau | Bufete de Abogados de Gianni Karmily, PLLC","description":"\u00bfHa sido acusado de poner en peligro a un ni\u00f1o? Si es as\u00ed, comun\u00edquese de inmediato con un abogado en el Condado de Nassau que pone en peligro el bienestar de un ni\u00f1o en el Bufete de Abogados de Gianni Karmily.","robots":{"index":"index","follow":"follow","max-snippet":"max-snippet:-1","max-image-preview":"max-image-preview:large","max-video-preview":"max-video-preview:-1"},"canonical":"https:\/\/giannicriminallaw.com\/es\/peligro-para-el-bienestar-de-una-nino\/","og_locale":"es_ES","og_type":"article","og_title":"Long Island Abogado Poner de Peligro el Bienestar de un Ni\u00f1o | Condado de Nassau | Bufete de Abogados de Gianni Karmily, PLLC","og_description":"\u00bfHa sido acusado de poner en peligro a un ni\u00f1o? Si es as\u00ed, comun\u00edquese de inmediato con un abogado en el Condado de Nassau que pone en peligro el bienestar de un ni\u00f1o en el Bufete de Abogados de Gianni Karmily.","og_url":"https:\/\/giannicriminallaw.com\/es\/peligro-para-el-bienestar-de-una-nino\/","og_site_name":"Law Firm of Gianni Karmily PLLC","article_publisher":"https:\/\/www.facebook.com\/Law-Firm-of-Gianni-Karmily-PLLC-111458240497656\/","article_modified_time":"2025-01-31T17:53:53+00:00","twitter_card":"summary_large_image","twitter_site":"@LawGianni","twitter_misc":{"Tiempo de lectura":"5 minutos"},"schema":{"@context":"https:\/\/schema.org","@graph":[{"@type":"WebPage","@id":"https:\/\/giannicriminallaw.com\/es\/peligro-para-el-bienestar-de-una-nino\/","url":"https:\/\/giannicriminallaw.com\/es\/peligro-para-el-bienestar-de-una-nino\/","name":"Long Island Abogado Poner de Peligro el Bienestar de un Ni\u00f1o | Condado de Nassau | Bufete de Abogados de Gianni Karmily, PLLC","isPartOf":{"@id":"https:\/\/giannicriminallaw.com\/#website"},"datePublished":"2021-09-07T15:26:51+00:00","dateModified":"2025-01-31T17:53:53+00:00","description":"\u00bfHa sido acusado de poner en peligro a un ni\u00f1o? Si es as\u00ed, comun\u00edquese de inmediato con un abogado en el Condado de Nassau que pone en peligro el bienestar de un ni\u00f1o en el Bufete de Abogados de Gianni Karmily.","breadcrumb":{"@id":"https:\/\/giannicriminallaw.com\/es\/peligro-para-el-bienestar-de-una-nino\/#breadcrumb"},"inLanguage":"es","potentialAction":[{"@type":"ReadAction","target":["https:\/\/giannicriminallaw.com\/es\/peligro-para-el-bienestar-de-una-nino\/"]}]},{"@type":"BreadcrumbList","@id":"https:\/\/giannicriminallaw.com\/es\/peligro-para-el-bienestar-de-una-nino\/#breadcrumb","itemListElement":[{"@type":"ListItem","position":1,"name":"Home","item":"https:\/\/giannicriminallaw.com\/es\/"},{"@type":"ListItem","position":2,"name":"Poner En Peligro El Bienestar De Un Ni\u00f1o"}]},{"@type":"WebSite","@id":"https:\/\/giannicriminallaw.com\/#website","url":"https:\/\/giannicriminallaw.com\/","name":"Law Firm of Gianni Karmily PLLC","description":"","publisher":{"@id":"https:\/\/giannicriminallaw.com\/#organization"},"potentialAction":[{"@type":"SearchAction","target":{"@type":"EntryPoint","urlTemplate":"https:\/\/giannicriminallaw.com\/?s={search_term_string}"},"query-input":{"@type":"PropertyValueSpecification","valueRequired":true,"valueName":"search_term_string"}}],"inLanguage":"es"},{"@type":"Organization","@id":"https:\/\/giannicriminallaw.com\/#organization","name":"Law Firm of Gianni Karmily PLLC","url":"https:\/\/giannicriminallaw.com\/","logo":{"@type":"ImageObject","inLanguage":"es","@id":"https:\/\/giannicriminallaw.com\/#\/schema\/logo\/image\/","url":"https:\/\/giannicriminallaw.com\/wp-content\/uploads\/2021\/03\/cropped-favicon.png","contentUrl":"https:\/\/giannicriminallaw.com\/wp-content\/uploads\/2021\/03\/cropped-favicon.png","width":512,"height":512,"caption":"Law Firm of Gianni Karmily PLLC"},"image":{"@id":"https:\/\/giannicriminallaw.com\/#\/schema\/logo\/image\/"},"sameAs":["https:\/\/www.facebook.com\/Law-Firm-of-Gianni-Karmily-PLLC-111458240497656\/","https:\/\/x.com\/LawGianni"]}]}},"_links":{"self":[{"href":"https:\/\/giannicriminallaw.com\/es\/wp-json\/wp\/v2\/pages\/9145","targetHints":{"allow":["GET"]}}],"collection":[{"href":"https:\/\/giannicriminallaw.com\/es\/wp-json\/wp\/v2\/pages"}],"about":[{"href":"https:\/\/giannicriminallaw.com\/es\/wp-json\/wp\/v2\/types\/page"}],"author":[{"embeddable":true,"href":"https:\/\/giannicriminallaw.com\/es\/wp-json\/wp\/v2\/users\/3"}],"replies":[{"embeddable":true,"href":"https:\/\/giannicriminallaw.com\/es\/wp-json\/wp\/v2\/comments?post=9145"}],"version-history":[{"count":0,"href":"https:\/\/giannicriminallaw.com\/es\/wp-json\/wp\/v2\/pages\/9145\/revisions"}],"wp:attachment":[{"href":"https:\/\/giannicriminallaw.com\/es\/wp-json\/wp\/v2\/media?parent=9145"}],"curies":[{"name":"wp","href":"https:\/\/api.w.org\/{rel}","templated":true}]}}