{"id":9143,"date":"2021-09-17T17:40:14","date_gmt":"2021-09-17T17:40:14","guid":{"rendered":"https:\/\/giannikarmily.wpenginepowered.com\/violencia-domestica-2\/"},"modified":"2026-04-09T15:18:52","modified_gmt":"2026-04-09T15:18:52","slug":"violencia-domestica-2","status":"publish","type":"page","link":"https:\/\/giannicriminallaw.com\/es\/violencia-domestica-2\/","title":{"rendered":"Abogado Defensor de Violencia Dom\u00e9stica"},"content":{"rendered":"<h1>Abogado defensor de violencia dom\u00e9stica de Hempstead que defiende a los acusados<\/h1>\n<p><iframe src=\"https:\/\/www.youtube.com\/embed\/cH4qNe1mAi0\" width=\"587\" height=\"330\" frameborder=\"0\" allowfullscreen=\"allowfullscreen\"><\/iframe><\/p>\n<p>En Hempstead, o en cualquier lugar en el Condado de Nassau o en Long Island, si se le acusa de un delito de violencia dom\u00e9stica, Programe una evaluaci\u00f3n inmediata de su caso con un abogado defensor de violencia dom\u00e9stica de Hempstead en el Bufete de Abogados de Gianni Karmily.<\/p>\n<p>Las leyes penales de Nueva York no diferencian entre delitos relacionados con la violencia dom\u00e9stica y delitos que no involucran violencia dom\u00e9stica. Por ejemplo, no existe una distinci\u00f3n legal espec\u00edfica entre una agresi\u00f3n dom\u00e9stica y una agresi\u00f3n a un extra\u00f1o.<\/p>\n<h2>\u00bfQu\u00e9 constituye un delito de violencia dom\u00e9stica?<\/h2>\n<p>Sin embargo, tanto los tribunales de familia como los tribunales penales de Nueva York tienen \u00abjurisdicci\u00f3n concurrente\u00bb sobre delitos como agresi\u00f3n, abuso sexual, acecho, amenazas y estrangulamiento cuando la v\u00edctima del delito es miembro de la familia o el hogar del perpetrador o cuando el perpetrador y la v\u00edctima:<\/p>\n<ul>\n<li>est\u00e1n casados o divorciados<\/li>\n<li>est\u00e1n relacionados por sangre o matrimonio<\/li>\n<li>son padres del mismo ni\u00f1o<\/li>\n<li>han estado en una relaci\u00f3n \u00edntima incluso si actualmente no viven juntos<\/li>\n<\/ul>\n<h2>\u00bfQu\u00e9 sanciones se pueden imponer por condenas por violencia dom\u00e9stica?<\/h2>\n<p>Las condenas por delitos de violencia dom\u00e9stica a menudo implican penas severas. La agresi\u00f3n en primer grado, por ejemplo, es un delito mayor de Clase B que se castiga con una condena de hasta veinticinco a\u00f1os de prisi\u00f3n (con una sentencia m\u00ednima obligatoria de cinco a\u00f1os) y una multa de hasta 5,000 d\u00f3lares.<\/p>\n<p>Los delitos menores de violencia dom\u00e9stica, como era de esperar, se castigan con menos dureza. La agresi\u00f3n en tercer grado, por ejemplo, es un delito menor de Clase A que se castiga con una condena de hasta un a\u00f1o de c\u00e1rcel y\/o una multa de hasta 1,000 d\u00f3lares.<\/p>\n<p>Adem\u00e1s de las sanciones penales, una condena por un delito de violencia dom\u00e9stica tambi\u00e9n puede afectar negativamente a su:<\/p>\n<ul>\n<li>oportunidades futuras de empleo<\/li>\n<li>derecho a portar o poseer un arma de fuego<\/li>\n<li>derecho a obtener y mantener una licencia profesional<\/li>\n<li>los derechos de los padres, y si es un padre divorciado, las \u00f3rdenes judiciales de custodia de los hijos<\/li>\n<li>estado migratorio si no es ciudadano estadounidense<\/li>\n<\/ul>\n<h2>\u00bfQu\u00e9 sucede si el cargo en su contra es falso?<\/h2>\n<p>Casi cualquier persona puede ser acusada de violencia dom\u00e9stica, pero los organismos encargados de hacer cumplir la ley toman muy en serio cada informe de violencia dom\u00e9stica, porque el hecho de no tomar en serio los informes de violencia dom\u00e9stica puede conducir muy r\u00e1pidamente a tragedias familiares.<\/p>\n<p>Las agencias de polic\u00eda y los tribunales penales de Nueva York no toleran los delitos de violencia dom\u00e9stica. Sin embargo, los jueces, los abogados de divorcio y los abogados defensores penales en Nueva York saben que los cargos de violencia dom\u00e9stica a veces son exagerados o totalmente inventados.<\/p>\n<p>En tales casos, el abogado defensor de Hempstead, Gianni Karmily, trabajar\u00e1 para descubrir la verdad sobre lo que realmente sucedi\u00f3 y para desacreditar cualquier acusaci\u00f3n falsa de violencia dom\u00e9stica.<\/p>\n<h2>\u00bfC\u00f3mo manejar\u00e1 su caso el abogado Gianni Karmily?<\/h2>\n<p>Gianni Karmily entiende que los cargos por violencia dom\u00e9stica pueden crear circunstancias dif\u00edciles. \u00c9l discutir\u00e1 c\u00f3mo las leyes de violencia dom\u00e9stica se aplican a su propio caso, abordar\u00e1 sus inquietudes y desarrollar\u00e1 una estrategia legal para obtener el mejor resultado posible en su nombre.<\/p>\n<p>Despu\u00e9s de considerar los detalles de un cargo de violencia dom\u00e9stica, el abogado Gianni Karmily desarrollar\u00e1 una defensa apropiada, agresiva y efectiva. Si lo acusan de un delito de violencia dom\u00e9stica, no importa cu\u00e1n s\u00f3lidas parezcan ser las pruebas presentadas en su contra, luche contra el cargo.<\/p>\n<p>Si no se puede retirar, desestimar o reducir el cargo en su contra, el abogado Gianni Karmily puede llevar su caso a juicio, explicarle al jurado lo que realmente sucedi\u00f3 y pedirle a los miembros del jurado que emitan un veredicto de no culpabilidad.<\/p>\n<h2>\u00bfQu\u00e9 m\u00e1s debe saber sobre los casos de violencia dom\u00e9stica?<\/h2>\n<p>Mientras su caso de violencia dom\u00e9stica est\u00e1 pendiente, un tribunal puede emitir una orden de protecci\u00f3n en su contra. Se le podr\u00eda prohibir la entrada a su hogar o incluso ver a sus hijos.<\/p>\n<p>Adem\u00e1s, mientras su caso de violencia dom\u00e9stica est\u00e9 pendiente, evite cualquier confrontaci\u00f3n con su acusador. Deje que su abogado hable con la otra parte. Evite publicar en Facebook, Instagram o cualquier otra plataforma de redes sociales. Cualquier cosa que publique podr\u00eda usarse en su contra en un tribunal de justicia.<\/p>\n<p>No puede reaccionar de forma exagerada a una orden de protecci\u00f3n, pero tampoco puede ignorarla. Discuta las implicaciones de la orden de protecci\u00f3n con el abogado Gianni Karmily y luego respete sus t\u00e9rminos y condiciones.<\/p>\n<h2>\u00bfCu\u00e1ndo debe ponerse en contacto con el Bufete de Abogados de Gianni Karmily?<\/h2>\n<p>El abogado Gianni Karmily se tomar\u00e1 el tiempo para descubrir los hechos en su caso de violencia dom\u00e9stica, interrogar a los testigos y brindar una defensa articulada y efectiva mientras protege firmemente sus derechos y lleva su caso a la mejor resoluci\u00f3n posible.<\/p>\n<p>El abogado de Hempstead, Gianni Karmily, fue nombrado por Super Lawyers de 2019 a 2024 como una \u00abEstrella en ascenso en derecho penal\u00bb en el \u00e1rea metropolitana de Nueva York. Se gradu\u00f3 de la Facultad de Derecho Mercy de la Universidad de Detroit, donde fue presidente de la Sociedad de Derecho Internacional.<\/p>\n<p><span style=\"font-weight: 400;\">Para programar una evaluaci\u00f3n confidencial de su caso con el Bufete de Abogados de Gianni Karmily, PLLC, llame a nuestra oficina de Great Neck al <a href=\"tel:5166303405\">(516) 630-3405<\/a> o a nuestra oficina de Hempstead al <a href=\"tel:5166144228\">(516) 614-4228<\/a>.<\/span><\/p>\n","protected":false},"excerpt":{"rendered":"<p>Abogado defensor de violencia dom\u00e9stica de Hempstead que defiende a los acusados En Hempstead, o en cualquier lugar en el Condado de Nassau o en Long Island, si se le acusa de un delito de violencia dom\u00e9stica, Programe una evaluaci\u00f3n inmediata de su caso con un abogado defensor de violencia dom\u00e9stica de Hempstead en el [&hellip;]<\/p>\n","protected":false},"author":3,"featured_media":0,"parent":0,"menu_order":0,"comment_status":"closed","ping_status":"closed","template":"","meta":{"_genesis_hide_title":false,"_genesis_hide_breadcrumbs":false,"_genesis_hide_singular_image":false,"_genesis_hide_footer_widgets":false,"_genesis_custom_body_class":"inner-page ","_genesis_custom_post_class":"","_genesis_layout":"","footnotes":""},"class_list":{"0":"post-9143","1":"page","2":"type-page","3":"status-publish","5":"entry"},"yoast_head":"<!-- This site is optimized with the Yoast SEO plugin v27.5 - https:\/\/yoast.com\/product\/yoast-seo-wordpress\/ -->\n<title>Hempstead Abogado Defensor de Violencia Dom\u00e9stica | Nueva York | Bufete de Abogados de Gianni Karmily, PLLC<\/title>\n<meta name=\"description\" content=\"\u00bfAcusado de violencia dom\u00e9stica en o cerca de Hempstead? Lleve su caso a un abogado defensor de violencia dom\u00e9stica de Hempstead en el Bufete de Abogados de Gianni Karmily.\" \/>\n<meta name=\"robots\" content=\"index, follow, max-snippet:-1, max-image-preview:large, max-video-preview:-1\" \/>\n<link rel=\"canonical\" href=\"https:\/\/giannicriminallaw.com\/es\/violencia-domestica-2\/\" \/>\n<meta property=\"og:locale\" content=\"es_ES\" \/>\n<meta property=\"og:type\" content=\"article\" \/>\n<meta property=\"og:title\" content=\"Hempstead Abogado Defensor de Violencia Dom\u00e9stica | Nueva York | Bufete de Abogados de Gianni Karmily, PLLC\" \/>\n<meta property=\"og:description\" content=\"\u00bfAcusado de violencia dom\u00e9stica en o cerca de Hempstead? Lleve su caso a un abogado defensor de violencia dom\u00e9stica de Hempstead en el Bufete de Abogados de Gianni Karmily.\" \/>\n<meta property=\"og:url\" content=\"https:\/\/giannicriminallaw.com\/es\/violencia-domestica-2\/\" \/>\n<meta property=\"og:site_name\" content=\"Law Firm of Gianni Karmily PLLC\" \/>\n<meta property=\"article:publisher\" content=\"https:\/\/www.facebook.com\/Law-Firm-of-Gianni-Karmily-PLLC-111458240497656\/\" \/>\n<meta property=\"article:modified_time\" content=\"2026-04-09T15:18:52+00:00\" \/>\n<meta name=\"twitter:card\" content=\"summary_large_image\" \/>\n<meta name=\"twitter:site\" content=\"@LawGianni\" \/>\n<meta name=\"twitter:label1\" content=\"Tiempo de lectura\" \/>\n\t<meta name=\"twitter:data1\" content=\"4 minutos\" \/>\n<script type=\"application\/ld+json\" class=\"yoast-schema-graph\">{\"@context\":\"https:\\\/\\\/schema.org\",\"@graph\":[{\"@type\":\"WebPage\",\"@id\":\"https:\\\/\\\/giannicriminallaw.com\\\/es\\\/violencia-domestica-2\\\/\",\"url\":\"https:\\\/\\\/giannicriminallaw.com\\\/es\\\/violencia-domestica-2\\\/\",\"name\":\"Hempstead Abogado Defensor de Violencia Dom\u00e9stica | Nueva York | Bufete de Abogados de Gianni Karmily, PLLC\",\"isPartOf\":{\"@id\":\"https:\\\/\\\/giannicriminallaw.com\\\/#website\"},\"datePublished\":\"2021-09-17T17:40:14+00:00\",\"dateModified\":\"2026-04-09T15:18:52+00:00\",\"description\":\"\u00bfAcusado de violencia dom\u00e9stica en o cerca de Hempstead? Lleve su caso a un abogado defensor de violencia dom\u00e9stica de Hempstead en el Bufete de Abogados de Gianni Karmily.\",\"breadcrumb\":{\"@id\":\"https:\\\/\\\/giannicriminallaw.com\\\/es\\\/violencia-domestica-2\\\/#breadcrumb\"},\"inLanguage\":\"es\",\"potentialAction\":[{\"@type\":\"ReadAction\",\"target\":[\"https:\\\/\\\/giannicriminallaw.com\\\/es\\\/violencia-domestica-2\\\/\"]}]},{\"@type\":\"BreadcrumbList\",\"@id\":\"https:\\\/\\\/giannicriminallaw.com\\\/es\\\/violencia-domestica-2\\\/#breadcrumb\",\"itemListElement\":[{\"@type\":\"ListItem\",\"position\":1,\"name\":\"Home\",\"item\":\"https:\\\/\\\/giannicriminallaw.com\\\/es\\\/\"},{\"@type\":\"ListItem\",\"position\":2,\"name\":\"Abogado Defensor de Violencia Dom\u00e9stica\"}]},{\"@type\":\"WebSite\",\"@id\":\"https:\\\/\\\/giannicriminallaw.com\\\/#website\",\"url\":\"https:\\\/\\\/giannicriminallaw.com\\\/\",\"name\":\"Law Firm of Gianni Karmily PLLC\",\"description\":\"\",\"publisher\":{\"@id\":\"https:\\\/\\\/giannicriminallaw.com\\\/#organization\"},\"potentialAction\":[{\"@type\":\"SearchAction\",\"target\":{\"@type\":\"EntryPoint\",\"urlTemplate\":\"https:\\\/\\\/giannicriminallaw.com\\\/?s={search_term_string}\"},\"query-input\":{\"@type\":\"PropertyValueSpecification\",\"valueRequired\":true,\"valueName\":\"search_term_string\"}}],\"inLanguage\":\"es\"},{\"@type\":\"Organization\",\"@id\":\"https:\\\/\\\/giannicriminallaw.com\\\/#organization\",\"name\":\"Law Firm of Gianni Karmily PLLC\",\"url\":\"https:\\\/\\\/giannicriminallaw.com\\\/\",\"logo\":{\"@type\":\"ImageObject\",\"inLanguage\":\"es\",\"@id\":\"https:\\\/\\\/giannicriminallaw.com\\\/#\\\/schema\\\/logo\\\/image\\\/\",\"url\":\"https:\\\/\\\/giannicriminallaw.com\\\/wp-content\\\/uploads\\\/2021\\\/03\\\/cropped-favicon.png\",\"contentUrl\":\"https:\\\/\\\/giannicriminallaw.com\\\/wp-content\\\/uploads\\\/2021\\\/03\\\/cropped-favicon.png\",\"width\":512,\"height\":512,\"caption\":\"Law Firm of Gianni Karmily PLLC\"},\"image\":{\"@id\":\"https:\\\/\\\/giannicriminallaw.com\\\/#\\\/schema\\\/logo\\\/image\\\/\"},\"sameAs\":[\"https:\\\/\\\/www.facebook.com\\\/Law-Firm-of-Gianni-Karmily-PLLC-111458240497656\\\/\",\"https:\\\/\\\/x.com\\\/LawGianni\"]}]}<\/script>\n<!-- \/ Yoast SEO plugin. -->","yoast_head_json":{"title":"Hempstead Abogado Defensor de Violencia Dom\u00e9stica | Nueva York | Bufete de Abogados de Gianni Karmily, PLLC","description":"\u00bfAcusado de violencia dom\u00e9stica en o cerca de Hempstead? Lleve su caso a un abogado defensor de violencia dom\u00e9stica de Hempstead en el Bufete de Abogados de Gianni Karmily.","robots":{"index":"index","follow":"follow","max-snippet":"max-snippet:-1","max-image-preview":"max-image-preview:large","max-video-preview":"max-video-preview:-1"},"canonical":"https:\/\/giannicriminallaw.com\/es\/violencia-domestica-2\/","og_locale":"es_ES","og_type":"article","og_title":"Hempstead Abogado Defensor de Violencia Dom\u00e9stica | Nueva York | Bufete de Abogados de Gianni Karmily, PLLC","og_description":"\u00bfAcusado de violencia dom\u00e9stica en o cerca de Hempstead? Lleve su caso a un abogado defensor de violencia dom\u00e9stica de Hempstead en el Bufete de Abogados de Gianni Karmily.","og_url":"https:\/\/giannicriminallaw.com\/es\/violencia-domestica-2\/","og_site_name":"Law Firm of Gianni Karmily PLLC","article_publisher":"https:\/\/www.facebook.com\/Law-Firm-of-Gianni-Karmily-PLLC-111458240497656\/","article_modified_time":"2026-04-09T15:18:52+00:00","twitter_card":"summary_large_image","twitter_site":"@LawGianni","twitter_misc":{"Tiempo de lectura":"4 minutos"},"schema":{"@context":"https:\/\/schema.org","@graph":[{"@type":"WebPage","@id":"https:\/\/giannicriminallaw.com\/es\/violencia-domestica-2\/","url":"https:\/\/giannicriminallaw.com\/es\/violencia-domestica-2\/","name":"Hempstead Abogado Defensor de Violencia Dom\u00e9stica | Nueva York | Bufete de Abogados de Gianni Karmily, PLLC","isPartOf":{"@id":"https:\/\/giannicriminallaw.com\/#website"},"datePublished":"2021-09-17T17:40:14+00:00","dateModified":"2026-04-09T15:18:52+00:00","description":"\u00bfAcusado de violencia dom\u00e9stica en o cerca de Hempstead? Lleve su caso a un abogado defensor de violencia dom\u00e9stica de Hempstead en el Bufete de Abogados de Gianni Karmily.","breadcrumb":{"@id":"https:\/\/giannicriminallaw.com\/es\/violencia-domestica-2\/#breadcrumb"},"inLanguage":"es","potentialAction":[{"@type":"ReadAction","target":["https:\/\/giannicriminallaw.com\/es\/violencia-domestica-2\/"]}]},{"@type":"BreadcrumbList","@id":"https:\/\/giannicriminallaw.com\/es\/violencia-domestica-2\/#breadcrumb","itemListElement":[{"@type":"ListItem","position":1,"name":"Home","item":"https:\/\/giannicriminallaw.com\/es\/"},{"@type":"ListItem","position":2,"name":"Abogado Defensor de Violencia Dom\u00e9stica"}]},{"@type":"WebSite","@id":"https:\/\/giannicriminallaw.com\/#website","url":"https:\/\/giannicriminallaw.com\/","name":"Law Firm of Gianni Karmily PLLC","description":"","publisher":{"@id":"https:\/\/giannicriminallaw.com\/#organization"},"potentialAction":[{"@type":"SearchAction","target":{"@type":"EntryPoint","urlTemplate":"https:\/\/giannicriminallaw.com\/?s={search_term_string}"},"query-input":{"@type":"PropertyValueSpecification","valueRequired":true,"valueName":"search_term_string"}}],"inLanguage":"es"},{"@type":"Organization","@id":"https:\/\/giannicriminallaw.com\/#organization","name":"Law Firm of Gianni Karmily PLLC","url":"https:\/\/giannicriminallaw.com\/","logo":{"@type":"ImageObject","inLanguage":"es","@id":"https:\/\/giannicriminallaw.com\/#\/schema\/logo\/image\/","url":"https:\/\/giannicriminallaw.com\/wp-content\/uploads\/2021\/03\/cropped-favicon.png","contentUrl":"https:\/\/giannicriminallaw.com\/wp-content\/uploads\/2021\/03\/cropped-favicon.png","width":512,"height":512,"caption":"Law Firm of Gianni Karmily PLLC"},"image":{"@id":"https:\/\/giannicriminallaw.com\/#\/schema\/logo\/image\/"},"sameAs":["https:\/\/www.facebook.com\/Law-Firm-of-Gianni-Karmily-PLLC-111458240497656\/","https:\/\/x.com\/LawGianni"]}]}},"_links":{"self":[{"href":"https:\/\/giannicriminallaw.com\/es\/wp-json\/wp\/v2\/pages\/9143","targetHints":{"allow":["GET"]}}],"collection":[{"href":"https:\/\/giannicriminallaw.com\/es\/wp-json\/wp\/v2\/pages"}],"about":[{"href":"https:\/\/giannicriminallaw.com\/es\/wp-json\/wp\/v2\/types\/page"}],"author":[{"embeddable":true,"href":"https:\/\/giannicriminallaw.com\/es\/wp-json\/wp\/v2\/users\/3"}],"replies":[{"embeddable":true,"href":"https:\/\/giannicriminallaw.com\/es\/wp-json\/wp\/v2\/comments?post=9143"}],"version-history":[{"count":0,"href":"https:\/\/giannicriminallaw.com\/es\/wp-json\/wp\/v2\/pages\/9143\/revisions"}],"wp:attachment":[{"href":"https:\/\/giannicriminallaw.com\/es\/wp-json\/wp\/v2\/media?parent=9143"}],"curies":[{"name":"wp","href":"https:\/\/api.w.org\/{rel}","templated":true}]}}