{"id":9142,"date":"2020-02-27T10:14:17","date_gmt":"2020-02-27T10:14:17","guid":{"rendered":"https:\/\/giannikarmily.wpenginepowered.com\/homicidio\/"},"modified":"2025-01-31T18:05:50","modified_gmt":"2025-01-31T18:05:50","slug":"homicidio","status":"publish","type":"page","link":"https:\/\/giannicriminallaw.com\/es\/homicidio\/","title":{"rendered":"Homicidio"},"content":{"rendered":"<h1>Abogado de homicidios de Long Island que lucha agresivamente para proteger su futuro en el condado de Nassau<\/h1>\n<p><iframe src=\"https:\/\/www.youtube.com\/embed\/6PJCXsemiqA\" width=\"587\" height=\"330\" frameborder=\"0\" allowfullscreen=\"allowfullscreen\"><\/iframe><\/p>\n<p>Nunca es prudente tomar los cargos penales a la ligera, especialmente si lo acusan de matar a alguien. Los cargos de homicidio son los cargos penales m\u00e1s graves que puede enfrentar en el estado de Nueva York. Una condena puede dar lugar a penas graves, incluida la cadena perpetua.<\/p>\n<p>Las leyes de homicidio en Nueva York son complejas. Si lo acusan de causar la muerte de otra persona, el estado puede acusarlo de una serie de delitos, que incluyen:<\/p>\n<ul>\n<li>Asesinato en primer grado<\/li>\n<li>Asesinato en segundo grado<\/li>\n<li>Homicidio en primer grado<\/li>\n<li>Homicidio en segundo grado<\/li>\n<li>Homicidio por negligencia criminal<\/li>\n<li>Homicidio por negligencia criminal agravado<\/li>\n<\/ul>\n<p>No hay tiempo que perder en ninguno de estos casos: busque de inmediato orientaci\u00f3n legal del abogado experimentado en homicidios Gianni Karmily.<\/p>\n<h2>\u00bfQu\u00e9 es asesinato en primer grado versus asesinato en segundo grado en el condado de Nassau, Nueva York?<\/h2>\n<p>Asesinato es el delito de matar a otra persona. El grado de asesinato del que se le acusa depender\u00e1 de la naturaleza del delito. El asesinato en segundo grado ocurre cuando alguien muere y ciertos factores est\u00e1n presentes en el crimen, como:<\/p>\n<ul>\n<li>La muerte de la v\u00edctima fue causada por la conducta imprudente y la indiferencia por la vida humana del acusado, o<\/li>\n<li>La v\u00edctima fue asesinada mientras el acusado intentaba o comet\u00eda ciertos delitos graves, como secuestro, incendio provocado o <a href=\"\/es\/robo\/\">robo<\/a><\/li>\n<\/ul>\n<p>El delito se eleva a homicidio en primer grado cuando concurren ciertos agravantes, entre ellos:<\/p>\n<ul>\n<li>La v\u00edctima era un oficial de polic\u00eda, oficial del orden p\u00fablico, bombero, t\u00e9cnico de emergencias m\u00e9dicas, conductor de ambulancia, param\u00e9dico, m\u00e9dico, enfermero o empleado de un centro penitenciario que estaba desempe\u00f1ando sus funciones laborales en el momento de su asesinato, o<\/li>\n<li>El acusado estaba en una instituci\u00f3n correccional estatal o se hab\u00eda escapado de una instituci\u00f3n correccional estatal cuando cometi\u00f3 el delito, o<\/li>\n<li>La v\u00edctima fue testigo de un crimen y fue asesinada para evitar que testificara, o<\/li>\n<li>La v\u00edctima fue asesinada mientras el acusado intentaba o comet\u00eda un delito grave como robo en segundo grado, secuestro en primer grado o incendio premeditado en primer o segundo grado, o<\/li>\n<li>El acusado infligi\u00f3 un dolor f\u00edsico extremo a la v\u00edctima antes de su asesinato.<\/li>\n<\/ul>\n<p>Tanto el asesinato en primer como en segundo grado son delitos graves de clase A-I, que se castigan con cadena perpetua.<\/p>\n<h2>\u00bfQu\u00e9 es el homicidio involuntario en primer grado frente al homicidio en segundo grado?<\/h2>\n<p>Hay dos grados de homicidio involuntario: homicidio involuntario de primer y segundo grado. El homicidio involuntario en segundo grado ocurre cuando alguien causa imprudentemente la muerte de otra persona. En estos casos, el acusado no ten\u00eda la intenci\u00f3n de matar a la v\u00edctima.<\/p>\n<p>El homicidio en primer grado ocurre cuando:<\/p>\n<ul>\n<li>El acusado mat\u00f3 a la v\u00edctima a pesar de que solo ten\u00eda la intenci\u00f3n de lastimarla f\u00edsicamente, o<\/li>\n<li>El acusado mat\u00f3 intencionalmente a la v\u00edctima mientras estaba bajo una angustia emocional extrema.<\/li>\n<\/ul>\n<p>El homicidio involuntario en primer grado implica cierto nivel de intenci\u00f3n, ya sea la intenci\u00f3n de herir o matar a la v\u00edctima, mientras que el homicidio involuntario en segundo grado no lo implica. El homicidio involuntario en primer grado es un delito grave de clase B y el homicidio involuntario en segundo grado es un delito grave de clase C.<\/p>\n<h2>\u00bfQu\u00e9 es homicidio por negligencia criminal vs. homicidio por negligencia criminal agravado?<\/h2>\n<p>Tambi\u00e9n hay cargos por homicidio por negligencia criminal u homicidio por negligencia criminal agravado de otra persona. Un homicidio por negligencia criminal ocurre cuando la v\u00edctima muere como resultado de la negligencia criminal del acusado. Un ejemplo de homicidio por negligencia criminal ser\u00eda la muerte de un ni\u00f1o causada por la negligencia de los padres.<\/p>\n<p>El delito se convierte en homicidio culposo agravado si la v\u00edctima era un oficial de polic\u00eda o agente del orden p\u00fablico que se encontraba desempe\u00f1ando sus funciones laborales al momento de su muerte. Este delito es un delito grave de clase C, mientras que el homicidio por negligencia criminal es un delito grave de clase E.<\/p>\n<p>Debido a que ambos delitos son involuntarios, estos delitos a menudo se denominan homicidio involuntario.<\/p>\n<h2>\u00bfC\u00f3mo puede un abogado defensor penal en el condado de Nassau, Long Island, luchar contra los cargos de homicidio?<\/h2>\n<p>Gianni Karmily se compromete a ayudarlo a alcanzar el mejor resultado posible en su caso. A veces, el mejor resultado posible es un acuerdo con la fiscal\u00eda, que le permite declararse culpable a cambio de cargos reducidos y sanciones m\u00e1s leves. En otros casos, el mejor resultado posible es un veredicto de no culpabilidad alcanzado por un jurado de sus pares. Gianni analizar\u00e1 cuidadosamente los detalles de sus cargos, incluida la evidencia del estado en su contra, para determinar c\u00f3mo defenderlo y alcanzar el mejor resultado posible, cualquiera que sea en su caso. Su objetivo es ayudarlo a evitar o minimizar las sanciones legales que conlleva una condena por homicidio.<\/p>\n<h2>Reserve su evaluaci\u00f3n del caso con nuestro abogado de homicidios de inmediato<\/h2>\n<p>Si lo condenan por homicidio, podr\u00eda pasar el resto de su vida tras las rejas. Hay demasiado en juego como para arriesgarse con un abogado sin experiencia. Es por eso que le conviene buscar representaci\u00f3n legal del <a href=\"https:\/\/giannicriminallaw.com\/es\/\">abogado h\u00e1bil en homicidios Gianni Karmily<\/a>. El equipo de Law Firm of Gianni Karmily, PLLC entiende que su futuro est\u00e1 en juego. Trabajemos incansablemente para alcanzar el mejor resultado posible en su caso. Para programar una evaluaci\u00f3n confidencial de su caso con el Bufete de Abogados de Gianni Karmily, PLLC, llame a nuestra oficina de Great Neck al <a href=\"tel:5166303405\">(516) 630-3405<\/a> o a nuestra oficina de Hempstead al <a href=\"tel:5166144228\">(516) 614-4228<\/a>.<\/p>\n","protected":false},"excerpt":{"rendered":"<p>Abogado de homicidios de Long Island que lucha agresivamente para proteger su futuro en el condado de Nassau Nunca es prudente tomar los cargos penales a la ligera, especialmente si lo acusan de matar a alguien. Los cargos de homicidio son los cargos penales m\u00e1s graves que puede enfrentar en el estado de Nueva York. [&hellip;]<\/p>\n","protected":false},"author":3,"featured_media":0,"parent":0,"menu_order":0,"comment_status":"closed","ping_status":"closed","template":"","meta":{"_genesis_hide_title":false,"_genesis_hide_breadcrumbs":false,"_genesis_hide_singular_image":false,"_genesis_hide_footer_widgets":false,"_genesis_custom_body_class":"inner-page","_genesis_custom_post_class":"","_genesis_layout":"","footnotes":""},"class_list":{"0":"post-9142","1":"page","2":"type-page","3":"status-publish","5":"entry"},"yoast_head":"<!-- This site is optimized with the Yoast SEO plugin v27.3 - https:\/\/yoast.com\/product\/yoast-seo-wordpress\/ -->\n<title>Long Island Abogado de Homicidio | Condado de Nassau | Bufete de Abogados de Gianni Karmily, PLLC<\/title>\n<meta name=\"description\" content=\"\u00bfHa sido acusado de homicidio involuntario o asesinato? Si es as\u00ed, comun\u00edquese con el abogado de homicidios de Long Island, Gianni Karmily, lo antes posible.\" \/>\n<meta name=\"robots\" content=\"index, follow, max-snippet:-1, max-image-preview:large, max-video-preview:-1\" \/>\n<link rel=\"canonical\" href=\"https:\/\/giannicriminallaw.com\/es\/homicidio\/\" \/>\n<meta property=\"og:locale\" content=\"es_ES\" \/>\n<meta property=\"og:type\" content=\"article\" \/>\n<meta property=\"og:title\" content=\"Long Island Abogado de Homicidio | Condado de Nassau | Bufete de Abogados de Gianni Karmily, PLLC\" \/>\n<meta property=\"og:description\" content=\"\u00bfHa sido acusado de homicidio involuntario o asesinato? Si es as\u00ed, comun\u00edquese con el abogado de homicidios de Long Island, Gianni Karmily, lo antes posible.\" \/>\n<meta property=\"og:url\" content=\"https:\/\/giannicriminallaw.com\/es\/homicidio\/\" \/>\n<meta property=\"og:site_name\" content=\"Law Firm of Gianni Karmily PLLC\" \/>\n<meta property=\"article:publisher\" content=\"https:\/\/www.facebook.com\/Law-Firm-of-Gianni-Karmily-PLLC-111458240497656\/\" \/>\n<meta property=\"article:modified_time\" content=\"2025-01-31T18:05:50+00:00\" \/>\n<meta name=\"twitter:card\" content=\"summary_large_image\" \/>\n<meta name=\"twitter:site\" content=\"@LawGianni\" \/>\n<meta name=\"twitter:label1\" content=\"Tiempo de lectura\" \/>\n\t<meta name=\"twitter:data1\" content=\"5 minutos\" \/>\n<script type=\"application\/ld+json\" class=\"yoast-schema-graph\">{\"@context\":\"https:\\\/\\\/schema.org\",\"@graph\":[{\"@type\":\"WebPage\",\"@id\":\"https:\\\/\\\/giannicriminallaw.com\\\/es\\\/homicidio\\\/\",\"url\":\"https:\\\/\\\/giannicriminallaw.com\\\/es\\\/homicidio\\\/\",\"name\":\"Long Island Abogado de Homicidio | Condado de Nassau | Bufete de Abogados de Gianni Karmily, PLLC\",\"isPartOf\":{\"@id\":\"https:\\\/\\\/giannicriminallaw.com\\\/#website\"},\"datePublished\":\"2020-02-27T10:14:17+00:00\",\"dateModified\":\"2025-01-31T18:05:50+00:00\",\"description\":\"\u00bfHa sido acusado de homicidio involuntario o asesinato? Si es as\u00ed, comun\u00edquese con el abogado de homicidios de Long Island, Gianni Karmily, lo antes posible.\",\"breadcrumb\":{\"@id\":\"https:\\\/\\\/giannicriminallaw.com\\\/es\\\/homicidio\\\/#breadcrumb\"},\"inLanguage\":\"es\",\"potentialAction\":[{\"@type\":\"ReadAction\",\"target\":[\"https:\\\/\\\/giannicriminallaw.com\\\/es\\\/homicidio\\\/\"]}]},{\"@type\":\"BreadcrumbList\",\"@id\":\"https:\\\/\\\/giannicriminallaw.com\\\/es\\\/homicidio\\\/#breadcrumb\",\"itemListElement\":[{\"@type\":\"ListItem\",\"position\":1,\"name\":\"Home\",\"item\":\"https:\\\/\\\/giannicriminallaw.com\\\/es\\\/\"},{\"@type\":\"ListItem\",\"position\":2,\"name\":\"Homicidio\"}]},{\"@type\":\"WebSite\",\"@id\":\"https:\\\/\\\/giannicriminallaw.com\\\/#website\",\"url\":\"https:\\\/\\\/giannicriminallaw.com\\\/\",\"name\":\"Law Firm of Gianni Karmily PLLC\",\"description\":\"\",\"publisher\":{\"@id\":\"https:\\\/\\\/giannicriminallaw.com\\\/#organization\"},\"potentialAction\":[{\"@type\":\"SearchAction\",\"target\":{\"@type\":\"EntryPoint\",\"urlTemplate\":\"https:\\\/\\\/giannicriminallaw.com\\\/?s={search_term_string}\"},\"query-input\":{\"@type\":\"PropertyValueSpecification\",\"valueRequired\":true,\"valueName\":\"search_term_string\"}}],\"inLanguage\":\"es\"},{\"@type\":\"Organization\",\"@id\":\"https:\\\/\\\/giannicriminallaw.com\\\/#organization\",\"name\":\"Law Firm of Gianni Karmily PLLC\",\"url\":\"https:\\\/\\\/giannicriminallaw.com\\\/\",\"logo\":{\"@type\":\"ImageObject\",\"inLanguage\":\"es\",\"@id\":\"https:\\\/\\\/giannicriminallaw.com\\\/#\\\/schema\\\/logo\\\/image\\\/\",\"url\":\"https:\\\/\\\/giannicriminallaw.com\\\/wp-content\\\/uploads\\\/2021\\\/03\\\/cropped-favicon.png\",\"contentUrl\":\"https:\\\/\\\/giannicriminallaw.com\\\/wp-content\\\/uploads\\\/2021\\\/03\\\/cropped-favicon.png\",\"width\":512,\"height\":512,\"caption\":\"Law Firm of Gianni Karmily PLLC\"},\"image\":{\"@id\":\"https:\\\/\\\/giannicriminallaw.com\\\/#\\\/schema\\\/logo\\\/image\\\/\"},\"sameAs\":[\"https:\\\/\\\/www.facebook.com\\\/Law-Firm-of-Gianni-Karmily-PLLC-111458240497656\\\/\",\"https:\\\/\\\/x.com\\\/LawGianni\"]}]}<\/script>\n<!-- \/ Yoast SEO plugin. -->","yoast_head_json":{"title":"Long Island Abogado de Homicidio | Condado de Nassau | Bufete de Abogados de Gianni Karmily, PLLC","description":"\u00bfHa sido acusado de homicidio involuntario o asesinato? Si es as\u00ed, comun\u00edquese con el abogado de homicidios de Long Island, Gianni Karmily, lo antes posible.","robots":{"index":"index","follow":"follow","max-snippet":"max-snippet:-1","max-image-preview":"max-image-preview:large","max-video-preview":"max-video-preview:-1"},"canonical":"https:\/\/giannicriminallaw.com\/es\/homicidio\/","og_locale":"es_ES","og_type":"article","og_title":"Long Island Abogado de Homicidio | Condado de Nassau | Bufete de Abogados de Gianni Karmily, PLLC","og_description":"\u00bfHa sido acusado de homicidio involuntario o asesinato? Si es as\u00ed, comun\u00edquese con el abogado de homicidios de Long Island, Gianni Karmily, lo antes posible.","og_url":"https:\/\/giannicriminallaw.com\/es\/homicidio\/","og_site_name":"Law Firm of Gianni Karmily PLLC","article_publisher":"https:\/\/www.facebook.com\/Law-Firm-of-Gianni-Karmily-PLLC-111458240497656\/","article_modified_time":"2025-01-31T18:05:50+00:00","twitter_card":"summary_large_image","twitter_site":"@LawGianni","twitter_misc":{"Tiempo de lectura":"5 minutos"},"schema":{"@context":"https:\/\/schema.org","@graph":[{"@type":"WebPage","@id":"https:\/\/giannicriminallaw.com\/es\/homicidio\/","url":"https:\/\/giannicriminallaw.com\/es\/homicidio\/","name":"Long Island Abogado de Homicidio | Condado de Nassau | Bufete de Abogados de Gianni Karmily, PLLC","isPartOf":{"@id":"https:\/\/giannicriminallaw.com\/#website"},"datePublished":"2020-02-27T10:14:17+00:00","dateModified":"2025-01-31T18:05:50+00:00","description":"\u00bfHa sido acusado de homicidio involuntario o asesinato? Si es as\u00ed, comun\u00edquese con el abogado de homicidios de Long Island, Gianni Karmily, lo antes posible.","breadcrumb":{"@id":"https:\/\/giannicriminallaw.com\/es\/homicidio\/#breadcrumb"},"inLanguage":"es","potentialAction":[{"@type":"ReadAction","target":["https:\/\/giannicriminallaw.com\/es\/homicidio\/"]}]},{"@type":"BreadcrumbList","@id":"https:\/\/giannicriminallaw.com\/es\/homicidio\/#breadcrumb","itemListElement":[{"@type":"ListItem","position":1,"name":"Home","item":"https:\/\/giannicriminallaw.com\/es\/"},{"@type":"ListItem","position":2,"name":"Homicidio"}]},{"@type":"WebSite","@id":"https:\/\/giannicriminallaw.com\/#website","url":"https:\/\/giannicriminallaw.com\/","name":"Law Firm of Gianni Karmily PLLC","description":"","publisher":{"@id":"https:\/\/giannicriminallaw.com\/#organization"},"potentialAction":[{"@type":"SearchAction","target":{"@type":"EntryPoint","urlTemplate":"https:\/\/giannicriminallaw.com\/?s={search_term_string}"},"query-input":{"@type":"PropertyValueSpecification","valueRequired":true,"valueName":"search_term_string"}}],"inLanguage":"es"},{"@type":"Organization","@id":"https:\/\/giannicriminallaw.com\/#organization","name":"Law Firm of Gianni Karmily PLLC","url":"https:\/\/giannicriminallaw.com\/","logo":{"@type":"ImageObject","inLanguage":"es","@id":"https:\/\/giannicriminallaw.com\/#\/schema\/logo\/image\/","url":"https:\/\/giannicriminallaw.com\/wp-content\/uploads\/2021\/03\/cropped-favicon.png","contentUrl":"https:\/\/giannicriminallaw.com\/wp-content\/uploads\/2021\/03\/cropped-favicon.png","width":512,"height":512,"caption":"Law Firm of Gianni Karmily PLLC"},"image":{"@id":"https:\/\/giannicriminallaw.com\/#\/schema\/logo\/image\/"},"sameAs":["https:\/\/www.facebook.com\/Law-Firm-of-Gianni-Karmily-PLLC-111458240497656\/","https:\/\/x.com\/LawGianni"]}]}},"_links":{"self":[{"href":"https:\/\/giannicriminallaw.com\/es\/wp-json\/wp\/v2\/pages\/9142","targetHints":{"allow":["GET"]}}],"collection":[{"href":"https:\/\/giannicriminallaw.com\/es\/wp-json\/wp\/v2\/pages"}],"about":[{"href":"https:\/\/giannicriminallaw.com\/es\/wp-json\/wp\/v2\/types\/page"}],"author":[{"embeddable":true,"href":"https:\/\/giannicriminallaw.com\/es\/wp-json\/wp\/v2\/users\/3"}],"replies":[{"embeddable":true,"href":"https:\/\/giannicriminallaw.com\/es\/wp-json\/wp\/v2\/comments?post=9142"}],"version-history":[{"count":0,"href":"https:\/\/giannicriminallaw.com\/es\/wp-json\/wp\/v2\/pages\/9142\/revisions"}],"wp:attachment":[{"href":"https:\/\/giannicriminallaw.com\/es\/wp-json\/wp\/v2\/media?parent=9142"}],"curies":[{"name":"wp","href":"https:\/\/api.w.org\/{rel}","templated":true}]}}