{"id":9141,"date":"2020-02-27T10:00:13","date_gmt":"2020-02-27T10:00:13","guid":{"rendered":"https:\/\/giannikarmily.wpenginepowered.com\/boleto-de-comparecencia-en-el-escritorio-dat\/"},"modified":"2025-01-31T17:56:34","modified_gmt":"2025-01-31T17:56:34","slug":"boleto-de-comparecencia-en-el-escritorio-dat","status":"publish","type":"page","link":"https:\/\/giannicriminallaw.com\/es\/boleto-de-comparecencia-en-el-escritorio-dat\/","title":{"rendered":"Boleto de comparecencia en el escritorio"},"content":{"rendered":"<h1>Abogado que representa a clientes a quienes se les ha emitido un DAT en el condado de Nassau<\/h1>\n<p><iframe src=\"https:\/\/www.youtube.com\/embed\/sxO3pSSeKdY\" width=\"587\" height=\"330\" frameborder=\"0\" allowfullscreen=\"allowfullscreen\"><\/iframe><\/p>\n<p>El estado de Nueva York ha tomado una serie de medidas para reducir el n\u00famero de acusados en prisi\u00f3n preventiva. Uno de estos pasos involucra la emisi\u00f3n de boletos de comparecencia en el escritorio para los acusados en casos penales.<\/p>\n<p>Si le emiten un boleto de comparecencia en el escritorio, es importante que busque representaci\u00f3n legal lo antes posible. Recibir una multa de comparecencia en el escritorio significa que enfrenta cargos penales, por lo que debe recurrir al <a href=\"\/es\/\">abogado de defensa criminal con experiencia Gianni Karmily<\/a> para obtener ayuda.<\/p>\n<h2>\u00bfQu\u00e9 es una multa de comparecencia en el escritorio?<\/h2>\n<p>Recibir una multa de comparecencia en el escritorio, o <a href=\"\/es\/boleto-de-comparecencia-en-el-escritorio-dat\/\">DAT<\/a>, es una alternativa a estar bajo custodia policial hasta su primera audiencia ante un juez. Si se le emite una DAT, se le pedir\u00e1 que regrese a la corte en una fecha posterior para su lectura de cargos, pero no ser\u00e1 necesario que permanezca bajo custodia hasta esa fecha.<\/p>\n<p>Un DAT contiene diversa informaci\u00f3n, que incluye:<\/p>\n<ul>\n<li>Tu nombre<\/li>\n<li>Fecha y hora de su lectura de cargos<\/li>\n<li>El nombre y la direcci\u00f3n del tribunal donde se llevar\u00e1 a cabo su lectura de cargos<\/li>\n<\/ul>\n<p>No cometa el error de suponer que su caso no es grave porque se le emiti\u00f3 un DAT. Su caso penal proceder\u00e1 exactamente de la misma manera, independientemente de si est\u00e1 bajo custodia o si se le emiti\u00f3 un DAT. La \u00fanica diferencia es si se le obliga o no a permanecer bajo custodia antes de la lectura de cargos. Esto significa que si recibe un DAT, a\u00fan puede enfrentar sanciones legales graves si es condenado.<\/p>\n<h2>\u00bfCu\u00e1ndo se emiten los boletos de comparecencia en el escritorio?<\/h2>\n<p>Los agentes del orden p\u00fablico no pueden emitir DAT a todas las personas acusadas de cometer un delito. Sin embargo, las autoridades est\u00e1n obligadas a emitir DAT en la mayor\u00eda de los casos en los que el acusado es acusado de cometer un delito menor o un delito mayor de clase E. La polic\u00eda no emitir\u00e1 un DAT en casos que involucren:<\/p>\n<ul>\n<li>Delitos graves de clase A, B, C o D<\/li>\n<li>Delitos sexuales<\/li>\n<li>Violencia dom\u00e9stica<\/li>\n<li>Escapar<\/li>\n<li>Salto de fianza<\/li>\n<\/ul>\n<p>Hay otros factores que podr\u00edan hacer que usted no sea elegible para un DAT. Por ejemplo, si tiene \u00f3rdenes de arresto pendientes, la polic\u00eda lo mantendr\u00e1 bajo custodia en lugar de emitir un DAT. Todav\u00eda puede calificar para un DAT incluso si tiene condenas anteriores en su registro. Siempre que cumpla con las otras condiciones, la polic\u00eda a\u00fan puede emitir un DAT en lugar de mantenerlo bajo custodia.<\/p>\n<h2>\u00bfQu\u00e9 sucede despu\u00e9s de recibir un boleto de comparecencia en el escritorio?<\/h2>\n<p>Deber\u00e1 comparecer ante el tribunal para una lectura de cargos despu\u00e9s de recibir un DAT. Si no se presenta ante el tribunal en la fecha y hora impresas en el DAT, el juez puede emitir una orden de arresto contra usted.<\/p>\n<p>Durante la lectura de cargos, el juez le informar\u00e1 de los cargos que se han presentado en su contra. El juez tambi\u00e9n le pedir\u00e1 que presente una declaraci\u00f3n de culpabilidad por cada uno de los cargos. Si se declara culpable, el pr\u00f3ximo paso en el caso es la sentencia, donde descubrir\u00e1 qu\u00e9 sanciones enfrentar\u00e1 por cometer un delito. Si se declara inocente, deber\u00e1 trabajar con su abogado para prepararse para el juicio.<\/p>\n<h2>\u00bfPuede un abogado de defensa criminal ayudar con su multa de comparecencia en el escritorio?<\/h2>\n<p>Si se le emite un DAT, lo primero que debe hacer es ponerse en contacto con un abogado defensor penal. Recibir un DAT significa que lo acusan de un delito, por lo que necesitar\u00e1 un abogado que lo defienda durante todo el proceso judicial.<\/p>\n<p>Deber\u00e1 presentar una declaraci\u00f3n de culpabilidad durante su lectura de cargos, y no es aconsejable presentar una declaraci\u00f3n de culpabilidad sin discutir primero su caso con un abogado. Por esta raz\u00f3n, es importante buscar representaci\u00f3n legal lo antes posible despu\u00e9s de recibir un DAT.<\/p>\n<p>El abogado Gianni Karmily puede representarlo durante cada etapa de su caso penal. Su objetivo es ayudarlo a evitar o minimizar las sanciones que puede enfrentar si es declarado culpable de un delito. Desde el principio hasta el final, buscar\u00e1 agresivamente el mejor resultado posible en su caso.<\/p>\n<h2>Hable hoy de sus opciones legales con nuestro abogado de multas de comparecencia en el escritorio de Long Island<\/h2>\n<p>\u00bfSe le ha emitido un boleto de comparecencia en el escritorio en Long Island? No se equivoque al respecto: una multa de comparecencia en el escritorio no es lo mismo que una multa de tr\u00e1nsito o una citaci\u00f3n rosa. Este boleto es el primer paso en el proceso penal en su contra, por lo que le conviene comunicarse de inmediato con el abogado experimentado en boletos de comparecencia Gianni Karmily. Gianni lo guiar\u00e1 a trav\u00e9s de los procedimientos judiciales penales y trabajar\u00e1 incansablemente para lograr un resultado favorable en su caso. <span style=\"font-weight: 400;\">Para programar una evaluaci\u00f3n confidencial de su caso con el Bufete de Abogados de Gianni Karmily, PLLC, llame a nuestra oficina de Great Neck al <a href=\"tel:5166303405\">(516) 630-3405<\/a> o a nuestra oficina de Hempstead al <a href=\"tel:5166144228\">(516) 614-4228<\/a>.<\/span><\/p>\n","protected":false},"excerpt":{"rendered":"<p>Abogado que representa a clientes a quienes se les ha emitido un DAT en el condado de Nassau El estado de Nueva York ha tomado una serie de medidas para reducir el n\u00famero de acusados en prisi\u00f3n preventiva. Uno de estos pasos involucra la emisi\u00f3n de boletos de comparecencia en el escritorio para los acusados [&hellip;]<\/p>\n","protected":false},"author":3,"featured_media":0,"parent":0,"menu_order":0,"comment_status":"closed","ping_status":"closed","template":"","meta":{"_genesis_hide_title":false,"_genesis_hide_breadcrumbs":false,"_genesis_hide_singular_image":false,"_genesis_hide_footer_widgets":false,"_genesis_custom_body_class":"inner-page","_genesis_custom_post_class":"","_genesis_layout":"","footnotes":""},"class_list":{"0":"post-9141","1":"page","2":"type-page","3":"status-publish","5":"entry"},"yoast_head":"<!-- This site is optimized with the Yoast SEO plugin v27.4 - https:\/\/yoast.com\/product\/yoast-seo-wordpress\/ -->\n<title>Long Island Abogado de Boleto de Comparecencia en el Escritorio | Condado de Nassau | Bufete de Abogados de Gianni Karmily, PLLC<\/title>\n<meta name=\"description\" content=\"Recibir un boleto de comparecencia en el escritorio en Long Island | Bufete de abogados de Gianni Karmily, PLLC\" \/>\n<meta name=\"robots\" content=\"index, follow, max-snippet:-1, max-image-preview:large, max-video-preview:-1\" \/>\n<link rel=\"canonical\" href=\"https:\/\/giannicriminallaw.com\/es\/boleto-de-comparecencia-en-el-escritorio-dat\/\" \/>\n<meta property=\"og:locale\" content=\"es_ES\" \/>\n<meta property=\"og:type\" content=\"article\" \/>\n<meta property=\"og:title\" content=\"Long Island Abogado de Boleto de Comparecencia en el Escritorio | Condado de Nassau | Bufete de Abogados de Gianni Karmily, PLLC\" \/>\n<meta property=\"og:description\" content=\"Recibir un boleto de comparecencia en el escritorio en Long Island | Bufete de abogados de Gianni Karmily, PLLC\" \/>\n<meta property=\"og:url\" content=\"https:\/\/giannicriminallaw.com\/es\/boleto-de-comparecencia-en-el-escritorio-dat\/\" \/>\n<meta property=\"og:site_name\" content=\"Law Firm of Gianni Karmily PLLC\" \/>\n<meta property=\"article:publisher\" content=\"https:\/\/www.facebook.com\/Law-Firm-of-Gianni-Karmily-PLLC-111458240497656\/\" \/>\n<meta property=\"article:modified_time\" content=\"2025-01-31T17:56:34+00:00\" \/>\n<meta name=\"twitter:card\" content=\"summary_large_image\" \/>\n<meta name=\"twitter:site\" content=\"@LawGianni\" \/>\n<meta name=\"twitter:label1\" content=\"Tiempo de lectura\" \/>\n\t<meta name=\"twitter:data1\" content=\"4 minutos\" \/>\n<script type=\"application\/ld+json\" class=\"yoast-schema-graph\">{\"@context\":\"https:\\\/\\\/schema.org\",\"@graph\":[{\"@type\":\"WebPage\",\"@id\":\"https:\\\/\\\/giannicriminallaw.com\\\/es\\\/boleto-de-comparecencia-en-el-escritorio-dat\\\/\",\"url\":\"https:\\\/\\\/giannicriminallaw.com\\\/es\\\/boleto-de-comparecencia-en-el-escritorio-dat\\\/\",\"name\":\"Long Island Abogado de Boleto de Comparecencia en el Escritorio | Condado de Nassau | Bufete de Abogados de Gianni Karmily, PLLC\",\"isPartOf\":{\"@id\":\"https:\\\/\\\/giannicriminallaw.com\\\/#website\"},\"datePublished\":\"2020-02-27T10:00:13+00:00\",\"dateModified\":\"2025-01-31T17:56:34+00:00\",\"description\":\"Recibir un boleto de comparecencia en el escritorio en Long Island | Bufete de abogados de Gianni Karmily, PLLC\",\"breadcrumb\":{\"@id\":\"https:\\\/\\\/giannicriminallaw.com\\\/es\\\/boleto-de-comparecencia-en-el-escritorio-dat\\\/#breadcrumb\"},\"inLanguage\":\"es\",\"potentialAction\":[{\"@type\":\"ReadAction\",\"target\":[\"https:\\\/\\\/giannicriminallaw.com\\\/es\\\/boleto-de-comparecencia-en-el-escritorio-dat\\\/\"]}]},{\"@type\":\"BreadcrumbList\",\"@id\":\"https:\\\/\\\/giannicriminallaw.com\\\/es\\\/boleto-de-comparecencia-en-el-escritorio-dat\\\/#breadcrumb\",\"itemListElement\":[{\"@type\":\"ListItem\",\"position\":1,\"name\":\"Home\",\"item\":\"https:\\\/\\\/giannicriminallaw.com\\\/es\\\/\"},{\"@type\":\"ListItem\",\"position\":2,\"name\":\"Boleto de comparecencia en el escritorio\"}]},{\"@type\":\"WebSite\",\"@id\":\"https:\\\/\\\/giannicriminallaw.com\\\/#website\",\"url\":\"https:\\\/\\\/giannicriminallaw.com\\\/\",\"name\":\"Law Firm of Gianni Karmily PLLC\",\"description\":\"\",\"publisher\":{\"@id\":\"https:\\\/\\\/giannicriminallaw.com\\\/#organization\"},\"potentialAction\":[{\"@type\":\"SearchAction\",\"target\":{\"@type\":\"EntryPoint\",\"urlTemplate\":\"https:\\\/\\\/giannicriminallaw.com\\\/?s={search_term_string}\"},\"query-input\":{\"@type\":\"PropertyValueSpecification\",\"valueRequired\":true,\"valueName\":\"search_term_string\"}}],\"inLanguage\":\"es\"},{\"@type\":\"Organization\",\"@id\":\"https:\\\/\\\/giannicriminallaw.com\\\/#organization\",\"name\":\"Law Firm of Gianni Karmily PLLC\",\"url\":\"https:\\\/\\\/giannicriminallaw.com\\\/\",\"logo\":{\"@type\":\"ImageObject\",\"inLanguage\":\"es\",\"@id\":\"https:\\\/\\\/giannicriminallaw.com\\\/#\\\/schema\\\/logo\\\/image\\\/\",\"url\":\"https:\\\/\\\/giannicriminallaw.com\\\/wp-content\\\/uploads\\\/2021\\\/03\\\/cropped-favicon.png\",\"contentUrl\":\"https:\\\/\\\/giannicriminallaw.com\\\/wp-content\\\/uploads\\\/2021\\\/03\\\/cropped-favicon.png\",\"width\":512,\"height\":512,\"caption\":\"Law Firm of Gianni Karmily PLLC\"},\"image\":{\"@id\":\"https:\\\/\\\/giannicriminallaw.com\\\/#\\\/schema\\\/logo\\\/image\\\/\"},\"sameAs\":[\"https:\\\/\\\/www.facebook.com\\\/Law-Firm-of-Gianni-Karmily-PLLC-111458240497656\\\/\",\"https:\\\/\\\/x.com\\\/LawGianni\"]}]}<\/script>\n<!-- \/ Yoast SEO plugin. -->","yoast_head_json":{"title":"Long Island Abogado de Boleto de Comparecencia en el Escritorio | Condado de Nassau | Bufete de Abogados de Gianni Karmily, PLLC","description":"Recibir un boleto de comparecencia en el escritorio en Long Island | Bufete de abogados de Gianni Karmily, PLLC","robots":{"index":"index","follow":"follow","max-snippet":"max-snippet:-1","max-image-preview":"max-image-preview:large","max-video-preview":"max-video-preview:-1"},"canonical":"https:\/\/giannicriminallaw.com\/es\/boleto-de-comparecencia-en-el-escritorio-dat\/","og_locale":"es_ES","og_type":"article","og_title":"Long Island Abogado de Boleto de Comparecencia en el Escritorio | Condado de Nassau | Bufete de Abogados de Gianni Karmily, PLLC","og_description":"Recibir un boleto de comparecencia en el escritorio en Long Island | Bufete de abogados de Gianni Karmily, PLLC","og_url":"https:\/\/giannicriminallaw.com\/es\/boleto-de-comparecencia-en-el-escritorio-dat\/","og_site_name":"Law Firm of Gianni Karmily PLLC","article_publisher":"https:\/\/www.facebook.com\/Law-Firm-of-Gianni-Karmily-PLLC-111458240497656\/","article_modified_time":"2025-01-31T17:56:34+00:00","twitter_card":"summary_large_image","twitter_site":"@LawGianni","twitter_misc":{"Tiempo de lectura":"4 minutos"},"schema":{"@context":"https:\/\/schema.org","@graph":[{"@type":"WebPage","@id":"https:\/\/giannicriminallaw.com\/es\/boleto-de-comparecencia-en-el-escritorio-dat\/","url":"https:\/\/giannicriminallaw.com\/es\/boleto-de-comparecencia-en-el-escritorio-dat\/","name":"Long Island Abogado de Boleto de Comparecencia en el Escritorio | Condado de Nassau | Bufete de Abogados de Gianni Karmily, PLLC","isPartOf":{"@id":"https:\/\/giannicriminallaw.com\/#website"},"datePublished":"2020-02-27T10:00:13+00:00","dateModified":"2025-01-31T17:56:34+00:00","description":"Recibir un boleto de comparecencia en el escritorio en Long Island | Bufete de abogados de Gianni Karmily, PLLC","breadcrumb":{"@id":"https:\/\/giannicriminallaw.com\/es\/boleto-de-comparecencia-en-el-escritorio-dat\/#breadcrumb"},"inLanguage":"es","potentialAction":[{"@type":"ReadAction","target":["https:\/\/giannicriminallaw.com\/es\/boleto-de-comparecencia-en-el-escritorio-dat\/"]}]},{"@type":"BreadcrumbList","@id":"https:\/\/giannicriminallaw.com\/es\/boleto-de-comparecencia-en-el-escritorio-dat\/#breadcrumb","itemListElement":[{"@type":"ListItem","position":1,"name":"Home","item":"https:\/\/giannicriminallaw.com\/es\/"},{"@type":"ListItem","position":2,"name":"Boleto de comparecencia en el escritorio"}]},{"@type":"WebSite","@id":"https:\/\/giannicriminallaw.com\/#website","url":"https:\/\/giannicriminallaw.com\/","name":"Law Firm of Gianni Karmily PLLC","description":"","publisher":{"@id":"https:\/\/giannicriminallaw.com\/#organization"},"potentialAction":[{"@type":"SearchAction","target":{"@type":"EntryPoint","urlTemplate":"https:\/\/giannicriminallaw.com\/?s={search_term_string}"},"query-input":{"@type":"PropertyValueSpecification","valueRequired":true,"valueName":"search_term_string"}}],"inLanguage":"es"},{"@type":"Organization","@id":"https:\/\/giannicriminallaw.com\/#organization","name":"Law Firm of Gianni Karmily PLLC","url":"https:\/\/giannicriminallaw.com\/","logo":{"@type":"ImageObject","inLanguage":"es","@id":"https:\/\/giannicriminallaw.com\/#\/schema\/logo\/image\/","url":"https:\/\/giannicriminallaw.com\/wp-content\/uploads\/2021\/03\/cropped-favicon.png","contentUrl":"https:\/\/giannicriminallaw.com\/wp-content\/uploads\/2021\/03\/cropped-favicon.png","width":512,"height":512,"caption":"Law Firm of Gianni Karmily PLLC"},"image":{"@id":"https:\/\/giannicriminallaw.com\/#\/schema\/logo\/image\/"},"sameAs":["https:\/\/www.facebook.com\/Law-Firm-of-Gianni-Karmily-PLLC-111458240497656\/","https:\/\/x.com\/LawGianni"]}]}},"_links":{"self":[{"href":"https:\/\/giannicriminallaw.com\/es\/wp-json\/wp\/v2\/pages\/9141","targetHints":{"allow":["GET"]}}],"collection":[{"href":"https:\/\/giannicriminallaw.com\/es\/wp-json\/wp\/v2\/pages"}],"about":[{"href":"https:\/\/giannicriminallaw.com\/es\/wp-json\/wp\/v2\/types\/page"}],"author":[{"embeddable":true,"href":"https:\/\/giannicriminallaw.com\/es\/wp-json\/wp\/v2\/users\/3"}],"replies":[{"embeddable":true,"href":"https:\/\/giannicriminallaw.com\/es\/wp-json\/wp\/v2\/comments?post=9141"}],"version-history":[{"count":0,"href":"https:\/\/giannicriminallaw.com\/es\/wp-json\/wp\/v2\/pages\/9141\/revisions"}],"wp:attachment":[{"href":"https:\/\/giannicriminallaw.com\/es\/wp-json\/wp\/v2\/media?parent=9141"}],"curies":[{"name":"wp","href":"https:\/\/api.w.org\/{rel}","templated":true}]}}