{"id":9140,"date":"2020-02-27T10:02:54","date_gmt":"2020-02-27T10:02:54","guid":{"rendered":"https:\/\/giannikarmily.wpenginepowered.com\/violencia-domestica\/"},"modified":"2025-01-31T17:56:17","modified_gmt":"2025-01-31T17:56:17","slug":"violencia-domestica","status":"publish","type":"page","link":"https:\/\/giannicriminallaw.com\/es\/violencia-domestica\/","title":{"rendered":"Violencia dom\u00e9stica"},"content":{"rendered":"<h1>Abogado de Long Island que defiende a clientes contra acusaciones de violencia dom\u00e9stica en el condado de Nassau<\/h1>\n<p><iframe src=\"https:\/\/www.youtube.com\/embed\/cH4qNe1mAi0\" width=\"587\" height=\"330\" frameborder=\"0\" allowfullscreen=\"allowfullscreen\"><\/iframe><\/p>\n<p>Las autoridades de Nueva York toman muy en serio los delitos de violencia dom\u00e9stica. Si lo acusan de cometer violencia dom\u00e9stica, debe esperar que el estado lo procese agresivamente.<\/p>\n<p>No enfrente esta batalla legal solo: recurra a la abogada de confianza en violencia dom\u00e9stica Gianni Karmily para recibir orientaci\u00f3n lo antes posible. Gianni se asegurar\u00e1 de que el sistema de justicia penal no lo trate injustamente ni lo castigue por un delito que no cometi\u00f3.<\/p>\n<h2>\u00bfQu\u00e9 es la violencia dom\u00e9stica?<\/h2>\n<p>No existe un delito llamado violencia dom\u00e9stica en Nueva York, lo que significa que no puede ser acusado de violencia dom\u00e9stica. En cambio, el t\u00e9rmino violencia dom\u00e9stica se refiere a actos delictivos cometidos por una pareja \u00edntima contra otra pareja \u00edntima. Ejemplos de parejas \u00edntimas incluyen:<\/p>\n<ul>\n<li>Personas casadas o divorciadas<\/li>\n<li>Personas que comparten un hijo biol\u00f3gico o adoptado<\/li>\n<li>Personas que est\u00e1n relacionadas entre s\u00ed a trav\u00e9s del matrimonio<\/li>\n<li>Parientes de sangre como hermanos, padres y primos<\/li>\n<li>Personas que viven juntas o han vivido juntas en el pasado, independientemente de que tengan o no parentesco<\/li>\n<li>Personas que est\u00e1n en una relaci\u00f3n rom\u00e1ntica o estuvieron anteriormente en una relaci\u00f3n rom\u00e1ntica<\/li>\n<\/ul>\n<p>En Long Island, los delitos que involucran a estas partes se consideran violencia dom\u00e9stica. Algunos de los delitos m\u00e1s comunes que se consideran violencia dom\u00e9stica cuando involucran a parejas \u00edntimas incluyen:<\/p>\n<ul>\n<li>Agresi\u00f3n<\/li>\n<li>Acoso<\/li>\n<li>Acoso<\/li>\n<li>Amenazante<\/li>\n<li>Poner en peligro imprudente<\/li>\n<li>Conducta desordenada<\/li>\n<li>Abuso sexual<\/li>\n<\/ul>\n<p>Por lo general, estos delitos se procesan en un tribunal penal. Pero si el delito se considera violencia dom\u00e9stica debido a las partes involucradas, el caso puede enviarse a una sala de audiencias especial que maneja \u00fanicamente casos de violencia dom\u00e9stica.<\/p>\n<h2>\u00bfQu\u00e9 es una orden de protecci\u00f3n?<\/h2>\n<p>El tribunal emite una orden de protecci\u00f3n para proteger a una v\u00edctima de violencia dom\u00e9stica. Si se emite una orden de protecci\u00f3n en su contra, es importante cumplir con sus t\u00e9rminos. Ejemplos de t\u00e9rminos incluyen:<\/p>\n<ul>\n<li>No haga contacto con la v\u00edctima.<\/li>\n<li>No visite a la v\u00edctima en su casa o en su lugar de trabajo.<\/li>\n<li>V\u00e1yase de la casa que comparte con la v\u00edctima.<\/li>\n<li>Renuncie a sus armas de fuego.<\/li>\n<\/ul>\n<p>Inicialmente, el tribunal emitir\u00e1 una orden de protecci\u00f3n temporal. Pero si es condenado en su caso de violencia dom\u00e9stica, la corte puede emitir una orden de protecci\u00f3n final, que puede durar a\u00f1os.<\/p>\n<h2>\u00bfCu\u00e1les son las sanciones por violar una orden de protecci\u00f3n?<\/h2>\n<p>Debe cumplir con los t\u00e9rminos de una orden de protecci\u00f3n. Si no cumple con estos t\u00e9rminos, podr\u00eda enfrentar cargos por desacato penal. Las sanciones por cometer este delito variar\u00e1n seg\u00fan la naturaleza de la infracci\u00f3n. El grado m\u00e1s grave de este delito es el desacato agravado, que se produce cuando se viola una orden de protecci\u00f3n causando lesiones a la v\u00edctima. El desacato criminal agravado es un delito grave de clase D, que se castiga con hasta $5,000 en multas y siete a\u00f1os de prisi\u00f3n. Si lo condenan por violencia dom\u00e9stica, enfrentar\u00e1 consecuencias adicionales adem\u00e1s de estas sanciones.<\/p>\n<h2>\u00bfQu\u00e9 son las leyes de arresto obligatorio en Long Island?<\/h2>\n<p>Hay leyes de arresto obligatorio en Nueva York. Bajo estas leyes, la polic\u00eda est\u00e1 obligada a realizar un arresto en casos de violencia dom\u00e9stica cuando:<\/p>\n<ul>\n<li>Alguien ha cometido un delito grave, o<\/li>\n<li>Alguien ha violado una orden de protecci\u00f3n.<\/li>\n<\/ul>\n<p>La polic\u00eda no le preguntar\u00e1 a la v\u00edctima si quiere o no que arresten al acusado. Si el acusado cometi\u00f3 un delito grave o viol\u00f3 una orden de protecci\u00f3n, la polic\u00eda debe realizar un arresto independientemente de los deseos de la v\u00edctima. De hecho, la v\u00edctima no puede pedirle al estado que retire los cargos contra el acusado. El estado puede seguir adelante con su caso incluso si la v\u00edctima no est\u00e1 dispuesta a cooperar.<\/p>\n<h2>\u00bfPor qu\u00e9 deber\u00eda contratar a un abogado de violencia dom\u00e9stica?<\/h2>\n<p>Las acusaciones de violencia dom\u00e9stica pueden trastornar completamente su vida. Se le puede ordenar que corte el contacto con un ser querido, renuncie a la custodia de sus hijos y abandone su hogar. Las acusaciones tambi\u00e9n pueden da\u00f1ar su reputaci\u00f3n personal y, si lo condenan, sus antecedentes penales pueden dificultar la b\u00fasqueda de empleo en el futuro.<\/p>\n<p>Afortunadamente, es posible vencer los cargos de violencia dom\u00e9stica con la ayuda del experimentado abogado defensor penal Gianni Karmily. Deja que luche agresivamente para proteger tu futuro.<\/p>\n<h2>Programe una evaluaci\u00f3n del caso con nuestro abogado de violencia dom\u00e9stica en Long Island<\/h2>\n<p>\u00bfHa sido acusado de cometer violencia dom\u00e9stica? Estas acusaciones pueden da\u00f1ar tanto su vida personal como profesional, por lo que debe contratar al abogado de violencia dom\u00e9stica Gianni Karmily para que lo ayude a limpiar su nombre. <a href=\"https:\/\/giannicriminallaw.com\/es\/\">Gianni<\/a> trabajar\u00e1 incansablemente para ayudarte a alcanzar el mejor resultado posible en tu caso de violencia dom\u00e9stica. <span style=\"font-weight: 400;\">Para programar una evaluaci\u00f3n confidencial de su caso con el Bufete de Abogados de Gianni Karmily, PLLC, llame a nuestra oficina de Great Neck al <a href=\"tel:5166303405\">(516) 630-3405<\/a> o a nuestra oficina de Hempstead al <a href=\"tel:5166144228\">(516) 614-4228<\/a>.<\/span><\/p>\n","protected":false},"excerpt":{"rendered":"<p>Abogado de Long Island que defiende a clientes contra acusaciones de violencia dom\u00e9stica en el condado de Nassau Las autoridades de Nueva York toman muy en serio los delitos de violencia dom\u00e9stica. Si lo acusan de cometer violencia dom\u00e9stica, debe esperar que el estado lo procese agresivamente. No enfrente esta batalla legal solo: recurra a [&hellip;]<\/p>\n","protected":false},"author":3,"featured_media":0,"parent":0,"menu_order":0,"comment_status":"closed","ping_status":"closed","template":"","meta":{"_genesis_hide_title":false,"_genesis_hide_breadcrumbs":false,"_genesis_hide_singular_image":false,"_genesis_hide_footer_widgets":false,"_genesis_custom_body_class":"inner-page","_genesis_custom_post_class":"","_genesis_layout":"","footnotes":""},"class_list":{"0":"post-9140","1":"page","2":"type-page","3":"status-publish","5":"entry"},"yoast_head":"<!-- This site is optimized with the Yoast SEO plugin v27.3 - https:\/\/yoast.com\/product\/yoast-seo-wordpress\/ -->\n<title>Long Island Abogado de Violencia Dom\u00e9stica | Condado de Nassau | Bufete de Abogados de Gianni Karmily, PLLC<\/title>\n<meta name=\"description\" content=\"Busque representaci\u00f3n legal del abogado de violencia dom\u00e9stica de Long Island, Gianni Karmily. Llame ahora para programar una evaluaci\u00f3n de su caso.\" \/>\n<meta name=\"robots\" content=\"index, follow, max-snippet:-1, max-image-preview:large, max-video-preview:-1\" \/>\n<link rel=\"canonical\" href=\"https:\/\/giannicriminallaw.com\/es\/violencia-domestica\/\" \/>\n<meta property=\"og:locale\" content=\"es_ES\" \/>\n<meta property=\"og:type\" content=\"article\" \/>\n<meta property=\"og:title\" content=\"Long Island Abogado de Violencia Dom\u00e9stica | Condado de Nassau | Bufete de Abogados de Gianni Karmily, PLLC\" \/>\n<meta property=\"og:description\" content=\"Busque representaci\u00f3n legal del abogado de violencia dom\u00e9stica de Long Island, Gianni Karmily. Llame ahora para programar una evaluaci\u00f3n de su caso.\" \/>\n<meta property=\"og:url\" content=\"https:\/\/giannicriminallaw.com\/es\/violencia-domestica\/\" \/>\n<meta property=\"og:site_name\" content=\"Law Firm of Gianni Karmily PLLC\" \/>\n<meta property=\"article:publisher\" content=\"https:\/\/www.facebook.com\/Law-Firm-of-Gianni-Karmily-PLLC-111458240497656\/\" \/>\n<meta property=\"article:modified_time\" content=\"2025-01-31T17:56:17+00:00\" \/>\n<meta name=\"twitter:card\" content=\"summary_large_image\" \/>\n<meta name=\"twitter:site\" content=\"@LawGianni\" \/>\n<meta name=\"twitter:label1\" content=\"Tiempo de lectura\" \/>\n\t<meta name=\"twitter:data1\" content=\"4 minutos\" \/>\n<script type=\"application\/ld+json\" class=\"yoast-schema-graph\">{\"@context\":\"https:\\\/\\\/schema.org\",\"@graph\":[{\"@type\":\"WebPage\",\"@id\":\"https:\\\/\\\/giannicriminallaw.com\\\/es\\\/violencia-domestica\\\/\",\"url\":\"https:\\\/\\\/giannicriminallaw.com\\\/es\\\/violencia-domestica\\\/\",\"name\":\"Long Island Abogado de Violencia Dom\u00e9stica | Condado de Nassau | Bufete de Abogados de Gianni Karmily, PLLC\",\"isPartOf\":{\"@id\":\"https:\\\/\\\/giannicriminallaw.com\\\/#website\"},\"datePublished\":\"2020-02-27T10:02:54+00:00\",\"dateModified\":\"2025-01-31T17:56:17+00:00\",\"description\":\"Busque representaci\u00f3n legal del abogado de violencia dom\u00e9stica de Long Island, Gianni Karmily. Llame ahora para programar una evaluaci\u00f3n de su caso.\",\"breadcrumb\":{\"@id\":\"https:\\\/\\\/giannicriminallaw.com\\\/es\\\/violencia-domestica\\\/#breadcrumb\"},\"inLanguage\":\"es\",\"potentialAction\":[{\"@type\":\"ReadAction\",\"target\":[\"https:\\\/\\\/giannicriminallaw.com\\\/es\\\/violencia-domestica\\\/\"]}]},{\"@type\":\"BreadcrumbList\",\"@id\":\"https:\\\/\\\/giannicriminallaw.com\\\/es\\\/violencia-domestica\\\/#breadcrumb\",\"itemListElement\":[{\"@type\":\"ListItem\",\"position\":1,\"name\":\"Home\",\"item\":\"https:\\\/\\\/giannicriminallaw.com\\\/es\\\/\"},{\"@type\":\"ListItem\",\"position\":2,\"name\":\"Violencia dom\u00e9stica\"}]},{\"@type\":\"WebSite\",\"@id\":\"https:\\\/\\\/giannicriminallaw.com\\\/#website\",\"url\":\"https:\\\/\\\/giannicriminallaw.com\\\/\",\"name\":\"Law Firm of Gianni Karmily PLLC\",\"description\":\"\",\"publisher\":{\"@id\":\"https:\\\/\\\/giannicriminallaw.com\\\/#organization\"},\"potentialAction\":[{\"@type\":\"SearchAction\",\"target\":{\"@type\":\"EntryPoint\",\"urlTemplate\":\"https:\\\/\\\/giannicriminallaw.com\\\/?s={search_term_string}\"},\"query-input\":{\"@type\":\"PropertyValueSpecification\",\"valueRequired\":true,\"valueName\":\"search_term_string\"}}],\"inLanguage\":\"es\"},{\"@type\":\"Organization\",\"@id\":\"https:\\\/\\\/giannicriminallaw.com\\\/#organization\",\"name\":\"Law Firm of Gianni Karmily PLLC\",\"url\":\"https:\\\/\\\/giannicriminallaw.com\\\/\",\"logo\":{\"@type\":\"ImageObject\",\"inLanguage\":\"es\",\"@id\":\"https:\\\/\\\/giannicriminallaw.com\\\/#\\\/schema\\\/logo\\\/image\\\/\",\"url\":\"https:\\\/\\\/giannicriminallaw.com\\\/wp-content\\\/uploads\\\/2021\\\/03\\\/cropped-favicon.png\",\"contentUrl\":\"https:\\\/\\\/giannicriminallaw.com\\\/wp-content\\\/uploads\\\/2021\\\/03\\\/cropped-favicon.png\",\"width\":512,\"height\":512,\"caption\":\"Law Firm of Gianni Karmily PLLC\"},\"image\":{\"@id\":\"https:\\\/\\\/giannicriminallaw.com\\\/#\\\/schema\\\/logo\\\/image\\\/\"},\"sameAs\":[\"https:\\\/\\\/www.facebook.com\\\/Law-Firm-of-Gianni-Karmily-PLLC-111458240497656\\\/\",\"https:\\\/\\\/x.com\\\/LawGianni\"]}]}<\/script>\n<!-- \/ Yoast SEO plugin. -->","yoast_head_json":{"title":"Long Island Abogado de Violencia Dom\u00e9stica | Condado de Nassau | Bufete de Abogados de Gianni Karmily, PLLC","description":"Busque representaci\u00f3n legal del abogado de violencia dom\u00e9stica de Long Island, Gianni Karmily. Llame ahora para programar una evaluaci\u00f3n de su caso.","robots":{"index":"index","follow":"follow","max-snippet":"max-snippet:-1","max-image-preview":"max-image-preview:large","max-video-preview":"max-video-preview:-1"},"canonical":"https:\/\/giannicriminallaw.com\/es\/violencia-domestica\/","og_locale":"es_ES","og_type":"article","og_title":"Long Island Abogado de Violencia Dom\u00e9stica | Condado de Nassau | Bufete de Abogados de Gianni Karmily, PLLC","og_description":"Busque representaci\u00f3n legal del abogado de violencia dom\u00e9stica de Long Island, Gianni Karmily. Llame ahora para programar una evaluaci\u00f3n de su caso.","og_url":"https:\/\/giannicriminallaw.com\/es\/violencia-domestica\/","og_site_name":"Law Firm of Gianni Karmily PLLC","article_publisher":"https:\/\/www.facebook.com\/Law-Firm-of-Gianni-Karmily-PLLC-111458240497656\/","article_modified_time":"2025-01-31T17:56:17+00:00","twitter_card":"summary_large_image","twitter_site":"@LawGianni","twitter_misc":{"Tiempo de lectura":"4 minutos"},"schema":{"@context":"https:\/\/schema.org","@graph":[{"@type":"WebPage","@id":"https:\/\/giannicriminallaw.com\/es\/violencia-domestica\/","url":"https:\/\/giannicriminallaw.com\/es\/violencia-domestica\/","name":"Long Island Abogado de Violencia Dom\u00e9stica | Condado de Nassau | Bufete de Abogados de Gianni Karmily, PLLC","isPartOf":{"@id":"https:\/\/giannicriminallaw.com\/#website"},"datePublished":"2020-02-27T10:02:54+00:00","dateModified":"2025-01-31T17:56:17+00:00","description":"Busque representaci\u00f3n legal del abogado de violencia dom\u00e9stica de Long Island, Gianni Karmily. Llame ahora para programar una evaluaci\u00f3n de su caso.","breadcrumb":{"@id":"https:\/\/giannicriminallaw.com\/es\/violencia-domestica\/#breadcrumb"},"inLanguage":"es","potentialAction":[{"@type":"ReadAction","target":["https:\/\/giannicriminallaw.com\/es\/violencia-domestica\/"]}]},{"@type":"BreadcrumbList","@id":"https:\/\/giannicriminallaw.com\/es\/violencia-domestica\/#breadcrumb","itemListElement":[{"@type":"ListItem","position":1,"name":"Home","item":"https:\/\/giannicriminallaw.com\/es\/"},{"@type":"ListItem","position":2,"name":"Violencia dom\u00e9stica"}]},{"@type":"WebSite","@id":"https:\/\/giannicriminallaw.com\/#website","url":"https:\/\/giannicriminallaw.com\/","name":"Law Firm of Gianni Karmily PLLC","description":"","publisher":{"@id":"https:\/\/giannicriminallaw.com\/#organization"},"potentialAction":[{"@type":"SearchAction","target":{"@type":"EntryPoint","urlTemplate":"https:\/\/giannicriminallaw.com\/?s={search_term_string}"},"query-input":{"@type":"PropertyValueSpecification","valueRequired":true,"valueName":"search_term_string"}}],"inLanguage":"es"},{"@type":"Organization","@id":"https:\/\/giannicriminallaw.com\/#organization","name":"Law Firm of Gianni Karmily PLLC","url":"https:\/\/giannicriminallaw.com\/","logo":{"@type":"ImageObject","inLanguage":"es","@id":"https:\/\/giannicriminallaw.com\/#\/schema\/logo\/image\/","url":"https:\/\/giannicriminallaw.com\/wp-content\/uploads\/2021\/03\/cropped-favicon.png","contentUrl":"https:\/\/giannicriminallaw.com\/wp-content\/uploads\/2021\/03\/cropped-favicon.png","width":512,"height":512,"caption":"Law Firm of Gianni Karmily PLLC"},"image":{"@id":"https:\/\/giannicriminallaw.com\/#\/schema\/logo\/image\/"},"sameAs":["https:\/\/www.facebook.com\/Law-Firm-of-Gianni-Karmily-PLLC-111458240497656\/","https:\/\/x.com\/LawGianni"]}]}},"_links":{"self":[{"href":"https:\/\/giannicriminallaw.com\/es\/wp-json\/wp\/v2\/pages\/9140","targetHints":{"allow":["GET"]}}],"collection":[{"href":"https:\/\/giannicriminallaw.com\/es\/wp-json\/wp\/v2\/pages"}],"about":[{"href":"https:\/\/giannicriminallaw.com\/es\/wp-json\/wp\/v2\/types\/page"}],"author":[{"embeddable":true,"href":"https:\/\/giannicriminallaw.com\/es\/wp-json\/wp\/v2\/users\/3"}],"replies":[{"embeddable":true,"href":"https:\/\/giannicriminallaw.com\/es\/wp-json\/wp\/v2\/comments?post=9140"}],"version-history":[{"count":0,"href":"https:\/\/giannicriminallaw.com\/es\/wp-json\/wp\/v2\/pages\/9140\/revisions"}],"wp:attachment":[{"href":"https:\/\/giannicriminallaw.com\/es\/wp-json\/wp\/v2\/media?parent=9140"}],"curies":[{"name":"wp","href":"https:\/\/api.w.org\/{rel}","templated":true}]}}