{"id":9139,"date":"2020-02-27T10:24:00","date_gmt":"2020-02-27T10:24:00","guid":{"rendered":"https:\/\/giannikarmily.wpenginepowered.com\/delitos-de-robo\/"},"modified":"2026-02-12T19:55:02","modified_gmt":"2026-02-12T19:55:02","slug":"delitos-de-robo","status":"publish","type":"page","link":"https:\/\/giannicriminallaw.com\/es\/delitos-de-robo\/","title":{"rendered":"Delitos de Robo"},"content":{"rendered":"<h1>Abogado de robo que protege los derechos de los clientes en el condado de Nassau, Long Island<\/h1>\n<p><iframe src=\"https:\/\/www.youtube.com\/embed\/46H9s5xUryQ\" width=\"587\" height=\"330\" frameborder=\"0\" allowfullscreen=\"allowfullscreen\"><\/iframe><\/p>\n<p>En Nueva York, el t\u00e9rmino \u201churto\u201d se usa para describir varios delitos relacionados con el robo. Ser condenado por hurto puede da\u00f1ar su reputaci\u00f3n, afectar sus oportunidades de empleo y poner en peligro su libertad. Hay mucho en juego en un caso de hurto, por lo que debe buscar orientaci\u00f3n legal de un abogado con experiencia en robos.<\/p>\n<p>Gianni Karmily ha protegido los derechos de innumerables clientes que han sido acusados de cometer delitos relacionados con el robo. Perm\u00edtale estar a su lado y luchar agresivamente contra sus cargos.<\/p>\n<h2>\u00bfQu\u00e9 es Hurto en Nueva York?<\/h2>\n<p>El hurto ocurre cuando alguien roba la propiedad de otra persona con la intenci\u00f3n de privar al propietario leg\u00edtimo de la propiedad robada. Varios delitos diferentes se clasifican como hurto porque implican el robo de propiedad. Algunos de estos delitos incluyen:<\/p>\n<ul>\n<li>Robo en tiendas<\/li>\n<li>Malversaci\u00f3n de fondos<\/li>\n<li>Obtener propiedad con falsos pretextos<\/li>\n<li>Latrocinio por enga\u00f1o<\/li>\n<li>Emitir un cheque sin fondos<\/li>\n<li>Posesi\u00f3n de propiedad robada<\/li>\n<li>Robo de identidad<\/li>\n<li>Falsificaci\u00f3n<\/li>\n<\/ul>\n<p>Todos estos delitos est\u00e1n imputados como hurto en Nueva York. El tipo y el grado de los cargos que enfrentar\u00e1 depender\u00e1n de la naturaleza del delito, principalmente del valor de la propiedad robada.<\/p>\n<h2>\u00bfCu\u00e1l es la diferencia entre hurto menor y hurto mayor?<\/h2>\n<p>Los delitos de hurto se imputan como hurto menor o hurto mayor, seg\u00fan el valor de la propiedad robada. Si el valor de la propiedad es de $1,000 o menos, se considera hurto menor. Uno de los tipos m\u00e1s comunes de hurto menor es el hurto en tiendas. Los ladrones de tiendas generalmente solo toman lo que pueden llevar, que generalmente son $1,000 o menos en propiedades. Por esta raz\u00f3n, la mayor\u00eda de los ladrones de tiendas son acusados de hurto menor.<\/p>\n<p>Si el valor de la propiedad robada es superior a $1,000, es hurto mayor. Hay cuatro grados de delitos de hurto mayor. El grado de los cargos que enfrentar\u00e1 generalmente depender\u00e1 del valor de la propiedad robada. Si el valor de la propiedad robada es de m\u00e1s de $1,000 hasta $3,000, es hurto mayor de cuarto grado. Si el valor de la propiedad es m\u00e1s de $3,000 hasta $50,000, es hurto mayor de tercer grado. Si el valor de la propiedad es m\u00e1s de $50,000 hasta $1 mill\u00f3n, es hurto mayor de segundo grado. Un delito que involucra propiedad robada valorada en m\u00e1s de $1 mill\u00f3n es hurto mayor en primer grado.<\/p>\n<p>A veces, el grado de hurto mayor est\u00e1 determinado por el tipo de propiedad que se roba o c\u00f3mo se rob\u00f3 la propiedad en lugar del valor de la propiedad. Por ejemplo, si la propiedad se obtiene mediante extorsi\u00f3n, es un hurto mayor de segundo grado, independientemente del valor de la propiedad. Del mismo modo, si la propiedad es un cajero autom\u00e1tico, es un hurto mayor de tercer grado, independientemente del valor de la m\u00e1quina.<\/p>\n<h2>\u00bfCu\u00e1les son las sanciones por hurto en Long Island?<\/h2>\n<p>El hurto menor es un delito menor de clase A que se castiga con hasta un a\u00f1o de c\u00e1rcel o tres a\u00f1os de libertad condicional adem\u00e1s de hasta $1,000 en multas. Este es el \u00fanico delito de hurto que es un delito menor.<\/p>\n<p>El hurto mayor en cuarto grado es un delito grave de clase E, que puede conducir a un m\u00e1ximo de cuatro a\u00f1os de prisi\u00f3n. Las sanciones son a\u00fan m\u00e1s graves para los otros grados de hurto mayor. El hurto mayor en tercer grado puede dar lugar a siete a\u00f1os de prisi\u00f3n, y el hurto mayor en segundo grado conlleva un m\u00e1ximo de 15 a\u00f1os de prisi\u00f3n. El delito de hurto m\u00e1s grave, hurto mayor en primer grado, puede conllevar hasta 25 a\u00f1os de prisi\u00f3n.<\/p>\n<h2>\u00bfC\u00f3mo puede ayudar un abogado de hurto?<\/h2>\n<p>El estado debe cumplir con la carga de la prueba para condenarlo por hurto. El abogado Gianni Karmily se defender\u00e1 identificando las debilidades en el caso del estado y presentando evidencia para respaldar su caso. En algunos casos, tambi\u00e9n puede ser posible demostrar que no tuvo la intenci\u00f3n de cometer un robo y, por lo tanto, no deber\u00eda enfrentar cargos penales.<\/p>\n<p>Acuda al abogado de defensa criminal Gianni Karmily para luchar contra sus cargos de robo para que pueda proteger su libertad y su futuro. Cada caso es \u00fanico, por lo que la estrategia de defensa que se utilice depender\u00e1 de la naturaleza del caso, pero cada caso de robo es defendible con el abogado adecuado a su lado.<\/p>\n<h2>Comun\u00edquese con nuestro abogado h\u00e1bil en robos de Long Island para programar su evaluaci\u00f3n del caso<\/h2>\n<p>\u00bfHa sido acusado de cometer un delito de robo? Si es as\u00ed, busque representaci\u00f3n legal del abogado de hurto <a href=\"https:\/\/giannicriminallaw.com\/es\/\">Gianni Karmily<\/a> de inmediato. Gianni se enorgullece de ser la voz de los acusados. Trabaja incansablemente para ayudar a cada uno de sus clientes a luchar contra sus cargos y alcanzar el mejor resultado posible en su caso. Para programar una evaluaci\u00f3n confidencial de su caso con el Bufete de Abogados de Gianni Karmily, PLLC, llame a nuestra oficina de Great Neck al <a href=\"tel:5166303405\">(516) 630-3405<\/a> o a nuestra oficina de Hempstead al <a href=\"tel:5166144228\">(516) 614-4228<\/a>.<\/p>\n","protected":false},"excerpt":{"rendered":"<p>Abogado de robo que protege los derechos de los clientes en el condado de Nassau, Long Island En Nueva York, el t\u00e9rmino \u201churto\u201d se usa para describir varios delitos relacionados con el robo. Ser condenado por hurto puede da\u00f1ar su reputaci\u00f3n, afectar sus oportunidades de empleo y poner en peligro su libertad. Hay mucho en [&hellip;]<\/p>\n","protected":false},"author":3,"featured_media":0,"parent":0,"menu_order":0,"comment_status":"closed","ping_status":"closed","template":"","meta":{"_genesis_hide_title":false,"_genesis_hide_breadcrumbs":false,"_genesis_hide_singular_image":false,"_genesis_hide_footer_widgets":false,"_genesis_custom_body_class":"inner-page","_genesis_custom_post_class":"","_genesis_layout":"","footnotes":""},"class_list":{"0":"post-9139","1":"page","2":"type-page","3":"status-publish","5":"entry"},"yoast_head":"<!-- This site is optimized with the Yoast SEO plugin v27.4 - https:\/\/yoast.com\/product\/yoast-seo-wordpress\/ -->\n<title>Long Island Abogado de Delitos de Robo | Condado de Nassau | Bufete de Abogados de Gianni Karmily, PLLC<\/title>\n<meta name=\"description\" content=\"Busque la representaci\u00f3n legal del abogado de robos de Long Island, Gianni Karmily, tan pronto como sea posible. Llame ahora para discutir sus opciones legales.\" \/>\n<meta name=\"robots\" content=\"index, follow, max-snippet:-1, max-image-preview:large, max-video-preview:-1\" \/>\n<link rel=\"canonical\" href=\"https:\/\/giannicriminallaw.com\/es\/delitos-de-robo\/\" \/>\n<meta property=\"og:locale\" content=\"es_ES\" \/>\n<meta property=\"og:type\" content=\"article\" \/>\n<meta property=\"og:title\" content=\"Long Island Abogado de Delitos de Robo | Condado de Nassau | Bufete de Abogados de Gianni Karmily, PLLC\" \/>\n<meta property=\"og:description\" content=\"Busque la representaci\u00f3n legal del abogado de robos de Long Island, Gianni Karmily, tan pronto como sea posible. Llame ahora para discutir sus opciones legales.\" \/>\n<meta property=\"og:url\" content=\"https:\/\/giannicriminallaw.com\/es\/delitos-de-robo\/\" \/>\n<meta property=\"og:site_name\" content=\"Law Firm of Gianni Karmily PLLC\" \/>\n<meta property=\"article:publisher\" content=\"https:\/\/www.facebook.com\/Law-Firm-of-Gianni-Karmily-PLLC-111458240497656\/\" \/>\n<meta property=\"article:modified_time\" content=\"2026-02-12T19:55:02+00:00\" \/>\n<meta name=\"twitter:card\" content=\"summary_large_image\" \/>\n<meta name=\"twitter:site\" content=\"@LawGianni\" \/>\n<meta name=\"twitter:label1\" content=\"Tiempo de lectura\" \/>\n\t<meta name=\"twitter:data1\" content=\"4 minutos\" \/>\n<script type=\"application\/ld+json\" class=\"yoast-schema-graph\">{\"@context\":\"https:\\\/\\\/schema.org\",\"@graph\":[{\"@type\":\"WebPage\",\"@id\":\"https:\\\/\\\/giannicriminallaw.com\\\/es\\\/delitos-de-robo\\\/\",\"url\":\"https:\\\/\\\/giannicriminallaw.com\\\/es\\\/delitos-de-robo\\\/\",\"name\":\"Long Island Abogado de Delitos de Robo | Condado de Nassau | Bufete de Abogados de Gianni Karmily, PLLC\",\"isPartOf\":{\"@id\":\"https:\\\/\\\/giannicriminallaw.com\\\/#website\"},\"datePublished\":\"2020-02-27T10:24:00+00:00\",\"dateModified\":\"2026-02-12T19:55:02+00:00\",\"description\":\"Busque la representaci\u00f3n legal del abogado de robos de Long Island, Gianni Karmily, tan pronto como sea posible. Llame ahora para discutir sus opciones legales.\",\"breadcrumb\":{\"@id\":\"https:\\\/\\\/giannicriminallaw.com\\\/es\\\/delitos-de-robo\\\/#breadcrumb\"},\"inLanguage\":\"es\",\"potentialAction\":[{\"@type\":\"ReadAction\",\"target\":[\"https:\\\/\\\/giannicriminallaw.com\\\/es\\\/delitos-de-robo\\\/\"]}]},{\"@type\":\"BreadcrumbList\",\"@id\":\"https:\\\/\\\/giannicriminallaw.com\\\/es\\\/delitos-de-robo\\\/#breadcrumb\",\"itemListElement\":[{\"@type\":\"ListItem\",\"position\":1,\"name\":\"Home\",\"item\":\"https:\\\/\\\/giannicriminallaw.com\\\/es\\\/\"},{\"@type\":\"ListItem\",\"position\":2,\"name\":\"Delitos de Robo\"}]},{\"@type\":\"WebSite\",\"@id\":\"https:\\\/\\\/giannicriminallaw.com\\\/#website\",\"url\":\"https:\\\/\\\/giannicriminallaw.com\\\/\",\"name\":\"Law Firm of Gianni Karmily PLLC\",\"description\":\"\",\"publisher\":{\"@id\":\"https:\\\/\\\/giannicriminallaw.com\\\/#organization\"},\"potentialAction\":[{\"@type\":\"SearchAction\",\"target\":{\"@type\":\"EntryPoint\",\"urlTemplate\":\"https:\\\/\\\/giannicriminallaw.com\\\/?s={search_term_string}\"},\"query-input\":{\"@type\":\"PropertyValueSpecification\",\"valueRequired\":true,\"valueName\":\"search_term_string\"}}],\"inLanguage\":\"es\"},{\"@type\":\"Organization\",\"@id\":\"https:\\\/\\\/giannicriminallaw.com\\\/#organization\",\"name\":\"Law Firm of Gianni Karmily PLLC\",\"url\":\"https:\\\/\\\/giannicriminallaw.com\\\/\",\"logo\":{\"@type\":\"ImageObject\",\"inLanguage\":\"es\",\"@id\":\"https:\\\/\\\/giannicriminallaw.com\\\/#\\\/schema\\\/logo\\\/image\\\/\",\"url\":\"https:\\\/\\\/giannicriminallaw.com\\\/wp-content\\\/uploads\\\/2021\\\/03\\\/cropped-favicon.png\",\"contentUrl\":\"https:\\\/\\\/giannicriminallaw.com\\\/wp-content\\\/uploads\\\/2021\\\/03\\\/cropped-favicon.png\",\"width\":512,\"height\":512,\"caption\":\"Law Firm of Gianni Karmily PLLC\"},\"image\":{\"@id\":\"https:\\\/\\\/giannicriminallaw.com\\\/#\\\/schema\\\/logo\\\/image\\\/\"},\"sameAs\":[\"https:\\\/\\\/www.facebook.com\\\/Law-Firm-of-Gianni-Karmily-PLLC-111458240497656\\\/\",\"https:\\\/\\\/x.com\\\/LawGianni\"]}]}<\/script>\n<!-- \/ Yoast SEO plugin. -->","yoast_head_json":{"title":"Long Island Abogado de Delitos de Robo | Condado de Nassau | Bufete de Abogados de Gianni Karmily, PLLC","description":"Busque la representaci\u00f3n legal del abogado de robos de Long Island, Gianni Karmily, tan pronto como sea posible. Llame ahora para discutir sus opciones legales.","robots":{"index":"index","follow":"follow","max-snippet":"max-snippet:-1","max-image-preview":"max-image-preview:large","max-video-preview":"max-video-preview:-1"},"canonical":"https:\/\/giannicriminallaw.com\/es\/delitos-de-robo\/","og_locale":"es_ES","og_type":"article","og_title":"Long Island Abogado de Delitos de Robo | Condado de Nassau | Bufete de Abogados de Gianni Karmily, PLLC","og_description":"Busque la representaci\u00f3n legal del abogado de robos de Long Island, Gianni Karmily, tan pronto como sea posible. Llame ahora para discutir sus opciones legales.","og_url":"https:\/\/giannicriminallaw.com\/es\/delitos-de-robo\/","og_site_name":"Law Firm of Gianni Karmily PLLC","article_publisher":"https:\/\/www.facebook.com\/Law-Firm-of-Gianni-Karmily-PLLC-111458240497656\/","article_modified_time":"2026-02-12T19:55:02+00:00","twitter_card":"summary_large_image","twitter_site":"@LawGianni","twitter_misc":{"Tiempo de lectura":"4 minutos"},"schema":{"@context":"https:\/\/schema.org","@graph":[{"@type":"WebPage","@id":"https:\/\/giannicriminallaw.com\/es\/delitos-de-robo\/","url":"https:\/\/giannicriminallaw.com\/es\/delitos-de-robo\/","name":"Long Island Abogado de Delitos de Robo | Condado de Nassau | Bufete de Abogados de Gianni Karmily, PLLC","isPartOf":{"@id":"https:\/\/giannicriminallaw.com\/#website"},"datePublished":"2020-02-27T10:24:00+00:00","dateModified":"2026-02-12T19:55:02+00:00","description":"Busque la representaci\u00f3n legal del abogado de robos de Long Island, Gianni Karmily, tan pronto como sea posible. Llame ahora para discutir sus opciones legales.","breadcrumb":{"@id":"https:\/\/giannicriminallaw.com\/es\/delitos-de-robo\/#breadcrumb"},"inLanguage":"es","potentialAction":[{"@type":"ReadAction","target":["https:\/\/giannicriminallaw.com\/es\/delitos-de-robo\/"]}]},{"@type":"BreadcrumbList","@id":"https:\/\/giannicriminallaw.com\/es\/delitos-de-robo\/#breadcrumb","itemListElement":[{"@type":"ListItem","position":1,"name":"Home","item":"https:\/\/giannicriminallaw.com\/es\/"},{"@type":"ListItem","position":2,"name":"Delitos de Robo"}]},{"@type":"WebSite","@id":"https:\/\/giannicriminallaw.com\/#website","url":"https:\/\/giannicriminallaw.com\/","name":"Law Firm of Gianni Karmily PLLC","description":"","publisher":{"@id":"https:\/\/giannicriminallaw.com\/#organization"},"potentialAction":[{"@type":"SearchAction","target":{"@type":"EntryPoint","urlTemplate":"https:\/\/giannicriminallaw.com\/?s={search_term_string}"},"query-input":{"@type":"PropertyValueSpecification","valueRequired":true,"valueName":"search_term_string"}}],"inLanguage":"es"},{"@type":"Organization","@id":"https:\/\/giannicriminallaw.com\/#organization","name":"Law Firm of Gianni Karmily PLLC","url":"https:\/\/giannicriminallaw.com\/","logo":{"@type":"ImageObject","inLanguage":"es","@id":"https:\/\/giannicriminallaw.com\/#\/schema\/logo\/image\/","url":"https:\/\/giannicriminallaw.com\/wp-content\/uploads\/2021\/03\/cropped-favicon.png","contentUrl":"https:\/\/giannicriminallaw.com\/wp-content\/uploads\/2021\/03\/cropped-favicon.png","width":512,"height":512,"caption":"Law Firm of Gianni Karmily PLLC"},"image":{"@id":"https:\/\/giannicriminallaw.com\/#\/schema\/logo\/image\/"},"sameAs":["https:\/\/www.facebook.com\/Law-Firm-of-Gianni-Karmily-PLLC-111458240497656\/","https:\/\/x.com\/LawGianni"]}]}},"_links":{"self":[{"href":"https:\/\/giannicriminallaw.com\/es\/wp-json\/wp\/v2\/pages\/9139","targetHints":{"allow":["GET"]}}],"collection":[{"href":"https:\/\/giannicriminallaw.com\/es\/wp-json\/wp\/v2\/pages"}],"about":[{"href":"https:\/\/giannicriminallaw.com\/es\/wp-json\/wp\/v2\/types\/page"}],"author":[{"embeddable":true,"href":"https:\/\/giannicriminallaw.com\/es\/wp-json\/wp\/v2\/users\/3"}],"replies":[{"embeddable":true,"href":"https:\/\/giannicriminallaw.com\/es\/wp-json\/wp\/v2\/comments?post=9139"}],"version-history":[{"count":0,"href":"https:\/\/giannicriminallaw.com\/es\/wp-json\/wp\/v2\/pages\/9139\/revisions"}],"wp:attachment":[{"href":"https:\/\/giannicriminallaw.com\/es\/wp-json\/wp\/v2\/media?parent=9139"}],"curies":[{"name":"wp","href":"https:\/\/api.w.org\/{rel}","templated":true}]}}