{"id":9137,"date":"2020-02-27T10:19:21","date_gmt":"2020-02-27T10:19:21","guid":{"rendered":"https:\/\/giannikarmily.wpenginepowered.com\/violaciones-de-libertad-condicional-y-libertad-condicional\/"},"modified":"2025-12-17T15:36:44","modified_gmt":"2025-12-17T15:36:44","slug":"violaciones-de-probatoria","status":"publish","type":"page","link":"https:\/\/giannicriminallaw.com\/es\/violaciones-de-probatoria\/","title":{"rendered":"VIOLACIONES DE PROBATORIA"},"content":{"rendered":"<h1>Abogado de Long Island que defiende a clientes acusados de <strong>VIOLACIONES DE PROBATORIA<\/strong> en el condado de Nassau<\/h1>\n<p><iframe src=\"https:\/\/www.youtube.com\/embed\/phD-SyqnFNA\" width=\"587\" height=\"330\" frameborder=\"0\" allowfullscreen=\"allowfullscreen\"><\/iframe><\/p>\n<p>La probatoria y la probatoria son alternativas al encarcelamiento. Sin embargo, la probatoria se cumple en lugar del encarcelamiento y la probatoria se cumple despu\u00e9s de que se le haya otorgado al infractor una liberaci\u00f3n anticipada de la prisi\u00f3n.<\/p>\n<p>Ser sentenciado a probatoria o puesto en probatoria anticipadamente es un privilegio, no un derecho. Si viola los t\u00e9rminos y condiciones de su probatoria o probatoria, podr\u00eda perder este privilegio. Si lo acusan de violar la probatoria o la probatoria, discuta sus opciones legales con el abogado de violaci\u00f3n de la probatoria Gianni Karmily de inmediato.<\/p>\n<h2>\u00bfCu\u00e1les son los t\u00e9rminos y condiciones de la PROBATORIA y la PROBATORIA en Long Island?<\/h2>\n<p>Hay ciertas reglas que los delincuentes deben seguir cuando est\u00e1n en probatoria o bajo palabra. Los t\u00e9rminos y condiciones de la probatoria y la probatoria variar\u00e1n seg\u00fan el caso, pero algunos ejemplos son:<\/p>\n<ul>\n<li>Reportarse regularmente a un oficial de probatoria o probatoria<\/li>\n<li>No participar en actividades delictivas<\/li>\n<li>Aceptar realizar pruebas aleatorias de drogas<\/li>\n<li>Mantenerse empleado<\/li>\n<li>No poseer armas ni armas de fuego<\/li>\n<li>Permanecer dentro de un \u00e1rea geogr\u00e1fica determinada a menos que se le d\u00e9 permiso para salir<\/li>\n<\/ul>\n<p>Debe seguir los t\u00e9rminos y condiciones de su <a href=\"\/es\/que-puede-pasar-si-viola-su-libertad-condicional-en-long-island\/\">probatoria o probatoria<\/a>. Si viola alguna de las reglas, podr\u00eda enfrentar graves consecuencias.<\/p>\n<h2>\u00bfCu\u00e1les son los tipos de violaciones de la PROBATORIA ?<\/h2>\n<p>Hay dos tipos principales de violaciones de la probatoria: violaciones sustantivas y t\u00e9cnicas. El primero se refiere a violaciones graves, como ser acusado de un delito mientras se encuentra en probatoria. Este \u00faltimo se refiere a infracciones relacionadas con el incumplimiento de ciertas reglas administrativas, como presentarse peri\u00f3dicamente ante un oficial de probatoria.<\/p>\n<p>Las infracciones t\u00e9cnicas pueden no parecer tan significativas como las infracciones sustantivas, pero ambas pueden tener las mismas consecuencias.<\/p>\n<h2>\u00bfQu\u00e9 sucede si viola la PROBATORIA en Long Island?<\/h2>\n<p>Si su oficial de probatoria cree que ha violado la probatoria, lo notificar\u00e1 de inmediato a la corte. El juez que preside el caso emitir\u00e1 una orden de arresto contra usted. Ser\u00e1 detenido y se programar\u00e1 una audiencia de violaci\u00f3n de probatoria (VOP).<\/p>\n<p>Ambas partes tendr\u00e1n la oportunidad de presentar su caso en una audiencia de VOP. Este no es un juicio con jurado. En cambio, el caso ser\u00e1 presentado al juez. Su abogado puede argumentar que usted no viol\u00f3 los t\u00e9rminos de su probatoria, mientras que el estado puede presentar pruebas que demuestren que s\u00ed lo hizo.<\/p>\n<p>Hay tres resultados posibles para esta audiencia, que son:<\/p>\n<ul>\n<li>Revocaci\u00f3n: el juez puede revocar su probatoria, lo que significa que podr\u00eda ser sentenciado a las penas que habr\u00eda enfrentado por su condena si no hubiera sido sentenciado a probatoria. Si pudiera haber sido sentenciado a prisi\u00f3n en lugar de probatoria, el juez podr\u00eda revocar su probatoria y enviarlo a prisi\u00f3n.<\/li>\n<li>Continuaci\u00f3n: si lo declaran no culpable, el juez le indicar\u00e1 que contin\u00fae cumpliendo su probatoria bajo los mismos t\u00e9rminos y condiciones.<\/li>\n<li>Modificaci\u00f3n: si lo declaran culpable, el juez puede decidir modificar los t\u00e9rminos y condiciones de su probatoria en lugar de revocarla por completo. Podr\u00eda tener que cumplir con restricciones adicionales o una extensi\u00f3n de su probatoria.<\/li>\n<\/ul>\n<p>No asista a una audiencia de VOP sin un abogado a su lado. Su libertad est\u00e1 en juego: deje que Gianni Karmily la proteja agresivamente durante esta audiencia.<\/p>\n<h2>\u00bfQu\u00e9 sucede si viola la probatoria?<\/h2>\n<p>Si viola los t\u00e9rminos de la probatoria, se emitir\u00e1 una orden de arresto contra usted. Luego, se programar\u00e1 una audiencia preliminar dentro de los 15 d\u00edas posteriores a la fecha en que se emiti\u00f3 la orden de arresto. El prop\u00f3sito de esta audiencia no es determinar si ocurri\u00f3 o no una violaci\u00f3n. En cambio, el prop\u00f3sito es determinar si el estado tiene o no una causa probable para creer que se ha producido una violaci\u00f3n. Si no hay causa probable, el caso ser\u00e1 desestimado. Pero si existe una causa probable, se programar\u00e1 una audiencia frente a un funcionario de audiencias.<\/p>\n<p>Durante esta audiencia final, el oficial revisar\u00e1 las pruebas presentadas por ambas partes. Si el oficial cree que la persona en probatoria ha cometido una violaci\u00f3n, puede decidir revocar su probatoria y enviarlo de regreso a prisi\u00f3n.<\/p>\n<p>El abogado Gianni Karmily puede representarlo durante ambas audiencias de violaci\u00f3n de probatoria para garantizar que sus derechos est\u00e9n protegidos. Si el oficial falla en tu contra, Gianni puede apelar la decisi\u00f3n y seguir luchando por tu libertad.<\/p>\n<h2>\u00bfCu\u00e1l es la diferencia entre las \u00f3rdenes de arresto y las \u00f3rdenes de arresto?<\/h2>\n<p>El tribunal puede emitir dos tipos diferentes de \u00f3rdenes de arresto: de banco y de arresto. El primero se emite si no comparece ante el tribunal o no responde a una orden judicial. Por ejemplo, si no se presenta en la corte para una audiencia en su caso penal, el juez puede emitir una orden de arresto. Si se emite una orden de arresto con su nombre, los agentes de la ley pueden arrestarlo en cualquier momento. Por ejemplo, si un polic\u00eda lo detiene por exceso de velocidad, el oficial puede ver que hay una orden de arresto emitida para usted y lo detiene.<\/p>\n<p>Una orden de arresto, por otro lado, se emite cuando existe una causa probable para creer que ha cometido un delito penal. Un juez solo emitir\u00e1 este tipo de orden si cree que existe una causa probable basada en pruebas tales como declaraciones de testigos o pruebas forenses.<\/p>\n<p>Puede ser detenido si hay una orden judicial o de arresto emitida para usted. Pero la diferencia es que no se le acusa de cometer un delito si aparece en una orden de arresto.<\/p>\n<h2>Llame ahora para programar una evaluaci\u00f3n del caso con nuestra agencia de probatoria &amp; Abogado de violaci\u00f3n de probatoria hoy<\/h2>\n<p>\u00bfHa sido acusado de violar los t\u00e9rminos de su probatoria o probatoria? \u00bfSe ha emitido una orden judicial o de arresto con su nombre? Si es as\u00ed, le conviene buscar representaci\u00f3n legal del <a href=\"https:\/\/giannicriminallaw.com\/es\/\">abogado de defensa criminal Gianni Karmily<\/a> de inmediato. Gianni se enorgullece de servir como la voz de los acusados en Long Island. Perm\u00edtale trabajar incansablemente para limpiar su nombre y asegurar su libertad. Para programar una evaluaci\u00f3n confidencial de su caso con el Bufete de Abogados de Gianni Karmily, PLLC, llame a nuestra oficina de Great Neck al <a href=\"tel:5166303405\">(516) 630-3405<\/a> o a nuestra oficina de Hempstead al <a href=\"tel:5166144228\">(516) 614-4228<\/a>.<\/p>\n","protected":false},"excerpt":{"rendered":"<p>Abogado de Long Island que defiende a clientes acusados de VIOLACIONES DE PROBATORIA en el condado de Nassau La probatoria y la probatoria son alternativas al encarcelamiento. Sin embargo, la probatoria se cumple en lugar del encarcelamiento y la probatoria se cumple despu\u00e9s de que se le haya otorgado al infractor una liberaci\u00f3n anticipada de [&hellip;]<\/p>\n","protected":false},"author":3,"featured_media":0,"parent":0,"menu_order":0,"comment_status":"closed","ping_status":"closed","template":"","meta":{"_genesis_hide_title":false,"_genesis_hide_breadcrumbs":false,"_genesis_hide_singular_image":false,"_genesis_hide_footer_widgets":false,"_genesis_custom_body_class":"inner-page","_genesis_custom_post_class":"","_genesis_layout":"","footnotes":""},"class_list":{"0":"post-9137","1":"page","2":"type-page","3":"status-publish","5":"entry"},"yoast_head":"<!-- This site is optimized with the Yoast SEO plugin v27.3 - https:\/\/yoast.com\/product\/yoast-seo-wordpress\/ -->\n<title>Long Island Abogado de Violaciones de Probatoria | Condado de Nassau | Bufete de Abogados de Gianni Karmily, PLLC<\/title>\n<meta name=\"description\" content=\"\u00bfHa sido acusado de violar la PROBATORIA? Comun\u00edquese con el abogado de defensa criminal de Long Island, Gianni Karmily, lo antes posible.\" \/>\n<meta name=\"robots\" content=\"index, follow, max-snippet:-1, max-image-preview:large, max-video-preview:-1\" \/>\n<link rel=\"canonical\" href=\"https:\/\/giannicriminallaw.com\/es\/violaciones-de-probatoria\/\" \/>\n<meta property=\"og:locale\" content=\"es_ES\" \/>\n<meta property=\"og:type\" content=\"article\" \/>\n<meta property=\"og:title\" content=\"Long Island Abogado de Violaciones de Probatoria | Condado de Nassau | Bufete de Abogados de Gianni Karmily, PLLC\" \/>\n<meta property=\"og:description\" content=\"\u00bfHa sido acusado de violar la PROBATORIA? Comun\u00edquese con el abogado de defensa criminal de Long Island, Gianni Karmily, lo antes posible.\" \/>\n<meta property=\"og:url\" content=\"https:\/\/giannicriminallaw.com\/es\/violaciones-de-probatoria\/\" \/>\n<meta property=\"og:site_name\" content=\"Law Firm of Gianni Karmily PLLC\" \/>\n<meta property=\"article:publisher\" content=\"https:\/\/www.facebook.com\/Law-Firm-of-Gianni-Karmily-PLLC-111458240497656\/\" \/>\n<meta property=\"article:modified_time\" content=\"2025-12-17T15:36:44+00:00\" \/>\n<meta name=\"twitter:card\" content=\"summary_large_image\" \/>\n<meta name=\"twitter:site\" content=\"@LawGianni\" \/>\n<meta name=\"twitter:label1\" content=\"Tiempo de lectura\" \/>\n\t<meta name=\"twitter:data1\" content=\"5 minutos\" \/>\n<script type=\"application\/ld+json\" class=\"yoast-schema-graph\">{\"@context\":\"https:\\\/\\\/schema.org\",\"@graph\":[{\"@type\":\"WebPage\",\"@id\":\"https:\\\/\\\/giannicriminallaw.com\\\/es\\\/violaciones-de-probatoria\\\/\",\"url\":\"https:\\\/\\\/giannicriminallaw.com\\\/es\\\/violaciones-de-probatoria\\\/\",\"name\":\"Long Island Abogado de Violaciones de Probatoria | Condado de Nassau | Bufete de Abogados de Gianni Karmily, PLLC\",\"isPartOf\":{\"@id\":\"https:\\\/\\\/giannicriminallaw.com\\\/#website\"},\"datePublished\":\"2020-02-27T10:19:21+00:00\",\"dateModified\":\"2025-12-17T15:36:44+00:00\",\"description\":\"\u00bfHa sido acusado de violar la PROBATORIA? Comun\u00edquese con el abogado de defensa criminal de Long Island, Gianni Karmily, lo antes posible.\",\"breadcrumb\":{\"@id\":\"https:\\\/\\\/giannicriminallaw.com\\\/es\\\/violaciones-de-probatoria\\\/#breadcrumb\"},\"inLanguage\":\"es\",\"potentialAction\":[{\"@type\":\"ReadAction\",\"target\":[\"https:\\\/\\\/giannicriminallaw.com\\\/es\\\/violaciones-de-probatoria\\\/\"]}]},{\"@type\":\"BreadcrumbList\",\"@id\":\"https:\\\/\\\/giannicriminallaw.com\\\/es\\\/violaciones-de-probatoria\\\/#breadcrumb\",\"itemListElement\":[{\"@type\":\"ListItem\",\"position\":1,\"name\":\"Home\",\"item\":\"https:\\\/\\\/giannicriminallaw.com\\\/es\\\/\"},{\"@type\":\"ListItem\",\"position\":2,\"name\":\"VIOLACIONES DE PROBATORIA\"}]},{\"@type\":\"WebSite\",\"@id\":\"https:\\\/\\\/giannicriminallaw.com\\\/#website\",\"url\":\"https:\\\/\\\/giannicriminallaw.com\\\/\",\"name\":\"Law Firm of Gianni Karmily PLLC\",\"description\":\"\",\"publisher\":{\"@id\":\"https:\\\/\\\/giannicriminallaw.com\\\/#organization\"},\"potentialAction\":[{\"@type\":\"SearchAction\",\"target\":{\"@type\":\"EntryPoint\",\"urlTemplate\":\"https:\\\/\\\/giannicriminallaw.com\\\/?s={search_term_string}\"},\"query-input\":{\"@type\":\"PropertyValueSpecification\",\"valueRequired\":true,\"valueName\":\"search_term_string\"}}],\"inLanguage\":\"es\"},{\"@type\":\"Organization\",\"@id\":\"https:\\\/\\\/giannicriminallaw.com\\\/#organization\",\"name\":\"Law Firm of Gianni Karmily PLLC\",\"url\":\"https:\\\/\\\/giannicriminallaw.com\\\/\",\"logo\":{\"@type\":\"ImageObject\",\"inLanguage\":\"es\",\"@id\":\"https:\\\/\\\/giannicriminallaw.com\\\/#\\\/schema\\\/logo\\\/image\\\/\",\"url\":\"https:\\\/\\\/giannicriminallaw.com\\\/wp-content\\\/uploads\\\/2021\\\/03\\\/cropped-favicon.png\",\"contentUrl\":\"https:\\\/\\\/giannicriminallaw.com\\\/wp-content\\\/uploads\\\/2021\\\/03\\\/cropped-favicon.png\",\"width\":512,\"height\":512,\"caption\":\"Law Firm of Gianni Karmily PLLC\"},\"image\":{\"@id\":\"https:\\\/\\\/giannicriminallaw.com\\\/#\\\/schema\\\/logo\\\/image\\\/\"},\"sameAs\":[\"https:\\\/\\\/www.facebook.com\\\/Law-Firm-of-Gianni-Karmily-PLLC-111458240497656\\\/\",\"https:\\\/\\\/x.com\\\/LawGianni\"]}]}<\/script>\n<!-- \/ Yoast SEO plugin. -->","yoast_head_json":{"title":"Long Island Abogado de Violaciones de Probatoria | Condado de Nassau | Bufete de Abogados de Gianni Karmily, PLLC","description":"\u00bfHa sido acusado de violar la PROBATORIA? Comun\u00edquese con el abogado de defensa criminal de Long Island, Gianni Karmily, lo antes posible.","robots":{"index":"index","follow":"follow","max-snippet":"max-snippet:-1","max-image-preview":"max-image-preview:large","max-video-preview":"max-video-preview:-1"},"canonical":"https:\/\/giannicriminallaw.com\/es\/violaciones-de-probatoria\/","og_locale":"es_ES","og_type":"article","og_title":"Long Island Abogado de Violaciones de Probatoria | Condado de Nassau | Bufete de Abogados de Gianni Karmily, PLLC","og_description":"\u00bfHa sido acusado de violar la PROBATORIA? Comun\u00edquese con el abogado de defensa criminal de Long Island, Gianni Karmily, lo antes posible.","og_url":"https:\/\/giannicriminallaw.com\/es\/violaciones-de-probatoria\/","og_site_name":"Law Firm of Gianni Karmily PLLC","article_publisher":"https:\/\/www.facebook.com\/Law-Firm-of-Gianni-Karmily-PLLC-111458240497656\/","article_modified_time":"2025-12-17T15:36:44+00:00","twitter_card":"summary_large_image","twitter_site":"@LawGianni","twitter_misc":{"Tiempo de lectura":"5 minutos"},"schema":{"@context":"https:\/\/schema.org","@graph":[{"@type":"WebPage","@id":"https:\/\/giannicriminallaw.com\/es\/violaciones-de-probatoria\/","url":"https:\/\/giannicriminallaw.com\/es\/violaciones-de-probatoria\/","name":"Long Island Abogado de Violaciones de Probatoria | Condado de Nassau | Bufete de Abogados de Gianni Karmily, PLLC","isPartOf":{"@id":"https:\/\/giannicriminallaw.com\/#website"},"datePublished":"2020-02-27T10:19:21+00:00","dateModified":"2025-12-17T15:36:44+00:00","description":"\u00bfHa sido acusado de violar la PROBATORIA? Comun\u00edquese con el abogado de defensa criminal de Long Island, Gianni Karmily, lo antes posible.","breadcrumb":{"@id":"https:\/\/giannicriminallaw.com\/es\/violaciones-de-probatoria\/#breadcrumb"},"inLanguage":"es","potentialAction":[{"@type":"ReadAction","target":["https:\/\/giannicriminallaw.com\/es\/violaciones-de-probatoria\/"]}]},{"@type":"BreadcrumbList","@id":"https:\/\/giannicriminallaw.com\/es\/violaciones-de-probatoria\/#breadcrumb","itemListElement":[{"@type":"ListItem","position":1,"name":"Home","item":"https:\/\/giannicriminallaw.com\/es\/"},{"@type":"ListItem","position":2,"name":"VIOLACIONES DE PROBATORIA"}]},{"@type":"WebSite","@id":"https:\/\/giannicriminallaw.com\/#website","url":"https:\/\/giannicriminallaw.com\/","name":"Law Firm of Gianni Karmily PLLC","description":"","publisher":{"@id":"https:\/\/giannicriminallaw.com\/#organization"},"potentialAction":[{"@type":"SearchAction","target":{"@type":"EntryPoint","urlTemplate":"https:\/\/giannicriminallaw.com\/?s={search_term_string}"},"query-input":{"@type":"PropertyValueSpecification","valueRequired":true,"valueName":"search_term_string"}}],"inLanguage":"es"},{"@type":"Organization","@id":"https:\/\/giannicriminallaw.com\/#organization","name":"Law Firm of Gianni Karmily PLLC","url":"https:\/\/giannicriminallaw.com\/","logo":{"@type":"ImageObject","inLanguage":"es","@id":"https:\/\/giannicriminallaw.com\/#\/schema\/logo\/image\/","url":"https:\/\/giannicriminallaw.com\/wp-content\/uploads\/2021\/03\/cropped-favicon.png","contentUrl":"https:\/\/giannicriminallaw.com\/wp-content\/uploads\/2021\/03\/cropped-favicon.png","width":512,"height":512,"caption":"Law Firm of Gianni Karmily PLLC"},"image":{"@id":"https:\/\/giannicriminallaw.com\/#\/schema\/logo\/image\/"},"sameAs":["https:\/\/www.facebook.com\/Law-Firm-of-Gianni-Karmily-PLLC-111458240497656\/","https:\/\/x.com\/LawGianni"]}]}},"_links":{"self":[{"href":"https:\/\/giannicriminallaw.com\/es\/wp-json\/wp\/v2\/pages\/9137","targetHints":{"allow":["GET"]}}],"collection":[{"href":"https:\/\/giannicriminallaw.com\/es\/wp-json\/wp\/v2\/pages"}],"about":[{"href":"https:\/\/giannicriminallaw.com\/es\/wp-json\/wp\/v2\/types\/page"}],"author":[{"embeddable":true,"href":"https:\/\/giannicriminallaw.com\/es\/wp-json\/wp\/v2\/users\/3"}],"replies":[{"embeddable":true,"href":"https:\/\/giannicriminallaw.com\/es\/wp-json\/wp\/v2\/comments?post=9137"}],"version-history":[{"count":0,"href":"https:\/\/giannicriminallaw.com\/es\/wp-json\/wp\/v2\/pages\/9137\/revisions"}],"wp:attachment":[{"href":"https:\/\/giannicriminallaw.com\/es\/wp-json\/wp\/v2\/media?parent=9137"}],"curies":[{"name":"wp","href":"https:\/\/api.w.org\/{rel}","templated":true}]}}