{"id":9136,"date":"2020-02-27T09:56:22","date_gmt":"2020-02-27T09:56:22","guid":{"rendered":"https:\/\/giannikarmily.wpenginepowered.com\/licencia-suspendida\/"},"modified":"2026-02-05T20:15:26","modified_gmt":"2026-02-05T20:15:26","slug":"auo-license-suspendida","status":"publish","type":"page","link":"https:\/\/giannicriminallaw.com\/es\/auo-license-suspendida\/","title":{"rendered":"AUO LICENCIA SUSPENDIDA"},"content":{"rendered":"<h1>Abogado de (AUO) Licencia Suspendida en Long Island<\/h1>\n<p><iframe src=\"https:\/\/www.youtube.com\/embed\/Lz0j_YbKo_o\" width=\"587\" height=\"330\" frameborder=\"0\" allowfullscreen=\"allowfullscreen\"><\/iframe><\/p>\n<p>Es un privilegio, no un derecho, conducir en el estado de Nueva York. Si se suspenden o revocan sus privilegios, es ilegal operar un veh\u00edculo motorizado hasta que se hayan restablecido. El incumplimiento de esta ley podr\u00eda dar lugar a cargos y sanciones penales graves.<\/p>\n<p>Si se le acusa de operar un veh\u00edculo motorizado con una licencia o registro suspendido o revocado, busque representaci\u00f3n legal del <a href=\"https:\/\/giannicriminallaw.com\/es\/\">abogado Gianni Karmily<\/a> experimentado de AUO de inmediato.<\/p>\n<h2>\u00bfCu\u00e1ndo se puede suspender o revocar su licencia de conducir en Long Island?<\/h2>\n<p>Existen varias razones por las que su licencia de conducir puede ser suspendida o revocada en el estado de Nueva York, entre ellas:<\/p>\n<ul>\n<li>No cumpli\u00f3 con los requisitos m\u00ednimos estatales de cobertura de seguro de responsabilidad civil para autom\u00f3viles.<\/li>\n<li>Fue condenado por conducir bajo la influencia del alcohol o las drogas.<\/li>\n<li>Ha acumulado 11 o m\u00e1s puntos en su historial de manejo en un per\u00edodo de 24 meses.<\/li>\n<li>No pag\u00f3 las multas de tr\u00e1fico ni respondi\u00f3 a las multas de tr\u00e1fico.<\/li>\n<li>No pag\u00f3 los impuestos estatales.<\/li>\n<li>No pag\u00f3 la manutenci\u00f3n de los hijos.<\/li>\n<li>No cumpli\u00f3 con su obligaci\u00f3n de presentar un informe por un accidente.<\/li>\n<li>Hiciste declaraciones falsas al solicitar una licencia o registro.<\/li>\n<\/ul>\n<p>Estas son algunas de las muchas formas en que sus privilegios de conducir podr\u00edan suspenderse o revocarse. La duraci\u00f3n de la suspensi\u00f3n o revocaci\u00f3n variar\u00e1 dependiendo de la naturaleza de la ofensa. Por ejemplo, si su licencia es suspendida por no pagar multas de tr\u00e1nsito, el pago de estas multas podr\u00eda eliminar la suspensi\u00f3n. Pero si su licencia es suspendida por una condena por DWI, permanecer\u00e1 suspendida por un per\u00edodo de tiempo espec\u00edfico.<\/p>\n<h2>\u00bfQu\u00e9 es Scofflaw?<\/h2>\n<p>En Nueva York, los conductores que no se presenten en respuesta a una citaci\u00f3n de tr\u00e1nsito o paguen una multa impuesta por la corte enfrentar\u00e1n la suspensi\u00f3n de la licencia de conducir. Para restablecer sus privilegios de conducir, debe pagar una tarifa de \u00abScofflaw\u00bb de $70 adem\u00e1s de las multas adeudadas a la corte.<\/p>\n<h2>\u00bfQu\u00e9 es la operaci\u00f3n sin licencia agravada (AUO)?<\/h2>\n<p><em><strong>Seg\u00fan la nueva legislaci\u00f3n, cualquier condena por conducci\u00f3n sin licencia agravada (AUO) resultar\u00e1 en la imposici\u00f3n de 11 puntos en su licencia de conducir en el estado de Nueva York.<\/strong><\/em><\/p>\n<p>Hay tres grados de delitos de <a href=\"https:\/\/giannicriminallaw.com\/es\/auo-conducir-con-una-licencia-suspendida\/\">operaci\u00f3n agravada sin licencia (AUO)<\/a>. AUO de tercer grado es el delito de operar un veh\u00edculo de motor con una licencia de conducir suspendida o revocada. Este es un delito menor que se castiga con hasta $500 en multas y 30 d\u00edas de c\u00e1rcel.<\/p>\n<p>Este delito se convierte en AUO de segundo grado si se cumple alguna de las siguientes condiciones:<\/p>\n<ul>\n<li>El acusado tiene otra condena por AUO en su registro de los \u00faltimos 18 meses.<\/li>\n<li>La licencia del acusado fue suspendida o revocada debido a un delito de manejo relacionado con drogas o alcohol, como DWI o DWAI.<\/li>\n<li>La licencia del acusado fue suspendida en espera del resultado de su caso penal relacionado con el alcohol.<\/li>\n<li>La licencia del acusado ha sido suspendida al menos tres veces.<\/li>\n<\/ul>\n<p>La AUO de segundo grado es un delito menor que se castiga con al menos $500 en multas y hasta 180 d\u00edas de c\u00e1rcel.<\/p>\n<p>La AUO de primer grado ocurre cuando alguien opera un veh\u00edculo motorizado con una licencia suspendida o revocada y tambi\u00e9n cumple con una de las siguientes condiciones:<\/p>\n<ul>\n<li>El acusado estaba bajo la influencia del alcohol o las drogas en el momento del delito AUO.<\/li>\n<li>La licencia del acusado ha sido suspendida al menos 10 veces.<\/li>\n<li>La licencia del acusado ha sido revocada permanentemente por rechazar una prueba qu\u00edmica o cometer un delito de manejo relacionado con drogas o alcohol.<\/li>\n<\/ul>\n<p>La AUO de primer grado es un delito grave de clase E, que conlleva un m\u00e1ximo de cuatro a\u00f1os de prisi\u00f3n adem\u00e1s de $5,000 en multas.<\/p>\n<h2>\u00bfPuede enfrentar cargos por conducir con un registro suspendido?<\/h2>\n<p>Su licencia no es lo \u00fanico que puede suspenderse o revocarse: su registro tambi\u00e9n puede suspenderse o revocarse. Si opera un veh\u00edculo motorizado mientras el certificado de registro est\u00e1 suspendido o revocado, podr\u00eda enfrentar cargos por un delito menor. Una condena puede generar hasta $100 en multas y 30 d\u00edas de c\u00e1rcel para los infractores por primera vez. Si es condenado por este delito dos veces en un per\u00edodo de 18 meses, las sanciones aumentan hasta $200 en multas y 90 d\u00edas de c\u00e1rcel. Si vuelve a cometer este delito, las penas se incrementan nuevamente hasta $500 en multas y 180 d\u00edas de c\u00e1rcel.<\/p>\n<h2>Programe una evaluaci\u00f3n de caso con nuestro abogado defensor de AUO en Long Island hoy<\/h2>\n<p>\u00bfHa sido acusado de operar un veh\u00edculo motorizado con una licencia o registro suspendido? No cometa el error de suponer que se trata de una mera infracci\u00f3n de tr\u00e1fico, es un delito penal. Si enfrenta estos cargos, comun\u00edquese con Law Firm of Gianni Karmily, PLLC para analizar sus opciones legales lo antes posible. Gianni es un abogado calificado de AUO que ha ayudado a innumerables clientes a vencer sus cargos para proteger su libertad. Para programar una evaluaci\u00f3n confidencial de su caso con el Bufete de Abogados de Gianni Karmily, PLLC, llame a nuestra oficina de Great Neck al <a href=\"tel:5166303405\" target=\"_blank\" rel=\"noopener noreferrer\">(516) 630-3405<\/a> o a nuestra oficina de Hempstead al <a href=\"tel:5166144228\" target=\"_blank\" rel=\"noopener noreferrer\">(516) 614-4228<\/a>.<\/p>\n","protected":false},"excerpt":{"rendered":"<p>Abogado de (AUO) Licencia Suspendida en Long Island Es un privilegio, no un derecho, conducir en el estado de Nueva York. Si se suspenden o revocan sus privilegios, es ilegal operar un veh\u00edculo motorizado hasta que se hayan restablecido. El incumplimiento de esta ley podr\u00eda dar lugar a cargos y sanciones penales graves. Si se [&hellip;]<\/p>\n","protected":false},"author":3,"featured_media":0,"parent":0,"menu_order":0,"comment_status":"closed","ping_status":"closed","template":"","meta":{"_genesis_hide_title":false,"_genesis_hide_breadcrumbs":false,"_genesis_hide_singular_image":false,"_genesis_hide_footer_widgets":false,"_genesis_custom_body_class":"inner-page","_genesis_custom_post_class":"","_genesis_layout":"","footnotes":""},"class_list":{"0":"post-9136","1":"page","2":"type-page","3":"status-publish","5":"entry"},"yoast_head":"<!-- This site is optimized with the Yoast SEO plugin v27.3 - https:\/\/yoast.com\/product\/yoast-seo-wordpress\/ -->\n<title>Long Island Abogado de AUO Licencia Suspendida | Condado de Nassau | Bufete de Abogados de Gianni Karmily, PLLC<\/title>\n<meta name=\"description\" content=\"Deje que el abogado con licencia suspendida de Long Island, Gianni Karmily, proteja agresivamente sus derechos. Llame ahora para discutir su caso.\" \/>\n<meta name=\"robots\" content=\"index, follow, max-snippet:-1, max-image-preview:large, max-video-preview:-1\" \/>\n<link rel=\"canonical\" href=\"https:\/\/giannicriminallaw.com\/es\/auo-license-suspendida\/\" \/>\n<meta property=\"og:locale\" content=\"es_ES\" \/>\n<meta property=\"og:type\" content=\"article\" \/>\n<meta property=\"og:title\" content=\"Long Island Abogado de AUO Licencia Suspendida | Condado de Nassau | Bufete de Abogados de Gianni Karmily, PLLC\" \/>\n<meta property=\"og:description\" content=\"Deje que el abogado con licencia suspendida de Long Island, Gianni Karmily, proteja agresivamente sus derechos. Llame ahora para discutir su caso.\" \/>\n<meta property=\"og:url\" content=\"https:\/\/giannicriminallaw.com\/es\/auo-license-suspendida\/\" \/>\n<meta property=\"og:site_name\" content=\"Law Firm of Gianni Karmily PLLC\" \/>\n<meta property=\"article:publisher\" content=\"https:\/\/www.facebook.com\/Law-Firm-of-Gianni-Karmily-PLLC-111458240497656\/\" \/>\n<meta property=\"article:modified_time\" content=\"2026-02-05T20:15:26+00:00\" \/>\n<meta name=\"twitter:card\" content=\"summary_large_image\" \/>\n<meta name=\"twitter:site\" content=\"@LawGianni\" \/>\n<meta name=\"twitter:label1\" content=\"Tiempo de lectura\" \/>\n\t<meta name=\"twitter:data1\" content=\"4 minutos\" \/>\n<script type=\"application\/ld+json\" class=\"yoast-schema-graph\">{\"@context\":\"https:\\\/\\\/schema.org\",\"@graph\":[{\"@type\":\"WebPage\",\"@id\":\"https:\\\/\\\/giannicriminallaw.com\\\/es\\\/auo-license-suspendida\\\/\",\"url\":\"https:\\\/\\\/giannicriminallaw.com\\\/es\\\/auo-license-suspendida\\\/\",\"name\":\"Long Island Abogado de AUO Licencia Suspendida | Condado de Nassau | Bufete de Abogados de Gianni Karmily, PLLC\",\"isPartOf\":{\"@id\":\"https:\\\/\\\/giannicriminallaw.com\\\/#website\"},\"datePublished\":\"2020-02-27T09:56:22+00:00\",\"dateModified\":\"2026-02-05T20:15:26+00:00\",\"description\":\"Deje que el abogado con licencia suspendida de Long Island, Gianni Karmily, proteja agresivamente sus derechos. Llame ahora para discutir su caso.\",\"breadcrumb\":{\"@id\":\"https:\\\/\\\/giannicriminallaw.com\\\/es\\\/auo-license-suspendida\\\/#breadcrumb\"},\"inLanguage\":\"es\",\"potentialAction\":[{\"@type\":\"ReadAction\",\"target\":[\"https:\\\/\\\/giannicriminallaw.com\\\/es\\\/auo-license-suspendida\\\/\"]}]},{\"@type\":\"BreadcrumbList\",\"@id\":\"https:\\\/\\\/giannicriminallaw.com\\\/es\\\/auo-license-suspendida\\\/#breadcrumb\",\"itemListElement\":[{\"@type\":\"ListItem\",\"position\":1,\"name\":\"Home\",\"item\":\"https:\\\/\\\/giannicriminallaw.com\\\/es\\\/\"},{\"@type\":\"ListItem\",\"position\":2,\"name\":\"AUO LICENCIA SUSPENDIDA\"}]},{\"@type\":\"WebSite\",\"@id\":\"https:\\\/\\\/giannicriminallaw.com\\\/#website\",\"url\":\"https:\\\/\\\/giannicriminallaw.com\\\/\",\"name\":\"Law Firm of Gianni Karmily PLLC\",\"description\":\"\",\"publisher\":{\"@id\":\"https:\\\/\\\/giannicriminallaw.com\\\/#organization\"},\"potentialAction\":[{\"@type\":\"SearchAction\",\"target\":{\"@type\":\"EntryPoint\",\"urlTemplate\":\"https:\\\/\\\/giannicriminallaw.com\\\/?s={search_term_string}\"},\"query-input\":{\"@type\":\"PropertyValueSpecification\",\"valueRequired\":true,\"valueName\":\"search_term_string\"}}],\"inLanguage\":\"es\"},{\"@type\":\"Organization\",\"@id\":\"https:\\\/\\\/giannicriminallaw.com\\\/#organization\",\"name\":\"Law Firm of Gianni Karmily PLLC\",\"url\":\"https:\\\/\\\/giannicriminallaw.com\\\/\",\"logo\":{\"@type\":\"ImageObject\",\"inLanguage\":\"es\",\"@id\":\"https:\\\/\\\/giannicriminallaw.com\\\/#\\\/schema\\\/logo\\\/image\\\/\",\"url\":\"https:\\\/\\\/giannicriminallaw.com\\\/wp-content\\\/uploads\\\/2021\\\/03\\\/cropped-favicon.png\",\"contentUrl\":\"https:\\\/\\\/giannicriminallaw.com\\\/wp-content\\\/uploads\\\/2021\\\/03\\\/cropped-favicon.png\",\"width\":512,\"height\":512,\"caption\":\"Law Firm of Gianni Karmily PLLC\"},\"image\":{\"@id\":\"https:\\\/\\\/giannicriminallaw.com\\\/#\\\/schema\\\/logo\\\/image\\\/\"},\"sameAs\":[\"https:\\\/\\\/www.facebook.com\\\/Law-Firm-of-Gianni-Karmily-PLLC-111458240497656\\\/\",\"https:\\\/\\\/x.com\\\/LawGianni\"]}]}<\/script>\n<!-- \/ Yoast SEO plugin. -->","yoast_head_json":{"title":"Long Island Abogado de AUO Licencia Suspendida | Condado de Nassau | Bufete de Abogados de Gianni Karmily, PLLC","description":"Deje que el abogado con licencia suspendida de Long Island, Gianni Karmily, proteja agresivamente sus derechos. Llame ahora para discutir su caso.","robots":{"index":"index","follow":"follow","max-snippet":"max-snippet:-1","max-image-preview":"max-image-preview:large","max-video-preview":"max-video-preview:-1"},"canonical":"https:\/\/giannicriminallaw.com\/es\/auo-license-suspendida\/","og_locale":"es_ES","og_type":"article","og_title":"Long Island Abogado de AUO Licencia Suspendida | Condado de Nassau | Bufete de Abogados de Gianni Karmily, PLLC","og_description":"Deje que el abogado con licencia suspendida de Long Island, Gianni Karmily, proteja agresivamente sus derechos. Llame ahora para discutir su caso.","og_url":"https:\/\/giannicriminallaw.com\/es\/auo-license-suspendida\/","og_site_name":"Law Firm of Gianni Karmily PLLC","article_publisher":"https:\/\/www.facebook.com\/Law-Firm-of-Gianni-Karmily-PLLC-111458240497656\/","article_modified_time":"2026-02-05T20:15:26+00:00","twitter_card":"summary_large_image","twitter_site":"@LawGianni","twitter_misc":{"Tiempo de lectura":"4 minutos"},"schema":{"@context":"https:\/\/schema.org","@graph":[{"@type":"WebPage","@id":"https:\/\/giannicriminallaw.com\/es\/auo-license-suspendida\/","url":"https:\/\/giannicriminallaw.com\/es\/auo-license-suspendida\/","name":"Long Island Abogado de AUO Licencia Suspendida | Condado de Nassau | Bufete de Abogados de Gianni Karmily, PLLC","isPartOf":{"@id":"https:\/\/giannicriminallaw.com\/#website"},"datePublished":"2020-02-27T09:56:22+00:00","dateModified":"2026-02-05T20:15:26+00:00","description":"Deje que el abogado con licencia suspendida de Long Island, Gianni Karmily, proteja agresivamente sus derechos. Llame ahora para discutir su caso.","breadcrumb":{"@id":"https:\/\/giannicriminallaw.com\/es\/auo-license-suspendida\/#breadcrumb"},"inLanguage":"es","potentialAction":[{"@type":"ReadAction","target":["https:\/\/giannicriminallaw.com\/es\/auo-license-suspendida\/"]}]},{"@type":"BreadcrumbList","@id":"https:\/\/giannicriminallaw.com\/es\/auo-license-suspendida\/#breadcrumb","itemListElement":[{"@type":"ListItem","position":1,"name":"Home","item":"https:\/\/giannicriminallaw.com\/es\/"},{"@type":"ListItem","position":2,"name":"AUO LICENCIA SUSPENDIDA"}]},{"@type":"WebSite","@id":"https:\/\/giannicriminallaw.com\/#website","url":"https:\/\/giannicriminallaw.com\/","name":"Law Firm of Gianni Karmily PLLC","description":"","publisher":{"@id":"https:\/\/giannicriminallaw.com\/#organization"},"potentialAction":[{"@type":"SearchAction","target":{"@type":"EntryPoint","urlTemplate":"https:\/\/giannicriminallaw.com\/?s={search_term_string}"},"query-input":{"@type":"PropertyValueSpecification","valueRequired":true,"valueName":"search_term_string"}}],"inLanguage":"es"},{"@type":"Organization","@id":"https:\/\/giannicriminallaw.com\/#organization","name":"Law Firm of Gianni Karmily PLLC","url":"https:\/\/giannicriminallaw.com\/","logo":{"@type":"ImageObject","inLanguage":"es","@id":"https:\/\/giannicriminallaw.com\/#\/schema\/logo\/image\/","url":"https:\/\/giannicriminallaw.com\/wp-content\/uploads\/2021\/03\/cropped-favicon.png","contentUrl":"https:\/\/giannicriminallaw.com\/wp-content\/uploads\/2021\/03\/cropped-favicon.png","width":512,"height":512,"caption":"Law Firm of Gianni Karmily PLLC"},"image":{"@id":"https:\/\/giannicriminallaw.com\/#\/schema\/logo\/image\/"},"sameAs":["https:\/\/www.facebook.com\/Law-Firm-of-Gianni-Karmily-PLLC-111458240497656\/","https:\/\/x.com\/LawGianni"]}]}},"_links":{"self":[{"href":"https:\/\/giannicriminallaw.com\/es\/wp-json\/wp\/v2\/pages\/9136","targetHints":{"allow":["GET"]}}],"collection":[{"href":"https:\/\/giannicriminallaw.com\/es\/wp-json\/wp\/v2\/pages"}],"about":[{"href":"https:\/\/giannicriminallaw.com\/es\/wp-json\/wp\/v2\/types\/page"}],"author":[{"embeddable":true,"href":"https:\/\/giannicriminallaw.com\/es\/wp-json\/wp\/v2\/users\/3"}],"replies":[{"embeddable":true,"href":"https:\/\/giannicriminallaw.com\/es\/wp-json\/wp\/v2\/comments?post=9136"}],"version-history":[{"count":0,"href":"https:\/\/giannicriminallaw.com\/es\/wp-json\/wp\/v2\/pages\/9136\/revisions"}],"wp:attachment":[{"href":"https:\/\/giannicriminallaw.com\/es\/wp-json\/wp\/v2\/media?parent=9136"}],"curies":[{"name":"wp","href":"https:\/\/api.w.org\/{rel}","templated":true}]}}