{"id":9135,"date":"2020-02-27T10:32:40","date_gmt":"2020-02-27T10:32:40","guid":{"rendered":"https:\/\/giannikarmily.wpenginepowered.com\/armas-y-armas-de-fuego\/"},"modified":"2025-01-31T19:02:07","modified_gmt":"2025-01-31T19:02:07","slug":"armas-y-armas-de-fuego","status":"publish","type":"page","link":"https:\/\/giannicriminallaw.com\/es\/armas-y-armas-de-fuego\/","title":{"rendered":"DELITOS CON ARMAS Y ARMAS DE FUEGO"},"content":{"rendered":"<h1>Abogado en el Condado de Nassau que defiende a los clientes contra armas &amp; Cargos penales por armas de fuego<\/h1>\n<p><iframe src=\"https:\/\/www.youtube.com\/embed\/6PJCXsemiqA\" width=\"587\" height=\"330\" frameborder=\"0\" allowfullscreen=\"allowfullscreen\"><\/iframe><\/p>\n<p>Nueva York tiene algunas de las leyes de armas y armas de fuego m\u00e1s estrictas del pa\u00eds. Si viola una de estas leyes, podr\u00eda enfrentar sanciones graves, que incluyen encarcelamiento y multas sustanciales.<\/p>\n<p>Debe luchar contra estos cargos para evitar sanciones legales graves, pero no debe hacerlo solo. Recurra al <a href=\"https:\/\/giannicriminallaw.com\/es\/\">abogado defensor Gianni Karmily<\/a> de armas y armas de fuego de confianza para obtener representaci\u00f3n legal de inmediato.<\/p>\n<h2>\u00bfCu\u00e1les son las leyes sobre armas y armas de fuego en Nueva York?<\/h2>\n<p>Hay una serie de leyes en este estado que rigen la posesi\u00f3n, venta, compra y uso de armas y armas de fuego. Estas leyes incluyen:<\/p>\n<ul>\n<li>Posesi\u00f3n criminal de un arma<\/li>\n<li>Posesi\u00f3n criminal de un arma de fuego<\/li>\n<li>Posesi\u00f3n criminal de un arma peligrosa<\/li>\n<li>Tenencia il\u00edcita de armas por menores de 16 a\u00f1os<\/li>\n<li>Posesi\u00f3n ilegal de un arma en terrenos escolares<\/li>\n<li>Uso delictivo de un arma de fuego<\/li>\n<li>Fabricaci\u00f3n, transporte, eliminaci\u00f3n y desfiguraci\u00f3n de armas e instrumentos o aparatos peligrosos<\/li>\n<li>Venta delictiva de un arma de fuego<\/li>\n<li>Venta delictiva de un arma de fuego con la ayuda de un menor<\/li>\n<li>Venta delictiva de un arma de fuego a un menor<\/li>\n<li>Compra o disposici\u00f3n criminal de un arma<\/li>\n<li>Posesi\u00f3n criminal agravada de un arma<\/li>\n<li>Uso prohibido de armas<\/li>\n<li>Posesi\u00f3n ilegal de un dispositivo de alimentaci\u00f3n de municiones de gran capacidad<\/li>\n<li>Posesi\u00f3n ilegal de ciertos dispositivos de alimentaci\u00f3n de municiones<\/li>\n<li>Almacenamiento seguro de rifles, escopetas y armas de fuego<\/li>\n<\/ul>\n<p>Estas leyes proh\u00edben colectivamente varias actividades, incluido el uso o posesi\u00f3n de armas ilegales, el uso o posesi\u00f3n de armas o armas de fuego por parte de ciertas personas, como menores y delincuentes, y el uso o posesi\u00f3n de armas o armas de fuego en ciertos lugares, como en las areas de la escuela. Si lo acusan de cualquiera de estos delitos relacionados con armas o armas de fuego, le conviene comunicarse de inmediato con el abogado defensor penal Gianni Karmily para analizar sus opciones legales.<\/p>\n<h2>\u00bfCu\u00e1les son las sanciones por delitos relacionados con armas y armas de fuego?<\/h2>\n<p>Las sanciones por delitos relacionados con armas y armas de fuego variar\u00e1n seg\u00fan la naturaleza del delito. La mayor\u00eda de los delitos relacionados con armas y armas de fuego son delitos graves. Los delitos m\u00e1s graves son la posesi\u00f3n delictiva de un arma peligrosa en primer grado, el uso delictivo de un arma de fuego en primer grado y la venta delictiva de un arma de fuego en primer grado. Estos tres delitos son delitos graves de clase B, que se castigan con hasta 25 a\u00f1os de prisi\u00f3n adem\u00e1s de $5,000 en multas.<\/p>\n<p>La posesi\u00f3n ilegal de un arma en los terrenos de la escuela es la \u00fanica ofensa de armas y armas de fuego que es una violaci\u00f3n. Este delito se castiga con hasta 15 d\u00edas de c\u00e1rcel.<\/p>\n<p>Algunos delitos relacionados con armas y armas de fuego son delitos menores, incluida la posesi\u00f3n delictiva de un arma en cuarto grado y la posesi\u00f3n ilegal de un dispositivo de alimentaci\u00f3n de municiones de gran capacidad. Estos delitos menores se castigan con hasta un a\u00f1o de c\u00e1rcel o tres a\u00f1os de libertad condicional, adem\u00e1s de multas de hasta $1,000.<\/p>\n<h2>\u00bfC\u00f3mo puede un abogado de defensa criminal pelear cargos por armas y armas de fuego?<\/h2>\n<p>Los delitos que involucran armas o armas de fuego se procesan agresivamente en el estado de Nueva York. Para luchar contra estos cargos, necesitar\u00e1 la ayuda de un abogado h\u00e1bil en armas y armas de fuego.<\/p>\n<p>El abogado Gianni Karmily revisar\u00e1 cuidadosamente los detalles de su caso para determinar la mejor manera de defenderlo de los cargos. \u00c9l lo representar\u00e1 durante todo el proceso judicial, estando a su lado y defendiendo sus derechos en cada paso del camino. Su objetivo es ayudarlo a alcanzar el mejor resultado posible en su caso, ya sea que eso signifique ganar una absoluci\u00f3n en el juicio o negociar un acuerdo de culpabilidad favorable en su nombre.<\/p>\n<p>Gianni conoce la devastaci\u00f3n que puede causar una condena penal. Tener una condena por un arma de fuego o un delito relacionado con armas en su registro podr\u00eda perseguirlo por el resto de su vida. Esto es lo que motiva a Gianni a luchar agresivamente contra tus cargos y proteger tu libertad. No dude en ponerse en contacto con el Bufete de Abogados de Gianni Karmily, PLLC inmediatamente despu\u00e9s de ser arrestado por un delito relacionado con armas o armas de fuego.<\/p>\n<h2>Programe una evaluaci\u00f3n del caso con nuestro abogado h\u00e1bil en delitos relacionados con armas y armas de fuego en Long Island<\/h2>\n<p>\u00bfHa sido acusado de cometer un delito con arma o arma de fuego? Si es as\u00ed, busque la representaci\u00f3n legal del abogado de defensa criminal con experiencia Gianni Karmily lo antes posible. Las sanciones por un cargo de armas o armas de fuego son graves. Deje que Gianni trabaje incansablemente para ayudarlo a evitar una condena y las sanciones que la acompa\u00f1an. Para programar una evaluaci\u00f3n confidencial de su caso con el Bufete de Abogados de Gianni Karmily, PLLC, llame a nuestra oficina de Great Neck al <a href=\"tel:5166303405\">(516) 630-3405<\/a> o a nuestra oficina de Hempstead al <a href=\"tel:5166144228\">(516) 614-4228<\/a>.<\/p>\n","protected":false},"excerpt":{"rendered":"<p>Abogado en el Condado de Nassau que defiende a los clientes contra armas &amp; Cargos penales por armas de fuego Nueva York tiene algunas de las leyes de armas y armas de fuego m\u00e1s estrictas del pa\u00eds. Si viola una de estas leyes, podr\u00eda enfrentar sanciones graves, que incluyen encarcelamiento y multas sustanciales. Debe luchar [&hellip;]<\/p>\n","protected":false},"author":3,"featured_media":0,"parent":0,"menu_order":0,"comment_status":"closed","ping_status":"closed","template":"","meta":{"_genesis_hide_title":false,"_genesis_hide_breadcrumbs":false,"_genesis_hide_singular_image":false,"_genesis_hide_footer_widgets":false,"_genesis_custom_body_class":"inner-page","_genesis_custom_post_class":"","_genesis_layout":"","footnotes":""},"class_list":{"0":"post-9135","1":"page","2":"type-page","3":"status-publish","5":"entry"},"yoast_head":"<!-- This site is optimized with the Yoast SEO plugin v27.3 - https:\/\/yoast.com\/product\/yoast-seo-wordpress\/ -->\n<title>Long Island Abogado de Delitos Con Armas y Armas de Fuego | Condado de Nassau | Bufete de Abogados de Gianni Karmily, PLLC<\/title>\n<meta name=\"description\" content=\"Deje que el abogado de delitos con armas de fuego y armas de fuego de Long Island, Gianni Karmily, luche por su libertad. Llame ahora para programar una evaluaci\u00f3n de su caso.\" \/>\n<meta name=\"robots\" content=\"index, follow, max-snippet:-1, max-image-preview:large, max-video-preview:-1\" \/>\n<link rel=\"canonical\" href=\"https:\/\/giannicriminallaw.com\/es\/armas-y-armas-de-fuego\/\" \/>\n<meta property=\"og:locale\" content=\"es_ES\" \/>\n<meta property=\"og:type\" content=\"article\" \/>\n<meta property=\"og:title\" content=\"Long Island Abogado de Delitos Con Armas y Armas de Fuego | Condado de Nassau | Bufete de Abogados de Gianni Karmily, PLLC\" \/>\n<meta property=\"og:description\" content=\"Deje que el abogado de delitos con armas de fuego y armas de fuego de Long Island, Gianni Karmily, luche por su libertad. Llame ahora para programar una evaluaci\u00f3n de su caso.\" \/>\n<meta property=\"og:url\" content=\"https:\/\/giannicriminallaw.com\/es\/armas-y-armas-de-fuego\/\" \/>\n<meta property=\"og:site_name\" content=\"Law Firm of Gianni Karmily PLLC\" \/>\n<meta property=\"article:publisher\" content=\"https:\/\/www.facebook.com\/Law-Firm-of-Gianni-Karmily-PLLC-111458240497656\/\" \/>\n<meta property=\"article:modified_time\" content=\"2025-01-31T19:02:07+00:00\" \/>\n<meta name=\"twitter:card\" content=\"summary_large_image\" \/>\n<meta name=\"twitter:site\" content=\"@LawGianni\" \/>\n<meta name=\"twitter:label1\" content=\"Tiempo de lectura\" \/>\n\t<meta name=\"twitter:data1\" content=\"4 minutos\" \/>\n<script type=\"application\/ld+json\" class=\"yoast-schema-graph\">{\"@context\":\"https:\\\/\\\/schema.org\",\"@graph\":[{\"@type\":\"WebPage\",\"@id\":\"https:\\\/\\\/giannicriminallaw.com\\\/es\\\/armas-y-armas-de-fuego\\\/\",\"url\":\"https:\\\/\\\/giannicriminallaw.com\\\/es\\\/armas-y-armas-de-fuego\\\/\",\"name\":\"Long Island Abogado de Delitos Con Armas y Armas de Fuego | Condado de Nassau | Bufete de Abogados de Gianni Karmily, PLLC\",\"isPartOf\":{\"@id\":\"https:\\\/\\\/giannicriminallaw.com\\\/#website\"},\"datePublished\":\"2020-02-27T10:32:40+00:00\",\"dateModified\":\"2025-01-31T19:02:07+00:00\",\"description\":\"Deje que el abogado de delitos con armas de fuego y armas de fuego de Long Island, Gianni Karmily, luche por su libertad. Llame ahora para programar una evaluaci\u00f3n de su caso.\",\"breadcrumb\":{\"@id\":\"https:\\\/\\\/giannicriminallaw.com\\\/es\\\/armas-y-armas-de-fuego\\\/#breadcrumb\"},\"inLanguage\":\"es\",\"potentialAction\":[{\"@type\":\"ReadAction\",\"target\":[\"https:\\\/\\\/giannicriminallaw.com\\\/es\\\/armas-y-armas-de-fuego\\\/\"]}]},{\"@type\":\"BreadcrumbList\",\"@id\":\"https:\\\/\\\/giannicriminallaw.com\\\/es\\\/armas-y-armas-de-fuego\\\/#breadcrumb\",\"itemListElement\":[{\"@type\":\"ListItem\",\"position\":1,\"name\":\"Home\",\"item\":\"https:\\\/\\\/giannicriminallaw.com\\\/es\\\/\"},{\"@type\":\"ListItem\",\"position\":2,\"name\":\"DELITOS CON ARMAS Y ARMAS DE FUEGO\"}]},{\"@type\":\"WebSite\",\"@id\":\"https:\\\/\\\/giannicriminallaw.com\\\/#website\",\"url\":\"https:\\\/\\\/giannicriminallaw.com\\\/\",\"name\":\"Law Firm of Gianni Karmily PLLC\",\"description\":\"\",\"publisher\":{\"@id\":\"https:\\\/\\\/giannicriminallaw.com\\\/#organization\"},\"potentialAction\":[{\"@type\":\"SearchAction\",\"target\":{\"@type\":\"EntryPoint\",\"urlTemplate\":\"https:\\\/\\\/giannicriminallaw.com\\\/?s={search_term_string}\"},\"query-input\":{\"@type\":\"PropertyValueSpecification\",\"valueRequired\":true,\"valueName\":\"search_term_string\"}}],\"inLanguage\":\"es\"},{\"@type\":\"Organization\",\"@id\":\"https:\\\/\\\/giannicriminallaw.com\\\/#organization\",\"name\":\"Law Firm of Gianni Karmily PLLC\",\"url\":\"https:\\\/\\\/giannicriminallaw.com\\\/\",\"logo\":{\"@type\":\"ImageObject\",\"inLanguage\":\"es\",\"@id\":\"https:\\\/\\\/giannicriminallaw.com\\\/#\\\/schema\\\/logo\\\/image\\\/\",\"url\":\"https:\\\/\\\/giannicriminallaw.com\\\/wp-content\\\/uploads\\\/2021\\\/03\\\/cropped-favicon.png\",\"contentUrl\":\"https:\\\/\\\/giannicriminallaw.com\\\/wp-content\\\/uploads\\\/2021\\\/03\\\/cropped-favicon.png\",\"width\":512,\"height\":512,\"caption\":\"Law Firm of Gianni Karmily PLLC\"},\"image\":{\"@id\":\"https:\\\/\\\/giannicriminallaw.com\\\/#\\\/schema\\\/logo\\\/image\\\/\"},\"sameAs\":[\"https:\\\/\\\/www.facebook.com\\\/Law-Firm-of-Gianni-Karmily-PLLC-111458240497656\\\/\",\"https:\\\/\\\/x.com\\\/LawGianni\"]}]}<\/script>\n<!-- \/ Yoast SEO plugin. -->","yoast_head_json":{"title":"Long Island Abogado de Delitos Con Armas y Armas de Fuego | Condado de Nassau | Bufete de Abogados de Gianni Karmily, PLLC","description":"Deje que el abogado de delitos con armas de fuego y armas de fuego de Long Island, Gianni Karmily, luche por su libertad. Llame ahora para programar una evaluaci\u00f3n de su caso.","robots":{"index":"index","follow":"follow","max-snippet":"max-snippet:-1","max-image-preview":"max-image-preview:large","max-video-preview":"max-video-preview:-1"},"canonical":"https:\/\/giannicriminallaw.com\/es\/armas-y-armas-de-fuego\/","og_locale":"es_ES","og_type":"article","og_title":"Long Island Abogado de Delitos Con Armas y Armas de Fuego | Condado de Nassau | Bufete de Abogados de Gianni Karmily, PLLC","og_description":"Deje que el abogado de delitos con armas de fuego y armas de fuego de Long Island, Gianni Karmily, luche por su libertad. Llame ahora para programar una evaluaci\u00f3n de su caso.","og_url":"https:\/\/giannicriminallaw.com\/es\/armas-y-armas-de-fuego\/","og_site_name":"Law Firm of Gianni Karmily PLLC","article_publisher":"https:\/\/www.facebook.com\/Law-Firm-of-Gianni-Karmily-PLLC-111458240497656\/","article_modified_time":"2025-01-31T19:02:07+00:00","twitter_card":"summary_large_image","twitter_site":"@LawGianni","twitter_misc":{"Tiempo de lectura":"4 minutos"},"schema":{"@context":"https:\/\/schema.org","@graph":[{"@type":"WebPage","@id":"https:\/\/giannicriminallaw.com\/es\/armas-y-armas-de-fuego\/","url":"https:\/\/giannicriminallaw.com\/es\/armas-y-armas-de-fuego\/","name":"Long Island Abogado de Delitos Con Armas y Armas de Fuego | Condado de Nassau | Bufete de Abogados de Gianni Karmily, PLLC","isPartOf":{"@id":"https:\/\/giannicriminallaw.com\/#website"},"datePublished":"2020-02-27T10:32:40+00:00","dateModified":"2025-01-31T19:02:07+00:00","description":"Deje que el abogado de delitos con armas de fuego y armas de fuego de Long Island, Gianni Karmily, luche por su libertad. Llame ahora para programar una evaluaci\u00f3n de su caso.","breadcrumb":{"@id":"https:\/\/giannicriminallaw.com\/es\/armas-y-armas-de-fuego\/#breadcrumb"},"inLanguage":"es","potentialAction":[{"@type":"ReadAction","target":["https:\/\/giannicriminallaw.com\/es\/armas-y-armas-de-fuego\/"]}]},{"@type":"BreadcrumbList","@id":"https:\/\/giannicriminallaw.com\/es\/armas-y-armas-de-fuego\/#breadcrumb","itemListElement":[{"@type":"ListItem","position":1,"name":"Home","item":"https:\/\/giannicriminallaw.com\/es\/"},{"@type":"ListItem","position":2,"name":"DELITOS CON ARMAS Y ARMAS DE FUEGO"}]},{"@type":"WebSite","@id":"https:\/\/giannicriminallaw.com\/#website","url":"https:\/\/giannicriminallaw.com\/","name":"Law Firm of Gianni Karmily PLLC","description":"","publisher":{"@id":"https:\/\/giannicriminallaw.com\/#organization"},"potentialAction":[{"@type":"SearchAction","target":{"@type":"EntryPoint","urlTemplate":"https:\/\/giannicriminallaw.com\/?s={search_term_string}"},"query-input":{"@type":"PropertyValueSpecification","valueRequired":true,"valueName":"search_term_string"}}],"inLanguage":"es"},{"@type":"Organization","@id":"https:\/\/giannicriminallaw.com\/#organization","name":"Law Firm of Gianni Karmily PLLC","url":"https:\/\/giannicriminallaw.com\/","logo":{"@type":"ImageObject","inLanguage":"es","@id":"https:\/\/giannicriminallaw.com\/#\/schema\/logo\/image\/","url":"https:\/\/giannicriminallaw.com\/wp-content\/uploads\/2021\/03\/cropped-favicon.png","contentUrl":"https:\/\/giannicriminallaw.com\/wp-content\/uploads\/2021\/03\/cropped-favicon.png","width":512,"height":512,"caption":"Law Firm of Gianni Karmily PLLC"},"image":{"@id":"https:\/\/giannicriminallaw.com\/#\/schema\/logo\/image\/"},"sameAs":["https:\/\/www.facebook.com\/Law-Firm-of-Gianni-Karmily-PLLC-111458240497656\/","https:\/\/x.com\/LawGianni"]}]}},"_links":{"self":[{"href":"https:\/\/giannicriminallaw.com\/es\/wp-json\/wp\/v2\/pages\/9135","targetHints":{"allow":["GET"]}}],"collection":[{"href":"https:\/\/giannicriminallaw.com\/es\/wp-json\/wp\/v2\/pages"}],"about":[{"href":"https:\/\/giannicriminallaw.com\/es\/wp-json\/wp\/v2\/types\/page"}],"author":[{"embeddable":true,"href":"https:\/\/giannicriminallaw.com\/es\/wp-json\/wp\/v2\/users\/3"}],"replies":[{"embeddable":true,"href":"https:\/\/giannicriminallaw.com\/es\/wp-json\/wp\/v2\/comments?post=9135"}],"version-history":[{"count":0,"href":"https:\/\/giannicriminallaw.com\/es\/wp-json\/wp\/v2\/pages\/9135\/revisions"}],"wp:attachment":[{"href":"https:\/\/giannicriminallaw.com\/es\/wp-json\/wp\/v2\/media?parent=9135"}],"curies":[{"name":"wp","href":"https:\/\/api.w.org\/{rel}","templated":true}]}}