{"id":9134,"date":"2020-02-27T10:28:12","date_gmt":"2020-02-27T10:28:12","guid":{"rendered":"https:\/\/giannikarmily.wpenginepowered.com\/entrar-sin-derecho\/"},"modified":"2025-01-31T19:02:34","modified_gmt":"2025-01-31T19:02:34","slug":"entrar-sin-derecho","status":"publish","type":"page","link":"https:\/\/giannicriminallaw.com\/es\/entrar-sin-derecho\/","title":{"rendered":"Entrar Sin Derecho"},"content":{"rendered":"<h1>ABOGADO DE LONG ISLAND QUE REPRESENTA A CLIENTES ACUSADOS ENTRAR SIN DERECHO EN EL CONDADO DE NASSAU<\/h1>\n<p><iframe src=\"https:\/\/www.youtube.com\/embed\/6PJCXsemiqA\" width=\"587\" height=\"330\" frameborder=\"0\" allowfullscreen=\"allowfullscreen\"><\/iframe><\/p>\n<p>Las personas tienen derecho a mantener a los invitados y visitantes no deseados fuera de su propiedad. Si viola este derecho, podr\u00eda enfrentar cargos criminales por allanamiento de morada en el estado de Nueva York. La entrada ilegal puede no parecer grave, despu\u00e9s de todo, nadie result\u00f3 herido en la comisi\u00f3n del delito, pero conlleva graves sanciones que podr\u00edan afectarlo por el resto de su vida.<\/p>\n<p>No cometa el error de tomar los cargos de allanamiento a la ligera. Si enfrenta estos cargos, comun\u00edquese con el <a href=\"https:\/\/giannicriminallaw.com\/es\/\">abogado Gianni Karmily<\/a> por allanamiento de morada lo antes posible para analizar su caso.<\/p>\n<h2>\u00bfQu\u00e9 es el allanamiento de morada en Nueva York?<\/h2>\n<p>Hay dos delitos de allanamiento diferentes en el estado de Nueva York: allanamiento y allanamiento criminal. Adem\u00e1s, hay tres grados de allanamiento criminal que conllevan diferentes penas. Es importante que sepa en qu\u00e9 se diferencian estos delitos para que pueda obtener una comprensi\u00f3n m\u00e1s profunda del delito del que se le acusa de cometer.<\/p>\n<p>En Nueva York, allanamiento es el delito de ingresar o permanecer ilegalmente en la propiedad de otra persona a sabiendas. La entrada ilegal es una violaci\u00f3n, que es el tipo de ofensa menos grave.<\/p>\n<h2>\u00bfQu\u00e9 es el allanamiento de morada criminal en Nueva York?<\/h2>\n<p>El allanamiento de morada en tercer grado es el menos grave de los tres delitos de allanamiento de morada. Este delito, que es una falta de clase B, ocurre cuando alguien invade:<\/p>\n<ul>\n<li>Propiedad que est\u00e1 cercada o encerrada en un esfuerzo por mantener alejados a los intrusos, o<\/li>\n<li>Un edificio que se utiliza como escuela primaria, escuela secundaria, campamento de verano para ni\u00f1os o campamento nocturno para ni\u00f1os, o<\/li>\n<li>Un edificio que se utiliza como proyecto de vivienda p\u00fablica, o<\/li>\n<li>Una propiedad clasificada como \u00abzona ferroviaria de acceso prohibido\u00bb.<\/li>\n<\/ul>\n<p>La entrada ilegal en segundo grado es un delito menor de clase A. Este delito se produce cuando:<\/p>\n<ul>\n<li>Alguien entra sin autorizaci\u00f3n en una vivienda, que es un edificio que suele estar ocupado por personas durante la noche, o<\/li>\n<li>Alguien que est\u00e1 clasificado como delincuente sexual de nivel dos o tres entra sin autorizaci\u00f3n en una propiedad escolar con el conocimiento de que la v\u00edctima de su delito sexual asiste actualmente o asisti\u00f3 anteriormente a la escuela.<\/li>\n<\/ul>\n<p>La entrada ilegal en primer grado es el delito de entrada ilegal m\u00e1s grave en Nueva York. Este delito ocurre cuando alguien ingresa ilegalmente o permanece en un edificio mientras tambi\u00e9n:<\/p>\n<ul>\n<li>Poseer o saber que otra persona que participa en el delito posee un arma mortal o un artefacto explosivo, o<\/li>\n<li>Poseer o saber que otra persona que participa en el delito posee un arma de fuego y municiones.<\/li>\n<\/ul>\n<p>El delito de allanamiento de morada criminal en primer grado es un delito grave de clase D, lo que lo convierte en el \u00fanico cargo de allanamiento de morada clasificado como delito grave.<\/p>\n<h2>\u00bfCu\u00e1les son las sanciones por entrada ilegal y entrada ilegal en Nueva York?<\/h2>\n<p>Las sanciones por allanamiento var\u00edan seg\u00fan el nivel de infracci\u00f3n. La entrada ilegal es solo una infracci\u00f3n, lo que significa que no puede recibir m\u00e1s de 15 d\u00edas en la c\u00e1rcel por este delito. Sin embargo, es posible que no reciba ning\u00fan tiempo en la c\u00e1rcel, seg\u00fan la naturaleza del delito y sus antecedentes penales anteriores.<br \/>\nLa entrada ilegal en tercer grado es un delito menor de clase B que se castiga con hasta tres meses de prisi\u00f3n o un a\u00f1o de libertad condicional. La entrada ilegal en segundo grado conlleva una pena m\u00e1xima de un a\u00f1o de c\u00e1rcel o tres a\u00f1os de libertad condicional. La entrada ilegal en primer grado conlleva las penas m\u00e1s graves, ya que es un delito grave. Si es condenado por allanamiento de morada criminal en primer grado, podr\u00eda enfrentar hasta siete a\u00f1os de prisi\u00f3n adem\u00e1s de hasta $5,000 en multas.<\/p>\n<h2>\u00bfC\u00f3mo puede un abogado luchar contra los cargos de allanamiento de morada?<\/h2>\n<p>Las leyes de allanamiento en Nueva York son complejas, por lo que es importante contratar a un abogado para que lo ayude a luchar contra sus cargos. Gianni Karmily analizar\u00e1 cuidadosamente los detalles de su caso para determinar la mejor manera de defenderlo. Algunas posibles estrategias de defensa incluyen:<\/p>\n<ul>\n<li>Demostrar que no sab\u00eda que otro participante en el crimen portaba un arma de fuego, un artefacto explosivo o un arma mortal.<\/li>\n<li>Demostrar que no sab\u00eda que estaba ilegalmente en la propiedad de otra persona.<\/li>\n<li>Demostrar que no viol\u00f3 una solicitud personal de abandonar la propiedad.<\/li>\n<\/ul>\n<p>Gianni Karmily se compromete a ayudarlo a lograr el mejor resultado posible en su caso. Luchar\u00e1 para hacer agujeros en el caso del estado para que no puedan probar su culpabilidad o que sus cargos sean desestimados o reducidos.<\/p>\n<h2>Programe una evaluaci\u00f3n del caso con nuestro abogado de allanamiento de morada en Long Island<\/h2>\n<p>\u00bfHa sido acusado de allanamiento de morada en Long Island? Si es as\u00ed, busque la representaci\u00f3n legal del abogado h\u00e1bil en intrusi\u00f3n Gianni Karmily en Law Firm of Gianni Karmily, PLLC. Gianni entiende que una condena, incluso por un delito menor, puede perseguirlo por el resto de su vida. Esto es lo que lo motiva a luchar agresivamente por la libertad de sus clientes. Deje que lo defienda contra los cargos de allanamiento o allanamiento criminal. Para programar una evaluaci\u00f3n confidencial de su caso con el Bufete de Abogados de Gianni Karmily, PLLC, llame a nuestra oficina de Great Neck al <a href=\"tel:5166303405\">(516) 630-3405<\/a> o a nuestra oficina de Hempstead al <a href=\"tel:5166144228\">(516) 614-4228<\/a>.<\/p>\n","protected":false},"excerpt":{"rendered":"<p>ABOGADO DE LONG ISLAND QUE REPRESENTA A CLIENTES ACUSADOS ENTRAR SIN DERECHO EN EL CONDADO DE NASSAU Las personas tienen derecho a mantener a los invitados y visitantes no deseados fuera de su propiedad. Si viola este derecho, podr\u00eda enfrentar cargos criminales por allanamiento de morada en el estado de Nueva York. La entrada ilegal [&hellip;]<\/p>\n","protected":false},"author":3,"featured_media":0,"parent":0,"menu_order":0,"comment_status":"closed","ping_status":"closed","template":"","meta":{"_genesis_hide_title":false,"_genesis_hide_breadcrumbs":false,"_genesis_hide_singular_image":false,"_genesis_hide_footer_widgets":false,"_genesis_custom_body_class":"inner-page","_genesis_custom_post_class":"","_genesis_layout":"","footnotes":""},"class_list":{"0":"post-9134","1":"page","2":"type-page","3":"status-publish","5":"entry"},"yoast_head":"<!-- This site is optimized with the Yoast SEO plugin v27.3 - https:\/\/yoast.com\/product\/yoast-seo-wordpress\/ -->\n<title>Long Island Abogado de Entrar Sin Derecho | Condado de Nassau | Bufete de Abogados de Gianni Karmily, PLLC<\/title>\n<meta name=\"description\" content=\"Deje que el abogado de intrusi\u00f3n ilegal de Long Island, Gianni Karmily, trabaje incansablemente para proteger sus derechos. Llame ahora para discutir sus opciones legales.\" \/>\n<meta name=\"robots\" content=\"index, follow, max-snippet:-1, max-image-preview:large, max-video-preview:-1\" \/>\n<link rel=\"canonical\" href=\"https:\/\/giannicriminallaw.com\/es\/entrar-sin-derecho\/\" \/>\n<meta property=\"og:locale\" content=\"es_ES\" \/>\n<meta property=\"og:type\" content=\"article\" \/>\n<meta property=\"og:title\" content=\"Long Island Abogado de Entrar Sin Derecho | Condado de Nassau | Bufete de Abogados de Gianni Karmily, PLLC\" \/>\n<meta property=\"og:description\" content=\"Deje que el abogado de intrusi\u00f3n ilegal de Long Island, Gianni Karmily, trabaje incansablemente para proteger sus derechos. Llame ahora para discutir sus opciones legales.\" \/>\n<meta property=\"og:url\" content=\"https:\/\/giannicriminallaw.com\/es\/entrar-sin-derecho\/\" \/>\n<meta property=\"og:site_name\" content=\"Law Firm of Gianni Karmily PLLC\" \/>\n<meta property=\"article:publisher\" content=\"https:\/\/www.facebook.com\/Law-Firm-of-Gianni-Karmily-PLLC-111458240497656\/\" \/>\n<meta property=\"article:modified_time\" content=\"2025-01-31T19:02:34+00:00\" \/>\n<meta name=\"twitter:card\" content=\"summary_large_image\" \/>\n<meta name=\"twitter:site\" content=\"@LawGianni\" \/>\n<meta name=\"twitter:label1\" content=\"Tiempo de lectura\" \/>\n\t<meta name=\"twitter:data1\" content=\"4 minutos\" \/>\n<script type=\"application\/ld+json\" class=\"yoast-schema-graph\">{\"@context\":\"https:\\\/\\\/schema.org\",\"@graph\":[{\"@type\":\"WebPage\",\"@id\":\"https:\\\/\\\/giannicriminallaw.com\\\/es\\\/entrar-sin-derecho\\\/\",\"url\":\"https:\\\/\\\/giannicriminallaw.com\\\/es\\\/entrar-sin-derecho\\\/\",\"name\":\"Long Island Abogado de Entrar Sin Derecho | Condado de Nassau | Bufete de Abogados de Gianni Karmily, PLLC\",\"isPartOf\":{\"@id\":\"https:\\\/\\\/giannicriminallaw.com\\\/#website\"},\"datePublished\":\"2020-02-27T10:28:12+00:00\",\"dateModified\":\"2025-01-31T19:02:34+00:00\",\"description\":\"Deje que el abogado de intrusi\u00f3n ilegal de Long Island, Gianni Karmily, trabaje incansablemente para proteger sus derechos. Llame ahora para discutir sus opciones legales.\",\"breadcrumb\":{\"@id\":\"https:\\\/\\\/giannicriminallaw.com\\\/es\\\/entrar-sin-derecho\\\/#breadcrumb\"},\"inLanguage\":\"es\",\"potentialAction\":[{\"@type\":\"ReadAction\",\"target\":[\"https:\\\/\\\/giannicriminallaw.com\\\/es\\\/entrar-sin-derecho\\\/\"]}]},{\"@type\":\"BreadcrumbList\",\"@id\":\"https:\\\/\\\/giannicriminallaw.com\\\/es\\\/entrar-sin-derecho\\\/#breadcrumb\",\"itemListElement\":[{\"@type\":\"ListItem\",\"position\":1,\"name\":\"Home\",\"item\":\"https:\\\/\\\/giannicriminallaw.com\\\/es\\\/\"},{\"@type\":\"ListItem\",\"position\":2,\"name\":\"Entrar Sin Derecho\"}]},{\"@type\":\"WebSite\",\"@id\":\"https:\\\/\\\/giannicriminallaw.com\\\/#website\",\"url\":\"https:\\\/\\\/giannicriminallaw.com\\\/\",\"name\":\"Law Firm of Gianni Karmily PLLC\",\"description\":\"\",\"publisher\":{\"@id\":\"https:\\\/\\\/giannicriminallaw.com\\\/#organization\"},\"potentialAction\":[{\"@type\":\"SearchAction\",\"target\":{\"@type\":\"EntryPoint\",\"urlTemplate\":\"https:\\\/\\\/giannicriminallaw.com\\\/?s={search_term_string}\"},\"query-input\":{\"@type\":\"PropertyValueSpecification\",\"valueRequired\":true,\"valueName\":\"search_term_string\"}}],\"inLanguage\":\"es\"},{\"@type\":\"Organization\",\"@id\":\"https:\\\/\\\/giannicriminallaw.com\\\/#organization\",\"name\":\"Law Firm of Gianni Karmily PLLC\",\"url\":\"https:\\\/\\\/giannicriminallaw.com\\\/\",\"logo\":{\"@type\":\"ImageObject\",\"inLanguage\":\"es\",\"@id\":\"https:\\\/\\\/giannicriminallaw.com\\\/#\\\/schema\\\/logo\\\/image\\\/\",\"url\":\"https:\\\/\\\/giannicriminallaw.com\\\/wp-content\\\/uploads\\\/2021\\\/03\\\/cropped-favicon.png\",\"contentUrl\":\"https:\\\/\\\/giannicriminallaw.com\\\/wp-content\\\/uploads\\\/2021\\\/03\\\/cropped-favicon.png\",\"width\":512,\"height\":512,\"caption\":\"Law Firm of Gianni Karmily PLLC\"},\"image\":{\"@id\":\"https:\\\/\\\/giannicriminallaw.com\\\/#\\\/schema\\\/logo\\\/image\\\/\"},\"sameAs\":[\"https:\\\/\\\/www.facebook.com\\\/Law-Firm-of-Gianni-Karmily-PLLC-111458240497656\\\/\",\"https:\\\/\\\/x.com\\\/LawGianni\"]}]}<\/script>\n<!-- \/ Yoast SEO plugin. -->","yoast_head_json":{"title":"Long Island Abogado de Entrar Sin Derecho | Condado de Nassau | Bufete de Abogados de Gianni Karmily, PLLC","description":"Deje que el abogado de intrusi\u00f3n ilegal de Long Island, Gianni Karmily, trabaje incansablemente para proteger sus derechos. Llame ahora para discutir sus opciones legales.","robots":{"index":"index","follow":"follow","max-snippet":"max-snippet:-1","max-image-preview":"max-image-preview:large","max-video-preview":"max-video-preview:-1"},"canonical":"https:\/\/giannicriminallaw.com\/es\/entrar-sin-derecho\/","og_locale":"es_ES","og_type":"article","og_title":"Long Island Abogado de Entrar Sin Derecho | Condado de Nassau | Bufete de Abogados de Gianni Karmily, PLLC","og_description":"Deje que el abogado de intrusi\u00f3n ilegal de Long Island, Gianni Karmily, trabaje incansablemente para proteger sus derechos. Llame ahora para discutir sus opciones legales.","og_url":"https:\/\/giannicriminallaw.com\/es\/entrar-sin-derecho\/","og_site_name":"Law Firm of Gianni Karmily PLLC","article_publisher":"https:\/\/www.facebook.com\/Law-Firm-of-Gianni-Karmily-PLLC-111458240497656\/","article_modified_time":"2025-01-31T19:02:34+00:00","twitter_card":"summary_large_image","twitter_site":"@LawGianni","twitter_misc":{"Tiempo de lectura":"4 minutos"},"schema":{"@context":"https:\/\/schema.org","@graph":[{"@type":"WebPage","@id":"https:\/\/giannicriminallaw.com\/es\/entrar-sin-derecho\/","url":"https:\/\/giannicriminallaw.com\/es\/entrar-sin-derecho\/","name":"Long Island Abogado de Entrar Sin Derecho | Condado de Nassau | Bufete de Abogados de Gianni Karmily, PLLC","isPartOf":{"@id":"https:\/\/giannicriminallaw.com\/#website"},"datePublished":"2020-02-27T10:28:12+00:00","dateModified":"2025-01-31T19:02:34+00:00","description":"Deje que el abogado de intrusi\u00f3n ilegal de Long Island, Gianni Karmily, trabaje incansablemente para proteger sus derechos. Llame ahora para discutir sus opciones legales.","breadcrumb":{"@id":"https:\/\/giannicriminallaw.com\/es\/entrar-sin-derecho\/#breadcrumb"},"inLanguage":"es","potentialAction":[{"@type":"ReadAction","target":["https:\/\/giannicriminallaw.com\/es\/entrar-sin-derecho\/"]}]},{"@type":"BreadcrumbList","@id":"https:\/\/giannicriminallaw.com\/es\/entrar-sin-derecho\/#breadcrumb","itemListElement":[{"@type":"ListItem","position":1,"name":"Home","item":"https:\/\/giannicriminallaw.com\/es\/"},{"@type":"ListItem","position":2,"name":"Entrar Sin Derecho"}]},{"@type":"WebSite","@id":"https:\/\/giannicriminallaw.com\/#website","url":"https:\/\/giannicriminallaw.com\/","name":"Law Firm of Gianni Karmily PLLC","description":"","publisher":{"@id":"https:\/\/giannicriminallaw.com\/#organization"},"potentialAction":[{"@type":"SearchAction","target":{"@type":"EntryPoint","urlTemplate":"https:\/\/giannicriminallaw.com\/?s={search_term_string}"},"query-input":{"@type":"PropertyValueSpecification","valueRequired":true,"valueName":"search_term_string"}}],"inLanguage":"es"},{"@type":"Organization","@id":"https:\/\/giannicriminallaw.com\/#organization","name":"Law Firm of Gianni Karmily PLLC","url":"https:\/\/giannicriminallaw.com\/","logo":{"@type":"ImageObject","inLanguage":"es","@id":"https:\/\/giannicriminallaw.com\/#\/schema\/logo\/image\/","url":"https:\/\/giannicriminallaw.com\/wp-content\/uploads\/2021\/03\/cropped-favicon.png","contentUrl":"https:\/\/giannicriminallaw.com\/wp-content\/uploads\/2021\/03\/cropped-favicon.png","width":512,"height":512,"caption":"Law Firm of Gianni Karmily PLLC"},"image":{"@id":"https:\/\/giannicriminallaw.com\/#\/schema\/logo\/image\/"},"sameAs":["https:\/\/www.facebook.com\/Law-Firm-of-Gianni-Karmily-PLLC-111458240497656\/","https:\/\/x.com\/LawGianni"]}]}},"_links":{"self":[{"href":"https:\/\/giannicriminallaw.com\/es\/wp-json\/wp\/v2\/pages\/9134","targetHints":{"allow":["GET"]}}],"collection":[{"href":"https:\/\/giannicriminallaw.com\/es\/wp-json\/wp\/v2\/pages"}],"about":[{"href":"https:\/\/giannicriminallaw.com\/es\/wp-json\/wp\/v2\/types\/page"}],"author":[{"embeddable":true,"href":"https:\/\/giannicriminallaw.com\/es\/wp-json\/wp\/v2\/users\/3"}],"replies":[{"embeddable":true,"href":"https:\/\/giannicriminallaw.com\/es\/wp-json\/wp\/v2\/comments?post=9134"}],"version-history":[{"count":0,"href":"https:\/\/giannicriminallaw.com\/es\/wp-json\/wp\/v2\/pages\/9134\/revisions"}],"wp:attachment":[{"href":"https:\/\/giannicriminallaw.com\/es\/wp-json\/wp\/v2\/media?parent=9134"}],"curies":[{"name":"wp","href":"https:\/\/api.w.org\/{rel}","templated":true}]}}