{"id":9132,"date":"2020-02-27T10:21:18","date_gmt":"2020-02-27T10:21:18","guid":{"rendered":"https:\/\/giannikarmily.wpenginepowered.com\/resistiendo-el-arresto\/"},"modified":"2025-01-31T19:03:18","modified_gmt":"2025-01-31T19:03:18","slug":"resistiendo-el-arresto","status":"publish","type":"page","link":"https:\/\/giannicriminallaw.com\/es\/resistiendo-el-arresto\/","title":{"rendered":"Resistiendo el arresto"},"content":{"rendered":"<h1>Defensa de resistencia al arresto en el condado de Nassau<\/h1>\n<p><iframe src=\"https:\/\/www.youtube.com\/embed\/6PJCXsemiqA\" width=\"587\" height=\"330\" frameborder=\"0\" allowfullscreen=\"allowfullscreen\"><\/iframe><\/p>\n<p>Usted tiene ciertos derechos cuando trata con agentes de la ley. Por ejemplo, no est\u00e1 obligado a responder las preguntas de un oficial de la ley. Sin embargo, la ley no le da derecho a resistirse a un arresto ni a huir de un oficial que est\u00e1 tratando de detenerlo. De hecho, ambos actos son delitos penales que conllevan penas graves.<\/p>\n<p>Si lo acusan de resistirse al arresto o de huir ilegalmente de un oficial de polic\u00eda, hable de inmediato con el <a href=\"https:\/\/giannicriminallaw.com\/es\/\">abogado de defensa criminal experimentado Gianni Karmily<\/a>. Gianni comenzar\u00e1 inmediatamente a proteger sus derechos, pelear\u00e1 los cargos y trabajar\u00e1 para asegurar su libertad.<\/p>\n<h2>\u00bfQu\u00e9 es resistirse al arresto?<\/h2>\n<p>Puede enfrentar cargos penales por resistirse al arresto cuando evita o intenta evitar intencionalmente que un oficial lo arreste a usted o a otra persona. Esta es una definici\u00f3n amplia de resistencia al arresto, lo que significa que cualquier acto que se interprete como un intento de evitar el arresto puede dar lugar a cargos penales. Por ejemplo, algo tan insignificante como agitar los brazos en el aire para dificultar que un oficial lo espose podr\u00eda verse como una resistencia al arresto.<\/p>\n<h2>\u00bfQu\u00e9 es huir ilegalmente de un oficial de polic\u00eda en Long Island?<\/h2>\n<p>Hay tres grados de huida ilegal de un oficial de polic\u00eda. Puede enfrentar cargos penales por huir ilegalmente de un oficial de polic\u00eda en tercer grado si intenta evitar una parada de tr\u00e1fico alej\u00e1ndose a alta velocidad o conduciendo de manera imprudente.<\/p>\n<p>Este cargo penal se eleva a huida ilegal en segundo grado si el oficial o un tercero resultan gravemente heridos como resultado de su intento de evitar una parada de tr\u00e1fico. Si el oficial o un tercero muere como resultado de sus acciones, enfrentar\u00e1 una huida ilegal de un oficial de polic\u00eda en primer grado.<\/p>\n<p>Por ejemplo, si un oficial enciende las luces para indicar que debe detenerse, puede enfrentar cargos de tercer grado si conduce imprudentemente sobre una mediana y da la vuelta para evitar la parada de tr\u00e1fico. Tambi\u00e9n puede enfrentar cargos de tercer grado si conduce a m\u00e1s de 25 mph por encima del l\u00edmite de velocidad en un esfuerzo por evitar una parada de tr\u00e1fico. Si alguien resulta herido mientras huye, se convierte en un delito de segundo grado, y si alguien muere, se convierte en un delito de primer grado.<\/p>\n<h2>\u00bfCu\u00e1les son las sanciones por huir ilegalmente y resistirse al arresto?<\/h2>\n<p>Tanto resistirse al arresto como huir ilegalmente de un oficial de polic\u00eda son delitos graves. Resistirse al arresto es un delito menor de clase A, que se castiga con hasta un a\u00f1o de c\u00e1rcel o tres a\u00f1os de libertad condicional adem\u00e1s de $1,000 en multas.<\/p>\n<p>Las sanciones por huida ilegal depender\u00e1n del nivel de infracci\u00f3n. La huida ilegal en tercer grado es un delito menor de clase A, por lo que conlleva las mismas penas que resistirse al arresto. La huida ilegal en segundo grado es un delito grave de clase E, que se castiga con hasta cuatro a\u00f1os de prisi\u00f3n y $5,000 en multas. La huida ilegal de un oficial de polic\u00eda en primer grado es un delito grave de clase D, que se castiga con hasta $5,000 en multas y siete a\u00f1os de prisi\u00f3n.<\/p>\n<h2>\u00bfC\u00f3mo puede un abogado luchar contra los cargos de resistencia al arresto o huida ilegal?<\/h2>\n<p>Hay varias formas en que Gianni Karmily puede defenderlo contra estos cargos, que incluyen:<\/p>\n<ul>\n<li>Mostrar que la polic\u00eda malinterpret\u00f3 sus acciones y que usted no intent\u00f3 resistirse al arresto intencionalmente<\/li>\n<li>Argumentando que no sab\u00eda que el oficial estaba tratando de detenerlo antes de huir<\/li>\n<li>Demostrar que no condujo imprudentemente o a m\u00e1s de 25 mph por encima del l\u00edmite de velocidad cuando hu\u00eda<\/li>\n<\/ul>\n<p>La estrategia de defensa que se utilice depender\u00e1 de los detalles de su caso. Deje que Gianni Karmily revise su caso para determinar la forma m\u00e1s efectiva de vencer sus cargos de resistencia al arresto o huida ilegal. Trabajar\u00e1 incansablemente para ayudarlo a limpiar su nombre o reducir o desestimar sus cargos.<\/p>\n<h2>Cont\u00e1ctenos ahora para programar su evaluaci\u00f3n del caso con nuestro abogado de resistencia al arresto en el condado de Nassau<\/h2>\n<p>\u00bfHa sido acusado de resistirse al arresto o de huir ilegalmente de un oficial de polic\u00eda? No cometa el error de tomar estos cargos a la ligera. Deje que el abogado que se resiste al arresto, Gianni Karmily, est\u00e9 a su lado y proteja sus derechos durante los procedimientos judiciales penales. Con su ayuda, puede alcanzar el mejor resultado posible en su caso. Para programar una evaluaci\u00f3n confidencial de su caso con el Bufete de Abogados de Gianni Karmily, PLLC, llame a nuestra oficina de Great Neck al <a href=\"tel:5166303405\">(516) 630-3405<\/a> o a nuestra oficina de Hempstead al <a href=\"tel:5166144228\">(516) 614-4228<\/a>.<\/p>\n","protected":false},"excerpt":{"rendered":"<p>Defensa de resistencia al arresto en el condado de Nassau Usted tiene ciertos derechos cuando trata con agentes de la ley. Por ejemplo, no est\u00e1 obligado a responder las preguntas de un oficial de la ley. Sin embargo, la ley no le da derecho a resistirse a un arresto ni a huir de un oficial [&hellip;]<\/p>\n","protected":false},"author":3,"featured_media":0,"parent":0,"menu_order":0,"comment_status":"closed","ping_status":"closed","template":"","meta":{"_genesis_hide_title":false,"_genesis_hide_breadcrumbs":false,"_genesis_hide_singular_image":false,"_genesis_hide_footer_widgets":false,"_genesis_custom_body_class":"inner-page","_genesis_custom_post_class":"","_genesis_layout":"","footnotes":""},"class_list":{"0":"post-9132","1":"page","2":"type-page","3":"status-publish","5":"entry"},"yoast_head":"<!-- This site is optimized with the Yoast SEO plugin v27.3 - https:\/\/yoast.com\/product\/yoast-seo-wordpress\/ -->\n<title>Long Island Abogado de Resistiendo el Arresto | Condado de Nassau | Bufete de Abogados de Gianni Karmily, PLLC<\/title>\n<meta name=\"description\" content=\"Discuta sus opciones legales con el abogado de resistencia al arresto de Long Island, Gianni Karmily, hoy. Llame ahora para programar una evaluaci\u00f3n de su caso.\" \/>\n<meta name=\"robots\" content=\"index, follow, max-snippet:-1, max-image-preview:large, max-video-preview:-1\" \/>\n<link rel=\"canonical\" href=\"https:\/\/giannicriminallaw.com\/es\/resistiendo-el-arresto\/\" \/>\n<meta property=\"og:locale\" content=\"es_ES\" \/>\n<meta property=\"og:type\" content=\"article\" \/>\n<meta property=\"og:title\" content=\"Long Island Abogado de Resistiendo el Arresto | Condado de Nassau | Bufete de Abogados de Gianni Karmily, PLLC\" \/>\n<meta property=\"og:description\" content=\"Discuta sus opciones legales con el abogado de resistencia al arresto de Long Island, Gianni Karmily, hoy. Llame ahora para programar una evaluaci\u00f3n de su caso.\" \/>\n<meta property=\"og:url\" content=\"https:\/\/giannicriminallaw.com\/es\/resistiendo-el-arresto\/\" \/>\n<meta property=\"og:site_name\" content=\"Law Firm of Gianni Karmily PLLC\" \/>\n<meta property=\"article:publisher\" content=\"https:\/\/www.facebook.com\/Law-Firm-of-Gianni-Karmily-PLLC-111458240497656\/\" \/>\n<meta property=\"article:modified_time\" content=\"2025-01-31T19:03:18+00:00\" \/>\n<meta name=\"twitter:card\" content=\"summary_large_image\" \/>\n<meta name=\"twitter:site\" content=\"@LawGianni\" \/>\n<meta name=\"twitter:label1\" content=\"Tiempo de lectura\" \/>\n\t<meta name=\"twitter:data1\" content=\"4 minutos\" \/>\n<script type=\"application\/ld+json\" class=\"yoast-schema-graph\">{\"@context\":\"https:\\\/\\\/schema.org\",\"@graph\":[{\"@type\":\"WebPage\",\"@id\":\"https:\\\/\\\/giannicriminallaw.com\\\/es\\\/resistiendo-el-arresto\\\/\",\"url\":\"https:\\\/\\\/giannicriminallaw.com\\\/es\\\/resistiendo-el-arresto\\\/\",\"name\":\"Long Island Abogado de Resistiendo el Arresto | Condado de Nassau | Bufete de Abogados de Gianni Karmily, PLLC\",\"isPartOf\":{\"@id\":\"https:\\\/\\\/giannicriminallaw.com\\\/#website\"},\"datePublished\":\"2020-02-27T10:21:18+00:00\",\"dateModified\":\"2025-01-31T19:03:18+00:00\",\"description\":\"Discuta sus opciones legales con el abogado de resistencia al arresto de Long Island, Gianni Karmily, hoy. Llame ahora para programar una evaluaci\u00f3n de su caso.\",\"breadcrumb\":{\"@id\":\"https:\\\/\\\/giannicriminallaw.com\\\/es\\\/resistiendo-el-arresto\\\/#breadcrumb\"},\"inLanguage\":\"es\",\"potentialAction\":[{\"@type\":\"ReadAction\",\"target\":[\"https:\\\/\\\/giannicriminallaw.com\\\/es\\\/resistiendo-el-arresto\\\/\"]}]},{\"@type\":\"BreadcrumbList\",\"@id\":\"https:\\\/\\\/giannicriminallaw.com\\\/es\\\/resistiendo-el-arresto\\\/#breadcrumb\",\"itemListElement\":[{\"@type\":\"ListItem\",\"position\":1,\"name\":\"Home\",\"item\":\"https:\\\/\\\/giannicriminallaw.com\\\/es\\\/\"},{\"@type\":\"ListItem\",\"position\":2,\"name\":\"Resistiendo el arresto\"}]},{\"@type\":\"WebSite\",\"@id\":\"https:\\\/\\\/giannicriminallaw.com\\\/#website\",\"url\":\"https:\\\/\\\/giannicriminallaw.com\\\/\",\"name\":\"Law Firm of Gianni Karmily PLLC\",\"description\":\"\",\"publisher\":{\"@id\":\"https:\\\/\\\/giannicriminallaw.com\\\/#organization\"},\"potentialAction\":[{\"@type\":\"SearchAction\",\"target\":{\"@type\":\"EntryPoint\",\"urlTemplate\":\"https:\\\/\\\/giannicriminallaw.com\\\/?s={search_term_string}\"},\"query-input\":{\"@type\":\"PropertyValueSpecification\",\"valueRequired\":true,\"valueName\":\"search_term_string\"}}],\"inLanguage\":\"es\"},{\"@type\":\"Organization\",\"@id\":\"https:\\\/\\\/giannicriminallaw.com\\\/#organization\",\"name\":\"Law Firm of Gianni Karmily PLLC\",\"url\":\"https:\\\/\\\/giannicriminallaw.com\\\/\",\"logo\":{\"@type\":\"ImageObject\",\"inLanguage\":\"es\",\"@id\":\"https:\\\/\\\/giannicriminallaw.com\\\/#\\\/schema\\\/logo\\\/image\\\/\",\"url\":\"https:\\\/\\\/giannicriminallaw.com\\\/wp-content\\\/uploads\\\/2021\\\/03\\\/cropped-favicon.png\",\"contentUrl\":\"https:\\\/\\\/giannicriminallaw.com\\\/wp-content\\\/uploads\\\/2021\\\/03\\\/cropped-favicon.png\",\"width\":512,\"height\":512,\"caption\":\"Law Firm of Gianni Karmily PLLC\"},\"image\":{\"@id\":\"https:\\\/\\\/giannicriminallaw.com\\\/#\\\/schema\\\/logo\\\/image\\\/\"},\"sameAs\":[\"https:\\\/\\\/www.facebook.com\\\/Law-Firm-of-Gianni-Karmily-PLLC-111458240497656\\\/\",\"https:\\\/\\\/x.com\\\/LawGianni\"]}]}<\/script>\n<!-- \/ Yoast SEO plugin. -->","yoast_head_json":{"title":"Long Island Abogado de Resistiendo el Arresto | Condado de Nassau | Bufete de Abogados de Gianni Karmily, PLLC","description":"Discuta sus opciones legales con el abogado de resistencia al arresto de Long Island, Gianni Karmily, hoy. Llame ahora para programar una evaluaci\u00f3n de su caso.","robots":{"index":"index","follow":"follow","max-snippet":"max-snippet:-1","max-image-preview":"max-image-preview:large","max-video-preview":"max-video-preview:-1"},"canonical":"https:\/\/giannicriminallaw.com\/es\/resistiendo-el-arresto\/","og_locale":"es_ES","og_type":"article","og_title":"Long Island Abogado de Resistiendo el Arresto | Condado de Nassau | Bufete de Abogados de Gianni Karmily, PLLC","og_description":"Discuta sus opciones legales con el abogado de resistencia al arresto de Long Island, Gianni Karmily, hoy. Llame ahora para programar una evaluaci\u00f3n de su caso.","og_url":"https:\/\/giannicriminallaw.com\/es\/resistiendo-el-arresto\/","og_site_name":"Law Firm of Gianni Karmily PLLC","article_publisher":"https:\/\/www.facebook.com\/Law-Firm-of-Gianni-Karmily-PLLC-111458240497656\/","article_modified_time":"2025-01-31T19:03:18+00:00","twitter_card":"summary_large_image","twitter_site":"@LawGianni","twitter_misc":{"Tiempo de lectura":"4 minutos"},"schema":{"@context":"https:\/\/schema.org","@graph":[{"@type":"WebPage","@id":"https:\/\/giannicriminallaw.com\/es\/resistiendo-el-arresto\/","url":"https:\/\/giannicriminallaw.com\/es\/resistiendo-el-arresto\/","name":"Long Island Abogado de Resistiendo el Arresto | Condado de Nassau | Bufete de Abogados de Gianni Karmily, PLLC","isPartOf":{"@id":"https:\/\/giannicriminallaw.com\/#website"},"datePublished":"2020-02-27T10:21:18+00:00","dateModified":"2025-01-31T19:03:18+00:00","description":"Discuta sus opciones legales con el abogado de resistencia al arresto de Long Island, Gianni Karmily, hoy. Llame ahora para programar una evaluaci\u00f3n de su caso.","breadcrumb":{"@id":"https:\/\/giannicriminallaw.com\/es\/resistiendo-el-arresto\/#breadcrumb"},"inLanguage":"es","potentialAction":[{"@type":"ReadAction","target":["https:\/\/giannicriminallaw.com\/es\/resistiendo-el-arresto\/"]}]},{"@type":"BreadcrumbList","@id":"https:\/\/giannicriminallaw.com\/es\/resistiendo-el-arresto\/#breadcrumb","itemListElement":[{"@type":"ListItem","position":1,"name":"Home","item":"https:\/\/giannicriminallaw.com\/es\/"},{"@type":"ListItem","position":2,"name":"Resistiendo el arresto"}]},{"@type":"WebSite","@id":"https:\/\/giannicriminallaw.com\/#website","url":"https:\/\/giannicriminallaw.com\/","name":"Law Firm of Gianni Karmily PLLC","description":"","publisher":{"@id":"https:\/\/giannicriminallaw.com\/#organization"},"potentialAction":[{"@type":"SearchAction","target":{"@type":"EntryPoint","urlTemplate":"https:\/\/giannicriminallaw.com\/?s={search_term_string}"},"query-input":{"@type":"PropertyValueSpecification","valueRequired":true,"valueName":"search_term_string"}}],"inLanguage":"es"},{"@type":"Organization","@id":"https:\/\/giannicriminallaw.com\/#organization","name":"Law Firm of Gianni Karmily PLLC","url":"https:\/\/giannicriminallaw.com\/","logo":{"@type":"ImageObject","inLanguage":"es","@id":"https:\/\/giannicriminallaw.com\/#\/schema\/logo\/image\/","url":"https:\/\/giannicriminallaw.com\/wp-content\/uploads\/2021\/03\/cropped-favicon.png","contentUrl":"https:\/\/giannicriminallaw.com\/wp-content\/uploads\/2021\/03\/cropped-favicon.png","width":512,"height":512,"caption":"Law Firm of Gianni Karmily PLLC"},"image":{"@id":"https:\/\/giannicriminallaw.com\/#\/schema\/logo\/image\/"},"sameAs":["https:\/\/www.facebook.com\/Law-Firm-of-Gianni-Karmily-PLLC-111458240497656\/","https:\/\/x.com\/LawGianni"]}]}},"_links":{"self":[{"href":"https:\/\/giannicriminallaw.com\/es\/wp-json\/wp\/v2\/pages\/9132","targetHints":{"allow":["GET"]}}],"collection":[{"href":"https:\/\/giannicriminallaw.com\/es\/wp-json\/wp\/v2\/pages"}],"about":[{"href":"https:\/\/giannicriminallaw.com\/es\/wp-json\/wp\/v2\/types\/page"}],"author":[{"embeddable":true,"href":"https:\/\/giannicriminallaw.com\/es\/wp-json\/wp\/v2\/users\/3"}],"replies":[{"embeddable":true,"href":"https:\/\/giannicriminallaw.com\/es\/wp-json\/wp\/v2\/comments?post=9132"}],"version-history":[{"count":0,"href":"https:\/\/giannicriminallaw.com\/es\/wp-json\/wp\/v2\/pages\/9132\/revisions"}],"wp:attachment":[{"href":"https:\/\/giannicriminallaw.com\/es\/wp-json\/wp\/v2\/media?parent=9132"}],"curies":[{"name":"wp","href":"https:\/\/api.w.org\/{rel}","templated":true}]}}