{"id":9034,"date":"2022-03-05T08:19:36","date_gmt":"2022-03-05T08:19:36","guid":{"rendered":"https:\/\/giannikarmily.wpenginepowered.com\/estrangulacion\/"},"modified":"2025-01-31T19:03:08","modified_gmt":"2025-01-31T19:03:08","slug":"estrangulacion","status":"publish","type":"page","link":"https:\/\/giannicriminallaw.com\/es\/estrangulacion\/","title":{"rendered":"Estrangulaci\u00f3n"},"content":{"rendered":"<h1><strong>Abogado Defendiendo a Clientes Acusados de Estrangulaci\u00f3n en Long Island<\/strong><\/h1>\n<p><iframe title=\"YouTube video player\" src=\"https:\/\/www.youtube.com\/embed\/cH4qNe1mAi0\" width=\"414\" height=\"232\" frameborder=\"0\" allowfullscreen=\"allowfullscreen\"><\/iframe><span style=\"font-weight: 400;\">En Long Island, si lo arrestan y lo acusan de estrangulaci\u00f3n, haga arreglos de inmediato para hablar con un abogado defensor en estrangulaci\u00f3n en el Condado de Nassau de Law Firm of Gianni Karmily. La estrangulaci\u00f3n es un delito grave, por lo que debe contar con la ayuda de un abogado defensor lo antes posible.<\/span><\/p>\n<p><span style=\"font-weight: 400;\">La estrangulaci\u00f3n es interferir con la respiraci\u00f3n de otra persona al aplicar presi\u00f3n en el cuello o la garganta de esa persona. Un cargo de estrangulaci\u00f3n a menudo surge de una situaci\u00f3n de violencia dom\u00e9stica, y es muy probable que se emita una Orden de Protecci\u00f3n contra el acusado mientras su caso est\u00e1 pendiente.<\/span><\/p>\n<p><span style=\"font-weight: 400;\">\u201cLa estrangulaci\u00f3n es una t\u00e1ctica de poder y control que es muy com\u00fan en escenarios de violencia dom\u00e9stica\u201d, seg\u00fan Amy Barash, profesora adjunta de la Facultad de Derecho de Fordham, ex directora ejecutiva de la Oficina para la Prevenci\u00f3n de la Violencia Dom\u00e9stica del Estado de Nueva York.<\/span><\/p>\n<h2><b>\u00bfCu\u00e1les Son los Detalles de un Cargo de Estrangulaci\u00f3n?<\/b><\/h2>\n<p><span style=\"font-weight: 400;\">En 2010, los legisladores de Nueva York promulgaron una ley que defin\u00eda el delito de estrangulaci\u00f3n y establec\u00eda las penas para una condena por estrangulaci\u00f3n.<\/span><\/p>\n<p><span style=\"font-weight: 400;\">Usted puede ser acusado de estrangulaci\u00f3n en primer o segundo grado si aplica presi\u00f3n en la garganta o cuello de otra persona o bloquea la boca o nariz de alguien para afectar la respiraci\u00f3n normal o la circulaci\u00f3n sangu\u00ednea de esa persona.<\/span><\/p>\n<p><span style=\"font-weight: 400;\">Si la v\u00edctima cae en estupor, pierde el conocimiento o sufre una lesi\u00f3n f\u00edsica, el cargo ser\u00e1 estrangulaci\u00f3n en segundo grado.<\/span><\/p>\n<p><span style=\"font-weight: 400;\">Si la v\u00edctima sufre una lesi\u00f3n f\u00edsica \u201cgrave\u201d, el cargo es estrangulaci\u00f3n en primer grado. La ley de Nueva York define con precisi\u00f3n lo que se considera una lesi\u00f3n f\u00edsica grave. Es una lesi\u00f3n que causa una desfiguraci\u00f3n grave o prolongada o crea un riesgo sustancial de muerte.<\/span><\/p>\n<h2><b>\u00bfCu\u00e1les Son las Sanciones por una Condena por Estrangulaci\u00f3n?<\/b><\/h2>\n<p><span style=\"font-weight: 400;\">La estrangulaci\u00f3n en primer grado, un delito grave de clase C, y la estrangulaci\u00f3n en segundo grado, un delito grave de clase D, se consideran delitos graves violentos. Una condena por un delito grave violento puede resultar en la imposici\u00f3n por parte de un tribunal de una sentencia de prisi\u00f3n y\/o una sentencia de libertad condicional.<\/span><\/p>\n<p><span style=\"font-weight: 400;\">Si es una primera ofensa, el ser condenado establecer\u00e1 antecedentes penales, lo que puede dificultar la b\u00fasqueda de empleo o vivienda, la obtenci\u00f3n de un pr\u00e9stamo, o calificar para beneficios p\u00fablicos. Las consecuencias de una condena por un delito grave violento pueden afectarlo por el resto de su vida.<\/span><\/p>\n<p><span style=\"font-weight: 400;\">Si tiene una licencia profesional en Nueva York, una condena por un delito grave desencadenar\u00e1 una acci\u00f3n disciplinaria por parte de la junta de licencias profesionales y la posible revocaci\u00f3n de su licencia. Si no es ciudadano de los Estados Unidos, una condena por un delito grave puede dar lugar a un proceso de deportaci\u00f3n.<\/span><\/p>\n<h2><b>\u00bfC\u00f3mo Manejar\u00e1 el Abogado Gianni Karmily su Caso de Estrangulaci\u00f3n?<\/b><\/h2>\n<p><span style=\"font-weight: 400;\">Para ganar una condena por estrangulaci\u00f3n en primer grado, un fiscal de Nueva York debe demostrar que la v\u00edctima sufri\u00f3 una lesi\u00f3n f\u00edsica grave. Para condenarlo por estrangulaci\u00f3n en segundo grado, el estado debe demostrar que la v\u00edctima perdi\u00f3 el conocimiento o sufri\u00f3 lesiones f\u00edsicas.<\/span><\/p>\n<p><span style=\"font-weight: 400;\">Si lo acusan de estrangulaci\u00f3n en primer o segundo grado, comun\u00edquese de inmediato con el abogado en defensa penal en el Condado de Nassau, Gianni Karmil. \u00c9l investigar\u00e1 el cargo, determinar\u00e1 lo que realmente sucedi\u00f3, proteger\u00e1 sus derechos, y luchar\u00e1 agresivamente por la justicia que merece.<\/span><\/p>\n<h2><b>\u00bfQu\u00e9 Pasa si el Cargo en su Contra es Falso?<\/b><\/h2>\n<p><span style=\"font-weight: 400;\">Los jueces, los abogados defensores, y los abogados en derecho familiar de Long Island habitualmente se topan con acusaciones falsas de violencia dom\u00e9stica. Si el cargo en su contra es falso, el abogado defensor en estrangulaci\u00f3n de Long Island, Gianni Karmily, usar\u00e1 todas las herramientas legales para descubrir la verdad.<\/span><\/p>\n<p><span style=\"font-weight: 400;\">Si no se puede desestimar un cargo de estrangulaci\u00f3n, tiene el derecho constitucional fundamental a un juicio con jurado en el que el abogado Gianni Karmily le explicar\u00e1 al jurado lo que realmente sucedi\u00f3 y le dir\u00e1 a los miembros del jurado por qu\u00e9 deber\u00edan absolverlo.<\/span><\/p>\n<p><span style=\"font-weight: 400;\">Si la evidencia en su contra por estrangulaci\u00f3n es abrumadora y es probable que sea emita una condena, el abogado Gianni Karmily puede intentar negociar un acuerdo de culpabilidad en su nombre. En la mayor\u00eda de los acuerdos de culpabilidad, el acusado se declara culpable de un cargo menor y cumple una sentencia alternativa o reducida<\/span><\/p>\n<h2><b>\u00bfQu\u00e9 Debe Saber Sobre Law Firm of Gianni Karmily?<\/b><\/h2>\n<p><span style=\"font-weight: 400;\">Law Firm of Gianni Karmily representa a individuos que han sido acusados de estrangulaci\u00f3n, obstrucci\u00f3n criminal de la respiraci\u00f3n o circulaci\u00f3n sangu\u00ednea, y otros delitos de violencia dom\u00e9stica.<\/span><\/p>\n<p><a href=\"\/es\/\">El abogado en defensa penal en el Condado de Nassau, Gianni Karmily<\/a>, examinar\u00e1 la evidencia en su caso de estrangulaci\u00f3n, descubrir\u00e1 los hechos, y ofrecer\u00e1 una defensa agresiva y efectiva a la vez que protege sus derechos legales y lleva su caso de estrangulaci\u00f3n al mejor resultado posible.<\/p>\n<p><span style=\"font-weight: 400;\">Nuestras oficinas legales est\u00e1n ubicadas en Great Neck y Hempstead. Para programar una evaluaci\u00f3n confidencial de su caso con el Bufete de Abogados de Gianni Karmily, PLLC, llame a nuestra oficina de Great Neck al <a href=\"tel:5166303405\">(516) 630-3405<\/a> o a nuestra oficina de Hempstead al <a href=\"tel:5166144228\">(516) 614-4228<\/a>.<\/span><\/p>\n","protected":false},"excerpt":{"rendered":"<p>Abogado Defendiendo a Clientes Acusados de Estrangulaci\u00f3n en Long Island En Long Island, si lo arrestan y lo acusan de estrangulaci\u00f3n, haga arreglos de inmediato para hablar con un abogado defensor en estrangulaci\u00f3n en el Condado de Nassau de Law Firm of Gianni Karmily. La estrangulaci\u00f3n es un delito grave, por lo que debe contar [&hellip;]<\/p>\n","protected":false},"author":3,"featured_media":0,"parent":0,"menu_order":0,"comment_status":"closed","ping_status":"closed","template":"","meta":{"_genesis_hide_title":false,"_genesis_hide_breadcrumbs":false,"_genesis_hide_singular_image":false,"_genesis_hide_footer_widgets":false,"_genesis_custom_body_class":"inner-page","_genesis_custom_post_class":"","_genesis_layout":"","footnotes":""},"class_list":{"0":"post-9034","1":"page","2":"type-page","3":"status-publish","5":"entry"},"yoast_head":"<!-- This site is optimized with the Yoast SEO plugin v27.4 - https:\/\/yoast.com\/product\/yoast-seo-wordpress\/ -->\n<title>Long Island Abogado de Estrangulaci\u00f3n | Condado de Nassau | Bufete de Abogados de Gianni Karmily, PLLC<\/title>\n<meta name=\"description\" content=\"\u00bfHa sido acusado de estrangulaci\u00f3n? Comun\u00edquese de inmediato con un abogado defensor en estrangulaci\u00f3n de Long Island de Law Firm of Gianni Karmily.\" \/>\n<meta name=\"robots\" content=\"index, follow, max-snippet:-1, max-image-preview:large, max-video-preview:-1\" \/>\n<link rel=\"canonical\" href=\"https:\/\/giannicriminallaw.com\/es\/estrangulacion\/\" \/>\n<meta property=\"og:locale\" content=\"es_ES\" \/>\n<meta property=\"og:type\" content=\"article\" \/>\n<meta property=\"og:title\" content=\"Long Island Abogado de Estrangulaci\u00f3n | Condado de Nassau | Bufete de Abogados de Gianni Karmily, PLLC\" \/>\n<meta property=\"og:description\" content=\"\u00bfHa sido acusado de estrangulaci\u00f3n? Comun\u00edquese de inmediato con un abogado defensor en estrangulaci\u00f3n de Long Island de Law Firm of Gianni Karmily.\" \/>\n<meta property=\"og:url\" content=\"https:\/\/giannicriminallaw.com\/es\/estrangulacion\/\" \/>\n<meta property=\"og:site_name\" content=\"Law Firm of Gianni Karmily PLLC\" \/>\n<meta property=\"article:publisher\" content=\"https:\/\/www.facebook.com\/Law-Firm-of-Gianni-Karmily-PLLC-111458240497656\/\" \/>\n<meta property=\"article:modified_time\" content=\"2025-01-31T19:03:08+00:00\" \/>\n<meta name=\"twitter:card\" content=\"summary_large_image\" \/>\n<meta name=\"twitter:site\" content=\"@LawGianni\" \/>\n<meta name=\"twitter:label1\" content=\"Tiempo de lectura\" \/>\n\t<meta name=\"twitter:data1\" content=\"4 minutos\" \/>\n<script type=\"application\/ld+json\" class=\"yoast-schema-graph\">{\"@context\":\"https:\\\/\\\/schema.org\",\"@graph\":[{\"@type\":\"WebPage\",\"@id\":\"https:\\\/\\\/giannicriminallaw.com\\\/es\\\/estrangulacion\\\/\",\"url\":\"https:\\\/\\\/giannicriminallaw.com\\\/es\\\/estrangulacion\\\/\",\"name\":\"Long Island Abogado de Estrangulaci\u00f3n | Condado de Nassau | Bufete de Abogados de Gianni Karmily, PLLC\",\"isPartOf\":{\"@id\":\"https:\\\/\\\/giannicriminallaw.com\\\/#website\"},\"datePublished\":\"2022-03-05T08:19:36+00:00\",\"dateModified\":\"2025-01-31T19:03:08+00:00\",\"description\":\"\u00bfHa sido acusado de estrangulaci\u00f3n? Comun\u00edquese de inmediato con un abogado defensor en estrangulaci\u00f3n de Long Island de Law Firm of Gianni Karmily.\",\"breadcrumb\":{\"@id\":\"https:\\\/\\\/giannicriminallaw.com\\\/es\\\/estrangulacion\\\/#breadcrumb\"},\"inLanguage\":\"es\",\"potentialAction\":[{\"@type\":\"ReadAction\",\"target\":[\"https:\\\/\\\/giannicriminallaw.com\\\/es\\\/estrangulacion\\\/\"]}]},{\"@type\":\"BreadcrumbList\",\"@id\":\"https:\\\/\\\/giannicriminallaw.com\\\/es\\\/estrangulacion\\\/#breadcrumb\",\"itemListElement\":[{\"@type\":\"ListItem\",\"position\":1,\"name\":\"Home\",\"item\":\"https:\\\/\\\/giannicriminallaw.com\\\/es\\\/\"},{\"@type\":\"ListItem\",\"position\":2,\"name\":\"Estrangulaci\u00f3n\"}]},{\"@type\":\"WebSite\",\"@id\":\"https:\\\/\\\/giannicriminallaw.com\\\/#website\",\"url\":\"https:\\\/\\\/giannicriminallaw.com\\\/\",\"name\":\"Law Firm of Gianni Karmily PLLC\",\"description\":\"\",\"publisher\":{\"@id\":\"https:\\\/\\\/giannicriminallaw.com\\\/#organization\"},\"potentialAction\":[{\"@type\":\"SearchAction\",\"target\":{\"@type\":\"EntryPoint\",\"urlTemplate\":\"https:\\\/\\\/giannicriminallaw.com\\\/?s={search_term_string}\"},\"query-input\":{\"@type\":\"PropertyValueSpecification\",\"valueRequired\":true,\"valueName\":\"search_term_string\"}}],\"inLanguage\":\"es\"},{\"@type\":\"Organization\",\"@id\":\"https:\\\/\\\/giannicriminallaw.com\\\/#organization\",\"name\":\"Law Firm of Gianni Karmily PLLC\",\"url\":\"https:\\\/\\\/giannicriminallaw.com\\\/\",\"logo\":{\"@type\":\"ImageObject\",\"inLanguage\":\"es\",\"@id\":\"https:\\\/\\\/giannicriminallaw.com\\\/#\\\/schema\\\/logo\\\/image\\\/\",\"url\":\"https:\\\/\\\/giannicriminallaw.com\\\/wp-content\\\/uploads\\\/2021\\\/03\\\/cropped-favicon.png\",\"contentUrl\":\"https:\\\/\\\/giannicriminallaw.com\\\/wp-content\\\/uploads\\\/2021\\\/03\\\/cropped-favicon.png\",\"width\":512,\"height\":512,\"caption\":\"Law Firm of Gianni Karmily PLLC\"},\"image\":{\"@id\":\"https:\\\/\\\/giannicriminallaw.com\\\/#\\\/schema\\\/logo\\\/image\\\/\"},\"sameAs\":[\"https:\\\/\\\/www.facebook.com\\\/Law-Firm-of-Gianni-Karmily-PLLC-111458240497656\\\/\",\"https:\\\/\\\/x.com\\\/LawGianni\"]}]}<\/script>\n<!-- \/ Yoast SEO plugin. -->","yoast_head_json":{"title":"Long Island Abogado de Estrangulaci\u00f3n | Condado de Nassau | Bufete de Abogados de Gianni Karmily, PLLC","description":"\u00bfHa sido acusado de estrangulaci\u00f3n? Comun\u00edquese de inmediato con un abogado defensor en estrangulaci\u00f3n de Long Island de Law Firm of Gianni Karmily.","robots":{"index":"index","follow":"follow","max-snippet":"max-snippet:-1","max-image-preview":"max-image-preview:large","max-video-preview":"max-video-preview:-1"},"canonical":"https:\/\/giannicriminallaw.com\/es\/estrangulacion\/","og_locale":"es_ES","og_type":"article","og_title":"Long Island Abogado de Estrangulaci\u00f3n | Condado de Nassau | Bufete de Abogados de Gianni Karmily, PLLC","og_description":"\u00bfHa sido acusado de estrangulaci\u00f3n? Comun\u00edquese de inmediato con un abogado defensor en estrangulaci\u00f3n de Long Island de Law Firm of Gianni Karmily.","og_url":"https:\/\/giannicriminallaw.com\/es\/estrangulacion\/","og_site_name":"Law Firm of Gianni Karmily PLLC","article_publisher":"https:\/\/www.facebook.com\/Law-Firm-of-Gianni-Karmily-PLLC-111458240497656\/","article_modified_time":"2025-01-31T19:03:08+00:00","twitter_card":"summary_large_image","twitter_site":"@LawGianni","twitter_misc":{"Tiempo de lectura":"4 minutos"},"schema":{"@context":"https:\/\/schema.org","@graph":[{"@type":"WebPage","@id":"https:\/\/giannicriminallaw.com\/es\/estrangulacion\/","url":"https:\/\/giannicriminallaw.com\/es\/estrangulacion\/","name":"Long Island Abogado de Estrangulaci\u00f3n | Condado de Nassau | Bufete de Abogados de Gianni Karmily, PLLC","isPartOf":{"@id":"https:\/\/giannicriminallaw.com\/#website"},"datePublished":"2022-03-05T08:19:36+00:00","dateModified":"2025-01-31T19:03:08+00:00","description":"\u00bfHa sido acusado de estrangulaci\u00f3n? Comun\u00edquese de inmediato con un abogado defensor en estrangulaci\u00f3n de Long Island de Law Firm of Gianni Karmily.","breadcrumb":{"@id":"https:\/\/giannicriminallaw.com\/es\/estrangulacion\/#breadcrumb"},"inLanguage":"es","potentialAction":[{"@type":"ReadAction","target":["https:\/\/giannicriminallaw.com\/es\/estrangulacion\/"]}]},{"@type":"BreadcrumbList","@id":"https:\/\/giannicriminallaw.com\/es\/estrangulacion\/#breadcrumb","itemListElement":[{"@type":"ListItem","position":1,"name":"Home","item":"https:\/\/giannicriminallaw.com\/es\/"},{"@type":"ListItem","position":2,"name":"Estrangulaci\u00f3n"}]},{"@type":"WebSite","@id":"https:\/\/giannicriminallaw.com\/#website","url":"https:\/\/giannicriminallaw.com\/","name":"Law Firm of Gianni Karmily PLLC","description":"","publisher":{"@id":"https:\/\/giannicriminallaw.com\/#organization"},"potentialAction":[{"@type":"SearchAction","target":{"@type":"EntryPoint","urlTemplate":"https:\/\/giannicriminallaw.com\/?s={search_term_string}"},"query-input":{"@type":"PropertyValueSpecification","valueRequired":true,"valueName":"search_term_string"}}],"inLanguage":"es"},{"@type":"Organization","@id":"https:\/\/giannicriminallaw.com\/#organization","name":"Law Firm of Gianni Karmily PLLC","url":"https:\/\/giannicriminallaw.com\/","logo":{"@type":"ImageObject","inLanguage":"es","@id":"https:\/\/giannicriminallaw.com\/#\/schema\/logo\/image\/","url":"https:\/\/giannicriminallaw.com\/wp-content\/uploads\/2021\/03\/cropped-favicon.png","contentUrl":"https:\/\/giannicriminallaw.com\/wp-content\/uploads\/2021\/03\/cropped-favicon.png","width":512,"height":512,"caption":"Law Firm of Gianni Karmily PLLC"},"image":{"@id":"https:\/\/giannicriminallaw.com\/#\/schema\/logo\/image\/"},"sameAs":["https:\/\/www.facebook.com\/Law-Firm-of-Gianni-Karmily-PLLC-111458240497656\/","https:\/\/x.com\/LawGianni"]}]}},"_links":{"self":[{"href":"https:\/\/giannicriminallaw.com\/es\/wp-json\/wp\/v2\/pages\/9034","targetHints":{"allow":["GET"]}}],"collection":[{"href":"https:\/\/giannicriminallaw.com\/es\/wp-json\/wp\/v2\/pages"}],"about":[{"href":"https:\/\/giannicriminallaw.com\/es\/wp-json\/wp\/v2\/types\/page"}],"author":[{"embeddable":true,"href":"https:\/\/giannicriminallaw.com\/es\/wp-json\/wp\/v2\/users\/3"}],"replies":[{"embeddable":true,"href":"https:\/\/giannicriminallaw.com\/es\/wp-json\/wp\/v2\/comments?post=9034"}],"version-history":[{"count":0,"href":"https:\/\/giannicriminallaw.com\/es\/wp-json\/wp\/v2\/pages\/9034\/revisions"}],"wp:attachment":[{"href":"https:\/\/giannicriminallaw.com\/es\/wp-json\/wp\/v2\/media?parent=9034"}],"curies":[{"name":"wp","href":"https:\/\/api.w.org\/{rel}","templated":true}]}}