{"id":9033,"date":"2022-03-05T08:15:18","date_gmt":"2022-03-05T08:15:18","guid":{"rendered":"https:\/\/giannikarmily.wpenginepowered.com\/obstruccion-de-la-respiracion\/"},"modified":"2025-01-31T18:05:19","modified_gmt":"2025-01-31T18:05:19","slug":"obstruccion-de-la-respiracion","status":"publish","type":"page","link":"https:\/\/giannicriminallaw.com\/es\/obstruccion-de-la-respiracion\/","title":{"rendered":"Obstrucci\u00f3n de la Respiraci\u00f3n"},"content":{"rendered":"<h1><strong>Abogado Defendiendo a Clientes Acusados de Obstrucci\u00f3n de la Respiraci\u00f3n en Long Island<\/strong><\/h1>\n<p><iframe title=\"YouTube video player\" src=\"https:\/\/www.youtube.com\/embed\/cH4qNe1mAi0\" width=\"414\" height=\"232\" frameborder=\"0\" allowfullscreen=\"allowfullscreen\"><\/iframe><span style=\"font-weight: 400;\">Si lo arrestan en Long Island o en la ciudad de Nueva York y lo acusan de obstrucci\u00f3n criminal de la respiraci\u00f3n o la circulaci\u00f3n sangu\u00ednea, haga los arreglos necesarios para hablar de inmediato con un abogado defensor en obstrucci\u00f3n de la respiraci\u00f3n en el Condado de Nassau de Law Firm of Gianni Karmily.<\/span><\/p>\n<p><span style=\"font-weight: 400;\">Si intenta asfixiar, estrangular u obstruir la capacidad de respirar de otra persona en este estado, un fiscal puede acusarlo de uno de estos tres delitos:<\/span><\/p>\n<ul>\n<li style=\"font-weight: 400;\" aria-level=\"1\"><span style=\"font-weight: 400;\">Estrangulamiento en primer grado<\/span><\/li>\n<li style=\"font-weight: 400;\" aria-level=\"1\"><span style=\"font-weight: 400;\">Estrangulamiento en segundo grado<\/span><\/li>\n<li style=\"font-weight: 400;\" aria-level=\"1\"><span style=\"font-weight: 400;\">Obstrucci\u00f3n criminal de la respiraci\u00f3n o la circulaci\u00f3n sangu\u00ednea<\/span><\/li>\n<\/ul>\n<p><span style=\"font-weight: 400;\">La estrangulaci\u00f3n en primer grado y la estrangulaci\u00f3n en segundo grado son delitos graves. La obstrucci\u00f3n criminal de la respiraci\u00f3n o la circulaci\u00f3n sangu\u00ednea es un delito menor, pero el estado de Nueva York lo maneja como un delito grave.<\/span><\/p>\n<h2><b>\u00bfQu\u00e9 Constituye una Obstrucci\u00f3n Criminal de la Respiraci\u00f3n o la Circulaci\u00f3n Sangu\u00ednea?<\/b><\/h2>\n<p><span style=\"font-weight: 400;\">Puede ser acusado de obstrucci\u00f3n criminal de la respiraci\u00f3n o la circulaci\u00f3n sangu\u00ednea si aplica presi\u00f3n en la garganta o el cuello de otra persona, o si bloquea la boca o la nariz de alguien, con la intenci\u00f3n de afectar la respiraci\u00f3n normal o la circulaci\u00f3n de la sangre de la v\u00edctima.<\/span><\/p>\n<p><span style=\"font-weight: 400;\">Un cargo penal por obstrucci\u00f3n de la respiraci\u00f3n o circulaci\u00f3n sangu\u00ednea suele estar vinculado a acusaciones de violencia dom\u00e9stica, lo que significa que el tribunal puede emitir una Orden de Protecci\u00f3n contra el acusado mientras el caso penal est\u00e1 pendiente.<\/span><\/p>\n<h2><b>\u00bfQu\u00e9 Sanciones se Pueden Imponer por una Condena?<\/b><\/h2>\n<p><span style=\"font-weight: 400;\">La obstrucci\u00f3n criminal de la respiraci\u00f3n o la circulaci\u00f3n sangu\u00ednea es un delito menor de clase A, por lo que una condena puede acarrear una sentencia de c\u00e1rcel o libertad condicional. Su caso podr\u00eda decidirse en uno de varios tribunales diferentes seg\u00fan el cargo exacto, su edad, y el lugar donde vive.<\/span><\/p>\n<p><span style=\"font-weight: 400;\">Por ejemplo, su caso puede ser enviado a un tribunal especial de violencia dom\u00e9stica que se ocupe \u00fanicamente de casos de violencia dom\u00e9stica. Si se emiti\u00f3 una Orden de Protecci\u00f3n, tanto por un tribunal de familia como por un tribunal penal, su caso puede ser enviado a un tribunal de Violencia Dom\u00e9stica Integrada (IDV).<\/span><\/p>\n<h2><b>\u00bfC\u00f3mo Manejar\u00e1 su Caso el Abogado Defensor Gianni Karmily?<\/b><\/h2>\n<p><span style=\"font-weight: 400;\">Si lo acusan de obstrucci\u00f3n criminal de la respiraci\u00f3n o la circulaci\u00f3n sangu\u00ednea, comun\u00edquese de inmediato con el <\/span><a href=\"https:\/\/giannicriminallaw.com\/es\/\"><span style=\"font-weight: 400;\">abogado en defensa penal de Long Island, Gianni Karmily<\/span><\/a><span style=\"font-weight: 400;\">. \u00c9l revisar\u00e1 la evidencia, determinar\u00e1 lo que realmente sucedi\u00f3 y luchar\u00e1 de manera efectiva en su nombre para que obtenga justicia.<\/span><\/p>\n<p><span style=\"font-weight: 400;\">La intenci\u00f3n es el elemento clave en un caso criminal de obstrucci\u00f3n de la respiraci\u00f3n o circulaci\u00f3n sangu\u00ednea. Para condenarlo por el cargo, el estado debe probar \u2013 m\u00e1s all\u00e1 de toda duda razonable \u2013 que usted tuvo la intenci\u00f3n de obstruir la respiraci\u00f3n o la circulaci\u00f3n sangu\u00ednea de alguien.<\/span><\/p>\n<p><span style=\"font-weight: 400;\">Sin embargo, supongamos que su intenci\u00f3n era evitar que alguien gritara y no herir a esa persona o afectar su respiraci\u00f3n. Un abogado defensor de Long Island puede ofrecer esta defensa, con \u00e9xito, en su nombre. Otras posibles defensas incluyen:<\/span><\/p>\n<ul>\n<li style=\"font-weight: 400;\" aria-level=\"1\"><span style=\"font-weight: 400;\">Lo identificaron err\u00f3neamente y otra persona cometi\u00f3 el delito.<\/span><\/li>\n<li style=\"font-weight: 400;\" aria-level=\"1\"><span style=\"font-weight: 400;\">No se cometi\u00f3 ning\u00fan delito y la acusaci\u00f3n en su contra es falsa.<\/span><\/li>\n<\/ul>\n<h2><b>\u00bfQu\u00e9 Sucede Si Fue Falsamente Acusado?<\/b><\/h2>\n<p><span style=\"font-weight: 400;\">Las denuncias falsas de violencia dom\u00e9stica no son algo raro. Los jueces, los abogados defensores, y los abogados en divorcio de Long Island tratan con demasiadas acusaciones falsas. Si el cargo en su contra es falso, el abogado defensor en obstrucci\u00f3n de la respiraci\u00f3n de Long Island, Gianni Karmily, trabajar\u00e1 para llegar a la verdad.<\/span><\/p>\n<p><span style=\"font-weight: 400;\">Si no se puede desestimar un cargo de obstrucci\u00f3n de la respiraci\u00f3n, tiene un derecho constitucional fundamental a un juicio con jurado en el que el abogado Gianni Karmily le explicar\u00e1 al jurado lo que realmente sucedi\u00f3 y le dir\u00e1 a los miembros del jurado por qu\u00e9 deber\u00edan absolverlo.<\/span><\/p>\n<p><span style=\"font-weight: 400;\">Si la evidencia en su contra por obstrucci\u00f3n criminal de la respiraci\u00f3n o la circulaci\u00f3n sangu\u00ednea es abrumadora y es probable que lo condenen, el abogado Gianni Karmily puede intentar negociar un acuerdo de culpabilidad en su nombre. En la mayor\u00eda de los acuerdos de culpabilidad, el acusado se declara culpable de un cargo menor y cumple una sentencia alternativa o reducida.<\/span><\/p>\n<h2><b>\u00bfCu\u00e1ndo Debe Ponerse en Contacto con Law Firm of Gianni Karmily?<\/b><\/h2>\n<p><span style=\"font-weight: 400;\">Law Firm of Gianni Karmily defiende a quienes son acusados de obstrucci\u00f3n criminal de la respiraci\u00f3n o la circulaci\u00f3n sangu\u00ednea, estrangulaci\u00f3n, y otros delitos de violencia y violencia dom\u00e9stica en Long Island.<\/span><\/p>\n<p><span style=\"font-weight: 400;\">El abogado en defensa penal en el Condado de Nassau, Gianni Karmily, revisar\u00e1 la evidencia en su caso de obstrucci\u00f3n de la respiraci\u00f3n y le brindar\u00e1 una defensa agresiva y efectiva a la vez que protege sus derechos y lleva el caso a la mejor resoluci\u00f3n posible.<\/span><\/p>\n<p><span style=\"font-weight: 400;\">Gianni Karmily manejar\u00e1 su caso con diligencia, determinaci\u00f3n y compromiso. Gianni evaluar\u00e1 sus circunstancias con honestidad y le brindar\u00e1 consejos y recomendaciones legales sinceros.<\/span><\/p>\n<p><span style=\"font-weight: 400;\">Law Firm of Gianni Karmily tiene oficinas en Great Neck y Hempstead. Para programar una evaluaci\u00f3n confidencial de su caso con el Bufete de Abogados de Gianni Karmily, PLLC, llame a nuestra oficina de Great Neck al <a href=\"tel:5166303405\">(516) 630-3405<\/a> o a nuestra oficina de Hempstead al <a href=\"tel:5166144228\">(516) 614-4228<\/a>.<\/span><\/p>\n<p>&nbsp;<\/p>\n","protected":false},"excerpt":{"rendered":"<p>Abogado Defendiendo a Clientes Acusados de Obstrucci\u00f3n de la Respiraci\u00f3n en Long Island Si lo arrestan en Long Island o en la ciudad de Nueva York y lo acusan de obstrucci\u00f3n criminal de la respiraci\u00f3n o la circulaci\u00f3n sangu\u00ednea, haga los arreglos necesarios para hablar de inmediato con un abogado defensor en obstrucci\u00f3n de la [&hellip;]<\/p>\n","protected":false},"author":3,"featured_media":0,"parent":0,"menu_order":0,"comment_status":"closed","ping_status":"closed","template":"","meta":{"_genesis_hide_title":false,"_genesis_hide_breadcrumbs":false,"_genesis_hide_singular_image":false,"_genesis_hide_footer_widgets":false,"_genesis_custom_body_class":"inner-page","_genesis_custom_post_class":"","_genesis_layout":"","footnotes":""},"class_list":{"0":"post-9033","1":"page","2":"type-page","3":"status-publish","5":"entry"},"yoast_head":"<!-- This site is optimized with the Yoast SEO plugin v27.4 - https:\/\/yoast.com\/product\/yoast-seo-wordpress\/ -->\n<title>Long Island Abogado de Obstrucci\u00f3n de la Respiraci\u00f3n | Condado de Nassau | Bufete de Abogados de Gianni Karmily, PLLC<\/title>\n<meta name=\"description\" content=\"\u00bfHa sido acusado de obstrucci\u00f3n de la respiraci\u00f3n? Comun\u00edquese con un abogado defensor en obstrucci\u00f3n de la respiraci\u00f3n de Long Island de Law Firm of Gianni Karmily.\" \/>\n<meta name=\"robots\" content=\"index, follow, max-snippet:-1, max-image-preview:large, max-video-preview:-1\" \/>\n<link rel=\"canonical\" href=\"https:\/\/giannicriminallaw.com\/es\/obstruccion-de-la-respiracion\/\" \/>\n<meta property=\"og:locale\" content=\"es_ES\" \/>\n<meta property=\"og:type\" content=\"article\" \/>\n<meta property=\"og:title\" content=\"Long Island Abogado de Obstrucci\u00f3n de la Respiraci\u00f3n | Condado de Nassau | Bufete de Abogados de Gianni Karmily, PLLC\" \/>\n<meta property=\"og:description\" content=\"\u00bfHa sido acusado de obstrucci\u00f3n de la respiraci\u00f3n? Comun\u00edquese con un abogado defensor en obstrucci\u00f3n de la respiraci\u00f3n de Long Island de Law Firm of Gianni Karmily.\" \/>\n<meta property=\"og:url\" content=\"https:\/\/giannicriminallaw.com\/es\/obstruccion-de-la-respiracion\/\" \/>\n<meta property=\"og:site_name\" content=\"Law Firm of Gianni Karmily PLLC\" \/>\n<meta property=\"article:publisher\" content=\"https:\/\/www.facebook.com\/Law-Firm-of-Gianni-Karmily-PLLC-111458240497656\/\" \/>\n<meta property=\"article:modified_time\" content=\"2025-01-31T18:05:19+00:00\" \/>\n<meta name=\"twitter:card\" content=\"summary_large_image\" \/>\n<meta name=\"twitter:site\" content=\"@LawGianni\" \/>\n<meta name=\"twitter:label1\" content=\"Tiempo de lectura\" \/>\n\t<meta name=\"twitter:data1\" content=\"4 minutos\" \/>\n<script type=\"application\/ld+json\" class=\"yoast-schema-graph\">{\"@context\":\"https:\\\/\\\/schema.org\",\"@graph\":[{\"@type\":\"WebPage\",\"@id\":\"https:\\\/\\\/giannicriminallaw.com\\\/es\\\/obstruccion-de-la-respiracion\\\/\",\"url\":\"https:\\\/\\\/giannicriminallaw.com\\\/es\\\/obstruccion-de-la-respiracion\\\/\",\"name\":\"Long Island Abogado de Obstrucci\u00f3n de la Respiraci\u00f3n | Condado de Nassau | Bufete de Abogados de Gianni Karmily, PLLC\",\"isPartOf\":{\"@id\":\"https:\\\/\\\/giannicriminallaw.com\\\/#website\"},\"datePublished\":\"2022-03-05T08:15:18+00:00\",\"dateModified\":\"2025-01-31T18:05:19+00:00\",\"description\":\"\u00bfHa sido acusado de obstrucci\u00f3n de la respiraci\u00f3n? Comun\u00edquese con un abogado defensor en obstrucci\u00f3n de la respiraci\u00f3n de Long Island de Law Firm of Gianni Karmily.\",\"breadcrumb\":{\"@id\":\"https:\\\/\\\/giannicriminallaw.com\\\/es\\\/obstruccion-de-la-respiracion\\\/#breadcrumb\"},\"inLanguage\":\"es\",\"potentialAction\":[{\"@type\":\"ReadAction\",\"target\":[\"https:\\\/\\\/giannicriminallaw.com\\\/es\\\/obstruccion-de-la-respiracion\\\/\"]}]},{\"@type\":\"BreadcrumbList\",\"@id\":\"https:\\\/\\\/giannicriminallaw.com\\\/es\\\/obstruccion-de-la-respiracion\\\/#breadcrumb\",\"itemListElement\":[{\"@type\":\"ListItem\",\"position\":1,\"name\":\"Home\",\"item\":\"https:\\\/\\\/giannicriminallaw.com\\\/es\\\/\"},{\"@type\":\"ListItem\",\"position\":2,\"name\":\"Obstrucci\u00f3n de la Respiraci\u00f3n\"}]},{\"@type\":\"WebSite\",\"@id\":\"https:\\\/\\\/giannicriminallaw.com\\\/#website\",\"url\":\"https:\\\/\\\/giannicriminallaw.com\\\/\",\"name\":\"Law Firm of Gianni Karmily PLLC\",\"description\":\"\",\"publisher\":{\"@id\":\"https:\\\/\\\/giannicriminallaw.com\\\/#organization\"},\"potentialAction\":[{\"@type\":\"SearchAction\",\"target\":{\"@type\":\"EntryPoint\",\"urlTemplate\":\"https:\\\/\\\/giannicriminallaw.com\\\/?s={search_term_string}\"},\"query-input\":{\"@type\":\"PropertyValueSpecification\",\"valueRequired\":true,\"valueName\":\"search_term_string\"}}],\"inLanguage\":\"es\"},{\"@type\":\"Organization\",\"@id\":\"https:\\\/\\\/giannicriminallaw.com\\\/#organization\",\"name\":\"Law Firm of Gianni Karmily PLLC\",\"url\":\"https:\\\/\\\/giannicriminallaw.com\\\/\",\"logo\":{\"@type\":\"ImageObject\",\"inLanguage\":\"es\",\"@id\":\"https:\\\/\\\/giannicriminallaw.com\\\/#\\\/schema\\\/logo\\\/image\\\/\",\"url\":\"https:\\\/\\\/giannicriminallaw.com\\\/wp-content\\\/uploads\\\/2021\\\/03\\\/cropped-favicon.png\",\"contentUrl\":\"https:\\\/\\\/giannicriminallaw.com\\\/wp-content\\\/uploads\\\/2021\\\/03\\\/cropped-favicon.png\",\"width\":512,\"height\":512,\"caption\":\"Law Firm of Gianni Karmily PLLC\"},\"image\":{\"@id\":\"https:\\\/\\\/giannicriminallaw.com\\\/#\\\/schema\\\/logo\\\/image\\\/\"},\"sameAs\":[\"https:\\\/\\\/www.facebook.com\\\/Law-Firm-of-Gianni-Karmily-PLLC-111458240497656\\\/\",\"https:\\\/\\\/x.com\\\/LawGianni\"]}]}<\/script>\n<!-- \/ Yoast SEO plugin. -->","yoast_head_json":{"title":"Long Island Abogado de Obstrucci\u00f3n de la Respiraci\u00f3n | Condado de Nassau | Bufete de Abogados de Gianni Karmily, PLLC","description":"\u00bfHa sido acusado de obstrucci\u00f3n de la respiraci\u00f3n? Comun\u00edquese con un abogado defensor en obstrucci\u00f3n de la respiraci\u00f3n de Long Island de Law Firm of Gianni Karmily.","robots":{"index":"index","follow":"follow","max-snippet":"max-snippet:-1","max-image-preview":"max-image-preview:large","max-video-preview":"max-video-preview:-1"},"canonical":"https:\/\/giannicriminallaw.com\/es\/obstruccion-de-la-respiracion\/","og_locale":"es_ES","og_type":"article","og_title":"Long Island Abogado de Obstrucci\u00f3n de la Respiraci\u00f3n | Condado de Nassau | Bufete de Abogados de Gianni Karmily, PLLC","og_description":"\u00bfHa sido acusado de obstrucci\u00f3n de la respiraci\u00f3n? Comun\u00edquese con un abogado defensor en obstrucci\u00f3n de la respiraci\u00f3n de Long Island de Law Firm of Gianni Karmily.","og_url":"https:\/\/giannicriminallaw.com\/es\/obstruccion-de-la-respiracion\/","og_site_name":"Law Firm of Gianni Karmily PLLC","article_publisher":"https:\/\/www.facebook.com\/Law-Firm-of-Gianni-Karmily-PLLC-111458240497656\/","article_modified_time":"2025-01-31T18:05:19+00:00","twitter_card":"summary_large_image","twitter_site":"@LawGianni","twitter_misc":{"Tiempo de lectura":"4 minutos"},"schema":{"@context":"https:\/\/schema.org","@graph":[{"@type":"WebPage","@id":"https:\/\/giannicriminallaw.com\/es\/obstruccion-de-la-respiracion\/","url":"https:\/\/giannicriminallaw.com\/es\/obstruccion-de-la-respiracion\/","name":"Long Island Abogado de Obstrucci\u00f3n de la Respiraci\u00f3n | Condado de Nassau | Bufete de Abogados de Gianni Karmily, PLLC","isPartOf":{"@id":"https:\/\/giannicriminallaw.com\/#website"},"datePublished":"2022-03-05T08:15:18+00:00","dateModified":"2025-01-31T18:05:19+00:00","description":"\u00bfHa sido acusado de obstrucci\u00f3n de la respiraci\u00f3n? Comun\u00edquese con un abogado defensor en obstrucci\u00f3n de la respiraci\u00f3n de Long Island de Law Firm of Gianni Karmily.","breadcrumb":{"@id":"https:\/\/giannicriminallaw.com\/es\/obstruccion-de-la-respiracion\/#breadcrumb"},"inLanguage":"es","potentialAction":[{"@type":"ReadAction","target":["https:\/\/giannicriminallaw.com\/es\/obstruccion-de-la-respiracion\/"]}]},{"@type":"BreadcrumbList","@id":"https:\/\/giannicriminallaw.com\/es\/obstruccion-de-la-respiracion\/#breadcrumb","itemListElement":[{"@type":"ListItem","position":1,"name":"Home","item":"https:\/\/giannicriminallaw.com\/es\/"},{"@type":"ListItem","position":2,"name":"Obstrucci\u00f3n de la Respiraci\u00f3n"}]},{"@type":"WebSite","@id":"https:\/\/giannicriminallaw.com\/#website","url":"https:\/\/giannicriminallaw.com\/","name":"Law Firm of Gianni Karmily PLLC","description":"","publisher":{"@id":"https:\/\/giannicriminallaw.com\/#organization"},"potentialAction":[{"@type":"SearchAction","target":{"@type":"EntryPoint","urlTemplate":"https:\/\/giannicriminallaw.com\/?s={search_term_string}"},"query-input":{"@type":"PropertyValueSpecification","valueRequired":true,"valueName":"search_term_string"}}],"inLanguage":"es"},{"@type":"Organization","@id":"https:\/\/giannicriminallaw.com\/#organization","name":"Law Firm of Gianni Karmily PLLC","url":"https:\/\/giannicriminallaw.com\/","logo":{"@type":"ImageObject","inLanguage":"es","@id":"https:\/\/giannicriminallaw.com\/#\/schema\/logo\/image\/","url":"https:\/\/giannicriminallaw.com\/wp-content\/uploads\/2021\/03\/cropped-favicon.png","contentUrl":"https:\/\/giannicriminallaw.com\/wp-content\/uploads\/2021\/03\/cropped-favicon.png","width":512,"height":512,"caption":"Law Firm of Gianni Karmily PLLC"},"image":{"@id":"https:\/\/giannicriminallaw.com\/#\/schema\/logo\/image\/"},"sameAs":["https:\/\/www.facebook.com\/Law-Firm-of-Gianni-Karmily-PLLC-111458240497656\/","https:\/\/x.com\/LawGianni"]}]}},"_links":{"self":[{"href":"https:\/\/giannicriminallaw.com\/es\/wp-json\/wp\/v2\/pages\/9033","targetHints":{"allow":["GET"]}}],"collection":[{"href":"https:\/\/giannicriminallaw.com\/es\/wp-json\/wp\/v2\/pages"}],"about":[{"href":"https:\/\/giannicriminallaw.com\/es\/wp-json\/wp\/v2\/types\/page"}],"author":[{"embeddable":true,"href":"https:\/\/giannicriminallaw.com\/es\/wp-json\/wp\/v2\/users\/3"}],"replies":[{"embeddable":true,"href":"https:\/\/giannicriminallaw.com\/es\/wp-json\/wp\/v2\/comments?post=9033"}],"version-history":[{"count":0,"href":"https:\/\/giannicriminallaw.com\/es\/wp-json\/wp\/v2\/pages\/9033\/revisions"}],"wp:attachment":[{"href":"https:\/\/giannicriminallaw.com\/es\/wp-json\/wp\/v2\/media?parent=9033"}],"curies":[{"name":"wp","href":"https:\/\/api.w.org\/{rel}","templated":true}]}}