{"id":9032,"date":"2020-11-16T19:50:27","date_gmt":"2020-11-16T19:50:27","guid":{"rendered":"https:\/\/giannikarmily.wpenginepowered.com\/agresiones\/"},"modified":"2026-04-09T13:35:22","modified_gmt":"2026-04-09T13:35:22","slug":"agresiones","status":"publish","type":"page","link":"https:\/\/giannicriminallaw.com\/es\/agresiones\/","title":{"rendered":"Agresion"},"content":{"rendered":"<h1><strong>Abogado Defensor en Agresion en Long Island Trabajando para el Trato Justo de Clientes en Todo el Condado de Nassau<\/strong><\/h1>\n<p><iframe src=\"https:\/\/www.youtube.com\/embed\/6PJCXsemiqA\" width=\"587\" height=\"330\" frameborder=\"0\" allowfullscreen=\"allowfullscreen\"><\/iframe><\/p>\n<p><span style=\"font-weight: 400;\">Si ha sido acusado de violar el derecho a la seguridad de una persona, es posible que se le acusa de agresi\u00f3n. Seg\u00fan la ley del estado de Nuevo York, existen diversos grados en los que un tribunal de justicia puede clasificar una agresi\u00f3n.<\/span><\/p>\n<p><span style=\"font-weight: 400;\">Dependiendo de la gravedad del delito y del grado en que se clasifique, los casos de agresi\u00f3n se pueden considerar un delito grave o un delito menor. Si actualmente se encuentra en una situaci\u00f3n en la que lo acusan de agresi\u00f3n, comun\u00edquese de inmediato con un abogado para asegurarse de que tenga la mejor representaci\u00f3n ante un tribunal. Si bien varios grados de agresi\u00f3n pueden clasificarse como delitos menores, algunos tipos de cargos de agresi\u00f3n pueden constituir un delito grave y pueden dar lugar a un castigo penal grave.<\/span><\/p>\n<p><span style=\"font-weight: 400;\">Cuando se trata de cargos de agresi\u00f3n, al igual que con otros delitos, las posibilidades de los cargos, e incluso la opci\u00f3n de libertad bajo fianza, var\u00edan. Hable con un abogado con experiencia en el condado de Nassau lo antes posible para explotar todas las opciones posibles que tiene para asegurar su libertad.<\/span><\/p>\n<h2><b>\u00bfQu\u00e9 Tipos de Comportamientos se Pueden Categorizar Como Agresi\u00f3n?<\/b><\/h2>\n<p><span style=\"font-weight: 400;\">Cuando act\u00faa de una manera que hiere a otra persona, este comportamiento podr\u00eda clasificarse en una de las tres categor\u00edas de agresi\u00f3n.<\/span><\/p>\n<p><span style=\"font-weight: 400;\">La agresi\u00f3n en tercer grado tiene la pena menos severa, ya que generalmente se clasifica como el tipo de agresi\u00f3n menos da\u00f1ino. A menudo se trata como un delito menor en Nueva York. La definici\u00f3n de agresi\u00f3n var\u00eda seg\u00fan la jurisdicci\u00f3n, pero en Nueva York, generalmente se define como causar da\u00f1o f\u00edsico intencionalmente a otra persona.<\/span><\/p>\n<p><span style=\"font-weight: 400;\">Por ejemplo, si hiere a alguien con un arma mortal con imprudencia excesiva, este ser\u00eda un posible caso de agresi\u00f3n en segundo grado. Herir a un oficial de polic\u00eda tambi\u00e9n podr\u00eda constituir un cargo de agresi\u00f3n en segundo grado y se toma muy en serio en un tribunal de justicia.<\/span><\/p>\n<p><span style=\"font-weight: 400;\">Los cargos de agresi\u00f3n aumentan dependiendo de varias circunstancias. Por ejemplo, si intencionalmente desfigura a una persona o la deja con lesiones corporales permanentes, podr\u00eda ser acusado de agresi\u00f3n en primer grado. En t\u00e9rminos generales, si lesiona gravemente a alguien mientras se comporta de manera imprudente, es posible que lo acusen de agresi\u00f3n en primer grado. Cuando muestra una indiferencia depravada hacia la vida humana que resulta en una lesi\u00f3n grave, este es un posible indicador de agresi\u00f3n en primer grado.<\/span><\/p>\n<p><span style=\"font-weight: 400;\">La agresi\u00f3n en primer grado es la m\u00e1s grave de todos los casos de agresi\u00f3n. Generalmente constituye un delito grave, por el cual el castigo puede ser tiempo en prisi\u00f3n adem\u00e1s de una multa sustancial. Es importante recordar que otras circunstancias pueden convertir un cargo por agresi\u00f3n a agresi\u00f3n agravada, espec\u00edficamente cuando una circunstancia agravante adicional acompa\u00f1a al acto de agresi\u00f3n. La responsabilidad y la sentencia por agresi\u00f3n agravada son generalmente m\u00e1s severas que las de una agresi\u00f3n ordinaria.<\/span><\/p>\n<h2><b>\u00bfC\u00f3mo Puede Ayudarlo un Abogado en Defensa Penal en el Condado de Nassau?<\/b><\/h2>\n<p><span style=\"font-weight: 400;\">El abogado Gianni Karmily es un abogado en defensa penal agresivo y dedicado con a\u00f1os de experiencia luchando por los residentes de Long Island.<\/span><\/p>\n<p><span style=\"font-weight: 400;\">Gianni Karmily escuchar\u00e1 atentamente los hechos de su caso y trabajar\u00e1 junto a usted para construir una defensa legal s\u00f3lida. Como su abogado, Gianni Karmily le explicar\u00e1 las leyes estatales y federales que se aplican a su caso. Gianni trabajar\u00e1 incansablemente para asegurarse de que se sienta seguro y preparado para cada paso de los procedimientos de su caso.<\/span><\/p>\n<p><span style=\"font-weight: 400;\">El abogado Gianni Karmily lo defender\u00e1 durante todo el proceso de litigio. Como su abogado defensor penal, Gianni no se detendr\u00e1 ante nada y trabajar\u00e1 para garantizar que sus derechos est\u00e9n protegidos y que tenga todas las oportunidades para lograr el mejor resultado posible en su caso.<\/span><\/p>\n<p><span style=\"font-weight: 400;\">Siendo el h\u00e1bil negociador que es, Gianni Karmily puede luchar por un acuerdo de culpabilidad favorable o, en algunos casos, por ejemplo, en caso de defensa propia v\u00e1lida, trabajar hacia la posibilidad de que se desestimen los cargos<\/span><\/p>\n<p><span style=\"font-weight: 400;\">Una condena por un delito violento puede arruinar su calidad de vida y complicar su futuro. Necesita trabajar con un abogado en defensa penal que har\u00e1 todo lo posible para asegurar su libertad.<\/span><\/p>\n<h2><b>\u00bfConoce Sus Derechos de Representaci\u00f3n?<\/b><\/h2>\n<p><span style=\"font-weight: 400;\">Seg\u00fan la Constituci\u00f3n de los Estados Unidos, toda persona acusada de un delito tiene derecho a un juicio justo y a una representaci\u00f3n legal. Nunca intente abordar un caso de agresi\u00f3n por su cuenta. Consiga un abogado en defensa penal calificado tan pronto como se encuentre en problemas.<\/span><\/p>\n<p><span style=\"font-weight: 400;\">Para programar una evaluaci\u00f3n confidencial de su caso con el Bufete de Abogados de Gianni Karmily, PLLC, llame a nuestra oficina de Great Neck al <a href=\"tel:5166303405\" target=\"_blank\" rel=\"noopener noreferrer\">(516) 630-3405<\/a> o a nuestra oficina de Hempstead al <a href=\"tel:5166144228\" target=\"_blank\" rel=\"noopener noreferrer\">(516) 614-4228<\/a>. Usted merece una representaci\u00f3n legal motivada y la oportunidad de una defensa apasionada en la corte. Conf\u00ede en un abogado en defensa penal con un historial largo de clientes satisfechos y una s\u00f3lida reputaci\u00f3n de \u00e9xito.<\/span><\/p>\n<p>&nbsp;<\/p>\n","protected":false},"excerpt":{"rendered":"<p>Abogado Defensor en Agresion en Long Island Trabajando para el Trato Justo de Clientes en Todo el Condado de Nassau Si ha sido acusado de violar el derecho a la seguridad de una persona, es posible que se le acusa de agresi\u00f3n. Seg\u00fan la ley del estado de Nuevo York, existen diversos grados en los [&hellip;]<\/p>\n","protected":false},"author":3,"featured_media":0,"parent":0,"menu_order":0,"comment_status":"closed","ping_status":"closed","template":"","meta":{"_genesis_hide_title":false,"_genesis_hide_breadcrumbs":false,"_genesis_hide_singular_image":false,"_genesis_hide_footer_widgets":false,"_genesis_custom_body_class":"inner-page","_genesis_custom_post_class":"","_genesis_layout":"","footnotes":""},"class_list":{"0":"post-9032","1":"page","2":"type-page","3":"status-publish","5":"entry"},"yoast_head":"<!-- This site is optimized with the Yoast SEO plugin v27.4 - https:\/\/yoast.com\/product\/yoast-seo-wordpress\/ -->\n<title>Long Island Abogado Defensor de Agresion | Condado de Nassau | Bufete de Abogados de Gianni Karmily, PLLC<\/title>\n<meta name=\"description\" content=\"\u00bfHa sido acusado de agresi\u00f3n? Tiene derecho a una defensa fuerte y dedicada. Comun\u00edquese con un abogado en delitos violentos de Long Island lo antes posible para que defienda su caso.\" \/>\n<meta name=\"robots\" content=\"index, follow, max-snippet:-1, max-image-preview:large, max-video-preview:-1\" \/>\n<link rel=\"canonical\" href=\"https:\/\/giannicriminallaw.com\/es\/agresiones\/\" \/>\n<meta property=\"og:locale\" content=\"es_ES\" \/>\n<meta property=\"og:type\" content=\"article\" \/>\n<meta property=\"og:title\" content=\"Long Island Abogado Defensor de Agresion | Condado de Nassau | Bufete de Abogados de Gianni Karmily, PLLC\" \/>\n<meta property=\"og:description\" content=\"\u00bfHa sido acusado de agresi\u00f3n? Tiene derecho a una defensa fuerte y dedicada. Comun\u00edquese con un abogado en delitos violentos de Long Island lo antes posible para que defienda su caso.\" \/>\n<meta property=\"og:url\" content=\"https:\/\/giannicriminallaw.com\/es\/agresiones\/\" \/>\n<meta property=\"og:site_name\" content=\"Law Firm of Gianni Karmily PLLC\" \/>\n<meta property=\"article:publisher\" content=\"https:\/\/www.facebook.com\/Law-Firm-of-Gianni-Karmily-PLLC-111458240497656\/\" \/>\n<meta property=\"article:modified_time\" content=\"2026-04-09T13:35:22+00:00\" \/>\n<meta name=\"twitter:card\" content=\"summary_large_image\" \/>\n<meta name=\"twitter:site\" content=\"@LawGianni\" \/>\n<meta name=\"twitter:label1\" content=\"Tiempo de lectura\" \/>\n\t<meta name=\"twitter:data1\" content=\"4 minutos\" \/>\n<script type=\"application\/ld+json\" class=\"yoast-schema-graph\">{\"@context\":\"https:\\\/\\\/schema.org\",\"@graph\":[{\"@type\":\"WebPage\",\"@id\":\"https:\\\/\\\/giannicriminallaw.com\\\/es\\\/agresiones\\\/\",\"url\":\"https:\\\/\\\/giannicriminallaw.com\\\/es\\\/agresiones\\\/\",\"name\":\"Long Island Abogado Defensor de Agresion | Condado de Nassau | Bufete de Abogados de Gianni Karmily, PLLC\",\"isPartOf\":{\"@id\":\"https:\\\/\\\/giannicriminallaw.com\\\/#website\"},\"datePublished\":\"2020-11-16T19:50:27+00:00\",\"dateModified\":\"2026-04-09T13:35:22+00:00\",\"description\":\"\u00bfHa sido acusado de agresi\u00f3n? Tiene derecho a una defensa fuerte y dedicada. Comun\u00edquese con un abogado en delitos violentos de Long Island lo antes posible para que defienda su caso.\",\"breadcrumb\":{\"@id\":\"https:\\\/\\\/giannicriminallaw.com\\\/es\\\/agresiones\\\/#breadcrumb\"},\"inLanguage\":\"es\",\"potentialAction\":[{\"@type\":\"ReadAction\",\"target\":[\"https:\\\/\\\/giannicriminallaw.com\\\/es\\\/agresiones\\\/\"]}]},{\"@type\":\"BreadcrumbList\",\"@id\":\"https:\\\/\\\/giannicriminallaw.com\\\/es\\\/agresiones\\\/#breadcrumb\",\"itemListElement\":[{\"@type\":\"ListItem\",\"position\":1,\"name\":\"Home\",\"item\":\"https:\\\/\\\/giannicriminallaw.com\\\/es\\\/\"},{\"@type\":\"ListItem\",\"position\":2,\"name\":\"Agresion\"}]},{\"@type\":\"WebSite\",\"@id\":\"https:\\\/\\\/giannicriminallaw.com\\\/#website\",\"url\":\"https:\\\/\\\/giannicriminallaw.com\\\/\",\"name\":\"Law Firm of Gianni Karmily PLLC\",\"description\":\"\",\"publisher\":{\"@id\":\"https:\\\/\\\/giannicriminallaw.com\\\/#organization\"},\"potentialAction\":[{\"@type\":\"SearchAction\",\"target\":{\"@type\":\"EntryPoint\",\"urlTemplate\":\"https:\\\/\\\/giannicriminallaw.com\\\/?s={search_term_string}\"},\"query-input\":{\"@type\":\"PropertyValueSpecification\",\"valueRequired\":true,\"valueName\":\"search_term_string\"}}],\"inLanguage\":\"es\"},{\"@type\":\"Organization\",\"@id\":\"https:\\\/\\\/giannicriminallaw.com\\\/#organization\",\"name\":\"Law Firm of Gianni Karmily PLLC\",\"url\":\"https:\\\/\\\/giannicriminallaw.com\\\/\",\"logo\":{\"@type\":\"ImageObject\",\"inLanguage\":\"es\",\"@id\":\"https:\\\/\\\/giannicriminallaw.com\\\/#\\\/schema\\\/logo\\\/image\\\/\",\"url\":\"https:\\\/\\\/giannicriminallaw.com\\\/wp-content\\\/uploads\\\/2021\\\/03\\\/cropped-favicon.png\",\"contentUrl\":\"https:\\\/\\\/giannicriminallaw.com\\\/wp-content\\\/uploads\\\/2021\\\/03\\\/cropped-favicon.png\",\"width\":512,\"height\":512,\"caption\":\"Law Firm of Gianni Karmily PLLC\"},\"image\":{\"@id\":\"https:\\\/\\\/giannicriminallaw.com\\\/#\\\/schema\\\/logo\\\/image\\\/\"},\"sameAs\":[\"https:\\\/\\\/www.facebook.com\\\/Law-Firm-of-Gianni-Karmily-PLLC-111458240497656\\\/\",\"https:\\\/\\\/x.com\\\/LawGianni\"]}]}<\/script>\n<!-- \/ Yoast SEO plugin. -->","yoast_head_json":{"title":"Long Island Abogado Defensor de Agresion | Condado de Nassau | Bufete de Abogados de Gianni Karmily, PLLC","description":"\u00bfHa sido acusado de agresi\u00f3n? Tiene derecho a una defensa fuerte y dedicada. Comun\u00edquese con un abogado en delitos violentos de Long Island lo antes posible para que defienda su caso.","robots":{"index":"index","follow":"follow","max-snippet":"max-snippet:-1","max-image-preview":"max-image-preview:large","max-video-preview":"max-video-preview:-1"},"canonical":"https:\/\/giannicriminallaw.com\/es\/agresiones\/","og_locale":"es_ES","og_type":"article","og_title":"Long Island Abogado Defensor de Agresion | Condado de Nassau | Bufete de Abogados de Gianni Karmily, PLLC","og_description":"\u00bfHa sido acusado de agresi\u00f3n? Tiene derecho a una defensa fuerte y dedicada. Comun\u00edquese con un abogado en delitos violentos de Long Island lo antes posible para que defienda su caso.","og_url":"https:\/\/giannicriminallaw.com\/es\/agresiones\/","og_site_name":"Law Firm of Gianni Karmily PLLC","article_publisher":"https:\/\/www.facebook.com\/Law-Firm-of-Gianni-Karmily-PLLC-111458240497656\/","article_modified_time":"2026-04-09T13:35:22+00:00","twitter_card":"summary_large_image","twitter_site":"@LawGianni","twitter_misc":{"Tiempo de lectura":"4 minutos"},"schema":{"@context":"https:\/\/schema.org","@graph":[{"@type":"WebPage","@id":"https:\/\/giannicriminallaw.com\/es\/agresiones\/","url":"https:\/\/giannicriminallaw.com\/es\/agresiones\/","name":"Long Island Abogado Defensor de Agresion | Condado de Nassau | Bufete de Abogados de Gianni Karmily, PLLC","isPartOf":{"@id":"https:\/\/giannicriminallaw.com\/#website"},"datePublished":"2020-11-16T19:50:27+00:00","dateModified":"2026-04-09T13:35:22+00:00","description":"\u00bfHa sido acusado de agresi\u00f3n? Tiene derecho a una defensa fuerte y dedicada. Comun\u00edquese con un abogado en delitos violentos de Long Island lo antes posible para que defienda su caso.","breadcrumb":{"@id":"https:\/\/giannicriminallaw.com\/es\/agresiones\/#breadcrumb"},"inLanguage":"es","potentialAction":[{"@type":"ReadAction","target":["https:\/\/giannicriminallaw.com\/es\/agresiones\/"]}]},{"@type":"BreadcrumbList","@id":"https:\/\/giannicriminallaw.com\/es\/agresiones\/#breadcrumb","itemListElement":[{"@type":"ListItem","position":1,"name":"Home","item":"https:\/\/giannicriminallaw.com\/es\/"},{"@type":"ListItem","position":2,"name":"Agresion"}]},{"@type":"WebSite","@id":"https:\/\/giannicriminallaw.com\/#website","url":"https:\/\/giannicriminallaw.com\/","name":"Law Firm of Gianni Karmily PLLC","description":"","publisher":{"@id":"https:\/\/giannicriminallaw.com\/#organization"},"potentialAction":[{"@type":"SearchAction","target":{"@type":"EntryPoint","urlTemplate":"https:\/\/giannicriminallaw.com\/?s={search_term_string}"},"query-input":{"@type":"PropertyValueSpecification","valueRequired":true,"valueName":"search_term_string"}}],"inLanguage":"es"},{"@type":"Organization","@id":"https:\/\/giannicriminallaw.com\/#organization","name":"Law Firm of Gianni Karmily PLLC","url":"https:\/\/giannicriminallaw.com\/","logo":{"@type":"ImageObject","inLanguage":"es","@id":"https:\/\/giannicriminallaw.com\/#\/schema\/logo\/image\/","url":"https:\/\/giannicriminallaw.com\/wp-content\/uploads\/2021\/03\/cropped-favicon.png","contentUrl":"https:\/\/giannicriminallaw.com\/wp-content\/uploads\/2021\/03\/cropped-favicon.png","width":512,"height":512,"caption":"Law Firm of Gianni Karmily PLLC"},"image":{"@id":"https:\/\/giannicriminallaw.com\/#\/schema\/logo\/image\/"},"sameAs":["https:\/\/www.facebook.com\/Law-Firm-of-Gianni-Karmily-PLLC-111458240497656\/","https:\/\/x.com\/LawGianni"]}]}},"_links":{"self":[{"href":"https:\/\/giannicriminallaw.com\/es\/wp-json\/wp\/v2\/pages\/9032","targetHints":{"allow":["GET"]}}],"collection":[{"href":"https:\/\/giannicriminallaw.com\/es\/wp-json\/wp\/v2\/pages"}],"about":[{"href":"https:\/\/giannicriminallaw.com\/es\/wp-json\/wp\/v2\/types\/page"}],"author":[{"embeddable":true,"href":"https:\/\/giannicriminallaw.com\/es\/wp-json\/wp\/v2\/users\/3"}],"replies":[{"embeddable":true,"href":"https:\/\/giannicriminallaw.com\/es\/wp-json\/wp\/v2\/comments?post=9032"}],"version-history":[{"count":0,"href":"https:\/\/giannicriminallaw.com\/es\/wp-json\/wp\/v2\/pages\/9032\/revisions"}],"wp:attachment":[{"href":"https:\/\/giannicriminallaw.com\/es\/wp-json\/wp\/v2\/media?parent=9032"}],"curies":[{"name":"wp","href":"https:\/\/api.w.org\/{rel}","templated":true}]}}