{"id":9031,"date":"2020-02-27T10:11:44","date_gmt":"2020-02-27T10:11:44","guid":{"rendered":"https:\/\/giannikarmily.wpenginepowered.com\/acoso\/"},"modified":"2026-04-09T13:31:30","modified_gmt":"2026-04-09T13:31:30","slug":"acoso","status":"publish","type":"page","link":"https:\/\/giannicriminallaw.com\/es\/acoso\/","title":{"rendered":"Acoso"},"content":{"rendered":"<h1><strong>Abogado Defensor en Acoso de Long Island Protegiendo los Derechos de los Acusados<\/strong><\/h1>\n<p><iframe src=\"https:\/\/www.youtube.com\/embed\/6PJCXsemiqA\" width=\"587\" height=\"330\" frameborder=\"0\" allowfullscreen=\"allowfullscreen\"><\/iframe><span style=\"font-weight: 400;\">Todos tienen ciertos derechos en el estado de Nueva York. Por ejemplo, las personas tienen derecho a la privacidad y derecho a la seguridad. Si lo acusan de violar uno de estos derechos, las autoridades podr\u00edan detenerlo por acoso.<\/span><\/p>\n<p><span style=\"font-weight: 400;\">El acoso es un delito penal grave que conlleva penas severas. Es posible luchar contra estos cargos, pero no debe hacerlo solo. Si ha sido acusado de acoso, comun\u00edquese con el <\/span><a href=\"https:\/\/giannicriminallaw.com\/es\/\"><span style=\"font-weight: 400;\">abogado en defensa penal, Gianni Karmily<\/span><\/a><span style=\"font-weight: 400;\">,<\/span><span style=\"font-weight: 400;\"> lo antes posible para discutir sus opciones legales.<\/span><\/p>\n<h2><b>\u00bfQu\u00e9 es el Acoso?<\/b><\/h2>\n<p><span style=\"font-weight: 400;\">Hay dos grados de acoso en Nueva York: acoso en primer grado y acoso en segundo grado. El acoso en segundo grado es el menos grave de ambos. Este delito ocurre cuando alguien con la intenci\u00f3n de acosar, molestar, o alarmar se involucra en uno de estos comportamientos:<\/span><\/p>\n<ul>\n<li style=\"font-weight: 400;\" aria-level=\"1\"><span style=\"font-weight: 400;\">Intenta, amenaza, o hace contacto f\u00edsico con la v\u00edctima, o<\/span><\/li>\n<li style=\"font-weight: 400;\" aria-level=\"1\"><span style=\"font-weight: 400;\">Sigue a la v\u00edctima en un lugar p\u00fablico, o<\/span><\/li>\n<li style=\"font-weight: 400;\" aria-level=\"1\"><span style=\"font-weight: 400;\">Act\u00faa repetidamente de una manera que no tiene un prop\u00f3sito adem\u00e1s de molestar o alarmar gravemente a la v\u00edctima.<\/span><\/li>\n<\/ul>\n<p><span style=\"font-weight: 400;\">Este delito no es un delito menor o grave, sino una infracci\u00f3n.<\/span><\/p>\n<p><span style=\"font-weight: 400;\">El acoso en primer grado ocurre cuando alguien acosa intencional y repetidamente a una v\u00edctima mediante uno de los siguientes:<\/span><\/p>\n<ul>\n<li style=\"font-weight: 400;\" aria-level=\"1\"><span style=\"font-weight: 400;\">Sigue a la v\u00edctima en un lugar p\u00fablico, o<\/span><\/li>\n<li style=\"font-weight: 400;\" aria-level=\"1\"><span style=\"font-weight: 400;\">Act\u00faa repetidamente de una manera que hace que la v\u00edctima tema por su seguridad f\u00edsica.<\/span><\/li>\n<\/ul>\n<p><span style=\"font-weight: 400;\">Este delito es un delito menor de clase B.<\/span><\/p>\n<h2><b>\u00bfQu\u00e9 es el Acoso Agravado en Nueva York?<\/b><\/h2>\n<p><span style=\"font-weight: 400;\">En casos severos, el delito puede imputarse como acoso agravado en lugar de acoso. Este delito puede imputarse en primer o segundo grado. El acoso agravado en segundo grado, que es un delito menor de clase A, ocurre cuando alguien se involucra en ciertos comportamientos con la intenci\u00f3n de acosar a la v\u00edctima. Ejemplos de conductas que podr\u00edan considerarse acoso agravado en segundo grado incluyen:<\/span><\/p>\n<ul>\n<li style=\"font-weight: 400;\" aria-level=\"1\"><span style=\"font-weight: 400;\">Hacer amenazas de da\u00f1ar a la v\u00edctima, su familia o su propiedad.<\/span><\/li>\n<li style=\"font-weight: 400;\" aria-level=\"1\"><span style=\"font-weight: 400;\">Hacer llamadas telef\u00f3nicas con la intenci\u00f3n de acosar o amenazar a la v\u00edctima.<\/span><\/li>\n<li style=\"font-weight: 400;\" aria-level=\"1\"><span style=\"font-weight: 400;\">Intentar, amenazar, o hacer contacto f\u00edsico con la v\u00edctima debido a la raza, nacionalidad, ascendencia, religi\u00f3n, sexo, edad, discapacidad, orientaci\u00f3n sexual, o color de la v\u00edctima.<\/span><\/li>\n<li style=\"font-weight: 400;\" aria-level=\"1\"><span style=\"font-weight: 400;\">Hacer contacto f\u00edsico con la v\u00edctima o la familia de la v\u00edctima con la intenci\u00f3n de acosar, molestar, o alarmar, y causar lesiones como resultado de este contacto.<\/span><\/li>\n<\/ul>\n<p><span style=\"font-weight: 400;\">Tambi\u00e9n puede enfrentar cargos de acoso agravado en segundo grado si ya ha sido acusado de acoso en el pasado. Si tiene una condena por acoso en primer grado en su registro en los \u00faltimos 10 a\u00f1os, puede enfrentar cargos por acoso agravado en segundo grado si se le acusa de cometer acoso en primer grado de nuevo.<\/span><\/p>\n<p><span style=\"font-weight: 400;\">El acoso agravado en primer grado ocurre cuando alguien acosa intencionalmente a otra persona debido a su raza, nacionalidad, ascendencia, religi\u00f3n, g\u00e9nero, edad, discapacidad, orientaci\u00f3n sexual, o color. Este delito, que es un delito grave de clase E, incluye:<\/span><\/p>\n<ul>\n<li style=\"font-weight: 400;\" aria-level=\"1\"><span style=\"font-weight: 400;\">Da\u00f1ar propiedad que se utiliza con fines religiosos, o<\/span><\/li>\n<li style=\"font-weight: 400;\" aria-level=\"1\"><span style=\"font-weight: 400;\">Vandalizar propiedad con esv\u00e1sticas u otros s\u00edmbolos de racismo, o<\/span><\/li>\n<li style=\"font-weight: 400;\" aria-level=\"1\"><span style=\"font-weight: 400;\">Prender fuego a una cruz<\/span><\/li>\n<\/ul>\n<p><span style=\"font-weight: 400;\">Los cargos por acoso agravado en segundo grado pueden aumentar a cargos por acoso agravado en primer grado bajo ciertas circunstancias para infractores reincidentes.<\/span><\/p>\n<h2><b>\u00bfCu\u00e1les Son las Sanciones por una Condena por Acoso?<\/b><\/h2>\n<p><span style=\"font-weight: 400;\">El acoso en segundo grado es una infracci\u00f3n, por lo que la pena m\u00e1xima es de 15 d\u00edas de c\u00e1rcel. Si lo condenan por acoso en primer grado, podr\u00eda enfrentar hasta 90 d\u00edas de c\u00e1rcel o un a\u00f1o de libertad condicional.<\/span><\/p>\n<p><span style=\"font-weight: 400;\">Las sanciones por acoso agravado son mucho m\u00e1s graves. El acoso agravado en segundo grado conlleva una pena m\u00e1xima de un a\u00f1o de c\u00e1rcel o tres a\u00f1os de libertad condicional. Si lo condenan por acoso agravado en primer grado, podr\u00eda enfrentar hasta cuatro a\u00f1os de prisi\u00f3n y $5,000 en multas.<\/span><\/p>\n<h2><b>\u00bfC\u00f3mo Puede Ayudar un Abogado en Casos de Acoso?<\/b><\/h2>\n<p><span style=\"font-weight: 400;\">Hay varias formas de luchar contra los casos de acoso o acoso agravado. Deje que el abogado Gianni Karmily revise su caso para determinar el mejor enfoque a seguir para luchar contra estos cargos. Gianni sabe c\u00f3mo una condena puede afectar su vida, especialmente si se trata de un delito grave, por lo que trabaja incansablemente para ayudar a sus clientes a evitar este resultado.<\/span><\/p>\n<p><span style=\"font-weight: 400;\">No permita que un cargo de acoso o acoso agravado lo persiga por el resto de su vida. Deje que Gianni Karmily busque agresivamente el mejor resultado posible para su caso.<\/span><\/p>\n<h2><b>Discuta su Caso con Nuestro Abogado Defensor en Acoso en el Condado de Nassau<\/b><\/h2>\n<p><span style=\"font-weight: 400;\">\u00bfHa sido acusado de acoso o acoso agravado? Acuda con Gianni Karmily, un abogado h\u00e1bil en casos de acoso de Law Firm of Gianni Karmily, PLLC. Gianni se enorgullece de ser la voz de los clientes que han sido acusados de acoso. A lo largo de su caso, \u00e9l estar\u00e1 a su lado, protegiendo sus derechos y luchando por su libertad. Para programar una evaluaci\u00f3n confidencial de su caso con el Bufete de Abogados de Gianni Karmily, PLLC, llame a nuestra oficina de Great Neck al <a href=\"tel:5166303405\">(516) 630-3405<\/a> o a nuestra oficina de Hempstead al <a href=\"tel:5166144228\">(516) 614-4228<\/a>.<\/span><\/p>\n<p>&nbsp;<\/p>\n","protected":false},"excerpt":{"rendered":"<p>Abogado Defensor en Acoso de Long Island Protegiendo los Derechos de los Acusados Todos tienen ciertos derechos en el estado de Nueva York. Por ejemplo, las personas tienen derecho a la privacidad y derecho a la seguridad. Si lo acusan de violar uno de estos derechos, las autoridades podr\u00edan detenerlo por acoso. El acoso es [&hellip;]<\/p>\n","protected":false},"author":3,"featured_media":0,"parent":0,"menu_order":0,"comment_status":"closed","ping_status":"closed","template":"","meta":{"_genesis_hide_title":false,"_genesis_hide_breadcrumbs":false,"_genesis_hide_singular_image":false,"_genesis_hide_footer_widgets":false,"_genesis_custom_body_class":"inner-page","_genesis_custom_post_class":"","_genesis_layout":"","footnotes":""},"class_list":{"0":"post-9031","1":"page","2":"type-page","3":"status-publish","5":"entry"},"yoast_head":"<!-- This site is optimized with the Yoast SEO plugin v27.5 - https:\/\/yoast.com\/product\/yoast-seo-wordpress\/ -->\n<title>Long Island Abogado Defensor De Acoso | Condado de Nassau | Bufete de Abogados de Gianni Karmily, PLLC<\/title>\n<meta name=\"description\" content=\"Deje que el abogado en acoso de Long Island, Gianni Karmily, proteja sus derechos y su libertad. Llame ahora para programar una evaluaci\u00f3n de su caso.\" \/>\n<meta name=\"robots\" content=\"index, follow, max-snippet:-1, max-image-preview:large, max-video-preview:-1\" \/>\n<link rel=\"canonical\" href=\"https:\/\/giannicriminallaw.com\/es\/acoso\/\" \/>\n<meta property=\"og:locale\" content=\"es_ES\" \/>\n<meta property=\"og:type\" content=\"article\" \/>\n<meta property=\"og:title\" content=\"Long Island Abogado Defensor De Acoso | Condado de Nassau | Bufete de Abogados de Gianni Karmily, PLLC\" \/>\n<meta property=\"og:description\" content=\"Deje que el abogado en acoso de Long Island, Gianni Karmily, proteja sus derechos y su libertad. Llame ahora para programar una evaluaci\u00f3n de su caso.\" \/>\n<meta property=\"og:url\" content=\"https:\/\/giannicriminallaw.com\/es\/acoso\/\" \/>\n<meta property=\"og:site_name\" content=\"Law Firm of Gianni Karmily PLLC\" \/>\n<meta property=\"article:publisher\" content=\"https:\/\/www.facebook.com\/Law-Firm-of-Gianni-Karmily-PLLC-111458240497656\/\" \/>\n<meta property=\"article:modified_time\" content=\"2026-04-09T13:31:30+00:00\" \/>\n<meta name=\"twitter:card\" content=\"summary_large_image\" \/>\n<meta name=\"twitter:site\" content=\"@LawGianni\" \/>\n<meta name=\"twitter:label1\" content=\"Tiempo de lectura\" \/>\n\t<meta name=\"twitter:data1\" content=\"4 minutos\" \/>\n<script type=\"application\/ld+json\" class=\"yoast-schema-graph\">{\"@context\":\"https:\\\/\\\/schema.org\",\"@graph\":[{\"@type\":\"WebPage\",\"@id\":\"https:\\\/\\\/giannicriminallaw.com\\\/es\\\/acoso\\\/\",\"url\":\"https:\\\/\\\/giannicriminallaw.com\\\/es\\\/acoso\\\/\",\"name\":\"Long Island Abogado Defensor De Acoso | Condado de Nassau | Bufete de Abogados de Gianni Karmily, PLLC\",\"isPartOf\":{\"@id\":\"https:\\\/\\\/giannicriminallaw.com\\\/#website\"},\"datePublished\":\"2020-02-27T10:11:44+00:00\",\"dateModified\":\"2026-04-09T13:31:30+00:00\",\"description\":\"Deje que el abogado en acoso de Long Island, Gianni Karmily, proteja sus derechos y su libertad. Llame ahora para programar una evaluaci\u00f3n de su caso.\",\"breadcrumb\":{\"@id\":\"https:\\\/\\\/giannicriminallaw.com\\\/es\\\/acoso\\\/#breadcrumb\"},\"inLanguage\":\"es\",\"potentialAction\":[{\"@type\":\"ReadAction\",\"target\":[\"https:\\\/\\\/giannicriminallaw.com\\\/es\\\/acoso\\\/\"]}]},{\"@type\":\"BreadcrumbList\",\"@id\":\"https:\\\/\\\/giannicriminallaw.com\\\/es\\\/acoso\\\/#breadcrumb\",\"itemListElement\":[{\"@type\":\"ListItem\",\"position\":1,\"name\":\"Home\",\"item\":\"https:\\\/\\\/giannicriminallaw.com\\\/es\\\/\"},{\"@type\":\"ListItem\",\"position\":2,\"name\":\"Acoso\"}]},{\"@type\":\"WebSite\",\"@id\":\"https:\\\/\\\/giannicriminallaw.com\\\/#website\",\"url\":\"https:\\\/\\\/giannicriminallaw.com\\\/\",\"name\":\"Law Firm of Gianni Karmily PLLC\",\"description\":\"\",\"publisher\":{\"@id\":\"https:\\\/\\\/giannicriminallaw.com\\\/#organization\"},\"potentialAction\":[{\"@type\":\"SearchAction\",\"target\":{\"@type\":\"EntryPoint\",\"urlTemplate\":\"https:\\\/\\\/giannicriminallaw.com\\\/?s={search_term_string}\"},\"query-input\":{\"@type\":\"PropertyValueSpecification\",\"valueRequired\":true,\"valueName\":\"search_term_string\"}}],\"inLanguage\":\"es\"},{\"@type\":\"Organization\",\"@id\":\"https:\\\/\\\/giannicriminallaw.com\\\/#organization\",\"name\":\"Law Firm of Gianni Karmily PLLC\",\"url\":\"https:\\\/\\\/giannicriminallaw.com\\\/\",\"logo\":{\"@type\":\"ImageObject\",\"inLanguage\":\"es\",\"@id\":\"https:\\\/\\\/giannicriminallaw.com\\\/#\\\/schema\\\/logo\\\/image\\\/\",\"url\":\"https:\\\/\\\/giannicriminallaw.com\\\/wp-content\\\/uploads\\\/2021\\\/03\\\/cropped-favicon.png\",\"contentUrl\":\"https:\\\/\\\/giannicriminallaw.com\\\/wp-content\\\/uploads\\\/2021\\\/03\\\/cropped-favicon.png\",\"width\":512,\"height\":512,\"caption\":\"Law Firm of Gianni Karmily PLLC\"},\"image\":{\"@id\":\"https:\\\/\\\/giannicriminallaw.com\\\/#\\\/schema\\\/logo\\\/image\\\/\"},\"sameAs\":[\"https:\\\/\\\/www.facebook.com\\\/Law-Firm-of-Gianni-Karmily-PLLC-111458240497656\\\/\",\"https:\\\/\\\/x.com\\\/LawGianni\"]}]}<\/script>\n<!-- \/ Yoast SEO plugin. -->","yoast_head_json":{"title":"Long Island Abogado Defensor De Acoso | Condado de Nassau | Bufete de Abogados de Gianni Karmily, PLLC","description":"Deje que el abogado en acoso de Long Island, Gianni Karmily, proteja sus derechos y su libertad. Llame ahora para programar una evaluaci\u00f3n de su caso.","robots":{"index":"index","follow":"follow","max-snippet":"max-snippet:-1","max-image-preview":"max-image-preview:large","max-video-preview":"max-video-preview:-1"},"canonical":"https:\/\/giannicriminallaw.com\/es\/acoso\/","og_locale":"es_ES","og_type":"article","og_title":"Long Island Abogado Defensor De Acoso | Condado de Nassau | Bufete de Abogados de Gianni Karmily, PLLC","og_description":"Deje que el abogado en acoso de Long Island, Gianni Karmily, proteja sus derechos y su libertad. Llame ahora para programar una evaluaci\u00f3n de su caso.","og_url":"https:\/\/giannicriminallaw.com\/es\/acoso\/","og_site_name":"Law Firm of Gianni Karmily PLLC","article_publisher":"https:\/\/www.facebook.com\/Law-Firm-of-Gianni-Karmily-PLLC-111458240497656\/","article_modified_time":"2026-04-09T13:31:30+00:00","twitter_card":"summary_large_image","twitter_site":"@LawGianni","twitter_misc":{"Tiempo de lectura":"4 minutos"},"schema":{"@context":"https:\/\/schema.org","@graph":[{"@type":"WebPage","@id":"https:\/\/giannicriminallaw.com\/es\/acoso\/","url":"https:\/\/giannicriminallaw.com\/es\/acoso\/","name":"Long Island Abogado Defensor De Acoso | Condado de Nassau | Bufete de Abogados de Gianni Karmily, PLLC","isPartOf":{"@id":"https:\/\/giannicriminallaw.com\/#website"},"datePublished":"2020-02-27T10:11:44+00:00","dateModified":"2026-04-09T13:31:30+00:00","description":"Deje que el abogado en acoso de Long Island, Gianni Karmily, proteja sus derechos y su libertad. Llame ahora para programar una evaluaci\u00f3n de su caso.","breadcrumb":{"@id":"https:\/\/giannicriminallaw.com\/es\/acoso\/#breadcrumb"},"inLanguage":"es","potentialAction":[{"@type":"ReadAction","target":["https:\/\/giannicriminallaw.com\/es\/acoso\/"]}]},{"@type":"BreadcrumbList","@id":"https:\/\/giannicriminallaw.com\/es\/acoso\/#breadcrumb","itemListElement":[{"@type":"ListItem","position":1,"name":"Home","item":"https:\/\/giannicriminallaw.com\/es\/"},{"@type":"ListItem","position":2,"name":"Acoso"}]},{"@type":"WebSite","@id":"https:\/\/giannicriminallaw.com\/#website","url":"https:\/\/giannicriminallaw.com\/","name":"Law Firm of Gianni Karmily PLLC","description":"","publisher":{"@id":"https:\/\/giannicriminallaw.com\/#organization"},"potentialAction":[{"@type":"SearchAction","target":{"@type":"EntryPoint","urlTemplate":"https:\/\/giannicriminallaw.com\/?s={search_term_string}"},"query-input":{"@type":"PropertyValueSpecification","valueRequired":true,"valueName":"search_term_string"}}],"inLanguage":"es"},{"@type":"Organization","@id":"https:\/\/giannicriminallaw.com\/#organization","name":"Law Firm of Gianni Karmily PLLC","url":"https:\/\/giannicriminallaw.com\/","logo":{"@type":"ImageObject","inLanguage":"es","@id":"https:\/\/giannicriminallaw.com\/#\/schema\/logo\/image\/","url":"https:\/\/giannicriminallaw.com\/wp-content\/uploads\/2021\/03\/cropped-favicon.png","contentUrl":"https:\/\/giannicriminallaw.com\/wp-content\/uploads\/2021\/03\/cropped-favicon.png","width":512,"height":512,"caption":"Law Firm of Gianni Karmily PLLC"},"image":{"@id":"https:\/\/giannicriminallaw.com\/#\/schema\/logo\/image\/"},"sameAs":["https:\/\/www.facebook.com\/Law-Firm-of-Gianni-Karmily-PLLC-111458240497656\/","https:\/\/x.com\/LawGianni"]}]}},"_links":{"self":[{"href":"https:\/\/giannicriminallaw.com\/es\/wp-json\/wp\/v2\/pages\/9031","targetHints":{"allow":["GET"]}}],"collection":[{"href":"https:\/\/giannicriminallaw.com\/es\/wp-json\/wp\/v2\/pages"}],"about":[{"href":"https:\/\/giannicriminallaw.com\/es\/wp-json\/wp\/v2\/types\/page"}],"author":[{"embeddable":true,"href":"https:\/\/giannicriminallaw.com\/es\/wp-json\/wp\/v2\/users\/3"}],"replies":[{"embeddable":true,"href":"https:\/\/giannicriminallaw.com\/es\/wp-json\/wp\/v2\/comments?post=9031"}],"version-history":[{"count":0,"href":"https:\/\/giannicriminallaw.com\/es\/wp-json\/wp\/v2\/pages\/9031\/revisions"}],"wp:attachment":[{"href":"https:\/\/giannicriminallaw.com\/es\/wp-json\/wp\/v2\/media?parent=9031"}],"curies":[{"name":"wp","href":"https:\/\/api.w.org\/{rel}","templated":true}]}}