{"id":9030,"date":"2020-02-27T10:04:26","date_gmt":"2020-02-27T10:04:26","guid":{"rendered":"https:\/\/giannikarmily.wpenginepowered.com\/delitos-de-drogas\/"},"modified":"2025-01-31T17:55:11","modified_gmt":"2025-01-31T17:55:11","slug":"delitos-de-drogas","status":"publish","type":"page","link":"https:\/\/giannicriminallaw.com\/es\/delitos-de-drogas\/","title":{"rendered":"Delitos de drogas"},"content":{"rendered":"<h1><strong>ABOGADO DE LONG ISLAND DEDICADO A AYUDAR A LOS CLIENTES EN EL CONDADO DE NASSAU A EVITAR CONDENACIONES POR DELITOS DE DROGAS<br \/>\n<\/strong><\/h1>\n<p><iframe src=\"https:\/\/www.youtube.com\/embed\/6ENfY0OFuf4\" width=\"587\" height=\"330\" frameborder=\"0\" allowfullscreen=\"allowfullscreen\"><\/iframe><span style=\"font-weight: 400;\">Ser acusado de cualquier delito da miedo, especialmente si lo acusan de cometer delitos relacionados con las drogas. Estos delitos son muy comunes en Long Island, pero eso no impide que las autoridades procesen agresivamente a los acusados \u200b\u200ben estos casos.<\/span><\/p>\n<p><span style=\"font-weight: 400;\">Si enfrenta cargos por delitos de drogas en Nueva York, necesita un abogado defensor penal qui\u00e9n proteger\u00e1 sus mejores intereses y luchar\u00e1 por su libertad. No esperes nada m\u00e1s tiempo: comun\u00edquese con el Bufete de Abogados de Gianni Karmily, PLLC lo antes posible para analizar sus asuntos legales opciones.<\/span><\/p>\n<h2><b>\u00bfQU\u00c9 SON LAS SUSTANCIAS CONTROLADAS?<\/b><\/h2>\n<p><span style=\"font-weight: 400;\">La posesi\u00f3n, uso, venta y fabricaci\u00f3n de sustancias controladas es ilegal en Long Isla. El t\u00e9rmino sustancias controladas se refiere a diversas sustancias que se agrupan en cinco categor\u00edas diferentes: lista I, II, III, IV y V. Algunos ejemplos de las sustancias en cada una de estas categor\u00edas incluye:<\/span><\/p>\n<ul>\n<li style=\"font-weight: 400;\" aria-level=\"1\"><span style=\"font-weight: 400;\">Lista I: Opi\u00e1ceos, derivados del opio, hero\u00edna, sustancias alucin\u00f3genas, cannabinoides sint\u00e9ticos<\/span><\/li>\n<li style=\"font-weight: 400;\" aria-level=\"1\"><span style=\"font-weight: 400;\">Lista II: Extractos de opio, coca\u00edna, anfetamina, metanfetamina<\/span><\/li>\n<li style=\"font-weight: 400;\" aria-level=\"1\"><span style=\"font-weight: 400;\">Lista III: Ciertos estimulantes, ketamina, cantidades limitadas de ciertos sustancias, incluidas la code\u00edna y el opio<\/span><\/li>\n<li style=\"font-weight: 400;\" aria-level=\"1\"><span style=\"font-weight: 400;\">Lista IV: Ciertos depresores, ciertos estimulantes<\/span><\/li>\n<li style=\"font-weight: 400;\" aria-level=\"1\"><span style=\"font-weight: 400;\">Lista V: Cantidades limitadas de determinadas sustancias, incluidas la code\u00edna y opio<\/span><\/li>\n<\/ul>\n<p><span style=\"font-weight: 400;\">Las sustancias controladas se clasifican seg\u00fan su adictividad y la probabilidad de abuso. Las sustancias controladas en la Lista I son las drogas m\u00e1s adictivas y frecuentemente abusado.<\/span><\/p>\n<h2><b>\u00bfCU\u00c1LES SON LAS LEYES SOBRE DROGAS EN LONG ISLAND?<\/b><\/h2>\n<p><span style=\"font-weight: 400;\">Hay una serie de leyes que rigen la posesi\u00f3n, uso, fabricaci\u00f3n, y la distribuci\u00f3n de sustancias controladas, incluyendo:<\/span><\/p>\n<ul>\n<li style=\"font-weight: 400;\" aria-level=\"1\"><span style=\"font-weight: 400;\">Posesi\u00f3n criminal de una sustancia controlada<\/span><\/li>\n<li style=\"font-weight: 400;\" aria-level=\"1\"><span style=\"font-weight: 400;\">Uso de un ni\u00f1o para cometer un delito de sustancias controladas<\/span><\/li>\n<li style=\"font-weight: 400;\" aria-level=\"1\"><span style=\"font-weight: 400;\">Venta delictiva de una sustancia controlada<\/span><\/li>\n<li style=\"font-weight: 400;\" aria-level=\"1\"><span style=\"font-weight: 400;\">Venta delictiva de una sustancia controlada en o cerca de terrenos escolares<\/span><\/li>\n<li style=\"font-weight: 400;\" aria-level=\"1\"><span style=\"font-weight: 400;\">Posesi\u00f3n delictiva de un instrumento hipod\u00e9rmico<\/span><\/li>\n<li style=\"font-weight: 400;\" aria-level=\"1\"><span style=\"font-weight: 400;\">Inyecci\u00f3n delictiva de un estupefaciente<\/span><\/li>\n<li style=\"font-weight: 400;\" aria-level=\"1\"><span style=\"font-weight: 400;\">Venta criminal de una sustancia controlada a un ni\u00f1o<\/span><\/li>\n<li style=\"font-weight: 400;\" aria-level=\"1\"><span style=\"font-weight: 400;\">Uso delictivo de parafernalia de drogas<\/span><\/li>\n<li style=\"font-weight: 400;\" aria-level=\"1\"><span style=\"font-weight: 400;\">Venta delictiva de una receta de una sustancia controlada o una sustancia controlada por parte de un farmac\u00e9utico o m\u00e9dico<\/span><\/li>\n<li style=\"font-weight: 400;\" aria-level=\"1\"><span style=\"font-weight: 400;\">Posesi\u00f3n delictiva de material de fabricaci\u00f3n de metanfetamina<\/span><\/li>\n<li style=\"font-weight: 400;\" aria-level=\"1\"><span style=\"font-weight: 400;\">Posesi\u00f3n delictiva de precursores de metanfetamina<\/span><\/li>\n<li style=\"font-weight: 400;\" aria-level=\"1\"><span style=\"font-weight: 400;\">Fabricaci\u00f3n il\u00edcita de metanfetamina<\/span><\/li>\n<li style=\"font-weight: 400;\" aria-level=\"1\"><span style=\"font-weight: 400;\">Operar como un traficante importante<\/span><\/li>\n<\/ul>\n<p><span style=\"font-weight: 400;\">Las leyes de drogas en Nueva York son complejas, por lo que se recomienda que busque la representaci\u00f3n legal de un abogado en defensa penal si es acusado de un delito de drogas.<\/span><\/p>\n<h2><b>\u00bfCu\u00e1les Son las Sanciones por Condenas por Delitos de Drogas?<\/b><\/h2>\n<p><span style=\"font-weight: 400;\">Las sanciones por una condena por drogas pueden variar seg\u00fan el tipo de delito que se le acusa de cometer. Hay varios delitos menores relacionados con drogas, incluyendo la posesi\u00f3n delictiva de una sustancia controlada en s\u00e9ptimo grado y la posesi\u00f3n delictiva de material de fabricaci\u00f3n de metanfetamina en segundo grado. Ambos delitos son delitos menores de clase A, que se castigan con hasta un a\u00f1o de c\u00e1rcel y $1,000 en multas.<\/span><\/p>\n<p><span style=\"font-weight: 400;\">Sin embargo, la mayor\u00eda de los delitos de drogas son <\/span><a href=\"https:\/\/giannicriminallaw.com\/es\/delitos-graves\/\"><span style=\"font-weight: 400;\">delitos graves<\/span><\/a><span style=\"font-weight: 400;\">. Estos delitos pueden variar desde un delito grave de clase E hasta un delito grave de clase A. Algunos delitos de drogas son delitos graves de clase A-II, incluyendo la posesi\u00f3n delictiva de una sustancia controlada en segundo grado y la venta delictiva de una sustancia controlada en segundo grado.<\/span><\/p>\n<p><span style=\"font-weight: 400;\">Los delitos de drogas m\u00e1s graves son la posesi\u00f3n delictiva de una sustancia controlada en primer grado, la venta delictiva de una sustancia controlada en primer grado, y operar como un traficante importante. Estos tres son delitos graves de clase A-I. Si es condenado por un delito grave de clase A-I, puede ser sentenciado a d\u00e9cadas de prisi\u00f3n.<\/span><\/p>\n<h2><b>\u00bfC\u00f3mo Puede un Abogado Luchar Contra Sus Cargos por Delito de Drogas?<\/b><\/h2>\n<p><span style=\"font-weight: 400;\">Su futuro y su libertad est\u00e1n en juego en caso de un delito de drogas. Si enfrenta estos cargos penales, comun\u00edquese de inmediato con el abogado Gianni Karmily. El objetivo de Gianni es ayudarlo a alcanzar el mejor resultado posible para su caso. Esto puede significar negociar agresivamente con el estado para llegar a un acuerdo con la fiscal\u00eda en su nombre. O podr\u00eda significar llevar su caso a juicio y obtener una absoluci\u00f3n. En algunos casos, Gianni puede lograr que se desestimen los cargos por completo.<\/span><\/p>\n<p><span style=\"font-weight: 400;\">Deje que Gianni revise los detalles de su caso de delito de drogas. Despu\u00e9s de revisar su caso, Gianni determinar\u00e1 la mejor manera de defenderlo de estos cargos y lo ayudar\u00e1 a evitar las graves sanciones de una condena.<\/span><\/p>\n<h2><b>Programa una Evaluaci\u00f3n Del Caso Con Nuestro Abogado en Delitos de Drogas de Long Island<\/b><\/h2>\n<p><span style=\"font-weight: 400;\">\u00bfHa sido acusado de cometer un delito de drogas en Long Island? Si es as\u00ed, su mejor opci\u00f3n es buscar la representaci\u00f3n legal del experimentado <\/span><a href=\"https:\/\/giannicriminallaw.com\/es\/\"><span style=\"font-weight: 400;\">abogado en delitos de drogas, Gianni Karmily<\/span><\/a><span style=\"font-weight: 400;\">,<\/span><span style=\"font-weight: 400;\"> lo antes posible. Hay mucho en riesgo en un caso de delito de drogas, y la \u00fanica forma de proteger su futuro es trabajar con un abogado que est\u00e9 dispuesto a luchar por usted. A Gianni Karmily le apasiona ayudar a los acusados. Perm\u00edtale trabajar incansablemente para lograr un resultado favorable en su caso. Para programar una evaluaci\u00f3n confidencial de su caso con el Bufete de Abogados de Gianni Karmily, PLLC, llame a nuestra oficina de Great Neck al <a href=\"tel:5166303405\">(516) 630-3405<\/a> o a nuestra oficina de Hempstead al <a href=\"tel:5166144228\">(516) 614-4228<\/a>.<\/span><\/p>\n<p>&nbsp;<\/p>\n","protected":false},"excerpt":{"rendered":"<p>ABOGADO DE LONG ISLAND DEDICADO A AYUDAR A LOS CLIENTES EN EL CONDADO DE NASSAU A EVITAR CONDENACIONES POR DELITOS DE DROGAS Ser acusado de cualquier delito da miedo, especialmente si lo acusan de cometer delitos relacionados con las drogas. Estos delitos son muy comunes en Long Island, pero eso no impide que las autoridades [&hellip;]<\/p>\n","protected":false},"author":3,"featured_media":0,"parent":0,"menu_order":0,"comment_status":"closed","ping_status":"closed","template":"","meta":{"_genesis_hide_title":false,"_genesis_hide_breadcrumbs":false,"_genesis_hide_singular_image":false,"_genesis_hide_footer_widgets":false,"_genesis_custom_body_class":"inner-page","_genesis_custom_post_class":"","_genesis_layout":"","footnotes":""},"class_list":{"0":"post-9030","1":"page","2":"type-page","3":"status-publish","5":"entry"},"yoast_head":"<!-- This site is optimized with the Yoast SEO plugin v27.3 - https:\/\/yoast.com\/product\/yoast-seo-wordpress\/ -->\n<title>Long Island Abogado de Delitos de Drogas | Condado de Nassau | Bufete de Abogados de Gianni Karmily, PLLC<\/title>\n<meta name=\"description\" content=\"\u00bfHa sido acusado de un delito de drogas? Busque representaci\u00f3n legal de parte del abogado en delitos de drogas de Long Island, Gianni Karmily, lo antes posible.\" \/>\n<meta name=\"robots\" content=\"index, follow, max-snippet:-1, max-image-preview:large, max-video-preview:-1\" \/>\n<link rel=\"canonical\" href=\"https:\/\/giannicriminallaw.com\/es\/delitos-de-drogas\/\" \/>\n<meta property=\"og:locale\" content=\"es_ES\" \/>\n<meta property=\"og:type\" content=\"article\" \/>\n<meta property=\"og:title\" content=\"Long Island Abogado de Delitos de Drogas | Condado de Nassau | Bufete de Abogados de Gianni Karmily, PLLC\" \/>\n<meta property=\"og:description\" content=\"\u00bfHa sido acusado de un delito de drogas? Busque representaci\u00f3n legal de parte del abogado en delitos de drogas de Long Island, Gianni Karmily, lo antes posible.\" \/>\n<meta property=\"og:url\" content=\"https:\/\/giannicriminallaw.com\/es\/delitos-de-drogas\/\" \/>\n<meta property=\"og:site_name\" content=\"Law Firm of Gianni Karmily PLLC\" \/>\n<meta property=\"article:publisher\" content=\"https:\/\/www.facebook.com\/Law-Firm-of-Gianni-Karmily-PLLC-111458240497656\/\" \/>\n<meta property=\"article:modified_time\" content=\"2025-01-31T17:55:11+00:00\" \/>\n<meta name=\"twitter:card\" content=\"summary_large_image\" \/>\n<meta name=\"twitter:site\" content=\"@LawGianni\" \/>\n<meta name=\"twitter:label1\" content=\"Tiempo de lectura\" \/>\n\t<meta name=\"twitter:data1\" content=\"4 minutos\" \/>\n<script type=\"application\/ld+json\" class=\"yoast-schema-graph\">{\"@context\":\"https:\\\/\\\/schema.org\",\"@graph\":[{\"@type\":\"WebPage\",\"@id\":\"https:\\\/\\\/giannicriminallaw.com\\\/es\\\/delitos-de-drogas\\\/\",\"url\":\"https:\\\/\\\/giannicriminallaw.com\\\/es\\\/delitos-de-drogas\\\/\",\"name\":\"Long Island Abogado de Delitos de Drogas | Condado de Nassau | Bufete de Abogados de Gianni Karmily, PLLC\",\"isPartOf\":{\"@id\":\"https:\\\/\\\/giannicriminallaw.com\\\/#website\"},\"datePublished\":\"2020-02-27T10:04:26+00:00\",\"dateModified\":\"2025-01-31T17:55:11+00:00\",\"description\":\"\u00bfHa sido acusado de un delito de drogas? Busque representaci\u00f3n legal de parte del abogado en delitos de drogas de Long Island, Gianni Karmily, lo antes posible.\",\"breadcrumb\":{\"@id\":\"https:\\\/\\\/giannicriminallaw.com\\\/es\\\/delitos-de-drogas\\\/#breadcrumb\"},\"inLanguage\":\"es\",\"potentialAction\":[{\"@type\":\"ReadAction\",\"target\":[\"https:\\\/\\\/giannicriminallaw.com\\\/es\\\/delitos-de-drogas\\\/\"]}]},{\"@type\":\"BreadcrumbList\",\"@id\":\"https:\\\/\\\/giannicriminallaw.com\\\/es\\\/delitos-de-drogas\\\/#breadcrumb\",\"itemListElement\":[{\"@type\":\"ListItem\",\"position\":1,\"name\":\"Home\",\"item\":\"https:\\\/\\\/giannicriminallaw.com\\\/es\\\/\"},{\"@type\":\"ListItem\",\"position\":2,\"name\":\"Delitos de drogas\"}]},{\"@type\":\"WebSite\",\"@id\":\"https:\\\/\\\/giannicriminallaw.com\\\/#website\",\"url\":\"https:\\\/\\\/giannicriminallaw.com\\\/\",\"name\":\"Law Firm of Gianni Karmily PLLC\",\"description\":\"\",\"publisher\":{\"@id\":\"https:\\\/\\\/giannicriminallaw.com\\\/#organization\"},\"potentialAction\":[{\"@type\":\"SearchAction\",\"target\":{\"@type\":\"EntryPoint\",\"urlTemplate\":\"https:\\\/\\\/giannicriminallaw.com\\\/?s={search_term_string}\"},\"query-input\":{\"@type\":\"PropertyValueSpecification\",\"valueRequired\":true,\"valueName\":\"search_term_string\"}}],\"inLanguage\":\"es\"},{\"@type\":\"Organization\",\"@id\":\"https:\\\/\\\/giannicriminallaw.com\\\/#organization\",\"name\":\"Law Firm of Gianni Karmily PLLC\",\"url\":\"https:\\\/\\\/giannicriminallaw.com\\\/\",\"logo\":{\"@type\":\"ImageObject\",\"inLanguage\":\"es\",\"@id\":\"https:\\\/\\\/giannicriminallaw.com\\\/#\\\/schema\\\/logo\\\/image\\\/\",\"url\":\"https:\\\/\\\/giannicriminallaw.com\\\/wp-content\\\/uploads\\\/2021\\\/03\\\/cropped-favicon.png\",\"contentUrl\":\"https:\\\/\\\/giannicriminallaw.com\\\/wp-content\\\/uploads\\\/2021\\\/03\\\/cropped-favicon.png\",\"width\":512,\"height\":512,\"caption\":\"Law Firm of Gianni Karmily PLLC\"},\"image\":{\"@id\":\"https:\\\/\\\/giannicriminallaw.com\\\/#\\\/schema\\\/logo\\\/image\\\/\"},\"sameAs\":[\"https:\\\/\\\/www.facebook.com\\\/Law-Firm-of-Gianni-Karmily-PLLC-111458240497656\\\/\",\"https:\\\/\\\/x.com\\\/LawGianni\"]}]}<\/script>\n<!-- \/ Yoast SEO plugin. -->","yoast_head_json":{"title":"Long Island Abogado de Delitos de Drogas | Condado de Nassau | Bufete de Abogados de Gianni Karmily, PLLC","description":"\u00bfHa sido acusado de un delito de drogas? Busque representaci\u00f3n legal de parte del abogado en delitos de drogas de Long Island, Gianni Karmily, lo antes posible.","robots":{"index":"index","follow":"follow","max-snippet":"max-snippet:-1","max-image-preview":"max-image-preview:large","max-video-preview":"max-video-preview:-1"},"canonical":"https:\/\/giannicriminallaw.com\/es\/delitos-de-drogas\/","og_locale":"es_ES","og_type":"article","og_title":"Long Island Abogado de Delitos de Drogas | Condado de Nassau | Bufete de Abogados de Gianni Karmily, PLLC","og_description":"\u00bfHa sido acusado de un delito de drogas? Busque representaci\u00f3n legal de parte del abogado en delitos de drogas de Long Island, Gianni Karmily, lo antes posible.","og_url":"https:\/\/giannicriminallaw.com\/es\/delitos-de-drogas\/","og_site_name":"Law Firm of Gianni Karmily PLLC","article_publisher":"https:\/\/www.facebook.com\/Law-Firm-of-Gianni-Karmily-PLLC-111458240497656\/","article_modified_time":"2025-01-31T17:55:11+00:00","twitter_card":"summary_large_image","twitter_site":"@LawGianni","twitter_misc":{"Tiempo de lectura":"4 minutos"},"schema":{"@context":"https:\/\/schema.org","@graph":[{"@type":"WebPage","@id":"https:\/\/giannicriminallaw.com\/es\/delitos-de-drogas\/","url":"https:\/\/giannicriminallaw.com\/es\/delitos-de-drogas\/","name":"Long Island Abogado de Delitos de Drogas | Condado de Nassau | Bufete de Abogados de Gianni Karmily, PLLC","isPartOf":{"@id":"https:\/\/giannicriminallaw.com\/#website"},"datePublished":"2020-02-27T10:04:26+00:00","dateModified":"2025-01-31T17:55:11+00:00","description":"\u00bfHa sido acusado de un delito de drogas? Busque representaci\u00f3n legal de parte del abogado en delitos de drogas de Long Island, Gianni Karmily, lo antes posible.","breadcrumb":{"@id":"https:\/\/giannicriminallaw.com\/es\/delitos-de-drogas\/#breadcrumb"},"inLanguage":"es","potentialAction":[{"@type":"ReadAction","target":["https:\/\/giannicriminallaw.com\/es\/delitos-de-drogas\/"]}]},{"@type":"BreadcrumbList","@id":"https:\/\/giannicriminallaw.com\/es\/delitos-de-drogas\/#breadcrumb","itemListElement":[{"@type":"ListItem","position":1,"name":"Home","item":"https:\/\/giannicriminallaw.com\/es\/"},{"@type":"ListItem","position":2,"name":"Delitos de drogas"}]},{"@type":"WebSite","@id":"https:\/\/giannicriminallaw.com\/#website","url":"https:\/\/giannicriminallaw.com\/","name":"Law Firm of Gianni Karmily PLLC","description":"","publisher":{"@id":"https:\/\/giannicriminallaw.com\/#organization"},"potentialAction":[{"@type":"SearchAction","target":{"@type":"EntryPoint","urlTemplate":"https:\/\/giannicriminallaw.com\/?s={search_term_string}"},"query-input":{"@type":"PropertyValueSpecification","valueRequired":true,"valueName":"search_term_string"}}],"inLanguage":"es"},{"@type":"Organization","@id":"https:\/\/giannicriminallaw.com\/#organization","name":"Law Firm of Gianni Karmily PLLC","url":"https:\/\/giannicriminallaw.com\/","logo":{"@type":"ImageObject","inLanguage":"es","@id":"https:\/\/giannicriminallaw.com\/#\/schema\/logo\/image\/","url":"https:\/\/giannicriminallaw.com\/wp-content\/uploads\/2021\/03\/cropped-favicon.png","contentUrl":"https:\/\/giannicriminallaw.com\/wp-content\/uploads\/2021\/03\/cropped-favicon.png","width":512,"height":512,"caption":"Law Firm of Gianni Karmily PLLC"},"image":{"@id":"https:\/\/giannicriminallaw.com\/#\/schema\/logo\/image\/"},"sameAs":["https:\/\/www.facebook.com\/Law-Firm-of-Gianni-Karmily-PLLC-111458240497656\/","https:\/\/x.com\/LawGianni"]}]}},"_links":{"self":[{"href":"https:\/\/giannicriminallaw.com\/es\/wp-json\/wp\/v2\/pages\/9030","targetHints":{"allow":["GET"]}}],"collection":[{"href":"https:\/\/giannicriminallaw.com\/es\/wp-json\/wp\/v2\/pages"}],"about":[{"href":"https:\/\/giannicriminallaw.com\/es\/wp-json\/wp\/v2\/types\/page"}],"author":[{"embeddable":true,"href":"https:\/\/giannicriminallaw.com\/es\/wp-json\/wp\/v2\/users\/3"}],"replies":[{"embeddable":true,"href":"https:\/\/giannicriminallaw.com\/es\/wp-json\/wp\/v2\/comments?post=9030"}],"version-history":[{"count":0,"href":"https:\/\/giannicriminallaw.com\/es\/wp-json\/wp\/v2\/pages\/9030\/revisions"}],"wp:attachment":[{"href":"https:\/\/giannicriminallaw.com\/es\/wp-json\/wp\/v2\/media?parent=9030"}],"curies":[{"name":"wp","href":"https:\/\/api.w.org\/{rel}","templated":true}]}}