{"id":9027,"date":"2020-02-27T10:26:25","date_gmt":"2020-02-27T10:26:25","guid":{"rendered":"https:\/\/giannikarmily.wpenginepowered.com\/multas-de-transito\/"},"modified":"2026-02-12T20:07:08","modified_gmt":"2026-02-12T20:07:08","slug":"multas-de-trafico","status":"publish","type":"page","link":"https:\/\/giannicriminallaw.com\/es\/multas-de-trafico\/","title":{"rendered":"Multas de tr\u00e1fico"},"content":{"rendered":"<h1>Abogado de Long Island que trabaja incansablemente para ayudar a sus clientes a evitar las sanciones por multas de tr\u00e1fico en el Condado de Nassau, Long Island<\/h1>\n<p><iframe src=\"https:\/\/www.youtube.com\/embed\/6PJCXsemiqA\" width=\"587\" height=\"330\" frameborder=\"0\" allowfullscreen=\"allowfullscreen\"><\/iframe><\/p>\n<p>La mayor\u00eda de los conductores recibir\u00e1n al menos una multa de tr\u00e1fico en alg\u00fan momento de su vida. Si te ocurre a ti, es importante que sepas qu\u00e9 debes hacer despu\u00e9s de que te pongan una multa. Puedes pensar que pagar la multa es la mejor forma de gestionar tu multa de tr\u00e1fico, pero no es as\u00ed. Si te ponen una multa de tr\u00e1fico, habla cuanto antes de tus opciones legales con el abogado penalista Gianni Karmily.<\/p>\n<h2>\u00bfCu\u00e1les son los tipos m\u00e1s comunes de multas de tr\u00e1fico?<\/h2>\n<p>Las multas de tr\u00e1fico se ponen a los conductores de Long Island por varias razones. Algunas de las razones m\u00e1s comunes por las que se ponen multas de tr\u00e1fico son:<\/p>\n<ul>\n<li>Exceso de velocidad<\/li>\n<li>Utilizar un dispositivo electr\u00f3nico, como un tel\u00e9fono m\u00f3vil, mientras se conduce un veh\u00edculo de motor<\/li>\n<li>Saltarse un sem\u00e1foro en rojo<\/li>\n<li>Saltarse una se\u00f1al de stop<\/li>\n<li>Conducci\u00f3n temeraria (que es un delito menor)<\/li>\n<li>No ceder el paso a los peatones<\/li>\n<li>Cambios de carril ilegales<\/li>\n<li>No se\u00f1alizar al girar o cambiar de carril<\/li>\n<li>Conducir ilegalmente por el arc\u00e9n de la carretera<\/li>\n<li>Pasar por delante de un autob\u00fas escolar mientras suben o bajan los pasajeros<\/li>\n<\/ul>\n<p>La mayor\u00eda de las multas de tr\u00e1fico se emiten durante controles de tr\u00e1fico realizados por agentes de la ley. Sin embargo, tambi\u00e9n hay c\u00e1maras en Nueva York que pueden detectar ciertas infracciones incluso cuando no hay agentes de polic\u00eda cerca. Si una c\u00e1mara detecta una infracci\u00f3n, captar\u00e1 una imagen de tu matr\u00edcula y recibir\u00e1s una multa de tr\u00e1fico por correo.<\/p>\n<h2>\u00bfCu\u00e1les son las sanciones por multas de tr\u00e1fico en el Condado de Nassau, Long Island?<\/h2>\n<p>Las sanciones por una multa de tr\u00e1fico pueden variar en funci\u00f3n de la naturaleza de la infracci\u00f3n y de tu historial de conducci\u00f3n. Pero, en general, las sanciones por una multa de tr\u00e1fico pueden incluir multas y puntos en el carn\u00e9 de conducir. Puede que no parezcan significativos, pero la acumulaci\u00f3n de puntos en el carn\u00e9 de conducir puede suponer un aumento de las tarifas del seguro o la suspensi\u00f3n o revocaci\u00f3n de los privilegios de conducir.<\/p>\n<h2>\u00bfC\u00f3mo funciona el sistema de puntos para conductores?<\/h2>\n<p>El Departamento de Veh\u00edculos de Motor (DMV) a\u00f1adir\u00e1 puntos a tu historial de conducci\u00f3n si te condenan por una infracci\u00f3n de tr\u00e1fico. Los puntos no se suman inmediatamente despu\u00e9s de la emisi\u00f3n de la multa. En cambio, los puntos se suman cuando te condenan por la infracci\u00f3n, que es cuando pagas la multa.<\/p>\n<p>El n\u00famero de puntos que se a\u00f1aden a tu historial de conducci\u00f3n var\u00eda en funci\u00f3n de la infracci\u00f3n. Los puntos asignados por infracciones de tr\u00e1fico comunes son:<\/p>\n<ul>\n<li>Exceso de velocidad\n<ul>\n<li>1-10 mph por encima: 3<\/li>\n<li>11-20 mph por encima: 4<\/li>\n<li>21-30 mph por encima: 6<\/li>\n<li>31-40 mph por encima: 8<\/li>\n<li>Mayores de 40: 11<\/li>\n<\/ul>\n<\/li>\n<li>Conducci\u00f3n temeraria: 5<\/li>\n<li>Tailgating: 4<\/li>\n<li>Uso inadecuado del tel\u00e9fono m\u00f3vil: 5<\/li>\n<li>Cambio de carril ilegal: 3<\/li>\n<li>No detenerse ante un autob\u00fas escolar que carga o descarga: 8<\/li>\n<li>No detenerse ante un sem\u00e1foro en rojo o una se\u00f1al de stop: 3<\/li>\n<\/ul>\n<p>No se asignan puntos por cada infracci\u00f3n. Por ejemplo, no se suman puntos por infracciones de peatones, ciclistas o aparcamiento.<\/p>\n<p>Hay sanciones por acumular demasiados puntos en tu historial. Si acumulas 6 o m\u00e1s puntos en tu expediente en un periodo de 18 meses, tendr\u00e1s que pagar una multa de Evaluaci\u00f3n de la Responsabilidad del Conductor. Si acumulas 11 o m\u00e1s puntos en tu expediente en un periodo de 24 meses, te suspender\u00e1n el carn\u00e9. Es ilegal conducir un veh\u00edculo de motor con el permiso suspendido, por lo que esta suspensi\u00f3n podr\u00eda tener un gran impacto en tu vida diaria.<\/p>\n<h2>\u00bfDebes pagar las multas de tr\u00e1fico?<\/h2>\n<p>Mucha gente cree que la \u00fanica forma de hacer frente a una multa de tr\u00e1fico es pagarla. Pero pagar la multa equivale a admitir que eres culpable de cometer la infracci\u00f3n de tr\u00e1fico. Al admitir la culpabilidad, est\u00e1s aceptando las sanciones de una multa de tr\u00e1fico, incluidos los puntos del carn\u00e9 de conducir, lo que podr\u00eda suponer un aumento de las tarifas del seguro y la p\u00e9rdida del privilegio de conducir.<\/p>\n<p>No pagues una multa de tr\u00e1fico sin hablar antes con un abogado. El abogado Gianni Karmily puede luchar contra tu multa de tr\u00e1fico para que evites las consecuencias de una infracci\u00f3n de tr\u00e1fico. Deja que revise tu caso para determinar si es posible vencer tu multa o al menos reducirla y proteger tu historial de conducci\u00f3n.<\/p>\n<h2>Establece Una Evaluaci\u00f3n De Tu Caso Con Nuestro Abogado Con Experiencia En Multas De Tr\u00e1fico en el Condado De Nassau, Long Island<\/h2>\n<p>\u00bfTe han puesto una <a href=\"https:\/\/giannicriminallaw.com\/es\/defensa-penal-long-island\/\">multa de tr\u00e1fico en Long Island<\/a>? Si es as\u00ed, busca inmediatamente la representaci\u00f3n legal de un abogado experimentado en multas de tr\u00e1fico, Gianni Karmily. No admitas la culpa pagando la multa asociada a tu multa, defi\u00e9ndete con <a href=\"https:\/\/giannicriminallaw.com\/es\/\">la ayuda de Gianni Karmily<\/a>. Para programar una evaluaci\u00f3n confidencial de tu caso con el Bufete de Abogados de Gianni Karmily, PLLC, llama a nuestra oficina de Great Neck al <a href=\"tel:5166303405\">(516) 630-3405<\/a> o a nuestra oficina de Hempstead al <a href=\"tel:5166144228\">(516) 614-4228<\/a>.<\/p>\n","protected":false},"excerpt":{"rendered":"<p>Abogado de Long Island que trabaja incansablemente para ayudar a sus clientes a evitar las sanciones por multas de tr\u00e1fico en el Condado de Nassau, Long Island La mayor\u00eda de los conductores recibir\u00e1n al menos una multa de tr\u00e1fico en alg\u00fan momento de su vida. Si te ocurre a ti, es importante que sepas qu\u00e9 [&hellip;]<\/p>\n","protected":false},"author":3,"featured_media":0,"parent":0,"menu_order":0,"comment_status":"closed","ping_status":"closed","template":"","meta":{"_genesis_hide_title":false,"_genesis_hide_breadcrumbs":false,"_genesis_hide_singular_image":false,"_genesis_hide_footer_widgets":false,"_genesis_custom_body_class":"inner-page","_genesis_custom_post_class":"","_genesis_layout":"","footnotes":""},"class_list":{"0":"post-9027","1":"page","2":"type-page","3":"status-publish","5":"entry"},"yoast_head":"<!-- This site is optimized with the Yoast SEO plugin v27.4 - https:\/\/yoast.com\/product\/yoast-seo-wordpress\/ -->\n<title>Abogado de Multas de Tr\u00e1fico en Long Island | Condado de Nassau | Bufete de Abogados de Gianni Karmily, PLLC<\/title>\n<meta name=\"description\" content=\"Deje que el abogado en defensa penal de Long Island, Gianni Karmily, luche agresivamente contra sus multas de tr\u00e1nsito. Llame ahora para discutir sus opciones legales.\" \/>\n<meta name=\"robots\" content=\"index, follow, max-snippet:-1, max-image-preview:large, max-video-preview:-1\" \/>\n<link rel=\"canonical\" href=\"https:\/\/giannicriminallaw.com\/es\/multas-de-trafico\/\" \/>\n<meta property=\"og:locale\" content=\"es_ES\" \/>\n<meta property=\"og:type\" content=\"article\" \/>\n<meta property=\"og:title\" content=\"Abogado de Multas de Tr\u00e1fico en Long Island | Condado de Nassau | Bufete de Abogados de Gianni Karmily, PLLC\" \/>\n<meta property=\"og:description\" content=\"Deje que el abogado en defensa penal de Long Island, Gianni Karmily, luche agresivamente contra sus multas de tr\u00e1nsito. Llame ahora para discutir sus opciones legales.\" \/>\n<meta property=\"og:url\" content=\"https:\/\/giannicriminallaw.com\/es\/multas-de-trafico\/\" \/>\n<meta property=\"og:site_name\" content=\"Law Firm of Gianni Karmily PLLC\" \/>\n<meta property=\"article:publisher\" content=\"https:\/\/www.facebook.com\/Law-Firm-of-Gianni-Karmily-PLLC-111458240497656\/\" \/>\n<meta property=\"article:modified_time\" content=\"2026-02-12T20:07:08+00:00\" \/>\n<meta name=\"twitter:card\" content=\"summary_large_image\" \/>\n<meta name=\"twitter:site\" content=\"@LawGianni\" \/>\n<meta name=\"twitter:label1\" content=\"Tiempo de lectura\" \/>\n\t<meta name=\"twitter:data1\" content=\"4 minutos\" \/>\n<script type=\"application\/ld+json\" class=\"yoast-schema-graph\">{\"@context\":\"https:\\\/\\\/schema.org\",\"@graph\":[{\"@type\":\"WebPage\",\"@id\":\"https:\\\/\\\/giannicriminallaw.com\\\/es\\\/multas-de-trafico\\\/\",\"url\":\"https:\\\/\\\/giannicriminallaw.com\\\/es\\\/multas-de-trafico\\\/\",\"name\":\"Abogado de Multas de Tr\u00e1fico en Long Island | Condado de Nassau | Bufete de Abogados de Gianni Karmily, PLLC\",\"isPartOf\":{\"@id\":\"https:\\\/\\\/giannicriminallaw.com\\\/#website\"},\"datePublished\":\"2020-02-27T10:26:25+00:00\",\"dateModified\":\"2026-02-12T20:07:08+00:00\",\"description\":\"Deje que el abogado en defensa penal de Long Island, Gianni Karmily, luche agresivamente contra sus multas de tr\u00e1nsito. Llame ahora para discutir sus opciones legales.\",\"breadcrumb\":{\"@id\":\"https:\\\/\\\/giannicriminallaw.com\\\/es\\\/multas-de-trafico\\\/#breadcrumb\"},\"inLanguage\":\"es\",\"potentialAction\":[{\"@type\":\"ReadAction\",\"target\":[\"https:\\\/\\\/giannicriminallaw.com\\\/es\\\/multas-de-trafico\\\/\"]}]},{\"@type\":\"BreadcrumbList\",\"@id\":\"https:\\\/\\\/giannicriminallaw.com\\\/es\\\/multas-de-trafico\\\/#breadcrumb\",\"itemListElement\":[{\"@type\":\"ListItem\",\"position\":1,\"name\":\"Home\",\"item\":\"https:\\\/\\\/giannicriminallaw.com\\\/es\\\/\"},{\"@type\":\"ListItem\",\"position\":2,\"name\":\"Multas de tr\u00e1fico\"}]},{\"@type\":\"WebSite\",\"@id\":\"https:\\\/\\\/giannicriminallaw.com\\\/#website\",\"url\":\"https:\\\/\\\/giannicriminallaw.com\\\/\",\"name\":\"Law Firm of Gianni Karmily PLLC\",\"description\":\"\",\"publisher\":{\"@id\":\"https:\\\/\\\/giannicriminallaw.com\\\/#organization\"},\"potentialAction\":[{\"@type\":\"SearchAction\",\"target\":{\"@type\":\"EntryPoint\",\"urlTemplate\":\"https:\\\/\\\/giannicriminallaw.com\\\/?s={search_term_string}\"},\"query-input\":{\"@type\":\"PropertyValueSpecification\",\"valueRequired\":true,\"valueName\":\"search_term_string\"}}],\"inLanguage\":\"es\"},{\"@type\":\"Organization\",\"@id\":\"https:\\\/\\\/giannicriminallaw.com\\\/#organization\",\"name\":\"Law Firm of Gianni Karmily PLLC\",\"url\":\"https:\\\/\\\/giannicriminallaw.com\\\/\",\"logo\":{\"@type\":\"ImageObject\",\"inLanguage\":\"es\",\"@id\":\"https:\\\/\\\/giannicriminallaw.com\\\/#\\\/schema\\\/logo\\\/image\\\/\",\"url\":\"https:\\\/\\\/giannicriminallaw.com\\\/wp-content\\\/uploads\\\/2021\\\/03\\\/cropped-favicon.png\",\"contentUrl\":\"https:\\\/\\\/giannicriminallaw.com\\\/wp-content\\\/uploads\\\/2021\\\/03\\\/cropped-favicon.png\",\"width\":512,\"height\":512,\"caption\":\"Law Firm of Gianni Karmily PLLC\"},\"image\":{\"@id\":\"https:\\\/\\\/giannicriminallaw.com\\\/#\\\/schema\\\/logo\\\/image\\\/\"},\"sameAs\":[\"https:\\\/\\\/www.facebook.com\\\/Law-Firm-of-Gianni-Karmily-PLLC-111458240497656\\\/\",\"https:\\\/\\\/x.com\\\/LawGianni\"]}]}<\/script>\n<!-- \/ Yoast SEO plugin. -->","yoast_head_json":{"title":"Abogado de Multas de Tr\u00e1fico en Long Island | Condado de Nassau | Bufete de Abogados de Gianni Karmily, PLLC","description":"Deje que el abogado en defensa penal de Long Island, Gianni Karmily, luche agresivamente contra sus multas de tr\u00e1nsito. Llame ahora para discutir sus opciones legales.","robots":{"index":"index","follow":"follow","max-snippet":"max-snippet:-1","max-image-preview":"max-image-preview:large","max-video-preview":"max-video-preview:-1"},"canonical":"https:\/\/giannicriminallaw.com\/es\/multas-de-trafico\/","og_locale":"es_ES","og_type":"article","og_title":"Abogado de Multas de Tr\u00e1fico en Long Island | Condado de Nassau | Bufete de Abogados de Gianni Karmily, PLLC","og_description":"Deje que el abogado en defensa penal de Long Island, Gianni Karmily, luche agresivamente contra sus multas de tr\u00e1nsito. Llame ahora para discutir sus opciones legales.","og_url":"https:\/\/giannicriminallaw.com\/es\/multas-de-trafico\/","og_site_name":"Law Firm of Gianni Karmily PLLC","article_publisher":"https:\/\/www.facebook.com\/Law-Firm-of-Gianni-Karmily-PLLC-111458240497656\/","article_modified_time":"2026-02-12T20:07:08+00:00","twitter_card":"summary_large_image","twitter_site":"@LawGianni","twitter_misc":{"Tiempo de lectura":"4 minutos"},"schema":{"@context":"https:\/\/schema.org","@graph":[{"@type":"WebPage","@id":"https:\/\/giannicriminallaw.com\/es\/multas-de-trafico\/","url":"https:\/\/giannicriminallaw.com\/es\/multas-de-trafico\/","name":"Abogado de Multas de Tr\u00e1fico en Long Island | Condado de Nassau | Bufete de Abogados de Gianni Karmily, PLLC","isPartOf":{"@id":"https:\/\/giannicriminallaw.com\/#website"},"datePublished":"2020-02-27T10:26:25+00:00","dateModified":"2026-02-12T20:07:08+00:00","description":"Deje que el abogado en defensa penal de Long Island, Gianni Karmily, luche agresivamente contra sus multas de tr\u00e1nsito. Llame ahora para discutir sus opciones legales.","breadcrumb":{"@id":"https:\/\/giannicriminallaw.com\/es\/multas-de-trafico\/#breadcrumb"},"inLanguage":"es","potentialAction":[{"@type":"ReadAction","target":["https:\/\/giannicriminallaw.com\/es\/multas-de-trafico\/"]}]},{"@type":"BreadcrumbList","@id":"https:\/\/giannicriminallaw.com\/es\/multas-de-trafico\/#breadcrumb","itemListElement":[{"@type":"ListItem","position":1,"name":"Home","item":"https:\/\/giannicriminallaw.com\/es\/"},{"@type":"ListItem","position":2,"name":"Multas de tr\u00e1fico"}]},{"@type":"WebSite","@id":"https:\/\/giannicriminallaw.com\/#website","url":"https:\/\/giannicriminallaw.com\/","name":"Law Firm of Gianni Karmily PLLC","description":"","publisher":{"@id":"https:\/\/giannicriminallaw.com\/#organization"},"potentialAction":[{"@type":"SearchAction","target":{"@type":"EntryPoint","urlTemplate":"https:\/\/giannicriminallaw.com\/?s={search_term_string}"},"query-input":{"@type":"PropertyValueSpecification","valueRequired":true,"valueName":"search_term_string"}}],"inLanguage":"es"},{"@type":"Organization","@id":"https:\/\/giannicriminallaw.com\/#organization","name":"Law Firm of Gianni Karmily PLLC","url":"https:\/\/giannicriminallaw.com\/","logo":{"@type":"ImageObject","inLanguage":"es","@id":"https:\/\/giannicriminallaw.com\/#\/schema\/logo\/image\/","url":"https:\/\/giannicriminallaw.com\/wp-content\/uploads\/2021\/03\/cropped-favicon.png","contentUrl":"https:\/\/giannicriminallaw.com\/wp-content\/uploads\/2021\/03\/cropped-favicon.png","width":512,"height":512,"caption":"Law Firm of Gianni Karmily PLLC"},"image":{"@id":"https:\/\/giannicriminallaw.com\/#\/schema\/logo\/image\/"},"sameAs":["https:\/\/www.facebook.com\/Law-Firm-of-Gianni-Karmily-PLLC-111458240497656\/","https:\/\/x.com\/LawGianni"]}]}},"_links":{"self":[{"href":"https:\/\/giannicriminallaw.com\/es\/wp-json\/wp\/v2\/pages\/9027","targetHints":{"allow":["GET"]}}],"collection":[{"href":"https:\/\/giannicriminallaw.com\/es\/wp-json\/wp\/v2\/pages"}],"about":[{"href":"https:\/\/giannicriminallaw.com\/es\/wp-json\/wp\/v2\/types\/page"}],"author":[{"embeddable":true,"href":"https:\/\/giannicriminallaw.com\/es\/wp-json\/wp\/v2\/users\/3"}],"replies":[{"embeddable":true,"href":"https:\/\/giannicriminallaw.com\/es\/wp-json\/wp\/v2\/comments?post=9027"}],"version-history":[{"count":0,"href":"https:\/\/giannicriminallaw.com\/es\/wp-json\/wp\/v2\/pages\/9027\/revisions"}],"wp:attachment":[{"href":"https:\/\/giannicriminallaw.com\/es\/wp-json\/wp\/v2\/media?parent=9027"}],"curies":[{"name":"wp","href":"https:\/\/api.w.org\/{rel}","templated":true}]}}