{"id":9026,"date":"2020-02-27T10:12:46","date_gmt":"2020-02-27T10:12:46","guid":{"rendered":"https:\/\/giannikarmily.wpenginepowered.com\/atropello-con-fuga\/"},"modified":"2026-04-09T13:33:31","modified_gmt":"2026-04-09T13:33:31","slug":"atropello-con-fuga","status":"publish","type":"page","link":"https:\/\/giannicriminallaw.com\/es\/atropello-con-fuga\/","title":{"rendered":"Atropello con fuga"},"content":{"rendered":"<h1><strong>Abogado Defensor de Atropello con Fuga en Long Island Defendiendo a Clientes Acusados en Abandonar la Escena en un Accidente de el Condado en Nassau<\/strong><\/h1>\n<p><iframe src=\"https:\/\/www.youtube.com\/embed\/6PJCXsemiqA\" width=\"587\" height=\"330\" frameborder=\"0\" allowfullscreen=\"allowfullscreen\"><\/iframe><span style=\"font-weight: 400;\">Si se ve involucrado en un accidente automovil\u00edstico, lo mejor para usted es permanecer en la escena. Si no lo hace, podr\u00eda ser acusado de abandonar la escena de un accidente sin reportarlo.<\/span><\/p>\n<p><span style=\"font-weight: 400;\">El acto de abandonar la escena de un accidente sin informarlo se denomina atropello con fuga. Si lo acusan de cometer este delito, es importante que se comunique con un experimentado <\/span><a href=\"https:\/\/giannicriminallaw.com\/es\/\"><span style=\"font-weight: 400;\">abogado<\/span><span style=\"font-weight: 400;\"> en defensa penal<\/span><\/a><span style=\"font-weight: 400;\"> de inmediato. Gianni Karmily ha ayudado a innumerables clientes a luchar contra cargos de atropello con fuga en Long Island. Comun\u00edquese con Law Firm of Gianni Karmily, de inmediato para analizar sus opciones legales.<\/span><\/p>\n<h2><b>\u00bfQu\u00e9 Deben Hacer los Conductores Despu\u00e9s de un Accidente Automovil\u00edstico?<\/b><\/h2>\n<p><span style=\"font-weight: 400;\">La ley requiere que cada conductor siga ciertas reglas inmediatamente despu\u00e9s de un accidente automovil\u00edstico. Si usted resulta involucrado en un accidente, est\u00e1 legalmente obligado a permanecer en la escena. La ley tambi\u00e9n requiere que los conductores muestren su tarjeta de seguro y licencia de conducir a las otras partes involucradas en el accidente. Los conductores tambi\u00e9n deben proporcionar a las otras partes su nombre y direcci\u00f3n antes de abandonar la escena.<\/span><\/p>\n<p><span style=\"font-weight: 400;\">Si las otras partes no est\u00e1n presentes, por ejemplo, si usted colision\u00f3 un autom\u00f3vil estacionado sin nadie dentro, a\u00fan as\u00ed debe proporcionar esta informaci\u00f3n. En este caso, deber\u00e1 informar el accidente a la polic\u00eda y darles su informaci\u00f3n a ellos.<\/span><\/p>\n<h2><b>\u00bfCu\u00e1les Son las Leyes de Atropello con Fuga en el Condado de Nassau y en Todo Long Island?<\/b><\/h2>\n<p><span style=\"font-weight: 400;\">El no cumplir con sus obligaciones legales despu\u00e9s de un accidente automovil\u00edstico podr\u00eda tener graves consecuencias. Esto es cierto independientemente de si alguien result\u00f3 herido o no en el accidente. La gravedad del accidente no importa \u2013 si usted estuvo involucrado en un accidente, debe cumplir con sus obligaciones legales.<\/span><\/p>\n<h2><b>\u00bfAbandonar la Escena de un Accidente es un Delito o una Infracci\u00f3n de Tr\u00e1nsito?<\/b><\/h2>\n<p><span style=\"font-weight: 400;\">Hay dos tipos de ofensas de atropello con fuga en Nueva York, seg\u00fan se definen en la <a href=\"https:\/\/www.nysenate.gov\/legislation\/laws\/VAT\/600\">Secci\u00f3n 600 de la Ley Penal de Nueva York<\/a>. El primero es abandonar la escena de un accidente con da\u00f1os a la propiedad, pero sin heridos. Esta ofensa es una infracci\u00f3n de tr\u00e1nsito, no un delito.<\/span><\/p>\n<p><span style=\"font-weight: 400;\">La segunda ofensa de atropello con fuga es abandonar la escena de un accidente con heridos. Si alguien result\u00f3 herido en el accidente y usted se niega a intercambiar su informaci\u00f3n en el lugar, se le acusar\u00e1 de un <a href=\"https:\/\/www.nysenate.gov\/legislation\/laws\/VAT\/600\">delito menor de clase B<\/a>. Esto es cierto incluso si permaneci\u00f3 en la escena \u2013 si se niega a proporcionar su informaci\u00f3n, se le presentar\u00e1n cargos. Si usted es un delincuente reincidente, este cargo penal se convertir\u00e1 en un <a href=\"https:\/\/www.nysenate.gov\/legislation\/laws\/VAT\/600\">delito menor de clase A<\/a>.<\/span><\/p>\n<p><span style=\"font-weight: 400;\">Si resulta involucrado en un accidente con heridos y no permanece en la escena en lo absoluto, puede enfrentar cargos por un delito menor de clase A. Si es un delincuente reincidente, el cargo aumenta a un delito grave de clase E.<\/span><\/p>\n<p><span style=\"font-weight: 400;\">Enfrentar\u00e1 cargos penales m\u00e1s graves si el accidente involucr\u00f3 lesiones graves o hubo muertos. Si no permanece en la escena de un accidente que caus\u00f3 lesiones graves, se le acusar\u00e1 de un delito grave de clase E. Si se niega a permanecer en la escena de un accidente fatal, puede enfrentar cargos por delitos graves de clase D.<\/span><\/p>\n<h2><b>\u00bfCu\u00e1les Son las Sanciones por Abandonar la Escena de un Accidente?<\/b><\/h2>\n<p><span style=\"font-weight: 400;\">Las sanciones variar\u00e1n dependiendo de la gravedad del accidente. Si el accidente caus\u00f3 da\u00f1os a la propiedad pero no lesiones, esta infracci\u00f3n de tr\u00e1nsito se castiga con hasta 15 d\u00edas de c\u00e1rcel y $250 en multas.<\/span><\/p>\n<p><span style=\"font-weight: 400;\">Negarse a intercambiar su informaci\u00f3n despu\u00e9s de un accidente que involucre lesiones, que es un delito menor de clase B, puede resultar en hasta tres meses de c\u00e1rcel y $500 en multas. Negarse a permanecer en la escena de un accidente que involucre lesiones, que es un delito menor de clase A, se castiga con hasta un a\u00f1o de c\u00e1rcel y $1,000 en multas.<\/span><\/p>\n<p><span style=\"font-weight: 400;\">Los delitos de atropello con fuga que involucran lesiones graves son delitos graves de clase E, los cuales conllevan un m\u00e1ximo de cuatro a\u00f1os de prisi\u00f3n. El delito m\u00e1s grave de atropello con fuga, en el cual hubo muertos, es un delito grave de clase D, el cual conlleva un m\u00e1ximo de siete a\u00f1os de prisi\u00f3n.<\/span><\/p>\n<p><span style=\"font-weight: 400;\">Los cargos de atropello con fuga no deben tomarse a la ligera. Abandonar la escena de un accidente puede conducir a tiempo en prisi\u00f3n, por eso debe luchar contra los cargos con la ayuda del abogado en atropello con fuga, Gianni Karmily.<\/span><\/p>\n<h2>Programe una evaluaci\u00f3n de su caso con nuestro abogado defensor de atropello y fuga en el Condado de Nassau, Long Island<\/h2>\n<p><span style=\"font-weight: 400;\">\u00bfHa sido acusado de abandonar la escena de un accidente? Esto no es s\u00f3lo una infracci\u00f3n de tr\u00e1nsito, es un delito penal. Por eso debe buscar la representaci\u00f3n legal del abogado h\u00e1bil en atropello con fuga, Gianni Karmily, lo antes posible. Deje que Gianni luche por usted para proteger su libertad. Para programar una evaluaci\u00f3n confidencial de su caso con el Bufete de Abogados de Gianni Karmily, PLLC, llame a nuestra oficina de Great Neck al <a href=\"tel:5166303405\">(516) 630-3405<\/a> o a nuestra oficina de Hempstead al <a href=\"tel:5166144228\">(516) 614-4228<\/a>.<\/span><\/p>\n<p>&nbsp;<\/p>\n","protected":false},"excerpt":{"rendered":"<p>Abogado Defensor de Atropello con Fuga en Long Island Defendiendo a Clientes Acusados en Abandonar la Escena en un Accidente de el Condado en Nassau Si se ve involucrado en un accidente automovil\u00edstico, lo mejor para usted es permanecer en la escena. Si no lo hace, podr\u00eda ser acusado de abandonar la escena de un [&hellip;]<\/p>\n","protected":false},"author":3,"featured_media":0,"parent":0,"menu_order":0,"comment_status":"closed","ping_status":"closed","template":"","meta":{"_genesis_hide_title":false,"_genesis_hide_breadcrumbs":false,"_genesis_hide_singular_image":false,"_genesis_hide_footer_widgets":false,"_genesis_custom_body_class":"inner-page","_genesis_custom_post_class":"","_genesis_layout":"","footnotes":""},"class_list":{"0":"post-9026","1":"page","2":"type-page","3":"status-publish","5":"entry"},"yoast_head":"<!-- This site is optimized with the Yoast SEO plugin v27.3 - https:\/\/yoast.com\/product\/yoast-seo-wordpress\/ -->\n<title>Long Island Abogado Defensor de Atropello con Fuga | Condado de Nassau | Bufete de Abogados de Gianni Karmily, PLLC<\/title>\n<meta name=\"description\" content=\"Busque la representaci\u00f3n legal del abogado en atropello con fuga de Long Island, Gianni Karmily, lo antes posible. Llame ahora para programar una evaluaci\u00f3n de su caso.\" \/>\n<meta name=\"robots\" content=\"index, follow, max-snippet:-1, max-image-preview:large, max-video-preview:-1\" \/>\n<link rel=\"canonical\" href=\"https:\/\/giannicriminallaw.com\/es\/atropello-con-fuga\/\" \/>\n<meta property=\"og:locale\" content=\"es_ES\" \/>\n<meta property=\"og:type\" content=\"article\" \/>\n<meta property=\"og:title\" content=\"Long Island Abogado Defensor de Atropello con Fuga | Condado de Nassau | Bufete de Abogados de Gianni Karmily, PLLC\" \/>\n<meta property=\"og:description\" content=\"Busque la representaci\u00f3n legal del abogado en atropello con fuga de Long Island, Gianni Karmily, lo antes posible. Llame ahora para programar una evaluaci\u00f3n de su caso.\" \/>\n<meta property=\"og:url\" content=\"https:\/\/giannicriminallaw.com\/es\/atropello-con-fuga\/\" \/>\n<meta property=\"og:site_name\" content=\"Law Firm of Gianni Karmily PLLC\" \/>\n<meta property=\"article:publisher\" content=\"https:\/\/www.facebook.com\/Law-Firm-of-Gianni-Karmily-PLLC-111458240497656\/\" \/>\n<meta property=\"article:modified_time\" content=\"2026-04-09T13:33:31+00:00\" \/>\n<meta name=\"twitter:card\" content=\"summary_large_image\" \/>\n<meta name=\"twitter:site\" content=\"@LawGianni\" \/>\n<meta name=\"twitter:label1\" content=\"Tiempo de lectura\" \/>\n\t<meta name=\"twitter:data1\" content=\"4 minutos\" \/>\n<script type=\"application\/ld+json\" class=\"yoast-schema-graph\">{\"@context\":\"https:\\\/\\\/schema.org\",\"@graph\":[{\"@type\":\"WebPage\",\"@id\":\"https:\\\/\\\/giannicriminallaw.com\\\/es\\\/atropello-con-fuga\\\/\",\"url\":\"https:\\\/\\\/giannicriminallaw.com\\\/es\\\/atropello-con-fuga\\\/\",\"name\":\"Long Island Abogado Defensor de Atropello con Fuga | Condado de Nassau | Bufete de Abogados de Gianni Karmily, PLLC\",\"isPartOf\":{\"@id\":\"https:\\\/\\\/giannicriminallaw.com\\\/#website\"},\"datePublished\":\"2020-02-27T10:12:46+00:00\",\"dateModified\":\"2026-04-09T13:33:31+00:00\",\"description\":\"Busque la representaci\u00f3n legal del abogado en atropello con fuga de Long Island, Gianni Karmily, lo antes posible. Llame ahora para programar una evaluaci\u00f3n de su caso.\",\"breadcrumb\":{\"@id\":\"https:\\\/\\\/giannicriminallaw.com\\\/es\\\/atropello-con-fuga\\\/#breadcrumb\"},\"inLanguage\":\"es\",\"potentialAction\":[{\"@type\":\"ReadAction\",\"target\":[\"https:\\\/\\\/giannicriminallaw.com\\\/es\\\/atropello-con-fuga\\\/\"]}]},{\"@type\":\"BreadcrumbList\",\"@id\":\"https:\\\/\\\/giannicriminallaw.com\\\/es\\\/atropello-con-fuga\\\/#breadcrumb\",\"itemListElement\":[{\"@type\":\"ListItem\",\"position\":1,\"name\":\"Home\",\"item\":\"https:\\\/\\\/giannicriminallaw.com\\\/es\\\/\"},{\"@type\":\"ListItem\",\"position\":2,\"name\":\"Atropello con fuga\"}]},{\"@type\":\"WebSite\",\"@id\":\"https:\\\/\\\/giannicriminallaw.com\\\/#website\",\"url\":\"https:\\\/\\\/giannicriminallaw.com\\\/\",\"name\":\"Law Firm of Gianni Karmily PLLC\",\"description\":\"\",\"publisher\":{\"@id\":\"https:\\\/\\\/giannicriminallaw.com\\\/#organization\"},\"potentialAction\":[{\"@type\":\"SearchAction\",\"target\":{\"@type\":\"EntryPoint\",\"urlTemplate\":\"https:\\\/\\\/giannicriminallaw.com\\\/?s={search_term_string}\"},\"query-input\":{\"@type\":\"PropertyValueSpecification\",\"valueRequired\":true,\"valueName\":\"search_term_string\"}}],\"inLanguage\":\"es\"},{\"@type\":\"Organization\",\"@id\":\"https:\\\/\\\/giannicriminallaw.com\\\/#organization\",\"name\":\"Law Firm of Gianni Karmily PLLC\",\"url\":\"https:\\\/\\\/giannicriminallaw.com\\\/\",\"logo\":{\"@type\":\"ImageObject\",\"inLanguage\":\"es\",\"@id\":\"https:\\\/\\\/giannicriminallaw.com\\\/#\\\/schema\\\/logo\\\/image\\\/\",\"url\":\"https:\\\/\\\/giannicriminallaw.com\\\/wp-content\\\/uploads\\\/2021\\\/03\\\/cropped-favicon.png\",\"contentUrl\":\"https:\\\/\\\/giannicriminallaw.com\\\/wp-content\\\/uploads\\\/2021\\\/03\\\/cropped-favicon.png\",\"width\":512,\"height\":512,\"caption\":\"Law Firm of Gianni Karmily PLLC\"},\"image\":{\"@id\":\"https:\\\/\\\/giannicriminallaw.com\\\/#\\\/schema\\\/logo\\\/image\\\/\"},\"sameAs\":[\"https:\\\/\\\/www.facebook.com\\\/Law-Firm-of-Gianni-Karmily-PLLC-111458240497656\\\/\",\"https:\\\/\\\/x.com\\\/LawGianni\"]}]}<\/script>\n<!-- \/ Yoast SEO plugin. -->","yoast_head_json":{"title":"Long Island Abogado Defensor de Atropello con Fuga | Condado de Nassau | Bufete de Abogados de Gianni Karmily, PLLC","description":"Busque la representaci\u00f3n legal del abogado en atropello con fuga de Long Island, Gianni Karmily, lo antes posible. Llame ahora para programar una evaluaci\u00f3n de su caso.","robots":{"index":"index","follow":"follow","max-snippet":"max-snippet:-1","max-image-preview":"max-image-preview:large","max-video-preview":"max-video-preview:-1"},"canonical":"https:\/\/giannicriminallaw.com\/es\/atropello-con-fuga\/","og_locale":"es_ES","og_type":"article","og_title":"Long Island Abogado Defensor de Atropello con Fuga | Condado de Nassau | Bufete de Abogados de Gianni Karmily, PLLC","og_description":"Busque la representaci\u00f3n legal del abogado en atropello con fuga de Long Island, Gianni Karmily, lo antes posible. Llame ahora para programar una evaluaci\u00f3n de su caso.","og_url":"https:\/\/giannicriminallaw.com\/es\/atropello-con-fuga\/","og_site_name":"Law Firm of Gianni Karmily PLLC","article_publisher":"https:\/\/www.facebook.com\/Law-Firm-of-Gianni-Karmily-PLLC-111458240497656\/","article_modified_time":"2026-04-09T13:33:31+00:00","twitter_card":"summary_large_image","twitter_site":"@LawGianni","twitter_misc":{"Tiempo de lectura":"4 minutos"},"schema":{"@context":"https:\/\/schema.org","@graph":[{"@type":"WebPage","@id":"https:\/\/giannicriminallaw.com\/es\/atropello-con-fuga\/","url":"https:\/\/giannicriminallaw.com\/es\/atropello-con-fuga\/","name":"Long Island Abogado Defensor de Atropello con Fuga | Condado de Nassau | Bufete de Abogados de Gianni Karmily, PLLC","isPartOf":{"@id":"https:\/\/giannicriminallaw.com\/#website"},"datePublished":"2020-02-27T10:12:46+00:00","dateModified":"2026-04-09T13:33:31+00:00","description":"Busque la representaci\u00f3n legal del abogado en atropello con fuga de Long Island, Gianni Karmily, lo antes posible. Llame ahora para programar una evaluaci\u00f3n de su caso.","breadcrumb":{"@id":"https:\/\/giannicriminallaw.com\/es\/atropello-con-fuga\/#breadcrumb"},"inLanguage":"es","potentialAction":[{"@type":"ReadAction","target":["https:\/\/giannicriminallaw.com\/es\/atropello-con-fuga\/"]}]},{"@type":"BreadcrumbList","@id":"https:\/\/giannicriminallaw.com\/es\/atropello-con-fuga\/#breadcrumb","itemListElement":[{"@type":"ListItem","position":1,"name":"Home","item":"https:\/\/giannicriminallaw.com\/es\/"},{"@type":"ListItem","position":2,"name":"Atropello con fuga"}]},{"@type":"WebSite","@id":"https:\/\/giannicriminallaw.com\/#website","url":"https:\/\/giannicriminallaw.com\/","name":"Law Firm of Gianni Karmily PLLC","description":"","publisher":{"@id":"https:\/\/giannicriminallaw.com\/#organization"},"potentialAction":[{"@type":"SearchAction","target":{"@type":"EntryPoint","urlTemplate":"https:\/\/giannicriminallaw.com\/?s={search_term_string}"},"query-input":{"@type":"PropertyValueSpecification","valueRequired":true,"valueName":"search_term_string"}}],"inLanguage":"es"},{"@type":"Organization","@id":"https:\/\/giannicriminallaw.com\/#organization","name":"Law Firm of Gianni Karmily PLLC","url":"https:\/\/giannicriminallaw.com\/","logo":{"@type":"ImageObject","inLanguage":"es","@id":"https:\/\/giannicriminallaw.com\/#\/schema\/logo\/image\/","url":"https:\/\/giannicriminallaw.com\/wp-content\/uploads\/2021\/03\/cropped-favicon.png","contentUrl":"https:\/\/giannicriminallaw.com\/wp-content\/uploads\/2021\/03\/cropped-favicon.png","width":512,"height":512,"caption":"Law Firm of Gianni Karmily PLLC"},"image":{"@id":"https:\/\/giannicriminallaw.com\/#\/schema\/logo\/image\/"},"sameAs":["https:\/\/www.facebook.com\/Law-Firm-of-Gianni-Karmily-PLLC-111458240497656\/","https:\/\/x.com\/LawGianni"]}]}},"_links":{"self":[{"href":"https:\/\/giannicriminallaw.com\/es\/wp-json\/wp\/v2\/pages\/9026","targetHints":{"allow":["GET"]}}],"collection":[{"href":"https:\/\/giannicriminallaw.com\/es\/wp-json\/wp\/v2\/pages"}],"about":[{"href":"https:\/\/giannicriminallaw.com\/es\/wp-json\/wp\/v2\/types\/page"}],"author":[{"embeddable":true,"href":"https:\/\/giannicriminallaw.com\/es\/wp-json\/wp\/v2\/users\/3"}],"replies":[{"embeddable":true,"href":"https:\/\/giannicriminallaw.com\/es\/wp-json\/wp\/v2\/comments?post=9026"}],"version-history":[{"count":0,"href":"https:\/\/giannicriminallaw.com\/es\/wp-json\/wp\/v2\/pages\/9026\/revisions"}],"wp:attachment":[{"href":"https:\/\/giannicriminallaw.com\/es\/wp-json\/wp\/v2\/media?parent=9026"}],"curies":[{"name":"wp","href":"https:\/\/api.w.org\/{rel}","templated":true}]}}