{"id":9023,"date":"2020-02-27T09:57:40","date_gmt":"2020-02-27T09:57:40","guid":{"rendered":"https:\/\/giannikarmily.wpenginepowered.com\/crimenes-de-complicidad\/"},"modified":"2025-01-30T16:28:44","modified_gmt":"2025-01-30T16:28:44","slug":"crimenes-de-complicidad","status":"publish","type":"page","link":"https:\/\/giannicriminallaw.com\/es\/crimenes-de-complicidad\/","title":{"rendered":"Cr\u00edmenes de complicidad"},"content":{"rendered":"<h1><strong>Abogado de complicidad que defendiendo agresivamente sus derechos en el condado de Nassau<\/strong><\/h1>\n<p><iframe src=\"https:\/\/www.youtube.com\/embed\/6PJCXsemiqA\" width=\"587\" height=\"330\" frameborder=\"0\" allowfullscreen=\"allowfullscreen\"><\/iframe><\/p>\n<p><span style=\"font-weight: 400;\">Muchos delitos son cometidos por m\u00e1s de una persona. Por ley, si un grupo de personas est\u00e1 involucrado en la comisi\u00f3n de un delito, cada miembro del grupo puede ser considerado penalmente responsable de los actos de los otros miembros. Esto se llama responsabilidad accesoria, y puede dar lugar a penas graves.<\/span><\/p>\n<p><span style=\"font-weight: 400;\">Si se le acusa de ser c\u00f3mplice de un delito, le conviene ponerse en contacto con el abogado h\u00e1bil en complicidad Gianni Karmily lo antes posible.<\/span><\/p>\n<h2><b>\u00bfQu\u00e9 es la complicidad?<\/b><\/h2>\n<p><span style=\"font-weight: 400;\">En Nueva York, la ley establece que usted tiene responsabilidad penal por la conducta de otro si es c\u00f3mplice en la comisi\u00f3n de un delito. Usted puede ser considerado responsable penalmente por la conducta de otro individuo si solicita, pide, pide, exige o ayuda intencionalmente a esa persona a cometer un delito.<\/span><\/p>\n<p><span style=\"font-weight: 400;\">Hay muchas formas de ser declarado responsable penalmente por la conducta de otra persona. Algunos ejemplos de complicidad pueden ser:<\/span><\/p>\n<ul>\n<li style=\"font-weight: 400;\" aria-level=\"1\"><span style=\"font-weight: 400;\">Financiar la comisi\u00f3n de un delito<\/span><\/li>\n<li style=\"font-weight: 400;\" aria-level=\"1\"><span style=\"font-weight: 400;\">Proporcionar suministros o informaci\u00f3n para ayudar a la comisi\u00f3n de un delito<\/span><\/li>\n<li style=\"font-weight: 400;\" aria-level=\"1\"><span style=\"font-weight: 400;\">Ayudar al autor a ocultar o destruir las pruebas del delitoProviding supplies or information to assist with the commission of a crime<\/span><\/li>\n<\/ul>\n<p><span style=\"font-weight: 400;\">Estas son algunas de las muchas formas en que su participaci\u00f3n en la actividad delictiva podr\u00eda dar lugar a la responsabilidad penal.<\/span><\/p>\n<h2><b>\u00bfQu\u00e9 se debe probar en un caso de complicidad?<\/b><\/h2>\n<p><span style=\"font-weight: 400;\">El Estado debe probar varios puntos clave para demostrar la complicidad. Para responsabilizar penalmente a alguien, el estado debe demostrar:<\/span><\/p>\n<ul>\n<li style=\"font-weight: 400;\" aria-level=\"1\"><span style=\"font-weight: 400;\">Que alguien cometi\u00f3 un delito.<\/span><\/li>\n<li style=\"font-weight: 400;\" aria-level=\"1\"><span style=\"font-weight: 400;\">El acusado pidi\u00f3, solicit\u00f3, demand\u00f3 o ayud\u00f3 intencionadamente a esa persona a realizar una conducta delictiva.<\/span><\/li>\n<li style=\"font-weight: 400;\" aria-level=\"1\"><span style=\"font-weight: 400;\">El acusado lo hizo mientras estaba en el estado mental requerido para cometer el delito.<\/span><\/li>\n<\/ul>\n<p><span style=\"font-weight: 400;\">Esto significa que usted no puede ser considerado responsable penalmente por la conducta de otros simplemente por estar en la escena del crimen mientras se comete. Esto es cierto incluso si usted sab\u00eda que se estaba cometiendo el delito. Su presencia y conocimiento del delito no le hace responsable penalmente de las acciones de la persona que cometi\u00f3 el delito.<\/span><\/p>\n<h2>\u00bfCu\u00e1les son las penas por complicidad en el condado de Nassau?<\/h2>\n<p><span style=\"font-weight: 400;\">Las penas a las que se enfrentar\u00e1 por ser c\u00f3mplice variar\u00e1n en funci\u00f3n del tipo de delito en el que haya participado. Si se demuestra que usted es responsable penalmente por la conducta de otro, usted es tan culpable como la persona que realmente cometi\u00f3 el delito.<\/span> <span style=\"font-weight: 400;\">Esto significa que se enfrentar\u00e1 a los mismos cargos y penas que la persona que cometi\u00f3 el delito.<\/span><br \/>\n<span style=\"font-weight: 400;\">Por ejemplo, si usted contrata a un sicario para matar a alguien, podr\u00eda ser considerado responsable penal de la conducta del sicario. Esto se debe a que usted solicit\u00f3 la ayuda del sicario para cometer el delito. Como resultado, tanto usted como el sicario pueden enfrentarse a cargos de asesinato, aunque usted no haya sido quien realmente cometi\u00f3 el asesinato. A los ojos de la ley, usted ser\u00e1 tratado igual que la persona que realmente cometi\u00f3 el crimen.<\/span><\/p>\n<h2>\u00bfC\u00f3mo puede un abogado ayudarle a evitar la responsabilidad penal?<\/h2>\n<p><span style=\"font-weight: 400;\">Hay dos estrategias principales de defensa que pueden ser utilizadas para ayudarle a evitar la responsabilidad penal, incluyendo:<\/span><\/p>\n<ul>\n<li style=\"font-weight: 400;\" aria-level=\"1\"><span style=\"font-weight: 400;\">Estado mental: La ley establece que usted debe estar en el estado mental requerido para el delito con el fin de ser penalmente responsable. Por ejemplo, para cometer un asesinato en primer grado, debe tener la intenci\u00f3n de matar a la v\u00edctima. Si usted particip\u00f3 en la comisi\u00f3n de este delito, pero no tuvo la intenci\u00f3n de matar a alguien, no puede ser considerado responsable penalmente.<\/span><\/li>\n<li style=\"font-weight: 400;\" aria-level=\"1\"><span style=\"font-weight: 400;\">\u00a0Acciones de complicidad: El abogado Gianni Karmily tambi\u00e9n puede argumentar que sus acciones no constituyen responsabilidad accesoria. Si usted simplemente estaba observando el crimen tener lugar, por ejemplo, esto no le hace penalmente responsable.<\/span><\/li>\n<\/ul>\n<p><span style=\"font-weight: 400;\">No cometa el error de pensar que se librar\u00e1 f\u00e1cilmente simplemente porque fue un c\u00f3mplice y no el autor del delito. En Nueva York, tanto el c\u00f3mplice como el autor se enfrentar\u00e1n a las mismas penas, por lo que tendr\u00e1 que buscar la representaci\u00f3n legal del abogado de defensa criminal Gianni Karmily.<\/span><\/p>\n<h2>Programe una evaluaci\u00f3n del caso con nuestro experimentado abogado de complicidad en el Condado de Nassau hoy<\/h2>\n<p><span style=\"font-weight: 400;\">\u00bfHa sido acusado de responsabilidad penal por la conducta de otro? Si usted fue c\u00f3mplice en la comisi\u00f3n de un delito, necesita buscar la representaci\u00f3n legal del abogado defensor de la complicidad Gianni Karmily de inmediato. Puede que no haya sido usted quien cometi\u00f3 el delito, pero a\u00fan as\u00ed puede enfrentarse a graves consecuencias por su participaci\u00f3n. Deje que Gianni trabaje incansablemente para ayudarle a proteger su libertad. Para programar una evaluaci\u00f3n confidencial de su caso con el Bufete de Abogados de Gianni Karmily, PLLC, llame a nuestra oficina de Great Neck al <a href=\"tel:5166303405\" target=\"_blank\" rel=\"noopener noreferrer\">(516) 630-3405<\/a> o a nuestra oficina de Hempstead al <a href=\"tel:5166144228\" target=\"_blank\" rel=\"noopener noreferrer\">(516) 614-4228<\/a>.<\/span><\/p>\n","protected":false},"excerpt":{"rendered":"<p>Abogado de complicidad que defendiendo agresivamente sus derechos en el condado de Nassau Muchos delitos son cometidos por m\u00e1s de una persona. Por ley, si un grupo de personas est\u00e1 involucrado en la comisi\u00f3n de un delito, cada miembro del grupo puede ser considerado penalmente responsable de los actos de los otros miembros. Esto se [&hellip;]<\/p>\n","protected":false},"author":3,"featured_media":0,"parent":0,"menu_order":0,"comment_status":"closed","ping_status":"closed","template":"","meta":{"_genesis_hide_title":false,"_genesis_hide_breadcrumbs":false,"_genesis_hide_singular_image":false,"_genesis_hide_footer_widgets":false,"_genesis_custom_body_class":"inner-page","_genesis_custom_post_class":"","_genesis_layout":"","footnotes":""},"class_list":{"0":"post-9023","1":"page","2":"type-page","3":"status-publish","5":"entry"},"yoast_head":"<!-- This site is optimized with the Yoast SEO plugin v27.4 - https:\/\/yoast.com\/product\/yoast-seo-wordpress\/ -->\n<title>Long Island Abogado de Cr\u00edmenes de Complicidad | Condado de Nassau | Bufete de Abogados de Gianni Karmily, PLLC<\/title>\n<meta name=\"description\" content=\"\u00bfHa sido acusado de ayudar a alguien a cometer un delito? Si es as\u00ed, p\u00f3ngase en contacto con el experimentado abogado de complicidad Gianni Karmily tan pronto como sea posible.\" \/>\n<meta name=\"robots\" content=\"index, follow, max-snippet:-1, max-image-preview:large, max-video-preview:-1\" \/>\n<link rel=\"canonical\" href=\"https:\/\/giannicriminallaw.com\/es\/crimenes-de-complicidad\/\" \/>\n<meta property=\"og:locale\" content=\"es_ES\" \/>\n<meta property=\"og:type\" content=\"article\" \/>\n<meta property=\"og:title\" content=\"Long Island Abogado de Cr\u00edmenes de Complicidad | Condado de Nassau | Bufete de Abogados de Gianni Karmily, PLLC\" \/>\n<meta property=\"og:description\" content=\"\u00bfHa sido acusado de ayudar a alguien a cometer un delito? Si es as\u00ed, p\u00f3ngase en contacto con el experimentado abogado de complicidad Gianni Karmily tan pronto como sea posible.\" \/>\n<meta property=\"og:url\" content=\"https:\/\/giannicriminallaw.com\/es\/crimenes-de-complicidad\/\" \/>\n<meta property=\"og:site_name\" content=\"Law Firm of Gianni Karmily PLLC\" \/>\n<meta property=\"article:publisher\" content=\"https:\/\/www.facebook.com\/Law-Firm-of-Gianni-Karmily-PLLC-111458240497656\/\" \/>\n<meta property=\"article:modified_time\" content=\"2025-01-30T16:28:44+00:00\" \/>\n<meta name=\"twitter:card\" content=\"summary_large_image\" \/>\n<meta name=\"twitter:site\" content=\"@LawGianni\" \/>\n<meta name=\"twitter:label1\" content=\"Tiempo de lectura\" \/>\n\t<meta name=\"twitter:data1\" content=\"4 minutos\" \/>\n<script type=\"application\/ld+json\" class=\"yoast-schema-graph\">{\"@context\":\"https:\\\/\\\/schema.org\",\"@graph\":[{\"@type\":\"WebPage\",\"@id\":\"https:\\\/\\\/giannicriminallaw.com\\\/es\\\/crimenes-de-complicidad\\\/\",\"url\":\"https:\\\/\\\/giannicriminallaw.com\\\/es\\\/crimenes-de-complicidad\\\/\",\"name\":\"Long Island Abogado de Cr\u00edmenes de Complicidad | Condado de Nassau | Bufete de Abogados de Gianni Karmily, PLLC\",\"isPartOf\":{\"@id\":\"https:\\\/\\\/giannicriminallaw.com\\\/#website\"},\"datePublished\":\"2020-02-27T09:57:40+00:00\",\"dateModified\":\"2025-01-30T16:28:44+00:00\",\"description\":\"\u00bfHa sido acusado de ayudar a alguien a cometer un delito? Si es as\u00ed, p\u00f3ngase en contacto con el experimentado abogado de complicidad Gianni Karmily tan pronto como sea posible.\",\"breadcrumb\":{\"@id\":\"https:\\\/\\\/giannicriminallaw.com\\\/es\\\/crimenes-de-complicidad\\\/#breadcrumb\"},\"inLanguage\":\"es\",\"potentialAction\":[{\"@type\":\"ReadAction\",\"target\":[\"https:\\\/\\\/giannicriminallaw.com\\\/es\\\/crimenes-de-complicidad\\\/\"]}]},{\"@type\":\"BreadcrumbList\",\"@id\":\"https:\\\/\\\/giannicriminallaw.com\\\/es\\\/crimenes-de-complicidad\\\/#breadcrumb\",\"itemListElement\":[{\"@type\":\"ListItem\",\"position\":1,\"name\":\"Home\",\"item\":\"https:\\\/\\\/giannicriminallaw.com\\\/es\\\/\"},{\"@type\":\"ListItem\",\"position\":2,\"name\":\"Cr\u00edmenes de complicidad\"}]},{\"@type\":\"WebSite\",\"@id\":\"https:\\\/\\\/giannicriminallaw.com\\\/#website\",\"url\":\"https:\\\/\\\/giannicriminallaw.com\\\/\",\"name\":\"Law Firm of Gianni Karmily PLLC\",\"description\":\"\",\"publisher\":{\"@id\":\"https:\\\/\\\/giannicriminallaw.com\\\/#organization\"},\"potentialAction\":[{\"@type\":\"SearchAction\",\"target\":{\"@type\":\"EntryPoint\",\"urlTemplate\":\"https:\\\/\\\/giannicriminallaw.com\\\/?s={search_term_string}\"},\"query-input\":{\"@type\":\"PropertyValueSpecification\",\"valueRequired\":true,\"valueName\":\"search_term_string\"}}],\"inLanguage\":\"es\"},{\"@type\":\"Organization\",\"@id\":\"https:\\\/\\\/giannicriminallaw.com\\\/#organization\",\"name\":\"Law Firm of Gianni Karmily PLLC\",\"url\":\"https:\\\/\\\/giannicriminallaw.com\\\/\",\"logo\":{\"@type\":\"ImageObject\",\"inLanguage\":\"es\",\"@id\":\"https:\\\/\\\/giannicriminallaw.com\\\/#\\\/schema\\\/logo\\\/image\\\/\",\"url\":\"https:\\\/\\\/giannicriminallaw.com\\\/wp-content\\\/uploads\\\/2021\\\/03\\\/cropped-favicon.png\",\"contentUrl\":\"https:\\\/\\\/giannicriminallaw.com\\\/wp-content\\\/uploads\\\/2021\\\/03\\\/cropped-favicon.png\",\"width\":512,\"height\":512,\"caption\":\"Law Firm of Gianni Karmily PLLC\"},\"image\":{\"@id\":\"https:\\\/\\\/giannicriminallaw.com\\\/#\\\/schema\\\/logo\\\/image\\\/\"},\"sameAs\":[\"https:\\\/\\\/www.facebook.com\\\/Law-Firm-of-Gianni-Karmily-PLLC-111458240497656\\\/\",\"https:\\\/\\\/x.com\\\/LawGianni\"]}]}<\/script>\n<!-- \/ Yoast SEO plugin. -->","yoast_head_json":{"title":"Long Island Abogado de Cr\u00edmenes de Complicidad | Condado de Nassau | Bufete de Abogados de Gianni Karmily, PLLC","description":"\u00bfHa sido acusado de ayudar a alguien a cometer un delito? Si es as\u00ed, p\u00f3ngase en contacto con el experimentado abogado de complicidad Gianni Karmily tan pronto como sea posible.","robots":{"index":"index","follow":"follow","max-snippet":"max-snippet:-1","max-image-preview":"max-image-preview:large","max-video-preview":"max-video-preview:-1"},"canonical":"https:\/\/giannicriminallaw.com\/es\/crimenes-de-complicidad\/","og_locale":"es_ES","og_type":"article","og_title":"Long Island Abogado de Cr\u00edmenes de Complicidad | Condado de Nassau | Bufete de Abogados de Gianni Karmily, PLLC","og_description":"\u00bfHa sido acusado de ayudar a alguien a cometer un delito? Si es as\u00ed, p\u00f3ngase en contacto con el experimentado abogado de complicidad Gianni Karmily tan pronto como sea posible.","og_url":"https:\/\/giannicriminallaw.com\/es\/crimenes-de-complicidad\/","og_site_name":"Law Firm of Gianni Karmily PLLC","article_publisher":"https:\/\/www.facebook.com\/Law-Firm-of-Gianni-Karmily-PLLC-111458240497656\/","article_modified_time":"2025-01-30T16:28:44+00:00","twitter_card":"summary_large_image","twitter_site":"@LawGianni","twitter_misc":{"Tiempo de lectura":"4 minutos"},"schema":{"@context":"https:\/\/schema.org","@graph":[{"@type":"WebPage","@id":"https:\/\/giannicriminallaw.com\/es\/crimenes-de-complicidad\/","url":"https:\/\/giannicriminallaw.com\/es\/crimenes-de-complicidad\/","name":"Long Island Abogado de Cr\u00edmenes de Complicidad | Condado de Nassau | Bufete de Abogados de Gianni Karmily, PLLC","isPartOf":{"@id":"https:\/\/giannicriminallaw.com\/#website"},"datePublished":"2020-02-27T09:57:40+00:00","dateModified":"2025-01-30T16:28:44+00:00","description":"\u00bfHa sido acusado de ayudar a alguien a cometer un delito? Si es as\u00ed, p\u00f3ngase en contacto con el experimentado abogado de complicidad Gianni Karmily tan pronto como sea posible.","breadcrumb":{"@id":"https:\/\/giannicriminallaw.com\/es\/crimenes-de-complicidad\/#breadcrumb"},"inLanguage":"es","potentialAction":[{"@type":"ReadAction","target":["https:\/\/giannicriminallaw.com\/es\/crimenes-de-complicidad\/"]}]},{"@type":"BreadcrumbList","@id":"https:\/\/giannicriminallaw.com\/es\/crimenes-de-complicidad\/#breadcrumb","itemListElement":[{"@type":"ListItem","position":1,"name":"Home","item":"https:\/\/giannicriminallaw.com\/es\/"},{"@type":"ListItem","position":2,"name":"Cr\u00edmenes de complicidad"}]},{"@type":"WebSite","@id":"https:\/\/giannicriminallaw.com\/#website","url":"https:\/\/giannicriminallaw.com\/","name":"Law Firm of Gianni Karmily PLLC","description":"","publisher":{"@id":"https:\/\/giannicriminallaw.com\/#organization"},"potentialAction":[{"@type":"SearchAction","target":{"@type":"EntryPoint","urlTemplate":"https:\/\/giannicriminallaw.com\/?s={search_term_string}"},"query-input":{"@type":"PropertyValueSpecification","valueRequired":true,"valueName":"search_term_string"}}],"inLanguage":"es"},{"@type":"Organization","@id":"https:\/\/giannicriminallaw.com\/#organization","name":"Law Firm of Gianni Karmily PLLC","url":"https:\/\/giannicriminallaw.com\/","logo":{"@type":"ImageObject","inLanguage":"es","@id":"https:\/\/giannicriminallaw.com\/#\/schema\/logo\/image\/","url":"https:\/\/giannicriminallaw.com\/wp-content\/uploads\/2021\/03\/cropped-favicon.png","contentUrl":"https:\/\/giannicriminallaw.com\/wp-content\/uploads\/2021\/03\/cropped-favicon.png","width":512,"height":512,"caption":"Law Firm of Gianni Karmily PLLC"},"image":{"@id":"https:\/\/giannicriminallaw.com\/#\/schema\/logo\/image\/"},"sameAs":["https:\/\/www.facebook.com\/Law-Firm-of-Gianni-Karmily-PLLC-111458240497656\/","https:\/\/x.com\/LawGianni"]}]}},"_links":{"self":[{"href":"https:\/\/giannicriminallaw.com\/es\/wp-json\/wp\/v2\/pages\/9023","targetHints":{"allow":["GET"]}}],"collection":[{"href":"https:\/\/giannicriminallaw.com\/es\/wp-json\/wp\/v2\/pages"}],"about":[{"href":"https:\/\/giannicriminallaw.com\/es\/wp-json\/wp\/v2\/types\/page"}],"author":[{"embeddable":true,"href":"https:\/\/giannicriminallaw.com\/es\/wp-json\/wp\/v2\/users\/3"}],"replies":[{"embeddable":true,"href":"https:\/\/giannicriminallaw.com\/es\/wp-json\/wp\/v2\/comments?post=9023"}],"version-history":[{"count":0,"href":"https:\/\/giannicriminallaw.com\/es\/wp-json\/wp\/v2\/pages\/9023\/revisions"}],"wp:attachment":[{"href":"https:\/\/giannicriminallaw.com\/es\/wp-json\/wp\/v2\/media?parent=9023"}],"curies":[{"name":"wp","href":"https:\/\/api.w.org\/{rel}","templated":true}]}}