{"id":9021,"date":"2020-02-27T10:22:38","date_gmt":"2020-02-27T10:22:38","guid":{"rendered":"https:\/\/giannikarmily.wpenginepowered.com\/delitos-sexuales\/"},"modified":"2026-01-22T17:58:05","modified_gmt":"2026-01-22T17:58:05","slug":"delitos-sexuales","status":"publish","type":"page","link":"https:\/\/giannicriminallaw.com\/es\/delitos-sexuales\/","title":{"rendered":"Delitos sexuales"},"content":{"rendered":"<h1>ABOGADO DE LONG ISLAND QUE PROTEGE LOS DERECHOS DE LOS ACUSADOS DE DELITOS SEXUALES EN EL CONDADO DE NASSAU<\/h1>\n<p><iframe src=\"https:\/\/www.youtube.com\/embed\/7KYryLsarm8\" width=\"587\" height=\"330\" frameborder=\"0\" allowfullscreen=\"allowfullscreen\"><\/iframe><\/p>\n<p>En Nueva York hay una serie de delitos tipificados como delitos sexuales. Los delitos que entran en esta categor\u00eda var\u00edan en gravedad, pero todos los delitos sexuales conllevan penas graves. Si te condenan por un delito sexual, las penas pueden seguir afect\u00e1ndote el resto de tu vida. No dejes que una condena por delito sexual destruya tu vida<span style=\"font-weight: 400;\">\u2014<\/span>lucha contra estos cargos con la ayuda <a href=\"https:\/\/giannicriminallaw.com\/es\/\">del abogado penalista Gianni Karmily<\/a>.<\/p>\n<h2>\u00bfCU\u00c1LES SON LOS DISTINTOS TIPOS DE DELITOS SEXUALES EN EL CONDADO DE NASSAU, LONG ISLAND?<\/h2>\n<p>Muchos delitos diferentes se consideran delitos sexuales en Nueva York, entre ellos:<\/p>\n<h3>Tocamientos forzados<\/h3>\n<p>Los tocamientos forzados son el acto de tocar intencionadamente y por la fuerza las partes \u00edntimas del cuerpo de otra persona para satisfacer un deseo sexual. Este delito es un delito menor de clase A.<\/p>\n<h3>Agresi\u00f3n sexual predatoria<\/h3>\n<p>La agresi\u00f3n sexual predatoria se produce cuando alguien amenaza o lesiona a la v\u00edctima mientras comete otro delito sexual, como violaci\u00f3n o abuso sexual con agravantes. Tambi\u00e9n puedes enfrentarte a cargos de agresi\u00f3n sexual predatoria por cometer determinados delitos sexuales contra m\u00e1s de una persona. Este delito es un delito grave de clase A-II.<\/p>\n<h3>Violaci\u00f3n<\/h3>\n<p>Hay tres grados de violaci\u00f3n en el Condado de Nassau, Long Island. La violaci\u00f3n en tercer grado se produce cuando alguien mantiene contacto sexual con una v\u00edctima que:<\/p>\n<ul>\n<li>Menor de 17 a\u00f1os (si el acusado tiene m\u00e1s de 21 a\u00f1os), o<\/li>\n<li>Incapaz de dar su consentimiento, o<\/li>\n<li>No dio su consentimiento.<\/li>\n<\/ul>\n<p>Se trata de un delito grave de clase E. El delito se eleva a violaci\u00f3n en segundo grado, que es un delito grave de clase D, cuando:<\/p>\n<ul>\n<li>El acusado tiene 18 a\u00f1os o m\u00e1s y la v\u00edctima menos de 15, o<\/li>\n<li>La v\u00edctima no puede dar su consentimiento debido a una discapacidad o incapacidad mental<\/li>\n<\/ul>\n<p>La violaci\u00f3n en primer grado es un delito grave de clase B. Este delito se produce cuando alguien mantiene contacto sexual por la fuerza, con una v\u00edctima f\u00edsicamente incapaz de dar su consentimiento o con una v\u00edctima menor de 11 a\u00f1os. Si el acusado tiene 18 a\u00f1os o m\u00e1s, tambi\u00e9n puede enfrentarse a estos cargos por mantener relaciones sexuales con un menor de 13 a\u00f1os.<\/p>\n<h3>Abuso sexual<\/h3>\n<p>Puedes enfrentarte a cargos de abuso sexual si mantienes contacto sexual con otra persona sin obtener su consentimiento. Hay tres grados de delitos de abuso sexual. El grado de los cargos a los que te enfrentar\u00e1s depender\u00e1 de la edad de la v\u00edctima, de si usaste o no la fuerza y de la capacidad f\u00edsica de la v\u00edctima para dar su consentimiento. Este delito puede ser un delito menor de clase B, un delito menor de clase A o un delito grave de clase D, dependiendo del grado del delito.<\/p>\n<h3>Mala conducta sexual<\/h3>\n<p>Puedes enfrentarte a cargos por conducta sexual inapropiada si mantienes contacto sexual con otra persona sin obtener su consentimiento. Se trata de un delito menor de clase A.<\/p>\n<h3>Pornograf\u00eda infantil<\/h3>\n<p>El estado de Nueva York proh\u00edbe a cualquier persona crear, poseer o distribuir contenidos que muestren a un ni\u00f1o en una conducta sexual u obscena.<\/p>\n<h2>\u00bfCU\u00c1LES SON LOS DISTINTOS TIPOS DE DELITOS CONTRA LA SENSIBILIDAD P\u00daBLICA?<\/h2>\n<p>Algunos delitos de naturaleza sexual se consideran delitos contra la sensibilidad p\u00fablica. Estos delitos incluyen:<\/p>\n<ul>\n<li>Lascivia p\u00fablica<\/li>\n<li>Exposici\u00f3n de una persona<\/li>\n<\/ul>\n<p>La lascivia p\u00fablica es el acto de exponerse de forma lasciva o participar en cualquier otro tipo de comportamiento sexualmente ofensivo:<\/p>\n<ul>\n<li>En un lugar p\u00fablico, o<\/li>\n<li>En un lugar privado visible al p\u00fablico, o<\/li>\n<li>Al allanar una vivienda, si el acto es visto por alguien dentro de la vivienda.<\/li>\n<\/ul>\n<p>Se trata de un delito menor de clase B. Sin embargo, la exposici\u00f3n de una persona es una infracci\u00f3n. Este delito se produce cuando te expones intencionadamente en un lugar p\u00fablico.<\/p>\n<h2>\u00bfQu\u00e9 es la Ley de Registro de Delincuentes Sexuales?<\/h2>\n<p>Todo delito sexual conlleva la posibilidad de encarcelamiento y multas sustanciales. Pero \u00e9stas no son las \u00fanicas penas a las que puedes enfrentarte por una condena por delito sexual. Seg\u00fan la Ley de Registro de Delincuentes Sexuales (SORA), las personas condenadas por determinados delitos sexuales est\u00e1n obligadas a registrarse como delincuentes sexuales.<\/p>\n<p>Si te condenan, el tribunal tendr\u00e1 que clasificarte como de nivel de riesgo 1, 2 \u00f3 3. Tu nivel de riesgo determinar\u00e1 si tu informaci\u00f3n de registro como delincuente sexual es p\u00fablica o no y el tiempo que permanecer\u00e1s registrado como delincuente sexual.<\/p>\n<p>Los delincuentes de nivel 1 son delincuentes de bajo riesgo, lo que significa que no es probable que cometan otro delito sexual. Si eres un delincuente de nivel 1, normalmente deber\u00e1s registrarte durante 20 a\u00f1os. Los delincuentes de nivel 2 se consideran de riesgo moderado, y los de nivel 3, de alto riesgo. Tanto los delincuentes de nivel 2 como los de nivel 3 suelen tener que registrarse de por vida, aunque a algunos delincuentes de nivel 2 se les puede eximir del registro al cabo de 30 a\u00f1os.<\/p>\n<p>Esta pena<span style=\"font-weight: 400;\">\u2014<\/span>ser etiquetado como delincuente sexual<span style=\"font-weight: 400;\">\u2014<\/span>puede perseguirte el resto de tu vida. La \u00fanica forma de evitar esta pena es contratar a un abogado experimentado en delitos sexuales que te ayude a luchar contra los cargos.<\/p>\n<h2>PROGRAMA HOY LA EVALUACI\u00d3N DE TU CASO CON NUESTRO ABOGADO EXPERIMENTADO EN DELITOS SEXUALES EN EL CONDADO DE NASSAU, LONG ISLAND<\/h2>\n<p>\u00bfTe enfrentas a cargos por delitos sexuales en el Condado de Nassau, Long Island? Si es as\u00ed, busca cuanto antes la representaci\u00f3n legal de Gianni Karmily, abogado experimentado en delitos sexuales. Gianni ha dedicado su carrera a ayudar a los acusados a conseguir su libertad. Deja que defienda tus derechos y luche para proteger tu futuro. Para programar una evaluaci\u00f3n confidencial de tu caso con el Bufete de Abogados de Gianni Karmily, PLLC, llama a nuestra oficina de Great Neck al <a href=\"tel:5166303405\">(516) 630-3405<\/a> o a nuestra oficina de Hempstead al <a href=\"tel:5166144228\">(516) 614-4228<\/a>.<\/p>\n","protected":false},"excerpt":{"rendered":"<p>ABOGADO DE LONG ISLAND QUE PROTEGE LOS DERECHOS DE LOS ACUSADOS DE DELITOS SEXUALES EN EL CONDADO DE NASSAU En Nueva York hay una serie de delitos tipificados como delitos sexuales. Los delitos que entran en esta categor\u00eda var\u00edan en gravedad, pero todos los delitos sexuales conllevan penas graves. Si te condenan por un delito [&hellip;]<\/p>\n","protected":false},"author":3,"featured_media":0,"parent":0,"menu_order":0,"comment_status":"closed","ping_status":"closed","template":"","meta":{"_genesis_hide_title":false,"_genesis_hide_breadcrumbs":false,"_genesis_hide_singular_image":false,"_genesis_hide_footer_widgets":false,"_genesis_custom_body_class":"inner-page","_genesis_custom_post_class":"","_genesis_layout":"","footnotes":""},"class_list":{"0":"post-9021","1":"page","2":"type-page","3":"status-publish","5":"entry"},"yoast_head":"<!-- This site is optimized with the Yoast SEO plugin v27.3 - https:\/\/yoast.com\/product\/yoast-seo-wordpress\/ -->\n<title>Long Island Abogado de Delitos Sexuales | Condado de Nassau | Bufete de Abogados de Gianni Karmily, PLLC<\/title>\n<meta name=\"description\" content=\"Deja que el abogado experimentado en delitos sexuales de Long Island, Gianni Karmily, proteja tus derechos y luche por tu libertad. Llama ahora para discutir tus opciones legales.\" \/>\n<meta name=\"robots\" content=\"index, follow, max-snippet:-1, max-image-preview:large, max-video-preview:-1\" \/>\n<link rel=\"canonical\" href=\"https:\/\/giannicriminallaw.com\/es\/delitos-sexuales\/\" \/>\n<meta property=\"og:locale\" content=\"es_ES\" \/>\n<meta property=\"og:type\" content=\"article\" \/>\n<meta property=\"og:title\" content=\"Long Island Abogado de Delitos Sexuales | Condado de Nassau | Bufete de Abogados de Gianni Karmily, PLLC\" \/>\n<meta property=\"og:description\" content=\"Deja que el abogado experimentado en delitos sexuales de Long Island, Gianni Karmily, proteja tus derechos y luche por tu libertad. Llama ahora para discutir tus opciones legales.\" \/>\n<meta property=\"og:url\" content=\"https:\/\/giannicriminallaw.com\/es\/delitos-sexuales\/\" \/>\n<meta property=\"og:site_name\" content=\"Law Firm of Gianni Karmily PLLC\" \/>\n<meta property=\"article:publisher\" content=\"https:\/\/www.facebook.com\/Law-Firm-of-Gianni-Karmily-PLLC-111458240497656\/\" \/>\n<meta property=\"article:modified_time\" content=\"2026-01-22T17:58:05+00:00\" \/>\n<meta name=\"twitter:card\" content=\"summary_large_image\" \/>\n<meta name=\"twitter:site\" content=\"@LawGianni\" \/>\n<meta name=\"twitter:label1\" content=\"Tiempo de lectura\" \/>\n\t<meta name=\"twitter:data1\" content=\"5 minutos\" \/>\n<script type=\"application\/ld+json\" class=\"yoast-schema-graph\">{\"@context\":\"https:\\\/\\\/schema.org\",\"@graph\":[{\"@type\":\"WebPage\",\"@id\":\"https:\\\/\\\/giannicriminallaw.com\\\/es\\\/delitos-sexuales\\\/\",\"url\":\"https:\\\/\\\/giannicriminallaw.com\\\/es\\\/delitos-sexuales\\\/\",\"name\":\"Long Island Abogado de Delitos Sexuales | Condado de Nassau | Bufete de Abogados de Gianni Karmily, PLLC\",\"isPartOf\":{\"@id\":\"https:\\\/\\\/giannicriminallaw.com\\\/#website\"},\"datePublished\":\"2020-02-27T10:22:38+00:00\",\"dateModified\":\"2026-01-22T17:58:05+00:00\",\"description\":\"Deja que el abogado experimentado en delitos sexuales de Long Island, Gianni Karmily, proteja tus derechos y luche por tu libertad. Llama ahora para discutir tus opciones legales.\",\"breadcrumb\":{\"@id\":\"https:\\\/\\\/giannicriminallaw.com\\\/es\\\/delitos-sexuales\\\/#breadcrumb\"},\"inLanguage\":\"es\",\"potentialAction\":[{\"@type\":\"ReadAction\",\"target\":[\"https:\\\/\\\/giannicriminallaw.com\\\/es\\\/delitos-sexuales\\\/\"]}]},{\"@type\":\"BreadcrumbList\",\"@id\":\"https:\\\/\\\/giannicriminallaw.com\\\/es\\\/delitos-sexuales\\\/#breadcrumb\",\"itemListElement\":[{\"@type\":\"ListItem\",\"position\":1,\"name\":\"Home\",\"item\":\"https:\\\/\\\/giannicriminallaw.com\\\/es\\\/\"},{\"@type\":\"ListItem\",\"position\":2,\"name\":\"Delitos sexuales\"}]},{\"@type\":\"WebSite\",\"@id\":\"https:\\\/\\\/giannicriminallaw.com\\\/#website\",\"url\":\"https:\\\/\\\/giannicriminallaw.com\\\/\",\"name\":\"Law Firm of Gianni Karmily PLLC\",\"description\":\"\",\"publisher\":{\"@id\":\"https:\\\/\\\/giannicriminallaw.com\\\/#organization\"},\"potentialAction\":[{\"@type\":\"SearchAction\",\"target\":{\"@type\":\"EntryPoint\",\"urlTemplate\":\"https:\\\/\\\/giannicriminallaw.com\\\/?s={search_term_string}\"},\"query-input\":{\"@type\":\"PropertyValueSpecification\",\"valueRequired\":true,\"valueName\":\"search_term_string\"}}],\"inLanguage\":\"es\"},{\"@type\":\"Organization\",\"@id\":\"https:\\\/\\\/giannicriminallaw.com\\\/#organization\",\"name\":\"Law Firm of Gianni Karmily PLLC\",\"url\":\"https:\\\/\\\/giannicriminallaw.com\\\/\",\"logo\":{\"@type\":\"ImageObject\",\"inLanguage\":\"es\",\"@id\":\"https:\\\/\\\/giannicriminallaw.com\\\/#\\\/schema\\\/logo\\\/image\\\/\",\"url\":\"https:\\\/\\\/giannicriminallaw.com\\\/wp-content\\\/uploads\\\/2021\\\/03\\\/cropped-favicon.png\",\"contentUrl\":\"https:\\\/\\\/giannicriminallaw.com\\\/wp-content\\\/uploads\\\/2021\\\/03\\\/cropped-favicon.png\",\"width\":512,\"height\":512,\"caption\":\"Law Firm of Gianni Karmily PLLC\"},\"image\":{\"@id\":\"https:\\\/\\\/giannicriminallaw.com\\\/#\\\/schema\\\/logo\\\/image\\\/\"},\"sameAs\":[\"https:\\\/\\\/www.facebook.com\\\/Law-Firm-of-Gianni-Karmily-PLLC-111458240497656\\\/\",\"https:\\\/\\\/x.com\\\/LawGianni\"]}]}<\/script>\n<!-- \/ Yoast SEO plugin. -->","yoast_head_json":{"title":"Long Island Abogado de Delitos Sexuales | Condado de Nassau | Bufete de Abogados de Gianni Karmily, PLLC","description":"Deja que el abogado experimentado en delitos sexuales de Long Island, Gianni Karmily, proteja tus derechos y luche por tu libertad. Llama ahora para discutir tus opciones legales.","robots":{"index":"index","follow":"follow","max-snippet":"max-snippet:-1","max-image-preview":"max-image-preview:large","max-video-preview":"max-video-preview:-1"},"canonical":"https:\/\/giannicriminallaw.com\/es\/delitos-sexuales\/","og_locale":"es_ES","og_type":"article","og_title":"Long Island Abogado de Delitos Sexuales | Condado de Nassau | Bufete de Abogados de Gianni Karmily, PLLC","og_description":"Deja que el abogado experimentado en delitos sexuales de Long Island, Gianni Karmily, proteja tus derechos y luche por tu libertad. Llama ahora para discutir tus opciones legales.","og_url":"https:\/\/giannicriminallaw.com\/es\/delitos-sexuales\/","og_site_name":"Law Firm of Gianni Karmily PLLC","article_publisher":"https:\/\/www.facebook.com\/Law-Firm-of-Gianni-Karmily-PLLC-111458240497656\/","article_modified_time":"2026-01-22T17:58:05+00:00","twitter_card":"summary_large_image","twitter_site":"@LawGianni","twitter_misc":{"Tiempo de lectura":"5 minutos"},"schema":{"@context":"https:\/\/schema.org","@graph":[{"@type":"WebPage","@id":"https:\/\/giannicriminallaw.com\/es\/delitos-sexuales\/","url":"https:\/\/giannicriminallaw.com\/es\/delitos-sexuales\/","name":"Long Island Abogado de Delitos Sexuales | Condado de Nassau | Bufete de Abogados de Gianni Karmily, PLLC","isPartOf":{"@id":"https:\/\/giannicriminallaw.com\/#website"},"datePublished":"2020-02-27T10:22:38+00:00","dateModified":"2026-01-22T17:58:05+00:00","description":"Deja que el abogado experimentado en delitos sexuales de Long Island, Gianni Karmily, proteja tus derechos y luche por tu libertad. Llama ahora para discutir tus opciones legales.","breadcrumb":{"@id":"https:\/\/giannicriminallaw.com\/es\/delitos-sexuales\/#breadcrumb"},"inLanguage":"es","potentialAction":[{"@type":"ReadAction","target":["https:\/\/giannicriminallaw.com\/es\/delitos-sexuales\/"]}]},{"@type":"BreadcrumbList","@id":"https:\/\/giannicriminallaw.com\/es\/delitos-sexuales\/#breadcrumb","itemListElement":[{"@type":"ListItem","position":1,"name":"Home","item":"https:\/\/giannicriminallaw.com\/es\/"},{"@type":"ListItem","position":2,"name":"Delitos sexuales"}]},{"@type":"WebSite","@id":"https:\/\/giannicriminallaw.com\/#website","url":"https:\/\/giannicriminallaw.com\/","name":"Law Firm of Gianni Karmily PLLC","description":"","publisher":{"@id":"https:\/\/giannicriminallaw.com\/#organization"},"potentialAction":[{"@type":"SearchAction","target":{"@type":"EntryPoint","urlTemplate":"https:\/\/giannicriminallaw.com\/?s={search_term_string}"},"query-input":{"@type":"PropertyValueSpecification","valueRequired":true,"valueName":"search_term_string"}}],"inLanguage":"es"},{"@type":"Organization","@id":"https:\/\/giannicriminallaw.com\/#organization","name":"Law Firm of Gianni Karmily PLLC","url":"https:\/\/giannicriminallaw.com\/","logo":{"@type":"ImageObject","inLanguage":"es","@id":"https:\/\/giannicriminallaw.com\/#\/schema\/logo\/image\/","url":"https:\/\/giannicriminallaw.com\/wp-content\/uploads\/2021\/03\/cropped-favicon.png","contentUrl":"https:\/\/giannicriminallaw.com\/wp-content\/uploads\/2021\/03\/cropped-favicon.png","width":512,"height":512,"caption":"Law Firm of Gianni Karmily PLLC"},"image":{"@id":"https:\/\/giannicriminallaw.com\/#\/schema\/logo\/image\/"},"sameAs":["https:\/\/www.facebook.com\/Law-Firm-of-Gianni-Karmily-PLLC-111458240497656\/","https:\/\/x.com\/LawGianni"]}]}},"_links":{"self":[{"href":"https:\/\/giannicriminallaw.com\/es\/wp-json\/wp\/v2\/pages\/9021","targetHints":{"allow":["GET"]}}],"collection":[{"href":"https:\/\/giannicriminallaw.com\/es\/wp-json\/wp\/v2\/pages"}],"about":[{"href":"https:\/\/giannicriminallaw.com\/es\/wp-json\/wp\/v2\/types\/page"}],"author":[{"embeddable":true,"href":"https:\/\/giannicriminallaw.com\/es\/wp-json\/wp\/v2\/users\/3"}],"replies":[{"embeddable":true,"href":"https:\/\/giannicriminallaw.com\/es\/wp-json\/wp\/v2\/comments?post=9021"}],"version-history":[{"count":0,"href":"https:\/\/giannicriminallaw.com\/es\/wp-json\/wp\/v2\/pages\/9021\/revisions"}],"wp:attachment":[{"href":"https:\/\/giannicriminallaw.com\/es\/wp-json\/wp\/v2\/media?parent=9021"}],"curies":[{"name":"wp","href":"https:\/\/api.w.org\/{rel}","templated":true}]}}