{"id":9020,"date":"2020-02-27T10:20:21","date_gmt":"2020-02-27T10:20:21","guid":{"rendered":"https:\/\/giannikarmily.wpenginepowered.com\/conduccion-imprudente\/"},"modified":"2025-01-31T19:03:31","modified_gmt":"2025-01-31T19:03:31","slug":"conduccion-imprudente","status":"publish","type":"page","link":"https:\/\/giannicriminallaw.com\/es\/conduccion-imprudente\/","title":{"rendered":"Conducci\u00f3n imprudente"},"content":{"rendered":"<h1><strong>Luchar Contra Acusaciones por Conducci\u00f3n Imprudente para Clientes en el Condado de Nassau, Long Island<\/strong><\/h1>\n<p><iframe src=\"https:\/\/www.youtube.com\/embed\/6PJCXsemiqA\" width=\"587\" height=\"330\" frameborder=\"0\" allowfullscreen=\"allowfullscreen\"><\/iframe><\/p>\n<p><span style=\"font-weight: 400;\">Se espera que todo conductor en el estado de Nueva York lleve extrema precauci\u00f3n al operar un veh\u00edculo motorizado. Si no cumple con esta obligaci\u00f3n legal, podr\u00eda poner a otros en riesgo. Esto normalmente lleva a que usted sea acusado de conducci\u00f3n imprudente, lo cual es una seria ofensa en el estado de Nueva York.<\/span><\/p>\n<p><span style=\"font-weight: 400;\">Es importante actuar lo m\u00e1s pronto posible si es que usted ha sido acusado de conducci\u00f3n imprudente. Hablaremos de sus opciones legales &#8211; y determinaremos la mejor forma de proteger su libertad &#8211; con el abogado h\u00e1bil en casos de conducci\u00f3n imprudente, <\/span><a href=\"https:\/\/giannicriminallaw.com\/es\/\"><span style=\"font-weight: 400;\">Gianni Karmily<\/span><\/a><span style=\"font-weight: 400;\">, lo m\u00e1s pronto posible.<\/span><\/p>\n<h2><b>\u00bfQu\u00e9 es la Conducci\u00f3n Imprudente?<\/b><\/h2>\n<p><span style=\"font-weight: 400;\">La ley define como conducci\u00f3n imprudente como la operaci\u00f3n de un veh\u00edculo motorizado de una forma que interfiera irrazonablemente con el uso del camino o pone a los usuarios del camino en peligro.<\/span><\/p>\n<p><span style=\"font-weight: 400;\">Esta es una definici\u00f3n general, esto quiere decir que existen otros tipos de conducci\u00f3n que podr\u00edan ser consideradas imprudentes ante los ojos de los oficiales de polic\u00eda. Estos son algunos ejemplos de conducci\u00f3n imprudente:<\/span><\/p>\n<ul>\n<li style=\"font-weight: 400;\" aria-level=\"1\"><span style=\"font-weight: 400;\">Manejar por un \u00e1rea que ha sido bloqueado por los oficiales de polic\u00eda<\/span><\/li>\n<li style=\"font-weight: 400;\" aria-level=\"1\"><span style=\"font-weight: 400;\">Manejar a altas velocidades en sentido contrario del tr\u00e1fico<\/span><\/li>\n<li style=\"font-weight: 400;\" aria-level=\"1\"><span style=\"font-weight: 400;\">Sufrir un accidente o quebrantar las leyes de tr\u00e1fico mientras se opera un veh\u00edculo motorizado <\/span><a href=\"https:\/\/giannicriminallaw.com\/es\/dwi\/\"><span style=\"font-weight: 400;\">bajo la influencia<\/span><\/a><span style=\"font-weight: 400;\"> de alcohol o drogas<\/span><\/li>\n<li style=\"font-weight: 400;\" aria-level=\"1\"><span style=\"font-weight: 400;\">Manejar fuera del camino a toda velocidad con direcci\u00f3n a transe\u00fantes o ciclistas<\/span><\/li>\n<\/ul>\n<p><span style=\"font-weight: 400;\">Todos estos son ejemplos de conductas que podr\u00edan interferir con el uso del camino por parte del p\u00fablico o poner a otros motoristas, transe\u00fantes o ciclistas en peligro.<\/span><\/p>\n<h2><b>\u00bfAcaso la Conducci\u00f3n Imprudente es un Delito en Nueva York?<\/b><\/h2>\n<p><span style=\"font-weight: 400;\">Muchas personas piensan que el ser acusado por conducir imprudentemente es similar a recibir una multa por ir a exceso de velocidad, pero este no es el caso. Una multa por exceso de velocidad normalmente lleva consigo varias penalidades, incluyendo sanciones, puntos negativos en su licencia de conducir, y un incremento en el precio de los seguros de coches. Pero ir a exceso de velocidad es una violaci\u00f3n de tr\u00e1fico, mientras que conducir imprudentemente es considerado un delito. La conducci\u00f3n imprudente es clasificada como un delito menor en Nueva York, esto quiere decir que podr\u00eda enfrentarse a severas penalidades si es acusado. Adem\u00e1s de esto, si es condenado, tendr\u00e1 antecedentes penales que podr\u00e1n afectar su vida por muchos a\u00f1os.<\/span><\/p>\n<h2><b>\u00bfCu\u00e1les son las Penalidades por Conducci\u00f3n Imprudente?<\/b><\/h2>\n<p><span style=\"font-weight: 400;\">Una condena por conducci\u00f3n imprudente puede llevar a sanciones, puntos negativos en su licencia de conducir, e incluso tiempo en prisi\u00f3n. Las penalidades podr\u00edan variar dependiendo de si usted ha cometido delitos con anterioridad.<\/span><\/p>\n<p><span style=\"font-weight: 400;\">Si esta es su primera acusaci\u00f3n por conducir de forma imprudente, podr\u00eda enfrentarse a multas de $100 hasta los $300 d\u00f3lares, e incluso 30 d\u00edas en prisi\u00f3n. Si es su segunda acusaci\u00f3n por conducir de forma imprudente dentro de los siguientes 18 meses, la sanci\u00f3n podr\u00eda incrementar hasta $525 y podr\u00eda ser sentenciado a 90 d\u00edas en prisi\u00f3n. Si es acusado de conducir de forma imprudente por una tercera vez dentro de los siguientes 18 meses, la multa incrementar\u00e1 al m\u00e1ximo de $1,125 y la corte le podr\u00eda dar una sentencia de hasta 180 d\u00edas en prisi\u00f3n.<\/span><\/p>\n<p><span style=\"font-weight: 400;\">Cada condena de conducci\u00f3n imprudente arreglar\u00e1 cinco puntos negativos a sus antecedentes de conducci\u00f3n. Si acumula 11 o m\u00e1s puntos en sus antecedentes en un periodo de 18 meses, su licencia ser\u00e1 suspendida. Si tiene seis o m\u00e1s puntos en su registro, se le podr\u00eda pedir que pague cientos de d\u00f3lares en multas adicionales.<\/span><\/p>\n<p><span style=\"font-weight: 400;\">Tener una condena por conducir imprudentemente en sus antecedentes incrementar\u00e1 los precios de su seguro, lo cual podr\u00eda costarle miles de d\u00f3lares a largo plazo.<\/span><\/p>\n<h2><b>C\u00f3mo Luchar Contra Acusaciones por Conducir Imprudentemente en Long Island<\/b><\/h2>\n<p><span style=\"font-weight: 400;\">Afortunadamente, es posible evitar todas estas penalidades por una condena por conducir imprudentemente. Giannu Karmily trabajar\u00e1 incansablemente para ayudarle a evitar penalidades legales de una convicci\u00f3n al probar que usted no oper\u00f3 el veh\u00edculo motorizado de forma imprudente. Si no existen factores agravantes fuera de la violaci\u00f3n de tr\u00e1fico, el estado no podr\u00e1 procesarlo por conducci\u00f3n imprudente, sino como una violaci\u00f3n de tr\u00e1fico. La defensa podr\u00eda llevar al estado a reducir o descartar sus acusaciones por conducir imprudentemente.<\/span><\/p>\n<h2>Programe la evaluaci\u00f3n de su caso con nuestro abogado experimentado en conducci\u00f3n imprudente en Long Island<\/h2>\n<p><span style=\"font-weight: 400;\">\u00bfAcaso ha sido acusado de conducir imprudentemente en el Condado de Nassau? Esto no es lo mismo que recibir una multa de tr\u00e1nsito &#8211; al conducir imprudentemente es considerado un delito. No luche contra estas acusaciones criminales solo &#8211; deje que nuestro abogado h\u00e1bil en casos de conducci\u00f3n imprudente le ayude. Gianni ha ayudado a un sin fin de clientes protegiendo su libertad al acabar con estas acusaciones por conducir imprudentemente. Para programar una evaluaci\u00f3n confidencial de su caso con el Bufete de Abogados de Gianni Karmily, PLLC, llame a nuestra oficina de Great Neck al <a href=\"tel:5166303405\">(516) 630-3405<\/a> o a nuestra oficina de Hempstead al <a href=\"tel:5166144228\">(516) 614-4228<\/a>.<\/span><\/p>\n<p>&nbsp;<\/p>\n","protected":false},"excerpt":{"rendered":"<p>Luchar Contra Acusaciones por Conducci\u00f3n Imprudente para Clientes en el Condado de Nassau, Long Island Se espera que todo conductor en el estado de Nueva York lleve extrema precauci\u00f3n al operar un veh\u00edculo motorizado. Si no cumple con esta obligaci\u00f3n legal, podr\u00eda poner a otros en riesgo. Esto normalmente lleva a que usted sea acusado [&hellip;]<\/p>\n","protected":false},"author":3,"featured_media":0,"parent":0,"menu_order":0,"comment_status":"closed","ping_status":"closed","template":"","meta":{"_genesis_hide_title":false,"_genesis_hide_breadcrumbs":false,"_genesis_hide_singular_image":false,"_genesis_hide_footer_widgets":false,"_genesis_custom_body_class":"inner-page","_genesis_custom_post_class":"","_genesis_layout":"","footnotes":""},"class_list":{"0":"post-9020","1":"page","2":"type-page","3":"status-publish","5":"entry"},"yoast_head":"<!-- This site is optimized with the Yoast SEO plugin v27.5 - https:\/\/yoast.com\/product\/yoast-seo-wordpress\/ -->\n<title>Long Island Abogado de Conducci\u00f3n Imprudente | Condado de Nassau | Bufete de Abogados de Gianni Karmily, PLLC<\/title>\n<meta name=\"description\" content=\"Deje que nuestro abogado h\u00e1bil en casos de conducci\u00f3n imprudente, Gianni Karmily, proteja sus derechos y luche por su libertad. Llame ahora para agendar una evaluaci\u00f3n de su caso.\" \/>\n<meta name=\"robots\" content=\"index, follow, max-snippet:-1, max-image-preview:large, max-video-preview:-1\" \/>\n<link rel=\"canonical\" href=\"https:\/\/giannicriminallaw.com\/es\/conduccion-imprudente\/\" \/>\n<meta property=\"og:locale\" content=\"es_ES\" \/>\n<meta property=\"og:type\" content=\"article\" \/>\n<meta property=\"og:title\" content=\"Long Island Abogado de Conducci\u00f3n Imprudente | Condado de Nassau | Bufete de Abogados de Gianni Karmily, PLLC\" \/>\n<meta property=\"og:description\" content=\"Deje que nuestro abogado h\u00e1bil en casos de conducci\u00f3n imprudente, Gianni Karmily, proteja sus derechos y luche por su libertad. Llame ahora para agendar una evaluaci\u00f3n de su caso.\" \/>\n<meta property=\"og:url\" content=\"https:\/\/giannicriminallaw.com\/es\/conduccion-imprudente\/\" \/>\n<meta property=\"og:site_name\" content=\"Law Firm of Gianni Karmily PLLC\" \/>\n<meta property=\"article:publisher\" content=\"https:\/\/www.facebook.com\/Law-Firm-of-Gianni-Karmily-PLLC-111458240497656\/\" \/>\n<meta property=\"article:modified_time\" content=\"2025-01-31T19:03:31+00:00\" \/>\n<meta name=\"twitter:card\" content=\"summary_large_image\" \/>\n<meta name=\"twitter:site\" content=\"@LawGianni\" \/>\n<meta name=\"twitter:label1\" content=\"Tiempo de lectura\" \/>\n\t<meta name=\"twitter:data1\" content=\"4 minutos\" \/>\n<script type=\"application\/ld+json\" class=\"yoast-schema-graph\">{\"@context\":\"https:\\\/\\\/schema.org\",\"@graph\":[{\"@type\":\"WebPage\",\"@id\":\"https:\\\/\\\/giannicriminallaw.com\\\/es\\\/conduccion-imprudente\\\/\",\"url\":\"https:\\\/\\\/giannicriminallaw.com\\\/es\\\/conduccion-imprudente\\\/\",\"name\":\"Long Island Abogado de Conducci\u00f3n Imprudente | Condado de Nassau | Bufete de Abogados de Gianni Karmily, PLLC\",\"isPartOf\":{\"@id\":\"https:\\\/\\\/giannicriminallaw.com\\\/#website\"},\"datePublished\":\"2020-02-27T10:20:21+00:00\",\"dateModified\":\"2025-01-31T19:03:31+00:00\",\"description\":\"Deje que nuestro abogado h\u00e1bil en casos de conducci\u00f3n imprudente, Gianni Karmily, proteja sus derechos y luche por su libertad. Llame ahora para agendar una evaluaci\u00f3n de su caso.\",\"breadcrumb\":{\"@id\":\"https:\\\/\\\/giannicriminallaw.com\\\/es\\\/conduccion-imprudente\\\/#breadcrumb\"},\"inLanguage\":\"es\",\"potentialAction\":[{\"@type\":\"ReadAction\",\"target\":[\"https:\\\/\\\/giannicriminallaw.com\\\/es\\\/conduccion-imprudente\\\/\"]}]},{\"@type\":\"BreadcrumbList\",\"@id\":\"https:\\\/\\\/giannicriminallaw.com\\\/es\\\/conduccion-imprudente\\\/#breadcrumb\",\"itemListElement\":[{\"@type\":\"ListItem\",\"position\":1,\"name\":\"Home\",\"item\":\"https:\\\/\\\/giannicriminallaw.com\\\/es\\\/\"},{\"@type\":\"ListItem\",\"position\":2,\"name\":\"Conducci\u00f3n imprudente\"}]},{\"@type\":\"WebSite\",\"@id\":\"https:\\\/\\\/giannicriminallaw.com\\\/#website\",\"url\":\"https:\\\/\\\/giannicriminallaw.com\\\/\",\"name\":\"Law Firm of Gianni Karmily PLLC\",\"description\":\"\",\"publisher\":{\"@id\":\"https:\\\/\\\/giannicriminallaw.com\\\/#organization\"},\"potentialAction\":[{\"@type\":\"SearchAction\",\"target\":{\"@type\":\"EntryPoint\",\"urlTemplate\":\"https:\\\/\\\/giannicriminallaw.com\\\/?s={search_term_string}\"},\"query-input\":{\"@type\":\"PropertyValueSpecification\",\"valueRequired\":true,\"valueName\":\"search_term_string\"}}],\"inLanguage\":\"es\"},{\"@type\":\"Organization\",\"@id\":\"https:\\\/\\\/giannicriminallaw.com\\\/#organization\",\"name\":\"Law Firm of Gianni Karmily PLLC\",\"url\":\"https:\\\/\\\/giannicriminallaw.com\\\/\",\"logo\":{\"@type\":\"ImageObject\",\"inLanguage\":\"es\",\"@id\":\"https:\\\/\\\/giannicriminallaw.com\\\/#\\\/schema\\\/logo\\\/image\\\/\",\"url\":\"https:\\\/\\\/giannicriminallaw.com\\\/wp-content\\\/uploads\\\/2021\\\/03\\\/cropped-favicon.png\",\"contentUrl\":\"https:\\\/\\\/giannicriminallaw.com\\\/wp-content\\\/uploads\\\/2021\\\/03\\\/cropped-favicon.png\",\"width\":512,\"height\":512,\"caption\":\"Law Firm of Gianni Karmily PLLC\"},\"image\":{\"@id\":\"https:\\\/\\\/giannicriminallaw.com\\\/#\\\/schema\\\/logo\\\/image\\\/\"},\"sameAs\":[\"https:\\\/\\\/www.facebook.com\\\/Law-Firm-of-Gianni-Karmily-PLLC-111458240497656\\\/\",\"https:\\\/\\\/x.com\\\/LawGianni\"]}]}<\/script>\n<!-- \/ Yoast SEO plugin. -->","yoast_head_json":{"title":"Long Island Abogado de Conducci\u00f3n Imprudente | Condado de Nassau | Bufete de Abogados de Gianni Karmily, PLLC","description":"Deje que nuestro abogado h\u00e1bil en casos de conducci\u00f3n imprudente, Gianni Karmily, proteja sus derechos y luche por su libertad. Llame ahora para agendar una evaluaci\u00f3n de su caso.","robots":{"index":"index","follow":"follow","max-snippet":"max-snippet:-1","max-image-preview":"max-image-preview:large","max-video-preview":"max-video-preview:-1"},"canonical":"https:\/\/giannicriminallaw.com\/es\/conduccion-imprudente\/","og_locale":"es_ES","og_type":"article","og_title":"Long Island Abogado de Conducci\u00f3n Imprudente | Condado de Nassau | Bufete de Abogados de Gianni Karmily, PLLC","og_description":"Deje que nuestro abogado h\u00e1bil en casos de conducci\u00f3n imprudente, Gianni Karmily, proteja sus derechos y luche por su libertad. Llame ahora para agendar una evaluaci\u00f3n de su caso.","og_url":"https:\/\/giannicriminallaw.com\/es\/conduccion-imprudente\/","og_site_name":"Law Firm of Gianni Karmily PLLC","article_publisher":"https:\/\/www.facebook.com\/Law-Firm-of-Gianni-Karmily-PLLC-111458240497656\/","article_modified_time":"2025-01-31T19:03:31+00:00","twitter_card":"summary_large_image","twitter_site":"@LawGianni","twitter_misc":{"Tiempo de lectura":"4 minutos"},"schema":{"@context":"https:\/\/schema.org","@graph":[{"@type":"WebPage","@id":"https:\/\/giannicriminallaw.com\/es\/conduccion-imprudente\/","url":"https:\/\/giannicriminallaw.com\/es\/conduccion-imprudente\/","name":"Long Island Abogado de Conducci\u00f3n Imprudente | Condado de Nassau | Bufete de Abogados de Gianni Karmily, PLLC","isPartOf":{"@id":"https:\/\/giannicriminallaw.com\/#website"},"datePublished":"2020-02-27T10:20:21+00:00","dateModified":"2025-01-31T19:03:31+00:00","description":"Deje que nuestro abogado h\u00e1bil en casos de conducci\u00f3n imprudente, Gianni Karmily, proteja sus derechos y luche por su libertad. Llame ahora para agendar una evaluaci\u00f3n de su caso.","breadcrumb":{"@id":"https:\/\/giannicriminallaw.com\/es\/conduccion-imprudente\/#breadcrumb"},"inLanguage":"es","potentialAction":[{"@type":"ReadAction","target":["https:\/\/giannicriminallaw.com\/es\/conduccion-imprudente\/"]}]},{"@type":"BreadcrumbList","@id":"https:\/\/giannicriminallaw.com\/es\/conduccion-imprudente\/#breadcrumb","itemListElement":[{"@type":"ListItem","position":1,"name":"Home","item":"https:\/\/giannicriminallaw.com\/es\/"},{"@type":"ListItem","position":2,"name":"Conducci\u00f3n imprudente"}]},{"@type":"WebSite","@id":"https:\/\/giannicriminallaw.com\/#website","url":"https:\/\/giannicriminallaw.com\/","name":"Law Firm of Gianni Karmily PLLC","description":"","publisher":{"@id":"https:\/\/giannicriminallaw.com\/#organization"},"potentialAction":[{"@type":"SearchAction","target":{"@type":"EntryPoint","urlTemplate":"https:\/\/giannicriminallaw.com\/?s={search_term_string}"},"query-input":{"@type":"PropertyValueSpecification","valueRequired":true,"valueName":"search_term_string"}}],"inLanguage":"es"},{"@type":"Organization","@id":"https:\/\/giannicriminallaw.com\/#organization","name":"Law Firm of Gianni Karmily PLLC","url":"https:\/\/giannicriminallaw.com\/","logo":{"@type":"ImageObject","inLanguage":"es","@id":"https:\/\/giannicriminallaw.com\/#\/schema\/logo\/image\/","url":"https:\/\/giannicriminallaw.com\/wp-content\/uploads\/2021\/03\/cropped-favicon.png","contentUrl":"https:\/\/giannicriminallaw.com\/wp-content\/uploads\/2021\/03\/cropped-favicon.png","width":512,"height":512,"caption":"Law Firm of Gianni Karmily PLLC"},"image":{"@id":"https:\/\/giannicriminallaw.com\/#\/schema\/logo\/image\/"},"sameAs":["https:\/\/www.facebook.com\/Law-Firm-of-Gianni-Karmily-PLLC-111458240497656\/","https:\/\/x.com\/LawGianni"]}]}},"_links":{"self":[{"href":"https:\/\/giannicriminallaw.com\/es\/wp-json\/wp\/v2\/pages\/9020","targetHints":{"allow":["GET"]}}],"collection":[{"href":"https:\/\/giannicriminallaw.com\/es\/wp-json\/wp\/v2\/pages"}],"about":[{"href":"https:\/\/giannicriminallaw.com\/es\/wp-json\/wp\/v2\/types\/page"}],"author":[{"embeddable":true,"href":"https:\/\/giannicriminallaw.com\/es\/wp-json\/wp\/v2\/users\/3"}],"replies":[{"embeddable":true,"href":"https:\/\/giannicriminallaw.com\/es\/wp-json\/wp\/v2\/comments?post=9020"}],"version-history":[{"count":0,"href":"https:\/\/giannicriminallaw.com\/es\/wp-json\/wp\/v2\/pages\/9020\/revisions"}],"wp:attachment":[{"href":"https:\/\/giannicriminallaw.com\/es\/wp-json\/wp\/v2\/media?parent=9020"}],"curies":[{"name":"wp","href":"https:\/\/api.w.org\/{rel}","templated":true}]}}