{"id":9019,"date":"2020-02-27T10:16:39","date_gmt":"2020-02-27T10:16:39","guid":{"rendered":"https:\/\/giannikarmily.wpenginepowered.com\/delitos-juveniles\/"},"modified":"2025-01-31T18:05:33","modified_gmt":"2025-01-31T18:05:33","slug":"delitos-juveniles","status":"publish","type":"page","link":"https:\/\/giannicriminallaw.com\/es\/delitos-juveniles\/","title":{"rendered":"Delitos juveniles"},"content":{"rendered":"<h1><strong>Abogado H\u00e1bil en Casos de Delito Juvenil de Long Island en Nassau<\/strong><\/h1>\n<p><iframe src=\"https:\/\/www.youtube.com\/embed\/6PJCXsemiqA\" width=\"587\" height=\"330\" frameborder=\"0\" allowfullscreen=\"allowfullscreen\"><\/iframe><\/p>\n<p><span style=\"font-weight: 400;\">Cualquiera se puede enfrentar a las consecuencias de cometer delitos en Long Island &#8211; incluso los menores que a\u00fan no han cumplido los 18 a\u00f1os. En Nueva York, los ni\u00f1os que tengan siete a\u00f1os o mayores pueden ser llevados a una corte por cometer un delito.<\/span><\/p>\n<p><span style=\"font-weight: 400;\">Si su ni\u00f1o ha sido acusado de cometer un delito juvenil, es importante entender que es lo que hay que esperar. La forma en que el caso es manejado &#8211; y las penalidades que uno podr\u00eda enfrentarse &#8211; depender\u00e1 de c\u00f3mo es categorizado el menor por el estado. Existen varias categor\u00edas distintas en las que podr\u00eda entrar un menor, incluyendo:<\/span><\/p>\n<ul>\n<li style=\"font-weight: 400;\" aria-level=\"1\"><span style=\"font-weight: 400;\">Delincuentes Juveniles<\/span><\/li>\n<li style=\"font-weight: 400;\" aria-level=\"1\"><span style=\"font-weight: 400;\">Infractores Juveniles<\/span><\/li>\n<li style=\"font-weight: 400;\" aria-level=\"1\"><span style=\"font-weight: 400;\">Infractores J\u00f3venes<\/span><\/li>\n<li style=\"font-weight: 400;\" aria-level=\"1\"><span style=\"font-weight: 400;\">Infractores Adolescentes<\/span><\/li>\n<\/ul>\n<h2><b>\u00bfQu\u00e9 Son los Delincuentes Juveniles?<\/b><\/h2>\n<p><span style=\"font-weight: 400;\">Un ni\u00f1o entre los 7 y 17 a\u00f1os que cometa un crimen podr\u00eda ser clasificado como un delincuente juvenil si se determina que el ni\u00f1o podr\u00eda beneficiarse de una supervisi\u00f3n, tratamiento o internamiento. Si es considerado un delincuente juvenil, su caso ser\u00e1 llevado a la corte familiar. No est\u00e1 en riesgo de pasar tiempo en prisi\u00f3n cuando se trata de un caso de delito juvenil. En lugar de esto, la corte se enfocar\u00e1 en brindar servicios de supervisi\u00f3n, tratamiento o internamiento que usted necesite.<\/span><\/p>\n<h2><b>\u00bfQu\u00e9 son los Infractores Juveniles?<\/b><\/h2>\n<p><span style=\"font-weight: 400;\">Cualquier ni\u00f1o de 13, 14 o 15 a\u00f1os que sea acusado de cometer cr\u00edmenes violentos o serios en Nueva York ser\u00e1n considerados infractores juveniles. Si es clasificado como infractor juvenil, su caso ser\u00e1 escuchado en la Parte para J\u00f3venes de la Suprema Corte o la Corte del Condado.<\/span><\/p>\n<p><span style=\"font-weight: 400;\">Los infractores juveniles se enfrentar\u00e1n a serias penalidades si son condenados, sin embargo, las penalidades ser\u00e1n menos severas que las que se imponen a infractores adultos.<\/span><\/p>\n<p><span style=\"font-weight: 400;\">Algunos casos que involucran a infractores juveniles son transferidos a la corte familiar. Si esto sucede, el infractor juvenil ser\u00e1 considerado como delincuente juvenil.<\/span><\/p>\n<h2><b>\u00bfQu\u00e9 son los Infractores J\u00f3venes?<\/b><\/h2>\n<p><span style=\"font-weight: 400;\">Un menor de edad es categorizado como un infractor joven hasta la etapa de sentencia de su caso. Usted podr\u00eda ser categorizado como infractor joven si:<\/span><\/p>\n<ul>\n<li style=\"font-weight: 400;\" aria-level=\"1\"><span style=\"font-weight: 400;\">Ten\u00eda entre 14 y 18 a\u00f1os al momento de cometer el cr\u00edmen.<\/span><\/li>\n<li style=\"font-weight: 400;\" aria-level=\"1\"><span style=\"font-weight: 400;\">No ha tenido condenas pasadas por cometer un delito.<\/span><\/li>\n<li style=\"font-weight: 400;\" aria-level=\"1\"><span style=\"font-weight: 400;\">Nunca ha sido clasificado como infractor joven anteriormente.<\/span><\/li>\n<\/ul>\n<p><span style=\"font-weight: 400;\">Ya depende del juez decidir si usted es o no categorizado como infractor joven. SI es considerado infractor joven, su registro criminal ser\u00e1 autom\u00e1ticamente sellado, esto quiere decir que usted t\u00e9cnicamente no tendr\u00e1 antecedentes penales. No tendr\u00e1 un reporte de su condena al momento de aplicar por empleo u oportunidades educacionales. Por esta raz\u00f3n, la mejor opci\u00f3n es conseguir esta clasificaci\u00f3n en su audiencia de sentencia.<\/span><\/p>\n<h2><b>\u00bfQu\u00e9 son los Infractores Adolescentes?<\/b><\/h2>\n<p><span style=\"font-weight: 400;\">Cualquier persona entre los 16 y 17 a\u00f1os que sean acusados de cometer un delito en Nueva York son considerados como infractores adolescentes. Los casos que involucran a infractores adolescentes comenzar\u00e1n en la Parte Juvenil de la Suprema Corte o Corte del Condado. El caso permanecer\u00e1 en la Parte Juvenil o ser\u00e1 transferido a la Corte Familiar.<\/span><\/p>\n<p><span style=\"font-weight: 400;\">Si permanece en la Parte Juvenil, el menor ser\u00e1 tratado como un adulto. Sin embargo, si el menor es encontrado culpable, el juez deber\u00e1 tomar su edad a consideraci\u00f3n al momento de determinar una sentencia apropiada.<\/span><\/p>\n<p><span style=\"font-weight: 400;\">Si el caso fue un delito sin violencia, lo m\u00e1s probable es que sea transferido a la corte familiar. Despu\u00e9s de esta transferencia, el ni\u00f1o ser\u00e1 tratado como delincuente juvenil en lugar de infractor adolescente.<\/span><\/p>\n<h2><b>\u00bfAcaso los Antecedentes Penales del menor impactar\u00e1n su Futuro?<\/b><\/h2>\n<p><span style=\"font-weight: 400;\">Los antecedentes criminales del menor podr\u00edan impactar o no su futuro dependiendo de c\u00f3mo fueron clasificados por el sistema de justicia juvenil. Los delincuentes juveniles no tendr\u00e1n antecedentes penales, as\u00ed que sus ofensas no afectar\u00e1n su futuro. Si un juez lo clasifica como un infractor joven, sus antecedentes penales ser\u00e1n sellados, as\u00ed que no impactar\u00e1n su futuro.<\/span><\/p>\n<p><span style=\"font-weight: 400;\">Si usted no es un delincuente criminal o infractor joven, podr\u00eda llevar consigo sus antecedentes penales incluso hasta la edad adulta.<\/span><\/p>\n<h2><b>Agende una Evaluaci\u00f3n Del Caso Sobre su Caso de Delito Juvenil Hoy Mismo en Long Island<\/b><\/h2>\n<p><span style=\"font-weight: 400;\">\u00bfAlguna vez ha sido acusado de cometer un delito juvenil? Si es as\u00ed, es importante buscar la representaci\u00f3n legal de un abogado h\u00e1bil en<\/span><a href=\"https:\/\/giannicriminallaw.com\/es\/\"><span style=\"font-weight: 400;\"> delitos juveniles, Gianni Karmily,<\/span><\/a><span style=\"font-weight: 400;\"> tan pronto sea posible. Luchar contra sus acusaciones es la \u00fanica forma de proteger su futuro. Deje que Gianni trabaje incansablemente para conseguir el mejor resultado posible para su caso. Para programar una evaluaci\u00f3n confidencial de su caso con el Bufete de Abogados de Gianni Karmily, PLLC, llame a nuestra oficina de Great Neck al <a href=\"tel:5166303405\">(516) 630-3405<\/a> o a nuestra oficina de Hempstead al <a href=\"tel:5166144228\">(516) 614-4228<\/a>.<\/span><\/p>\n<p>&nbsp;<\/p>\n","protected":false},"excerpt":{"rendered":"<p>Abogado H\u00e1bil en Casos de Delito Juvenil de Long Island en Nassau Cualquiera se puede enfrentar a las consecuencias de cometer delitos en Long Island &#8211; incluso los menores que a\u00fan no han cumplido los 18 a\u00f1os. En Nueva York, los ni\u00f1os que tengan siete a\u00f1os o mayores pueden ser llevados a una corte por [&hellip;]<\/p>\n","protected":false},"author":3,"featured_media":0,"parent":0,"menu_order":0,"comment_status":"closed","ping_status":"closed","template":"","meta":{"_genesis_hide_title":false,"_genesis_hide_breadcrumbs":false,"_genesis_hide_singular_image":false,"_genesis_hide_footer_widgets":false,"_genesis_custom_body_class":"inner-page","_genesis_custom_post_class":"","_genesis_layout":"","footnotes":""},"class_list":{"0":"post-9019","1":"page","2":"type-page","3":"status-publish","5":"entry"},"yoast_head":"<!-- This site is optimized with the Yoast SEO plugin v27.4 - https:\/\/yoast.com\/product\/yoast-seo-wordpress\/ -->\n<title>Long Island Abogado de Delitos Juveniles | Condado de Nassau | Bufete de Abogados de Gianni Karmily, PLLC<\/title>\n<meta name=\"description\" content=\"Deje que el abogado h\u00e1bil en delitos juveniles de Long Island, Gianni Karmily, luche por su libertad. Llame ahora para que hablemos de sus opciones legales.\" \/>\n<meta name=\"robots\" content=\"index, follow, max-snippet:-1, max-image-preview:large, max-video-preview:-1\" \/>\n<link rel=\"canonical\" href=\"https:\/\/giannicriminallaw.com\/es\/delitos-juveniles\/\" \/>\n<meta property=\"og:locale\" content=\"es_ES\" \/>\n<meta property=\"og:type\" content=\"article\" \/>\n<meta property=\"og:title\" content=\"Long Island Abogado de Delitos Juveniles | Condado de Nassau | Bufete de Abogados de Gianni Karmily, PLLC\" \/>\n<meta property=\"og:description\" content=\"Deje que el abogado h\u00e1bil en delitos juveniles de Long Island, Gianni Karmily, luche por su libertad. Llame ahora para que hablemos de sus opciones legales.\" \/>\n<meta property=\"og:url\" content=\"https:\/\/giannicriminallaw.com\/es\/delitos-juveniles\/\" \/>\n<meta property=\"og:site_name\" content=\"Law Firm of Gianni Karmily PLLC\" \/>\n<meta property=\"article:publisher\" content=\"https:\/\/www.facebook.com\/Law-Firm-of-Gianni-Karmily-PLLC-111458240497656\/\" \/>\n<meta property=\"article:modified_time\" content=\"2025-01-31T18:05:33+00:00\" \/>\n<meta name=\"twitter:card\" content=\"summary_large_image\" \/>\n<meta name=\"twitter:site\" content=\"@LawGianni\" \/>\n<meta name=\"twitter:label1\" content=\"Tiempo de lectura\" \/>\n\t<meta name=\"twitter:data1\" content=\"4 minutos\" \/>\n<script type=\"application\/ld+json\" class=\"yoast-schema-graph\">{\"@context\":\"https:\\\/\\\/schema.org\",\"@graph\":[{\"@type\":\"WebPage\",\"@id\":\"https:\\\/\\\/giannicriminallaw.com\\\/es\\\/delitos-juveniles\\\/\",\"url\":\"https:\\\/\\\/giannicriminallaw.com\\\/es\\\/delitos-juveniles\\\/\",\"name\":\"Long Island Abogado de Delitos Juveniles | Condado de Nassau | Bufete de Abogados de Gianni Karmily, PLLC\",\"isPartOf\":{\"@id\":\"https:\\\/\\\/giannicriminallaw.com\\\/#website\"},\"datePublished\":\"2020-02-27T10:16:39+00:00\",\"dateModified\":\"2025-01-31T18:05:33+00:00\",\"description\":\"Deje que el abogado h\u00e1bil en delitos juveniles de Long Island, Gianni Karmily, luche por su libertad. Llame ahora para que hablemos de sus opciones legales.\",\"breadcrumb\":{\"@id\":\"https:\\\/\\\/giannicriminallaw.com\\\/es\\\/delitos-juveniles\\\/#breadcrumb\"},\"inLanguage\":\"es\",\"potentialAction\":[{\"@type\":\"ReadAction\",\"target\":[\"https:\\\/\\\/giannicriminallaw.com\\\/es\\\/delitos-juveniles\\\/\"]}]},{\"@type\":\"BreadcrumbList\",\"@id\":\"https:\\\/\\\/giannicriminallaw.com\\\/es\\\/delitos-juveniles\\\/#breadcrumb\",\"itemListElement\":[{\"@type\":\"ListItem\",\"position\":1,\"name\":\"Home\",\"item\":\"https:\\\/\\\/giannicriminallaw.com\\\/es\\\/\"},{\"@type\":\"ListItem\",\"position\":2,\"name\":\"Delitos juveniles\"}]},{\"@type\":\"WebSite\",\"@id\":\"https:\\\/\\\/giannicriminallaw.com\\\/#website\",\"url\":\"https:\\\/\\\/giannicriminallaw.com\\\/\",\"name\":\"Law Firm of Gianni Karmily PLLC\",\"description\":\"\",\"publisher\":{\"@id\":\"https:\\\/\\\/giannicriminallaw.com\\\/#organization\"},\"potentialAction\":[{\"@type\":\"SearchAction\",\"target\":{\"@type\":\"EntryPoint\",\"urlTemplate\":\"https:\\\/\\\/giannicriminallaw.com\\\/?s={search_term_string}\"},\"query-input\":{\"@type\":\"PropertyValueSpecification\",\"valueRequired\":true,\"valueName\":\"search_term_string\"}}],\"inLanguage\":\"es\"},{\"@type\":\"Organization\",\"@id\":\"https:\\\/\\\/giannicriminallaw.com\\\/#organization\",\"name\":\"Law Firm of Gianni Karmily PLLC\",\"url\":\"https:\\\/\\\/giannicriminallaw.com\\\/\",\"logo\":{\"@type\":\"ImageObject\",\"inLanguage\":\"es\",\"@id\":\"https:\\\/\\\/giannicriminallaw.com\\\/#\\\/schema\\\/logo\\\/image\\\/\",\"url\":\"https:\\\/\\\/giannicriminallaw.com\\\/wp-content\\\/uploads\\\/2021\\\/03\\\/cropped-favicon.png\",\"contentUrl\":\"https:\\\/\\\/giannicriminallaw.com\\\/wp-content\\\/uploads\\\/2021\\\/03\\\/cropped-favicon.png\",\"width\":512,\"height\":512,\"caption\":\"Law Firm of Gianni Karmily PLLC\"},\"image\":{\"@id\":\"https:\\\/\\\/giannicriminallaw.com\\\/#\\\/schema\\\/logo\\\/image\\\/\"},\"sameAs\":[\"https:\\\/\\\/www.facebook.com\\\/Law-Firm-of-Gianni-Karmily-PLLC-111458240497656\\\/\",\"https:\\\/\\\/x.com\\\/LawGianni\"]}]}<\/script>\n<!-- \/ Yoast SEO plugin. -->","yoast_head_json":{"title":"Long Island Abogado de Delitos Juveniles | Condado de Nassau | Bufete de Abogados de Gianni Karmily, PLLC","description":"Deje que el abogado h\u00e1bil en delitos juveniles de Long Island, Gianni Karmily, luche por su libertad. Llame ahora para que hablemos de sus opciones legales.","robots":{"index":"index","follow":"follow","max-snippet":"max-snippet:-1","max-image-preview":"max-image-preview:large","max-video-preview":"max-video-preview:-1"},"canonical":"https:\/\/giannicriminallaw.com\/es\/delitos-juveniles\/","og_locale":"es_ES","og_type":"article","og_title":"Long Island Abogado de Delitos Juveniles | Condado de Nassau | Bufete de Abogados de Gianni Karmily, PLLC","og_description":"Deje que el abogado h\u00e1bil en delitos juveniles de Long Island, Gianni Karmily, luche por su libertad. Llame ahora para que hablemos de sus opciones legales.","og_url":"https:\/\/giannicriminallaw.com\/es\/delitos-juveniles\/","og_site_name":"Law Firm of Gianni Karmily PLLC","article_publisher":"https:\/\/www.facebook.com\/Law-Firm-of-Gianni-Karmily-PLLC-111458240497656\/","article_modified_time":"2025-01-31T18:05:33+00:00","twitter_card":"summary_large_image","twitter_site":"@LawGianni","twitter_misc":{"Tiempo de lectura":"4 minutos"},"schema":{"@context":"https:\/\/schema.org","@graph":[{"@type":"WebPage","@id":"https:\/\/giannicriminallaw.com\/es\/delitos-juveniles\/","url":"https:\/\/giannicriminallaw.com\/es\/delitos-juveniles\/","name":"Long Island Abogado de Delitos Juveniles | Condado de Nassau | Bufete de Abogados de Gianni Karmily, PLLC","isPartOf":{"@id":"https:\/\/giannicriminallaw.com\/#website"},"datePublished":"2020-02-27T10:16:39+00:00","dateModified":"2025-01-31T18:05:33+00:00","description":"Deje que el abogado h\u00e1bil en delitos juveniles de Long Island, Gianni Karmily, luche por su libertad. Llame ahora para que hablemos de sus opciones legales.","breadcrumb":{"@id":"https:\/\/giannicriminallaw.com\/es\/delitos-juveniles\/#breadcrumb"},"inLanguage":"es","potentialAction":[{"@type":"ReadAction","target":["https:\/\/giannicriminallaw.com\/es\/delitos-juveniles\/"]}]},{"@type":"BreadcrumbList","@id":"https:\/\/giannicriminallaw.com\/es\/delitos-juveniles\/#breadcrumb","itemListElement":[{"@type":"ListItem","position":1,"name":"Home","item":"https:\/\/giannicriminallaw.com\/es\/"},{"@type":"ListItem","position":2,"name":"Delitos juveniles"}]},{"@type":"WebSite","@id":"https:\/\/giannicriminallaw.com\/#website","url":"https:\/\/giannicriminallaw.com\/","name":"Law Firm of Gianni Karmily PLLC","description":"","publisher":{"@id":"https:\/\/giannicriminallaw.com\/#organization"},"potentialAction":[{"@type":"SearchAction","target":{"@type":"EntryPoint","urlTemplate":"https:\/\/giannicriminallaw.com\/?s={search_term_string}"},"query-input":{"@type":"PropertyValueSpecification","valueRequired":true,"valueName":"search_term_string"}}],"inLanguage":"es"},{"@type":"Organization","@id":"https:\/\/giannicriminallaw.com\/#organization","name":"Law Firm of Gianni Karmily PLLC","url":"https:\/\/giannicriminallaw.com\/","logo":{"@type":"ImageObject","inLanguage":"es","@id":"https:\/\/giannicriminallaw.com\/#\/schema\/logo\/image\/","url":"https:\/\/giannicriminallaw.com\/wp-content\/uploads\/2021\/03\/cropped-favicon.png","contentUrl":"https:\/\/giannicriminallaw.com\/wp-content\/uploads\/2021\/03\/cropped-favicon.png","width":512,"height":512,"caption":"Law Firm of Gianni Karmily PLLC"},"image":{"@id":"https:\/\/giannicriminallaw.com\/#\/schema\/logo\/image\/"},"sameAs":["https:\/\/www.facebook.com\/Law-Firm-of-Gianni-Karmily-PLLC-111458240497656\/","https:\/\/x.com\/LawGianni"]}]}},"_links":{"self":[{"href":"https:\/\/giannicriminallaw.com\/es\/wp-json\/wp\/v2\/pages\/9019","targetHints":{"allow":["GET"]}}],"collection":[{"href":"https:\/\/giannicriminallaw.com\/es\/wp-json\/wp\/v2\/pages"}],"about":[{"href":"https:\/\/giannicriminallaw.com\/es\/wp-json\/wp\/v2\/types\/page"}],"author":[{"embeddable":true,"href":"https:\/\/giannicriminallaw.com\/es\/wp-json\/wp\/v2\/users\/3"}],"replies":[{"embeddable":true,"href":"https:\/\/giannicriminallaw.com\/es\/wp-json\/wp\/v2\/comments?post=9019"}],"version-history":[{"count":0,"href":"https:\/\/giannicriminallaw.com\/es\/wp-json\/wp\/v2\/pages\/9019\/revisions"}],"wp:attachment":[{"href":"https:\/\/giannicriminallaw.com\/es\/wp-json\/wp\/v2\/media?parent=9019"}],"curies":[{"name":"wp","href":"https:\/\/api.w.org\/{rel}","templated":true}]}}