{"id":9017,"date":"2020-02-27T10:15:25","date_gmt":"2020-02-27T10:15:25","guid":{"rendered":"https:\/\/giannikarmily.wpenginepowered.com\/delitos-incidentales\/"},"modified":"2025-01-31T18:05:41","modified_gmt":"2025-01-31T18:05:41","slug":"delitos-incoados","status":"publish","type":"page","link":"https:\/\/giannicriminallaw.com\/es\/delitos-incoados\/","title":{"rendered":"Delitos Incoados"},"content":{"rendered":"<h1><strong>Abogado defensor que lucha por la libertad de los clientes acusados de delitos incoados en todo el condado de Nassau<\/strong><\/h1>\n<p><iframe src=\"https:\/\/www.youtube.com\/embed\/6PJCXsemiqA\" width=\"587\" height=\"330\" frameborder=\"0\" allowfullscreen=\"allowfullscreen\"><\/iframe><span style=\"font-weight: 400;\">Todo el mundo sabe que puede enfrentar cargos criminales por cometer delitos. Pero muchas personas se sorprenden al saber que tambi\u00e9n pueden enfrentar cargos criminales por simplemente planear, preparar o intentar cometer un crimen. Estos actos, que son vistos como pasos para cometer un crimen, son referidos como ofensas inciertas.<\/span><\/p>\n<p><span style=\"font-weight: 400;\">Cada tipo de delito inducido conlleva graves penas. Es por eso que si usted es acusado de un delito incoado, le conviene defenderse con la ayuda del experimentado abogado de defensa criminal <a href=\"https:\/\/giannicriminallaw.com\/es\/\">Gianni Karmily.<\/a><\/span><\/p>\n<h2><b>\u00bfCu\u00e1les son los diferentes tipos de delitos incoados?<\/b><\/h2>\n<p><span style=\"font-weight: 400;\">Hay varios tipos diferentes de delitos incoados en Nueva York, incluyendo:<\/span><\/p>\n<ul>\n<li style=\"font-weight: 400;\" aria-level=\"1\"><span style=\"font-weight: 400;\">Conspiraci\u00f3n<\/span><\/li>\n<li style=\"font-weight: 400;\" aria-level=\"1\"><span style=\"font-weight: 400;\">Solicitaci\u00f3n criminal<\/span><\/li>\n<li style=\"font-weight: 400;\" aria-level=\"1\"><span style=\"font-weight: 400;\">Intentar cometer un delito<\/span><\/li>\n<li style=\"font-weight: 400;\" aria-level=\"1\"><\/li>\n<\/ul>\n<p><span style=\"font-weight: 400;\">Cada uno de estos delitos es un cargo criminal diferente que conlleva graves penas.<\/span><\/p>\n<h2><strong>\u00bfCu\u00e1ndo puede enfrentar cargos de conspiraci\u00f3n?<\/strong><\/h2>\n<p><span style=\"font-weight: 400;\">Una conspiraci\u00f3n criminal ocurre cuando al menos dos personas trabajan juntas para cometer una infracci\u00f3n criminal. Hay seis grados de cargos de conspiraci\u00f3n en Nueva York. El grado con el que se le acusa depender\u00e1 del tipo de delito que pretend\u00eda cometer y de la edad de las personas involucradas.<\/span><\/p>\n<p><span style=\"font-weight: 400;\">Estar de acuerdo en participar en la ejecuci\u00f3n de un delito es conspiraci\u00f3n de sexto grado, que es un delito menor de clase B. Pero si usted est\u00e1 de acuerdo en estar involucrado en un delito grave o una de las partes involucradas en la ejecuci\u00f3n de cualquier tipo de delito es menor de 16 a\u00f1os, es conspiraci\u00f3n de quinto grado, que es un delito menor de clase A.<\/span><\/p>\n<p><span style=\"font-weight: 400;\">Si el delito que se acord\u00f3 cometer fue lavado de dinero o un delito grave de clase B o C, se considera conspiraci\u00f3n de cuarto grado, que es un delito grave de clase E. Tambi\u00e9n es conspiraci\u00f3n de cuarto grado si usted se pone de acuerdo para cometer un delito grave con una o m\u00e1s partes menores de 16 a\u00f1os. Pero si acuerda cometer un delito grave de clase B o C con alguien menor de 16 a\u00f1os, se convierte en conspiraci\u00f3n de tercer grado, que es un delito grave de clase D.<\/span><\/p>\n<p><span style=\"font-weight: 400;\">Si usted conspira para cometer un delito de clase A, es conspiraci\u00f3n de segundo grado, a menos que las otras partes sean menores de 16 a\u00f1os, en cuyo caso es conspiraci\u00f3n de primer grado. La conspiraci\u00f3n de segundo grado es un delito grave de clase B y la conspiraci\u00f3n de primer grado es un delito grave de clase A-I.<\/span><\/p>\n<h2><strong>\u00bfCu\u00e1ndo puede enfrentar cargos de solicitaci\u00f3n criminal?<\/strong><\/h2>\n<p><span style=\"font-weight: 400;\">Hay cinco grados de solicitaci\u00f3n criminal. El estado puede acusarle de solicitaci\u00f3n criminal en el quinto grado si usted pide, exige o intenta persuadir a otra persona para que cometa un delito. El delito se convierte en solicitaci\u00f3n criminal de cuarto grado si el delito que usted le pide a alguien que cometa es un delito grave o si la persona a la que le pide que cometa cualquier tipo de delito es menor de 16 a\u00f1os. Si usted le pide a alguien menor de 16 a\u00f1os que cometa un delito grave, el delito es de tercer grado de solicitaci\u00f3n criminal.<\/span><\/p>\n<p><span style=\"font-weight: 400;\">Pedir o intentar persuadir a alguien para que cometa un delito grave de clase A es un delito de solicitud criminal de segundo grado. Si la persona a la que se le pide es menor de 16 a\u00f1os, se trata de una solicitaci\u00f3n criminal de primer grado.<\/span><\/p>\n<p><span style=\"font-weight: 400;\">El nivel m\u00e1s bajo de este delito, que es solicitaci\u00f3n criminal de quinto grado, es una violaci\u00f3n. El nivel m\u00e1s alto, que es la solicitaci\u00f3n en primer grado, es un delito grave de clase C.<\/span><br \/>\n<span style=\"font-weight: 400;\">\u00bfCu\u00e1ndo puede enfrentar cargos por intentar cometer un delito?<\/span><br \/>\n<span style=\"font-weight: 400;\">El estado puede acusarle de intentar cometer un delito si:<\/span><\/p>\n<ul>\n<li style=\"font-weight: 400;\" aria-level=\"1\"><span style=\"font-weight: 400;\">Usted ten\u00eda la intenci\u00f3n de cometer un delito penal espec\u00edfico, o si<\/span><\/li>\n<li style=\"font-weight: 400;\" aria-level=\"1\"><span style=\"font-weight: 400;\">Usted particip\u00f3 en alg\u00fan tipo de conducta con el fin de seguir su intenci\u00f3n de cometer el delito.<\/span><\/li>\n<\/ul>\n<p><span style=\"font-weight: 400;\">No importa que haya fallado en la ejecuci\u00f3n del delito: a\u00fan puede enfrentar estos cargos penales.<\/span><\/p>\n<p><span style=\"font-weight: 400;\">El nivel de esta ofensa depender\u00e1 de la naturaleza del crimen que usted estaba intentando cometer. En la mayor\u00eda de los casos, intentar cometer un delito es una infracci\u00f3n que es un nivel m\u00e1s bajo que el delito que estaba intentando cometer. Por ejemplo, si usted estaba intentando cometer un delito grave de clase D, usted puede enfrentar cargos de delito grave de clase E por ese intento. Hay algunas excepciones a esta regla. Por ejemplo, si usted intenta cometer ciertas faltas de clase A-I, se enfrentar\u00e1 a cargos por faltas de clase A-I por ese intento.<\/span><\/p>\n<h2><strong>\u00bfC\u00f3mo puede un abogado luchar contra los cargos penales incoados?<\/strong><\/h2>\n<p><span style=\"font-weight: 400;\">En los casos de delitos incoados no se cometi\u00f3 realmente ning\u00fan delito. Debido a esto, muchos casos dependen de la intenci\u00f3n del acusado de cometer un crimen. El abogado Gianni Karmily trabajar\u00e1 incansablemente para probar que usted nunca tuvo la intenci\u00f3n de cometer un crimen o de estar involucrado en la comisi\u00f3n de un crimen. \u00c9l perseguir\u00e1 agresivamente el mejor resultado posible en su caso, ya sea un acuerdo de culpabilidad, la reducci\u00f3n de los cargos, cargos desestimados, o la absoluci\u00f3n.<\/span><\/p>\n<h2><b>Discuta sus opciones legales durante una evaluaci\u00f3n del caso con nuestro abogado de delitos incoados de Long Island<\/b><\/h2>\n<p><span style=\"font-weight: 400;\">\u00bfHa sido acusado de cometer un delito incoado en Long Island? Si es as\u00ed, busque la representaci\u00f3n legal de un abogado h\u00e1bil en delitos incoados, Gianni Karmily, de inmediato. Gianni se compromete a ayudar a sus clientes a luchar contra estas acusaciones y evitar las sanciones legales de una condena penal. Para programar una evaluaci\u00f3n confidencial de su caso con el Bufete de Abogados de Gianni Karmily, PLLC, llame a nuestra oficina de Great Neck al <a href=\"tel:5166303405\">(516) 630-3405<\/a> o a nuestra oficina de Hempstead al <a href=\"tel:5166144228\">(516) 614-4228<\/a>.<\/span><\/p>\n","protected":false},"excerpt":{"rendered":"<p>Abogado defensor que lucha por la libertad de los clientes acusados de delitos incoados en todo el condado de Nassau Todo el mundo sabe que puede enfrentar cargos criminales por cometer delitos. Pero muchas personas se sorprenden al saber que tambi\u00e9n pueden enfrentar cargos criminales por simplemente planear, preparar o intentar cometer un crimen. Estos [&hellip;]<\/p>\n","protected":false},"author":3,"featured_media":0,"parent":0,"menu_order":0,"comment_status":"closed","ping_status":"closed","template":"","meta":{"_genesis_hide_title":false,"_genesis_hide_breadcrumbs":false,"_genesis_hide_singular_image":false,"_genesis_hide_footer_widgets":false,"_genesis_custom_body_class":"inner-page","_genesis_custom_post_class":"","_genesis_layout":"","footnotes":""},"class_list":{"0":"post-9017","1":"page","2":"type-page","3":"status-publish","5":"entry"},"yoast_head":"<!-- This site is optimized with the Yoast SEO plugin v27.5 - https:\/\/yoast.com\/product\/yoast-seo-wordpress\/ -->\n<title>Long Island Abogado de Delitos Incoados | Condado de Nassau | Bufete de Abogados de Gianni Karmily, PLLC<\/title>\n<meta name=\"description\" content=\"Deje que el abogado de delitos incoados de Long Island, Gianni Karmily, proteja sus derechos y luche por su libertad. Llame ahora para discutir sus opciones legales.\" \/>\n<meta name=\"robots\" content=\"index, follow, max-snippet:-1, max-image-preview:large, max-video-preview:-1\" \/>\n<link rel=\"canonical\" href=\"https:\/\/giannicriminallaw.com\/es\/delitos-incoados\/\" \/>\n<meta property=\"og:locale\" content=\"es_ES\" \/>\n<meta property=\"og:type\" content=\"article\" \/>\n<meta property=\"og:title\" content=\"Long Island Abogado de Delitos Incoados | Condado de Nassau | Bufete de Abogados de Gianni Karmily, PLLC\" \/>\n<meta property=\"og:description\" content=\"Deje que el abogado de delitos incoados de Long Island, Gianni Karmily, proteja sus derechos y luche por su libertad. Llame ahora para discutir sus opciones legales.\" \/>\n<meta property=\"og:url\" content=\"https:\/\/giannicriminallaw.com\/es\/delitos-incoados\/\" \/>\n<meta property=\"og:site_name\" content=\"Law Firm of Gianni Karmily PLLC\" \/>\n<meta property=\"article:publisher\" content=\"https:\/\/www.facebook.com\/Law-Firm-of-Gianni-Karmily-PLLC-111458240497656\/\" \/>\n<meta property=\"article:modified_time\" content=\"2025-01-31T18:05:41+00:00\" \/>\n<meta name=\"twitter:card\" content=\"summary_large_image\" \/>\n<meta name=\"twitter:site\" content=\"@LawGianni\" \/>\n<meta name=\"twitter:label1\" content=\"Tiempo de lectura\" \/>\n\t<meta name=\"twitter:data1\" content=\"5 minutos\" \/>\n<script type=\"application\/ld+json\" class=\"yoast-schema-graph\">{\"@context\":\"https:\\\/\\\/schema.org\",\"@graph\":[{\"@type\":\"WebPage\",\"@id\":\"https:\\\/\\\/giannicriminallaw.com\\\/es\\\/delitos-incoados\\\/\",\"url\":\"https:\\\/\\\/giannicriminallaw.com\\\/es\\\/delitos-incoados\\\/\",\"name\":\"Long Island Abogado de Delitos Incoados | Condado de Nassau | Bufete de Abogados de Gianni Karmily, PLLC\",\"isPartOf\":{\"@id\":\"https:\\\/\\\/giannicriminallaw.com\\\/#website\"},\"datePublished\":\"2020-02-27T10:15:25+00:00\",\"dateModified\":\"2025-01-31T18:05:41+00:00\",\"description\":\"Deje que el abogado de delitos incoados de Long Island, Gianni Karmily, proteja sus derechos y luche por su libertad. Llame ahora para discutir sus opciones legales.\",\"breadcrumb\":{\"@id\":\"https:\\\/\\\/giannicriminallaw.com\\\/es\\\/delitos-incoados\\\/#breadcrumb\"},\"inLanguage\":\"es\",\"potentialAction\":[{\"@type\":\"ReadAction\",\"target\":[\"https:\\\/\\\/giannicriminallaw.com\\\/es\\\/delitos-incoados\\\/\"]}]},{\"@type\":\"BreadcrumbList\",\"@id\":\"https:\\\/\\\/giannicriminallaw.com\\\/es\\\/delitos-incoados\\\/#breadcrumb\",\"itemListElement\":[{\"@type\":\"ListItem\",\"position\":1,\"name\":\"Home\",\"item\":\"https:\\\/\\\/giannicriminallaw.com\\\/es\\\/\"},{\"@type\":\"ListItem\",\"position\":2,\"name\":\"Delitos Incoados\"}]},{\"@type\":\"WebSite\",\"@id\":\"https:\\\/\\\/giannicriminallaw.com\\\/#website\",\"url\":\"https:\\\/\\\/giannicriminallaw.com\\\/\",\"name\":\"Law Firm of Gianni Karmily PLLC\",\"description\":\"\",\"publisher\":{\"@id\":\"https:\\\/\\\/giannicriminallaw.com\\\/#organization\"},\"potentialAction\":[{\"@type\":\"SearchAction\",\"target\":{\"@type\":\"EntryPoint\",\"urlTemplate\":\"https:\\\/\\\/giannicriminallaw.com\\\/?s={search_term_string}\"},\"query-input\":{\"@type\":\"PropertyValueSpecification\",\"valueRequired\":true,\"valueName\":\"search_term_string\"}}],\"inLanguage\":\"es\"},{\"@type\":\"Organization\",\"@id\":\"https:\\\/\\\/giannicriminallaw.com\\\/#organization\",\"name\":\"Law Firm of Gianni Karmily PLLC\",\"url\":\"https:\\\/\\\/giannicriminallaw.com\\\/\",\"logo\":{\"@type\":\"ImageObject\",\"inLanguage\":\"es\",\"@id\":\"https:\\\/\\\/giannicriminallaw.com\\\/#\\\/schema\\\/logo\\\/image\\\/\",\"url\":\"https:\\\/\\\/giannicriminallaw.com\\\/wp-content\\\/uploads\\\/2021\\\/03\\\/cropped-favicon.png\",\"contentUrl\":\"https:\\\/\\\/giannicriminallaw.com\\\/wp-content\\\/uploads\\\/2021\\\/03\\\/cropped-favicon.png\",\"width\":512,\"height\":512,\"caption\":\"Law Firm of Gianni Karmily PLLC\"},\"image\":{\"@id\":\"https:\\\/\\\/giannicriminallaw.com\\\/#\\\/schema\\\/logo\\\/image\\\/\"},\"sameAs\":[\"https:\\\/\\\/www.facebook.com\\\/Law-Firm-of-Gianni-Karmily-PLLC-111458240497656\\\/\",\"https:\\\/\\\/x.com\\\/LawGianni\"]}]}<\/script>\n<!-- \/ Yoast SEO plugin. -->","yoast_head_json":{"title":"Long Island Abogado de Delitos Incoados | Condado de Nassau | Bufete de Abogados de Gianni Karmily, PLLC","description":"Deje que el abogado de delitos incoados de Long Island, Gianni Karmily, proteja sus derechos y luche por su libertad. Llame ahora para discutir sus opciones legales.","robots":{"index":"index","follow":"follow","max-snippet":"max-snippet:-1","max-image-preview":"max-image-preview:large","max-video-preview":"max-video-preview:-1"},"canonical":"https:\/\/giannicriminallaw.com\/es\/delitos-incoados\/","og_locale":"es_ES","og_type":"article","og_title":"Long Island Abogado de Delitos Incoados | Condado de Nassau | Bufete de Abogados de Gianni Karmily, PLLC","og_description":"Deje que el abogado de delitos incoados de Long Island, Gianni Karmily, proteja sus derechos y luche por su libertad. Llame ahora para discutir sus opciones legales.","og_url":"https:\/\/giannicriminallaw.com\/es\/delitos-incoados\/","og_site_name":"Law Firm of Gianni Karmily PLLC","article_publisher":"https:\/\/www.facebook.com\/Law-Firm-of-Gianni-Karmily-PLLC-111458240497656\/","article_modified_time":"2025-01-31T18:05:41+00:00","twitter_card":"summary_large_image","twitter_site":"@LawGianni","twitter_misc":{"Tiempo de lectura":"5 minutos"},"schema":{"@context":"https:\/\/schema.org","@graph":[{"@type":"WebPage","@id":"https:\/\/giannicriminallaw.com\/es\/delitos-incoados\/","url":"https:\/\/giannicriminallaw.com\/es\/delitos-incoados\/","name":"Long Island Abogado de Delitos Incoados | Condado de Nassau | Bufete de Abogados de Gianni Karmily, PLLC","isPartOf":{"@id":"https:\/\/giannicriminallaw.com\/#website"},"datePublished":"2020-02-27T10:15:25+00:00","dateModified":"2025-01-31T18:05:41+00:00","description":"Deje que el abogado de delitos incoados de Long Island, Gianni Karmily, proteja sus derechos y luche por su libertad. Llame ahora para discutir sus opciones legales.","breadcrumb":{"@id":"https:\/\/giannicriminallaw.com\/es\/delitos-incoados\/#breadcrumb"},"inLanguage":"es","potentialAction":[{"@type":"ReadAction","target":["https:\/\/giannicriminallaw.com\/es\/delitos-incoados\/"]}]},{"@type":"BreadcrumbList","@id":"https:\/\/giannicriminallaw.com\/es\/delitos-incoados\/#breadcrumb","itemListElement":[{"@type":"ListItem","position":1,"name":"Home","item":"https:\/\/giannicriminallaw.com\/es\/"},{"@type":"ListItem","position":2,"name":"Delitos Incoados"}]},{"@type":"WebSite","@id":"https:\/\/giannicriminallaw.com\/#website","url":"https:\/\/giannicriminallaw.com\/","name":"Law Firm of Gianni Karmily PLLC","description":"","publisher":{"@id":"https:\/\/giannicriminallaw.com\/#organization"},"potentialAction":[{"@type":"SearchAction","target":{"@type":"EntryPoint","urlTemplate":"https:\/\/giannicriminallaw.com\/?s={search_term_string}"},"query-input":{"@type":"PropertyValueSpecification","valueRequired":true,"valueName":"search_term_string"}}],"inLanguage":"es"},{"@type":"Organization","@id":"https:\/\/giannicriminallaw.com\/#organization","name":"Law Firm of Gianni Karmily PLLC","url":"https:\/\/giannicriminallaw.com\/","logo":{"@type":"ImageObject","inLanguage":"es","@id":"https:\/\/giannicriminallaw.com\/#\/schema\/logo\/image\/","url":"https:\/\/giannicriminallaw.com\/wp-content\/uploads\/2021\/03\/cropped-favicon.png","contentUrl":"https:\/\/giannicriminallaw.com\/wp-content\/uploads\/2021\/03\/cropped-favicon.png","width":512,"height":512,"caption":"Law Firm of Gianni Karmily PLLC"},"image":{"@id":"https:\/\/giannicriminallaw.com\/#\/schema\/logo\/image\/"},"sameAs":["https:\/\/www.facebook.com\/Law-Firm-of-Gianni-Karmily-PLLC-111458240497656\/","https:\/\/x.com\/LawGianni"]}]}},"_links":{"self":[{"href":"https:\/\/giannicriminallaw.com\/es\/wp-json\/wp\/v2\/pages\/9017","targetHints":{"allow":["GET"]}}],"collection":[{"href":"https:\/\/giannicriminallaw.com\/es\/wp-json\/wp\/v2\/pages"}],"about":[{"href":"https:\/\/giannicriminallaw.com\/es\/wp-json\/wp\/v2\/types\/page"}],"author":[{"embeddable":true,"href":"https:\/\/giannicriminallaw.com\/es\/wp-json\/wp\/v2\/users\/3"}],"replies":[{"embeddable":true,"href":"https:\/\/giannicriminallaw.com\/es\/wp-json\/wp\/v2\/comments?post=9017"}],"version-history":[{"count":0,"href":"https:\/\/giannicriminallaw.com\/es\/wp-json\/wp\/v2\/pages\/9017\/revisions"}],"wp:attachment":[{"href":"https:\/\/giannicriminallaw.com\/es\/wp-json\/wp\/v2\/media?parent=9017"}],"curies":[{"name":"wp","href":"https:\/\/api.w.org\/{rel}","templated":true}]}}