{"id":9016,"date":"2020-02-27T10:01:20","date_gmt":"2020-02-27T10:01:20","guid":{"rendered":"https:\/\/giannikarmily.wpenginepowered.com\/conducta-desordenada\/"},"modified":"2025-01-31T17:56:24","modified_gmt":"2025-01-31T17:56:24","slug":"conducta-desordenada","status":"publish","type":"page","link":"https:\/\/giannicriminallaw.com\/es\/conducta-desordenada\/","title":{"rendered":"Conducta desordenada"},"content":{"rendered":"<h1><strong>Abogado que lucha contra los cargos de conducta delictiva para los clientes en el condado de Nassau, Long Island<\/strong><\/h1>\n<p><iframe src=\"https:\/\/www.youtube.com\/embed\/6PJCXsemiqA\" width=\"587\" height=\"330\" frameborder=\"0\" allowfullscreen=\"allowfullscreen\"><\/iframe><\/p>\n<p><span style=\"font-weight: 400;\">Se han establecido varias leyes para mantener el orden en Nueva York. Una de estas leyes convierte la conducta inapropiada en un delito ilegal. La conducta inapropiada est\u00e1 prohibida para garantizar que la gente pueda disfrutar de los lugares p\u00fablicos sin ser molestada o temer por su seguridad.<\/span><\/p>\n<p><span style=\"font-weight: 400;\">Mucha gente piensa que la conducta inapropiada es una ofensa menor, por lo que asumen que no se enfrentar\u00e1n a penas graves si son condenados. Pero este no es el caso. Si usted ha sido acusado de conducta delictiva, busque la representaci\u00f3n legal del <a href=\"\/es\/\">abogado de defensa criminal Gianni Karmily<\/a> tan pronto como sea posible.<\/span><\/p>\n<h2><b>\u00bfQu\u00e9 es la conducta delictiva?<\/b><\/h2>\n<p><span style=\"font-weight: 400;\">Hay muchas actividades diferentes prohibidas que pueden ser consideradas como conducta delictiva en Nueva York. Algunas de estas actividades incluyen:<\/span><\/p>\n<ul>\n<li style=\"font-weight: 400;\" aria-level=\"1\"><span style=\"font-weight: 400;\">Peleas<\/span><\/li>\n<li style=\"font-weight: 400;\" aria-level=\"1\"><span style=\"font-weight: 400;\">Actuar con violencia<\/span><\/li>\n<li style=\"font-weight: 400;\" aria-level=\"1\"><span style=\"font-weight: 400;\">Hacer ruido excesivo<\/span><\/li>\n<li style=\"font-weight: 400;\" aria-level=\"1\"><span style=\"font-weight: 400;\">Hacer gestos o comentarios ofensivos en un lugar p\u00fablico<\/span><\/li>\n<li style=\"font-weight: 400;\" aria-level=\"1\"><span style=\"font-weight: 400;\">Interrumpir la reuni\u00f3n legal de otros<\/span><\/li>\n<li style=\"font-weight: 400;\" aria-level=\"1\"><span style=\"font-weight: 400;\">Obstaculizar el tr\u00e1fico<\/span><\/li>\n<li style=\"font-weight: 400;\" aria-level=\"1\"><span style=\"font-weight: 400;\">Reunirse en un lugar p\u00fablico con otras personas y negarse a abandonar el lugar cuando los agentes de la ley se lo indiquen<\/span><\/li>\n<li style=\"font-weight: 400;\" aria-level=\"1\"><span style=\"font-weight: 400;\">Crear un peligro que pueda perjudicar a otros<\/span><\/li>\n<\/ul>\n<p><span style=\"font-weight: 400;\">Todas estas actividades se consideran conducta delictiva si se cometen con la intenci\u00f3n de incomodar, alarmar o molestar a las personas. Este comportamiento tambi\u00e9n se considera conducta delictiva si crea un riesgo de incomodar, alarmar o molestar a las personas en lugares p\u00fablicos. Esto significa que puede enfrentarse a cargos de conducta delictiva incluso si no ten\u00eda intenci\u00f3n de molestar a las personas. Si crea el riesgo de perturbaci\u00f3n, puede enfrentarse a estos cargos independientemente de su intenci\u00f3n.<\/span><\/p>\n<h2><b>\u00bfEs la conducta delictiva un delito menor o un delito grave en Nueva York?<\/b><\/h2>\n<p><span style=\"font-weight: 400;\">En Nueva York, cada delito se clasifica como violaci\u00f3n, delito menor o delito grave. Una violaci\u00f3n es el tipo de delito menos grave, mientras que un delito grave es el m\u00e1s grave. La conducta delictiva es una violaci\u00f3n. Sin embargo, esto no significa que un cargo de conducta delictiva deba ser tomado a la ligera. A pesar de ser una violaci\u00f3n, una condena por conducta delictiva puede acarrear graves penas.<\/span><\/p>\n<h2><b>\u00bfSer\u00e1 usted arrestado por conducta inapropiada?<\/b><\/h2>\n<p><span style=\"font-weight: 400;\">Los agentes de la ley pueden detenerlo o no si se le acusa de participar en una situaci\u00f3n de conducta delictiva. Esto se debe a que esta es una infracci\u00f3n m\u00e1s que un delito menor o un delito grave. En la mayor\u00eda de los casos, el oficial simplemente emitir\u00e1 una multa que indica al infractor la fecha y la hora en que debe comparecer ante el tribunal para combatir los cargos.<\/span><\/p>\n<h2><b>\u00bfCu\u00e1les son las penas por conducta delictiva en Long Island?<\/b><\/h2>\n<p><span style=\"font-weight: 400;\">Si usted es condenado por conducta inapropiada, puede enfrentar hasta 15 d\u00edas de c\u00e1rcel. Sin embargo, esto no significa que definitivamente tendr\u00e1 que cumplir tiempo tras las rejas si es condenado. El tribunal puede imponer penas m\u00e1s leves, especialmente si es la primera vez que pasa por esta situaci\u00f3n.<\/span><\/p>\n<p><span style=\"font-weight: 400;\">Adem\u00e1s del posible tiempo en la c\u00e1rcel, los infractores por casos de conducta inapropiada tambi\u00e9n pueden enfrentar cientos de d\u00f3lares en multas. El tribunal tambi\u00e9n puede ordenar a los infractores de conducta inapropiada que completen un n\u00famero espec\u00edfico de horas de servicio comunitario como parte de su sentencia.<\/span><\/p>\n<p><span style=\"font-weight: 400;\">Estas sanciones pueden interferir con su vida personal y profesional, por lo que es muy importante luchar contra los cargos con la ayuda de un abogado h\u00e1bil en este tipo de casos.<\/span><\/p>\n<h2><b>\u00bfC\u00f3mo puede un abogado luchar contra los cargos de conducta delictiva?<\/b><\/h2>\n<p><span style=\"font-weight: 400;\">El abogado Gianni Karmily puede ayudarle a luchar contra los cargos para que pueda evitar las graves consecuencias de una condena. Hay una serie de defensas que se pueden utilizar para luchar contra estos cargos, incluyendo:<\/span><\/p>\n<ul>\n<li style=\"font-weight: 400;\" aria-level=\"1\"><span style=\"font-weight: 400;\">Argumentar que actu\u00f3 en defensa propia como v\u00edctima que no inici\u00f3 la pelea o los actos de violencia<\/span><\/li>\n<li style=\"font-weight: 400;\" aria-level=\"1\"><span style=\"font-weight: 400;\">Demostrar que no estaba en un lugar p\u00fablico en el momento de la infracci\u00f3n<\/span><\/li>\n<li style=\"font-weight: 400;\" aria-level=\"1\"><span style=\"font-weight: 400;\">Demostrar que el nivel de ruido hecho no era irrazonable dadas las circunstancias<\/span><\/li>\n<li style=\"font-weight: 400;\" aria-level=\"1\"><span style=\"font-weight: 400;\">Justificar su comportamiento demostrando que era necesario para proteger a otra persona<\/span><\/li>\n<li style=\"font-weight: 400;\" aria-level=\"1\"><span style=\"font-weight: 400;\">Demostrar que no viol\u00f3 la petici\u00f3n de un agente de la ley de dispersarse al reunirse con otras personas en un lugar p\u00fablico<\/span><\/li>\n<\/ul>\n<p><span style=\"font-weight: 400;\">Cada caso de conducta desordenada es \u00fanico, por lo que la estrategia de defensa m\u00e1s eficaz variar\u00e1 en funci\u00f3n de cada caso. Deje que Gianni Karmily revise su caso para determinar el mejor enfoque a utilizar para asegurar su libertad.<\/span><\/p>\n<h2><b>Agende una evaluaci\u00f3n del caso con nuestro abogado h\u00e1bil en casos de conducta delictiva de Long Island ahora<\/b><\/h2>\n<p><span style=\"font-weight: 400;\">\u00bfHa sido acusado de conducta delictiva? No tome este cargo a la ligera. Defi\u00e9ndase con la ayuda del experimentado abogado Gianni Karmily. Deje que el equipo del despacho de abogados de Gianni Karmily, PLLC trabajar incansablemente para alcanzar el mejor resultado posible en su caso. Para programar una evaluaci\u00f3n confidencial de su caso con el Bufete de Abogados de Gianni Karmily, PLLC, llame a nuestra oficina de Great Neck al <a href=\"tel:5166303405\">(516) 630-3405<\/a> o a nuestra oficina de Hempstead al <a href=\"tel:5166144228\">(516) 614-4228<\/a>.<\/span><\/p>\n<p>&nbsp;<\/p>\n","protected":false},"excerpt":{"rendered":"<p>Abogado que lucha contra los cargos de conducta delictiva para los clientes en el condado de Nassau, Long Island Se han establecido varias leyes para mantener el orden en Nueva York. Una de estas leyes convierte la conducta inapropiada en un delito ilegal. La conducta inapropiada est\u00e1 prohibida para garantizar que la gente pueda disfrutar [&hellip;]<\/p>\n","protected":false},"author":3,"featured_media":0,"parent":0,"menu_order":0,"comment_status":"closed","ping_status":"closed","template":"","meta":{"_genesis_hide_title":false,"_genesis_hide_breadcrumbs":false,"_genesis_hide_singular_image":false,"_genesis_hide_footer_widgets":false,"_genesis_custom_body_class":"inner-page","_genesis_custom_post_class":"","_genesis_layout":"","footnotes":""},"class_list":{"0":"post-9016","1":"page","2":"type-page","3":"status-publish","5":"entry"},"yoast_head":"<!-- This site is optimized with the Yoast SEO plugin v27.3 - https:\/\/yoast.com\/product\/yoast-seo-wordpress\/ -->\n<title>Long Island Abogado de Conducta Desordenada | Condado de Nassau | Bufete de Abogados de Gianni Karmily, PLLC<\/title>\n<meta name=\"description\" content=\"Deje que el abogado h\u00e1bil en casos de conducta delictiva ubicado en Long Island, Gianni Karmily, proteja sus derechos y luche por su libertad. Llame ahora para programar una evaluaci\u00f3n de su caso.\" \/>\n<meta name=\"robots\" content=\"index, follow, max-snippet:-1, max-image-preview:large, max-video-preview:-1\" \/>\n<link rel=\"canonical\" href=\"https:\/\/giannicriminallaw.com\/es\/conducta-desordenada\/\" \/>\n<meta property=\"og:locale\" content=\"es_ES\" \/>\n<meta property=\"og:type\" content=\"article\" \/>\n<meta property=\"og:title\" content=\"Long Island Abogado de Conducta Desordenada | Condado de Nassau | Bufete de Abogados de Gianni Karmily, PLLC\" \/>\n<meta property=\"og:description\" content=\"Deje que el abogado h\u00e1bil en casos de conducta delictiva ubicado en Long Island, Gianni Karmily, proteja sus derechos y luche por su libertad. Llame ahora para programar una evaluaci\u00f3n de su caso.\" \/>\n<meta property=\"og:url\" content=\"https:\/\/giannicriminallaw.com\/es\/conducta-desordenada\/\" \/>\n<meta property=\"og:site_name\" content=\"Law Firm of Gianni Karmily PLLC\" \/>\n<meta property=\"article:publisher\" content=\"https:\/\/www.facebook.com\/Law-Firm-of-Gianni-Karmily-PLLC-111458240497656\/\" \/>\n<meta property=\"article:modified_time\" content=\"2025-01-31T17:56:24+00:00\" \/>\n<meta name=\"twitter:card\" content=\"summary_large_image\" \/>\n<meta name=\"twitter:site\" content=\"@LawGianni\" \/>\n<meta name=\"twitter:label1\" content=\"Tiempo de lectura\" \/>\n\t<meta name=\"twitter:data1\" content=\"4 minutos\" \/>\n<script type=\"application\/ld+json\" class=\"yoast-schema-graph\">{\"@context\":\"https:\\\/\\\/schema.org\",\"@graph\":[{\"@type\":\"WebPage\",\"@id\":\"https:\\\/\\\/giannicriminallaw.com\\\/es\\\/conducta-desordenada\\\/\",\"url\":\"https:\\\/\\\/giannicriminallaw.com\\\/es\\\/conducta-desordenada\\\/\",\"name\":\"Long Island Abogado de Conducta Desordenada | Condado de Nassau | Bufete de Abogados de Gianni Karmily, PLLC\",\"isPartOf\":{\"@id\":\"https:\\\/\\\/giannicriminallaw.com\\\/#website\"},\"datePublished\":\"2020-02-27T10:01:20+00:00\",\"dateModified\":\"2025-01-31T17:56:24+00:00\",\"description\":\"Deje que el abogado h\u00e1bil en casos de conducta delictiva ubicado en Long Island, Gianni Karmily, proteja sus derechos y luche por su libertad. Llame ahora para programar una evaluaci\u00f3n de su caso.\",\"breadcrumb\":{\"@id\":\"https:\\\/\\\/giannicriminallaw.com\\\/es\\\/conducta-desordenada\\\/#breadcrumb\"},\"inLanguage\":\"es\",\"potentialAction\":[{\"@type\":\"ReadAction\",\"target\":[\"https:\\\/\\\/giannicriminallaw.com\\\/es\\\/conducta-desordenada\\\/\"]}]},{\"@type\":\"BreadcrumbList\",\"@id\":\"https:\\\/\\\/giannicriminallaw.com\\\/es\\\/conducta-desordenada\\\/#breadcrumb\",\"itemListElement\":[{\"@type\":\"ListItem\",\"position\":1,\"name\":\"Home\",\"item\":\"https:\\\/\\\/giannicriminallaw.com\\\/es\\\/\"},{\"@type\":\"ListItem\",\"position\":2,\"name\":\"Conducta desordenada\"}]},{\"@type\":\"WebSite\",\"@id\":\"https:\\\/\\\/giannicriminallaw.com\\\/#website\",\"url\":\"https:\\\/\\\/giannicriminallaw.com\\\/\",\"name\":\"Law Firm of Gianni Karmily PLLC\",\"description\":\"\",\"publisher\":{\"@id\":\"https:\\\/\\\/giannicriminallaw.com\\\/#organization\"},\"potentialAction\":[{\"@type\":\"SearchAction\",\"target\":{\"@type\":\"EntryPoint\",\"urlTemplate\":\"https:\\\/\\\/giannicriminallaw.com\\\/?s={search_term_string}\"},\"query-input\":{\"@type\":\"PropertyValueSpecification\",\"valueRequired\":true,\"valueName\":\"search_term_string\"}}],\"inLanguage\":\"es\"},{\"@type\":\"Organization\",\"@id\":\"https:\\\/\\\/giannicriminallaw.com\\\/#organization\",\"name\":\"Law Firm of Gianni Karmily PLLC\",\"url\":\"https:\\\/\\\/giannicriminallaw.com\\\/\",\"logo\":{\"@type\":\"ImageObject\",\"inLanguage\":\"es\",\"@id\":\"https:\\\/\\\/giannicriminallaw.com\\\/#\\\/schema\\\/logo\\\/image\\\/\",\"url\":\"https:\\\/\\\/giannicriminallaw.com\\\/wp-content\\\/uploads\\\/2021\\\/03\\\/cropped-favicon.png\",\"contentUrl\":\"https:\\\/\\\/giannicriminallaw.com\\\/wp-content\\\/uploads\\\/2021\\\/03\\\/cropped-favicon.png\",\"width\":512,\"height\":512,\"caption\":\"Law Firm of Gianni Karmily PLLC\"},\"image\":{\"@id\":\"https:\\\/\\\/giannicriminallaw.com\\\/#\\\/schema\\\/logo\\\/image\\\/\"},\"sameAs\":[\"https:\\\/\\\/www.facebook.com\\\/Law-Firm-of-Gianni-Karmily-PLLC-111458240497656\\\/\",\"https:\\\/\\\/x.com\\\/LawGianni\"]}]}<\/script>\n<!-- \/ Yoast SEO plugin. -->","yoast_head_json":{"title":"Long Island Abogado de Conducta Desordenada | Condado de Nassau | Bufete de Abogados de Gianni Karmily, PLLC","description":"Deje que el abogado h\u00e1bil en casos de conducta delictiva ubicado en Long Island, Gianni Karmily, proteja sus derechos y luche por su libertad. Llame ahora para programar una evaluaci\u00f3n de su caso.","robots":{"index":"index","follow":"follow","max-snippet":"max-snippet:-1","max-image-preview":"max-image-preview:large","max-video-preview":"max-video-preview:-1"},"canonical":"https:\/\/giannicriminallaw.com\/es\/conducta-desordenada\/","og_locale":"es_ES","og_type":"article","og_title":"Long Island Abogado de Conducta Desordenada | Condado de Nassau | Bufete de Abogados de Gianni Karmily, PLLC","og_description":"Deje que el abogado h\u00e1bil en casos de conducta delictiva ubicado en Long Island, Gianni Karmily, proteja sus derechos y luche por su libertad. Llame ahora para programar una evaluaci\u00f3n de su caso.","og_url":"https:\/\/giannicriminallaw.com\/es\/conducta-desordenada\/","og_site_name":"Law Firm of Gianni Karmily PLLC","article_publisher":"https:\/\/www.facebook.com\/Law-Firm-of-Gianni-Karmily-PLLC-111458240497656\/","article_modified_time":"2025-01-31T17:56:24+00:00","twitter_card":"summary_large_image","twitter_site":"@LawGianni","twitter_misc":{"Tiempo de lectura":"4 minutos"},"schema":{"@context":"https:\/\/schema.org","@graph":[{"@type":"WebPage","@id":"https:\/\/giannicriminallaw.com\/es\/conducta-desordenada\/","url":"https:\/\/giannicriminallaw.com\/es\/conducta-desordenada\/","name":"Long Island Abogado de Conducta Desordenada | Condado de Nassau | Bufete de Abogados de Gianni Karmily, PLLC","isPartOf":{"@id":"https:\/\/giannicriminallaw.com\/#website"},"datePublished":"2020-02-27T10:01:20+00:00","dateModified":"2025-01-31T17:56:24+00:00","description":"Deje que el abogado h\u00e1bil en casos de conducta delictiva ubicado en Long Island, Gianni Karmily, proteja sus derechos y luche por su libertad. Llame ahora para programar una evaluaci\u00f3n de su caso.","breadcrumb":{"@id":"https:\/\/giannicriminallaw.com\/es\/conducta-desordenada\/#breadcrumb"},"inLanguage":"es","potentialAction":[{"@type":"ReadAction","target":["https:\/\/giannicriminallaw.com\/es\/conducta-desordenada\/"]}]},{"@type":"BreadcrumbList","@id":"https:\/\/giannicriminallaw.com\/es\/conducta-desordenada\/#breadcrumb","itemListElement":[{"@type":"ListItem","position":1,"name":"Home","item":"https:\/\/giannicriminallaw.com\/es\/"},{"@type":"ListItem","position":2,"name":"Conducta desordenada"}]},{"@type":"WebSite","@id":"https:\/\/giannicriminallaw.com\/#website","url":"https:\/\/giannicriminallaw.com\/","name":"Law Firm of Gianni Karmily PLLC","description":"","publisher":{"@id":"https:\/\/giannicriminallaw.com\/#organization"},"potentialAction":[{"@type":"SearchAction","target":{"@type":"EntryPoint","urlTemplate":"https:\/\/giannicriminallaw.com\/?s={search_term_string}"},"query-input":{"@type":"PropertyValueSpecification","valueRequired":true,"valueName":"search_term_string"}}],"inLanguage":"es"},{"@type":"Organization","@id":"https:\/\/giannicriminallaw.com\/#organization","name":"Law Firm of Gianni Karmily PLLC","url":"https:\/\/giannicriminallaw.com\/","logo":{"@type":"ImageObject","inLanguage":"es","@id":"https:\/\/giannicriminallaw.com\/#\/schema\/logo\/image\/","url":"https:\/\/giannicriminallaw.com\/wp-content\/uploads\/2021\/03\/cropped-favicon.png","contentUrl":"https:\/\/giannicriminallaw.com\/wp-content\/uploads\/2021\/03\/cropped-favicon.png","width":512,"height":512,"caption":"Law Firm of Gianni Karmily PLLC"},"image":{"@id":"https:\/\/giannicriminallaw.com\/#\/schema\/logo\/image\/"},"sameAs":["https:\/\/www.facebook.com\/Law-Firm-of-Gianni-Karmily-PLLC-111458240497656\/","https:\/\/x.com\/LawGianni"]}]}},"_links":{"self":[{"href":"https:\/\/giannicriminallaw.com\/es\/wp-json\/wp\/v2\/pages\/9016","targetHints":{"allow":["GET"]}}],"collection":[{"href":"https:\/\/giannicriminallaw.com\/es\/wp-json\/wp\/v2\/pages"}],"about":[{"href":"https:\/\/giannicriminallaw.com\/es\/wp-json\/wp\/v2\/types\/page"}],"author":[{"embeddable":true,"href":"https:\/\/giannicriminallaw.com\/es\/wp-json\/wp\/v2\/users\/3"}],"replies":[{"embeddable":true,"href":"https:\/\/giannicriminallaw.com\/es\/wp-json\/wp\/v2\/comments?post=9016"}],"version-history":[{"count":0,"href":"https:\/\/giannicriminallaw.com\/es\/wp-json\/wp\/v2\/pages\/9016\/revisions"}],"wp:attachment":[{"href":"https:\/\/giannicriminallaw.com\/es\/wp-json\/wp\/v2\/media?parent=9016"}],"curies":[{"name":"wp","href":"https:\/\/api.w.org\/{rel}","templated":true}]}}