{"id":9015,"date":"2020-02-27T09:59:13","date_gmt":"2020-02-27T09:59:13","guid":{"rendered":"https:\/\/giannikarmily.wpenginepowered.com\/desacato-penal\/"},"modified":"2025-01-30T16:28:02","modified_gmt":"2025-01-30T16:28:02","slug":"desacato-penal","status":"publish","type":"page","link":"https:\/\/giannicriminallaw.com\/es\/desacato-penal\/","title":{"rendered":"Desacato Penal"},"content":{"rendered":"<h1><strong>Abogado que defiende a sus clientes contra los cargos de desacato en el condado de Nassau<\/strong><\/h1>\n<p><iframe src=\"https:\/\/www.youtube.com\/embed\/6PJCXsemiqA\" width=\"587\" height=\"330\" frameborder=\"0\" allowfullscreen=\"allowfullscreen\"><\/iframe><span style=\"font-weight: 400;\">Mostrar desacato a los tribunales en Nueva York no es s\u00f3lo una falta de respeto y algo inapropiado, tambi\u00e9n es ilegal. El desacato penal es un delito grave que conlleva penas significativas. Si usted es acusado de desacato penal, no dude en ponerse en contacto con el experimentado abogado de defensa penal <a href=\"\/es\/sobre\/\">Gianni Karmily<\/a>.<\/span><\/p>\n<h2><b>\u00bfQu\u00e9 es el desacato penal?<\/b><\/h2>\n<p><span style=\"font-weight: 400;\">Hay dos grados de desacato penal en el condado de Nassau. El desacato penal de segundo grado ocurre cuando alguien participa en actos espec\u00edficos que se consideran desobedientes o irrespetuosos con el tribunal. Algunos ejemplos de estos actos incluyen:<\/span><\/p>\n<ul>\n<li style=\"font-weight: 400;\" aria-level=\"1\"><span style=\"font-weight: 400;\">Conducta inapropiada que interrumpe los procedimientos del tribunal<\/span><\/li>\n<li style=\"font-weight: 400;\" aria-level=\"1\"><span style=\"font-weight: 400;\">Crear un disturbio que interrumpa los procedimientos del tribunal<\/span><\/li>\n<li style=\"font-weight: 400;\" aria-level=\"1\"><span style=\"font-weight: 400;\">Negarse a obedecer una orden judicial o un proceso judicial<\/span><\/li>\n<li style=\"font-weight: 400;\" aria-level=\"1\"><span style=\"font-weight: 400;\">Negarse a prestar juramento como testigo en cualquier procedimiento judicial o negarse a responder a las preguntas despu\u00e9s de haber prestado juramento como testigo<\/span><\/li>\n<li style=\"font-weight: 400;\" aria-level=\"1\"><span style=\"font-weight: 400;\">Publicar informaci\u00f3n falsa sobre los detalles de un procedimiento judicial<\/span><\/li>\n<\/ul>\n<p><span style=\"font-weight: 400;\">El desacato penal de segundo grado es un delito menor de clase A.<\/span><\/p>\n<p><span style=\"font-weight: 400;\">El desacato penal de primer grado puede ocurrir cuando alguien se involucra en ciertos actos, incluyendo el negarse a prestar juramento como testigo ante un gran jurado o negarse a contestar preguntas despu\u00e9s de haber prestado juramento. Pero muchos casos de desacato penal de primer grado implican la violaci\u00f3n de una orden de protecci\u00f3n. Usted puede enfrentar cargos de desacato penal de primer grado si viola una orden de protecci\u00f3n al:<\/span><\/p>\n<ul>\n<li style=\"font-weight: 400;\" aria-level=\"1\"><span style=\"font-weight: 400;\">Mostrar un arma letal a la persona que estaba protegida por la orden judicial<\/span><\/li>\n<li style=\"font-weight: 400;\" aria-level=\"1\"><span style=\"font-weight: 400;\">Seguir a la persona<\/span><\/li>\n<li style=\"font-weight: 400;\" aria-level=\"1\"><span style=\"font-weight: 400;\">Comunicarse con la persona<\/span><\/li>\n<li style=\"font-weight: 400;\" aria-level=\"1\"><span style=\"font-weight: 400;\">Llamar repetidamente a la persona<\/span><\/li>\n<li style=\"font-weight: 400;\" aria-level=\"1\"><span style=\"font-weight: 400;\">Hacer o intentar hacer contacto f\u00edsico con la persona<\/span><\/li>\n<li style=\"font-weight: 400;\" aria-level=\"1\"><span style=\"font-weight: 400;\">Poner a la persona en peligro de muerte o de sufrir lesiones graves<\/span><\/li>\n<li style=\"font-weight: 400;\" aria-level=\"1\"><span style=\"font-weight: 400;\">Da\u00f1ar los bienes de la persona<\/span><\/li>\n<\/ul>\n<p><span style=\"font-weight: 400;\">Este delito es m\u00e1s grave que el desacato de segundo grado, por lo que se clasifica como un delito de clase E.<\/span><\/p>\n<h2><b>\u00bfQu\u00e9 es el desacato penal agravado?<\/b><\/h2>\n<p><span style=\"font-weight: 400;\">El desacato penal de primer y segundo grado no son los \u00fanicos delitos de desacato en Nueva York. El estado tambi\u00e9n reconoce el desacato penal agravado. Este delito ocurre cuando alguien viola una orden de protecci\u00f3n lesionando a la persona que estaba protegida por la orden judicial.<\/span><\/p>\n<p><span style=\"font-weight: 400;\">Tambi\u00e9n puede enfrentarse a cargos de desacato penal agravado si es reincidente. Si usted comete desacato penal de primer grado, sus cargos pueden ser aumentados a desacato penal agravado si usted ya tiene una condena por desacato penal agravado o por desacato penal de primer grado en su expediente.<\/span><\/p>\n<p><span style=\"font-weight: 400;\">Este es el delito de desacato penal m\u00e1s grave, por lo que es un delito grave de clase D.<\/span><\/p>\n<h2><b>\u00bfCu\u00e1les son los ejemplos de desacato penal?<\/b><\/h2>\n<p><span style=\"font-weight: 400;\">Muchos casos de desacato penal est\u00e1n relacionados con violaciones de \u00f3rdenes de protecci\u00f3n. Una orden de protecci\u00f3n es un mandato judicial que suele emitirse en casos de violencia dom\u00e9stica. Este mandato ordena al presunto agresor mantenerse alejado y evitar todo contacto con la v\u00edctima. Si se ha emitido una orden de protecci\u00f3n contra usted, es importante que cumpla con sus t\u00e9rminos. Si no lo hace, podr\u00eda ser acusado de desacato.<\/span><\/p>\n<p><span style=\"font-weight: 400;\">Por ejemplo, la orden de protecci\u00f3n puede exigirle que se mantenga alejado del hogar y del lugar de trabajo de la v\u00edctima. Si se presenta en el lugar de trabajo de la v\u00edctima, est\u00e1 violando esta orden judicial y podr\u00eda enfrentarse a cargos por desacato.<\/span><\/p>\n<h2><b>\u00bfCu\u00e1les son las penas por desacato en Long Island?<\/b><\/h2>\n<p><span style=\"font-weight: 400;\">Las penas por este delito var\u00edan dependiendo del nivel de la infracci\u00f3n. El desacato penal de segundo grado es un delito menor que se castiga con hasta un a\u00f1o de c\u00e1rcel o tres a\u00f1os de libertad condicional. Tambi\u00e9n se le puede ordenar el pago de multas de hasta $1,000. Si se le acusa de desacato penal de primer grado, podr\u00eda enfrentarse a un m\u00e1ximo de cuatro a\u00f1os de prisi\u00f3n, adem\u00e1s de $5,000 d\u00f3lares de multa. Usted puede enfrentar esta multa, as\u00ed como hasta siete a\u00f1os de prisi\u00f3n si es condenado por desacato criminal agravado, que es un delito grave de clase D.<\/span><\/p>\n<p><span style=\"font-weight: 400;\">Una condena por desacato penal -independientemente del nivel de la infracci\u00f3n- puede perseguirlo mucho despu\u00e9s de que haya cumplido su sentencia. Por esta raz\u00f3n, debe preocuparse por luchar contra los cargos con la ayuda del abogado h\u00e1bil en desacato como Gianni Karmily.<\/span><\/p>\n<h2><b>Agende una evaluaci\u00f3n del caso con nuestro abogado de desacato penal en Long Island hoy mismo<\/b><\/h2>\n<p><span style=\"font-weight: 400;\">\u00bfHa sido acusado de desacato penal? No deje que una condena por desacato penal destruya su vida. Luche contra estos cargos con la ayuda del experimentado abogado de desacato penal Gianni Karmily. Gianni se compromete a proteger sus derechos y a trabajar incansablemente para alcanzar el mejor resultado posible en su caso. Para programar una evaluaci\u00f3n confidencial de su caso con el Bufete de Abogados de Gianni Karmily, PLLC, llame a nuestra oficina de Great Neck al <a href=\"tel:5166303405\" target=\"_blank\" rel=\"noopener noreferrer\">(516) 630-3405<\/a> o a nuestra oficina de Hempstead al <a href=\"tel:5166144228\" target=\"_blank\" rel=\"noopener noreferrer\">(516) 614-4228<\/a>.<\/span><\/p>\n","protected":false},"excerpt":{"rendered":"<p>Abogado que defiende a sus clientes contra los cargos de desacato en el condado de Nassau Mostrar desacato a los tribunales en Nueva York no es s\u00f3lo una falta de respeto y algo inapropiado, tambi\u00e9n es ilegal. El desacato penal es un delito grave que conlleva penas significativas. Si usted es acusado de desacato penal, [&hellip;]<\/p>\n","protected":false},"author":3,"featured_media":0,"parent":0,"menu_order":0,"comment_status":"closed","ping_status":"closed","template":"","meta":{"_genesis_hide_title":false,"_genesis_hide_breadcrumbs":false,"_genesis_hide_singular_image":false,"_genesis_hide_footer_widgets":false,"_genesis_custom_body_class":"inner-page","_genesis_custom_post_class":"","_genesis_layout":"","footnotes":""},"class_list":{"0":"post-9015","1":"page","2":"type-page","3":"status-publish","5":"entry"},"yoast_head":"<!-- This site is optimized with the Yoast SEO plugin v27.4 - https:\/\/yoast.com\/product\/yoast-seo-wordpress\/ -->\n<title>Long Island Abogado de Desacato Penal | Condado de Nassau | Bufete de Abogados de Gianni Karmily, PLLC<\/title>\n<meta name=\"description\" content=\"\u00bfHa sido usted acusado de mostrar desacato al tribunal? Si es as\u00ed, p\u00f3ngase en contacto con el abogado penal h\u00e1bil en este tipo de casos que se encuentra en Long Island Gianni Karmily lo antes posible.\" \/>\n<meta name=\"robots\" content=\"index, follow, max-snippet:-1, max-image-preview:large, max-video-preview:-1\" \/>\n<link rel=\"canonical\" href=\"https:\/\/giannicriminallaw.com\/es\/desacato-penal\/\" \/>\n<meta property=\"og:locale\" content=\"es_ES\" \/>\n<meta property=\"og:type\" content=\"article\" \/>\n<meta property=\"og:title\" content=\"Long Island Abogado de Desacato Penal | Condado de Nassau | Bufete de Abogados de Gianni Karmily, PLLC\" \/>\n<meta property=\"og:description\" content=\"\u00bfHa sido usted acusado de mostrar desacato al tribunal? Si es as\u00ed, p\u00f3ngase en contacto con el abogado penal h\u00e1bil en este tipo de casos que se encuentra en Long Island Gianni Karmily lo antes posible.\" \/>\n<meta property=\"og:url\" content=\"https:\/\/giannicriminallaw.com\/es\/desacato-penal\/\" \/>\n<meta property=\"og:site_name\" content=\"Law Firm of Gianni Karmily PLLC\" \/>\n<meta property=\"article:publisher\" content=\"https:\/\/www.facebook.com\/Law-Firm-of-Gianni-Karmily-PLLC-111458240497656\/\" \/>\n<meta property=\"article:modified_time\" content=\"2025-01-30T16:28:02+00:00\" \/>\n<meta name=\"twitter:card\" content=\"summary_large_image\" \/>\n<meta name=\"twitter:site\" content=\"@LawGianni\" \/>\n<meta name=\"twitter:label1\" content=\"Tiempo de lectura\" \/>\n\t<meta name=\"twitter:data1\" content=\"4 minutos\" \/>\n<script type=\"application\/ld+json\" class=\"yoast-schema-graph\">{\"@context\":\"https:\\\/\\\/schema.org\",\"@graph\":[{\"@type\":\"WebPage\",\"@id\":\"https:\\\/\\\/giannicriminallaw.com\\\/es\\\/desacato-penal\\\/\",\"url\":\"https:\\\/\\\/giannicriminallaw.com\\\/es\\\/desacato-penal\\\/\",\"name\":\"Long Island Abogado de Desacato Penal | Condado de Nassau | Bufete de Abogados de Gianni Karmily, PLLC\",\"isPartOf\":{\"@id\":\"https:\\\/\\\/giannicriminallaw.com\\\/#website\"},\"datePublished\":\"2020-02-27T09:59:13+00:00\",\"dateModified\":\"2025-01-30T16:28:02+00:00\",\"description\":\"\u00bfHa sido usted acusado de mostrar desacato al tribunal? Si es as\u00ed, p\u00f3ngase en contacto con el abogado penal h\u00e1bil en este tipo de casos que se encuentra en Long Island Gianni Karmily lo antes posible.\",\"breadcrumb\":{\"@id\":\"https:\\\/\\\/giannicriminallaw.com\\\/es\\\/desacato-penal\\\/#breadcrumb\"},\"inLanguage\":\"es\",\"potentialAction\":[{\"@type\":\"ReadAction\",\"target\":[\"https:\\\/\\\/giannicriminallaw.com\\\/es\\\/desacato-penal\\\/\"]}]},{\"@type\":\"BreadcrumbList\",\"@id\":\"https:\\\/\\\/giannicriminallaw.com\\\/es\\\/desacato-penal\\\/#breadcrumb\",\"itemListElement\":[{\"@type\":\"ListItem\",\"position\":1,\"name\":\"Home\",\"item\":\"https:\\\/\\\/giannicriminallaw.com\\\/es\\\/\"},{\"@type\":\"ListItem\",\"position\":2,\"name\":\"Desacato Penal\"}]},{\"@type\":\"WebSite\",\"@id\":\"https:\\\/\\\/giannicriminallaw.com\\\/#website\",\"url\":\"https:\\\/\\\/giannicriminallaw.com\\\/\",\"name\":\"Law Firm of Gianni Karmily PLLC\",\"description\":\"\",\"publisher\":{\"@id\":\"https:\\\/\\\/giannicriminallaw.com\\\/#organization\"},\"potentialAction\":[{\"@type\":\"SearchAction\",\"target\":{\"@type\":\"EntryPoint\",\"urlTemplate\":\"https:\\\/\\\/giannicriminallaw.com\\\/?s={search_term_string}\"},\"query-input\":{\"@type\":\"PropertyValueSpecification\",\"valueRequired\":true,\"valueName\":\"search_term_string\"}}],\"inLanguage\":\"es\"},{\"@type\":\"Organization\",\"@id\":\"https:\\\/\\\/giannicriminallaw.com\\\/#organization\",\"name\":\"Law Firm of Gianni Karmily PLLC\",\"url\":\"https:\\\/\\\/giannicriminallaw.com\\\/\",\"logo\":{\"@type\":\"ImageObject\",\"inLanguage\":\"es\",\"@id\":\"https:\\\/\\\/giannicriminallaw.com\\\/#\\\/schema\\\/logo\\\/image\\\/\",\"url\":\"https:\\\/\\\/giannicriminallaw.com\\\/wp-content\\\/uploads\\\/2021\\\/03\\\/cropped-favicon.png\",\"contentUrl\":\"https:\\\/\\\/giannicriminallaw.com\\\/wp-content\\\/uploads\\\/2021\\\/03\\\/cropped-favicon.png\",\"width\":512,\"height\":512,\"caption\":\"Law Firm of Gianni Karmily PLLC\"},\"image\":{\"@id\":\"https:\\\/\\\/giannicriminallaw.com\\\/#\\\/schema\\\/logo\\\/image\\\/\"},\"sameAs\":[\"https:\\\/\\\/www.facebook.com\\\/Law-Firm-of-Gianni-Karmily-PLLC-111458240497656\\\/\",\"https:\\\/\\\/x.com\\\/LawGianni\"]}]}<\/script>\n<!-- \/ Yoast SEO plugin. -->","yoast_head_json":{"title":"Long Island Abogado de Desacato Penal | Condado de Nassau | Bufete de Abogados de Gianni Karmily, PLLC","description":"\u00bfHa sido usted acusado de mostrar desacato al tribunal? Si es as\u00ed, p\u00f3ngase en contacto con el abogado penal h\u00e1bil en este tipo de casos que se encuentra en Long Island Gianni Karmily lo antes posible.","robots":{"index":"index","follow":"follow","max-snippet":"max-snippet:-1","max-image-preview":"max-image-preview:large","max-video-preview":"max-video-preview:-1"},"canonical":"https:\/\/giannicriminallaw.com\/es\/desacato-penal\/","og_locale":"es_ES","og_type":"article","og_title":"Long Island Abogado de Desacato Penal | Condado de Nassau | Bufete de Abogados de Gianni Karmily, PLLC","og_description":"\u00bfHa sido usted acusado de mostrar desacato al tribunal? Si es as\u00ed, p\u00f3ngase en contacto con el abogado penal h\u00e1bil en este tipo de casos que se encuentra en Long Island Gianni Karmily lo antes posible.","og_url":"https:\/\/giannicriminallaw.com\/es\/desacato-penal\/","og_site_name":"Law Firm of Gianni Karmily PLLC","article_publisher":"https:\/\/www.facebook.com\/Law-Firm-of-Gianni-Karmily-PLLC-111458240497656\/","article_modified_time":"2025-01-30T16:28:02+00:00","twitter_card":"summary_large_image","twitter_site":"@LawGianni","twitter_misc":{"Tiempo de lectura":"4 minutos"},"schema":{"@context":"https:\/\/schema.org","@graph":[{"@type":"WebPage","@id":"https:\/\/giannicriminallaw.com\/es\/desacato-penal\/","url":"https:\/\/giannicriminallaw.com\/es\/desacato-penal\/","name":"Long Island Abogado de Desacato Penal | Condado de Nassau | Bufete de Abogados de Gianni Karmily, PLLC","isPartOf":{"@id":"https:\/\/giannicriminallaw.com\/#website"},"datePublished":"2020-02-27T09:59:13+00:00","dateModified":"2025-01-30T16:28:02+00:00","description":"\u00bfHa sido usted acusado de mostrar desacato al tribunal? Si es as\u00ed, p\u00f3ngase en contacto con el abogado penal h\u00e1bil en este tipo de casos que se encuentra en Long Island Gianni Karmily lo antes posible.","breadcrumb":{"@id":"https:\/\/giannicriminallaw.com\/es\/desacato-penal\/#breadcrumb"},"inLanguage":"es","potentialAction":[{"@type":"ReadAction","target":["https:\/\/giannicriminallaw.com\/es\/desacato-penal\/"]}]},{"@type":"BreadcrumbList","@id":"https:\/\/giannicriminallaw.com\/es\/desacato-penal\/#breadcrumb","itemListElement":[{"@type":"ListItem","position":1,"name":"Home","item":"https:\/\/giannicriminallaw.com\/es\/"},{"@type":"ListItem","position":2,"name":"Desacato Penal"}]},{"@type":"WebSite","@id":"https:\/\/giannicriminallaw.com\/#website","url":"https:\/\/giannicriminallaw.com\/","name":"Law Firm of Gianni Karmily PLLC","description":"","publisher":{"@id":"https:\/\/giannicriminallaw.com\/#organization"},"potentialAction":[{"@type":"SearchAction","target":{"@type":"EntryPoint","urlTemplate":"https:\/\/giannicriminallaw.com\/?s={search_term_string}"},"query-input":{"@type":"PropertyValueSpecification","valueRequired":true,"valueName":"search_term_string"}}],"inLanguage":"es"},{"@type":"Organization","@id":"https:\/\/giannicriminallaw.com\/#organization","name":"Law Firm of Gianni Karmily PLLC","url":"https:\/\/giannicriminallaw.com\/","logo":{"@type":"ImageObject","inLanguage":"es","@id":"https:\/\/giannicriminallaw.com\/#\/schema\/logo\/image\/","url":"https:\/\/giannicriminallaw.com\/wp-content\/uploads\/2021\/03\/cropped-favicon.png","contentUrl":"https:\/\/giannicriminallaw.com\/wp-content\/uploads\/2021\/03\/cropped-favicon.png","width":512,"height":512,"caption":"Law Firm of Gianni Karmily PLLC"},"image":{"@id":"https:\/\/giannicriminallaw.com\/#\/schema\/logo\/image\/"},"sameAs":["https:\/\/www.facebook.com\/Law-Firm-of-Gianni-Karmily-PLLC-111458240497656\/","https:\/\/x.com\/LawGianni"]}]}},"_links":{"self":[{"href":"https:\/\/giannicriminallaw.com\/es\/wp-json\/wp\/v2\/pages\/9015","targetHints":{"allow":["GET"]}}],"collection":[{"href":"https:\/\/giannicriminallaw.com\/es\/wp-json\/wp\/v2\/pages"}],"about":[{"href":"https:\/\/giannicriminallaw.com\/es\/wp-json\/wp\/v2\/types\/page"}],"author":[{"embeddable":true,"href":"https:\/\/giannicriminallaw.com\/es\/wp-json\/wp\/v2\/users\/3"}],"replies":[{"embeddable":true,"href":"https:\/\/giannicriminallaw.com\/es\/wp-json\/wp\/v2\/comments?post=9015"}],"version-history":[{"count":0,"href":"https:\/\/giannicriminallaw.com\/es\/wp-json\/wp\/v2\/pages\/9015\/revisions"}],"wp:attachment":[{"href":"https:\/\/giannicriminallaw.com\/es\/wp-json\/wp\/v2\/media?parent=9015"}],"curies":[{"name":"wp","href":"https:\/\/api.w.org\/{rel}","templated":true}]}}