{"id":9014,"date":"2020-02-27T09:53:38","date_gmt":"2020-02-27T09:53:38","guid":{"rendered":"https:\/\/giannikarmily.wpenginepowered.com\/robo\/"},"modified":"2025-01-30T16:29:06","modified_gmt":"2025-01-30T16:29:06","slug":"robo","status":"publish","type":"page","link":"https:\/\/giannicriminallaw.com\/es\/robo\/","title":{"rendered":"Robo"},"content":{"rendered":"<h1><strong>Abogado de defensa de Long Island ayudando a clientes a combatir cargos por robo a lo largo de Nassau<\/strong><\/h1>\n<p><iframe src=\"https:\/\/www.youtube.com\/embed\/6PJCXsemiqA\" width=\"587\" height=\"330\" frameborder=\"0\" allowfullscreen=\"allowfullscreen\"><\/iframe><span style=\"font-weight: 400;\">Las autoridades de Long Island se toman muy en serio los delitos de robo. Estos delitos son procesados agresivamente, y si lo condenan, el tribunal puede imponerle duras penas. La \u00fanica manera de minimizar o evitar las sanciones asociadas con una condena es combatiendo sus cargos con la ayuda de un abogado h\u00e1bil en robo.<\/span><\/p>\n<p><span style=\"font-weight: 400;\">Si ha sido acusado de robo, comun\u00edquese con el Bufete de Abogados de Gianni Karmily, PLLC lo antes posible. Permita que el abogado <\/span><a href=\"https:\/\/giannicriminallaw.com\/es\/\"><span style=\"font-weight: 400;\">defensor criminal Gianni Karmily<\/span><\/a><span style=\"font-weight: 400;\"> proteja sus derechos y luche por su libertad.<\/span><\/p>\n<h2><b>\u00bfCu\u00e1les son los diferentes grados de robo en Nueva York?<\/b><\/h2>\n<p><span style=\"font-weight: 400;\">Hay tres grados diferentes de delitos de robo en el estado de Nueva York. El menos grave de los tres delitos es el robo en tercer grado, el cual ocurre cuando alguien ingresa o permanece ilegalmente en un edificio con la intenci\u00f3n de cometer un delito mientras est\u00e1 dentro. A pesar de que este es el delito de robo menos grave, sigue siendo un delito de clase D.<\/span><\/p>\n<p><span style=\"font-weight: 400;\">El robo en segundo grado es un delito grave de clase C en Nueva York. El robo de tercer grado se convierte en robo de segundo grado si:<\/span><\/p>\n<ul>\n<li style=\"font-weight: 400;\" aria-level=\"1\"><span style=\"font-weight: 400;\">El acusado estaba armado con explosivos o un arma mortal, o<\/span><\/li>\n<li style=\"font-weight: 400;\" aria-level=\"1\"><span style=\"font-weight: 400;\">Alguien que no participaba en el delito result\u00f3 lesionado como consecuencia del robo, o<\/span><\/li>\n<li style=\"font-weight: 400;\" aria-level=\"1\"><span style=\"font-weight: 400;\">El acusado utiliz\u00f3 o amenaz\u00f3 con usar un arma peligrosa, o<\/span><\/li>\n<li style=\"font-weight: 400;\" aria-level=\"1\"><span style=\"font-weight: 400;\">El acusado muestra lo que parece ser un arma de fuego, o<\/span><\/li>\n<li style=\"font-weight: 400;\" aria-level=\"1\"><span style=\"font-weight: 400;\">El edificio era una vivienda, que es un edificio que suele ser ocupado por una persona por la noche.<\/span><\/li>\n<\/ul>\n<p><span style=\"font-weight: 400;\">El cargo de robo m\u00e1s grave es el robo en primer grado, que es un delito grave de clase B. El robo de segundo grado puede ocurrir o no dentro de una vivienda, pero el robo de primer grado siempre ocurre dentro de una vivienda. El robo en segundo grado se convierte en robo de primer grado si el delito ocurre dentro de una vivienda y se cumple una de estas condiciones:<\/span><\/p>\n<ul>\n<li style=\"font-weight: 400;\" aria-level=\"1\"><span style=\"font-weight: 400;\">El acusado estaba armado con explosivos o un arma mortal, o<\/span><\/li>\n<li style=\"font-weight: 400;\" aria-level=\"1\"><span style=\"font-weight: 400;\">Alguien que no participaba en el delito result\u00f3 lesionado como consecuencia del robo, o<\/span><\/li>\n<li style=\"font-weight: 400;\" aria-level=\"1\"><span style=\"font-weight: 400;\">El acusado utiliz\u00f3 o amenaz\u00f3 con usar un arma peligrosa, o<\/span><\/li>\n<li style=\"font-weight: 400;\" aria-level=\"1\"><span style=\"font-weight: 400;\">El acusado muestra lo que parece ser un arma de fuego.<\/span><\/li>\n<\/ul>\n<p><span style=\"font-weight: 400;\">Los tres grados de delitos de robo son delitos graves, lo que significa que una condena puede llevar a penas graves con consecuencias a largo plazo.<\/span><\/p>\n<h2><b>\u00bfCu\u00e1les son las sanciones por una condena por robo en el condado de Nassau?<\/b><\/h2>\n<p><span style=\"font-weight: 400;\">Las penas para una condena variar\u00e1n dependiendo de una serie de factores, entre ellos el grado del delito. Una condena por robo en tercer grado, que es un delito grave de clase D, puede llevar hasta siete a\u00f1os de prisi\u00f3n. Una condena por robo en segundo grado, que es un delito grave de clase C, puede llevar a hasta 15 a\u00f1os de prisi\u00f3n. El delito m\u00e1s grave, robo en primer grado, es un delito de clase B que conlleva una pena m\u00e1xima de hasta 25 a\u00f1os de prisi\u00f3n.<\/span><\/p>\n<p><span style=\"font-weight: 400;\">El tiempo de prisi\u00f3n no es la \u00fanica pena que podr\u00eda enfrentar si lo condenan por robo. El tribunal tambi\u00e9n puede imponer multas de hasta $5,000.<\/span><\/p>\n<h2><b>\u00bfC\u00f3mo puede vencer los cargos por robo?<\/b><\/h2>\n<p><span style=\"font-weight: 400;\">Una condena por robo puede seguirle por el resto de su vida, raz\u00f3n por la cual le conviene contratar a un abogado que le ayude a combatir los cargos. El abogado Gianni Karmily revisar\u00e1 los detalles de su caso para determinar la mejor manera de defenderlo contra los cargos.<\/span><\/p>\n<p><span style=\"font-weight: 400;\">El resultado de muchos casos de robo depender\u00e1 de la capacidad del estado para demostrar intenci\u00f3n. Si el estado no puede probar la intenci\u00f3n, los cargos pueden reducirse a allanamiento o allanamiento penal, que es el delito de ingresar o permanecer ilegalmente en un edificio o propiedad. El allanamiento y el allanamiento penal conllevan penas m\u00e1s ligeras que el robo. De hecho, el allanamiento es una violaci\u00f3n y la mayor\u00eda de los cargos penales por allanamiento son delitos menores.<\/span><\/p>\n<p><span style=\"font-weight: 400;\">El objetivo de Gianni Karmily es alcanzar el mejor resultado posible en su caso. En ocasiones, reducir los cargos por robo a allanamiento o allanamiento penal es el mejor resultado posible. Pero en otros casos, Gianni puede ser capaz de limpiar su nombre o pelear para que sus cargos se desestimen por completo. Si lo han acusado de cometer robo, permita que Gianni analice su caso y comience a trabajar hacia un resultado favorable.<\/span><\/p>\n<h2><b>Programe una evaluaci\u00f3n del caso con nuestro abogado de robo en Long Island<\/b><\/h2>\n<p><span style=\"font-weight: 400;\">\u00bfSe le ha acusado de robo? Si es as\u00ed, necesita contratar a un abogado defensor criminal con experiencia que se comprometa a luchar por usted. Gianni Karmily entiende la importancia de evitar una condena por robo, raz\u00f3n por la cual trabajar\u00e1 incansablemente para ayudarle a alcanzar el mejor resultado posible en su caso. Para programar una evaluaci\u00f3n confidencial de su caso con el Bufete de Abogados de Gianni Karmily, PLLC, llame a nuestra oficina de Great Neck al <a href=\"tel:5166303405\" target=\"_blank\" rel=\"noopener noreferrer\">(516) 630-3405<\/a> o a nuestra oficina de Hempstead al <a href=\"tel:5166144228\" target=\"_blank\" rel=\"noopener noreferrer\">(516) 614-4228<\/a>.<\/span><\/p>\n","protected":false},"excerpt":{"rendered":"<p>Abogado de defensa de Long Island ayudando a clientes a combatir cargos por robo a lo largo de Nassau Las autoridades de Long Island se toman muy en serio los delitos de robo. Estos delitos son procesados agresivamente, y si lo condenan, el tribunal puede imponerle duras penas. La \u00fanica manera de minimizar o evitar [&hellip;]<\/p>\n","protected":false},"author":3,"featured_media":0,"parent":0,"menu_order":0,"comment_status":"closed","ping_status":"closed","template":"","meta":{"_genesis_hide_title":false,"_genesis_hide_breadcrumbs":false,"_genesis_hide_singular_image":false,"_genesis_hide_footer_widgets":false,"_genesis_custom_body_class":"inner-page","_genesis_custom_post_class":"","_genesis_layout":"","footnotes":""},"class_list":{"0":"post-9014","1":"page","2":"type-page","3":"status-publish","5":"entry"},"yoast_head":"<!-- This site is optimized with the Yoast SEO plugin v27.5 - https:\/\/yoast.com\/product\/yoast-seo-wordpress\/ -->\n<title>Long Island Abogado de Robo | Condado de Nassau | Bufete de Abogados de Gianni Karmily, PLLC<\/title>\n<meta name=\"description\" content=\"\u00bfSe le ha acusado de robo? De ser as\u00ed, comun\u00edquese con el experimentado abogado defensor penal Gianni Karmily a la brevedad posible.\" \/>\n<meta name=\"robots\" content=\"index, follow, max-snippet:-1, max-image-preview:large, max-video-preview:-1\" \/>\n<link rel=\"canonical\" href=\"https:\/\/giannicriminallaw.com\/es\/robo\/\" \/>\n<meta property=\"og:locale\" content=\"es_ES\" \/>\n<meta property=\"og:type\" content=\"article\" \/>\n<meta property=\"og:title\" content=\"Long Island Abogado de Robo | Condado de Nassau | Bufete de Abogados de Gianni Karmily, PLLC\" \/>\n<meta property=\"og:description\" content=\"\u00bfSe le ha acusado de robo? De ser as\u00ed, comun\u00edquese con el experimentado abogado defensor penal Gianni Karmily a la brevedad posible.\" \/>\n<meta property=\"og:url\" content=\"https:\/\/giannicriminallaw.com\/es\/robo\/\" \/>\n<meta property=\"og:site_name\" content=\"Law Firm of Gianni Karmily PLLC\" \/>\n<meta property=\"article:publisher\" content=\"https:\/\/www.facebook.com\/Law-Firm-of-Gianni-Karmily-PLLC-111458240497656\/\" \/>\n<meta property=\"article:modified_time\" content=\"2025-01-30T16:29:06+00:00\" \/>\n<meta name=\"twitter:card\" content=\"summary_large_image\" \/>\n<meta name=\"twitter:site\" content=\"@LawGianni\" \/>\n<meta name=\"twitter:label1\" content=\"Tiempo de lectura\" \/>\n\t<meta name=\"twitter:data1\" content=\"4 minutos\" \/>\n<script type=\"application\/ld+json\" class=\"yoast-schema-graph\">{\"@context\":\"https:\\\/\\\/schema.org\",\"@graph\":[{\"@type\":\"WebPage\",\"@id\":\"https:\\\/\\\/giannicriminallaw.com\\\/es\\\/robo\\\/\",\"url\":\"https:\\\/\\\/giannicriminallaw.com\\\/es\\\/robo\\\/\",\"name\":\"Long Island Abogado de Robo | Condado de Nassau | Bufete de Abogados de Gianni Karmily, PLLC\",\"isPartOf\":{\"@id\":\"https:\\\/\\\/giannicriminallaw.com\\\/#website\"},\"datePublished\":\"2020-02-27T09:53:38+00:00\",\"dateModified\":\"2025-01-30T16:29:06+00:00\",\"description\":\"\u00bfSe le ha acusado de robo? De ser as\u00ed, comun\u00edquese con el experimentado abogado defensor penal Gianni Karmily a la brevedad posible.\",\"breadcrumb\":{\"@id\":\"https:\\\/\\\/giannicriminallaw.com\\\/es\\\/robo\\\/#breadcrumb\"},\"inLanguage\":\"es\",\"potentialAction\":[{\"@type\":\"ReadAction\",\"target\":[\"https:\\\/\\\/giannicriminallaw.com\\\/es\\\/robo\\\/\"]}]},{\"@type\":\"BreadcrumbList\",\"@id\":\"https:\\\/\\\/giannicriminallaw.com\\\/es\\\/robo\\\/#breadcrumb\",\"itemListElement\":[{\"@type\":\"ListItem\",\"position\":1,\"name\":\"Home\",\"item\":\"https:\\\/\\\/giannicriminallaw.com\\\/es\\\/\"},{\"@type\":\"ListItem\",\"position\":2,\"name\":\"Robo\"}]},{\"@type\":\"WebSite\",\"@id\":\"https:\\\/\\\/giannicriminallaw.com\\\/#website\",\"url\":\"https:\\\/\\\/giannicriminallaw.com\\\/\",\"name\":\"Law Firm of Gianni Karmily PLLC\",\"description\":\"\",\"publisher\":{\"@id\":\"https:\\\/\\\/giannicriminallaw.com\\\/#organization\"},\"potentialAction\":[{\"@type\":\"SearchAction\",\"target\":{\"@type\":\"EntryPoint\",\"urlTemplate\":\"https:\\\/\\\/giannicriminallaw.com\\\/?s={search_term_string}\"},\"query-input\":{\"@type\":\"PropertyValueSpecification\",\"valueRequired\":true,\"valueName\":\"search_term_string\"}}],\"inLanguage\":\"es\"},{\"@type\":\"Organization\",\"@id\":\"https:\\\/\\\/giannicriminallaw.com\\\/#organization\",\"name\":\"Law Firm of Gianni Karmily PLLC\",\"url\":\"https:\\\/\\\/giannicriminallaw.com\\\/\",\"logo\":{\"@type\":\"ImageObject\",\"inLanguage\":\"es\",\"@id\":\"https:\\\/\\\/giannicriminallaw.com\\\/#\\\/schema\\\/logo\\\/image\\\/\",\"url\":\"https:\\\/\\\/giannicriminallaw.com\\\/wp-content\\\/uploads\\\/2021\\\/03\\\/cropped-favicon.png\",\"contentUrl\":\"https:\\\/\\\/giannicriminallaw.com\\\/wp-content\\\/uploads\\\/2021\\\/03\\\/cropped-favicon.png\",\"width\":512,\"height\":512,\"caption\":\"Law Firm of Gianni Karmily PLLC\"},\"image\":{\"@id\":\"https:\\\/\\\/giannicriminallaw.com\\\/#\\\/schema\\\/logo\\\/image\\\/\"},\"sameAs\":[\"https:\\\/\\\/www.facebook.com\\\/Law-Firm-of-Gianni-Karmily-PLLC-111458240497656\\\/\",\"https:\\\/\\\/x.com\\\/LawGianni\"]}]}<\/script>\n<!-- \/ Yoast SEO plugin. -->","yoast_head_json":{"title":"Long Island Abogado de Robo | Condado de Nassau | Bufete de Abogados de Gianni Karmily, PLLC","description":"\u00bfSe le ha acusado de robo? De ser as\u00ed, comun\u00edquese con el experimentado abogado defensor penal Gianni Karmily a la brevedad posible.","robots":{"index":"index","follow":"follow","max-snippet":"max-snippet:-1","max-image-preview":"max-image-preview:large","max-video-preview":"max-video-preview:-1"},"canonical":"https:\/\/giannicriminallaw.com\/es\/robo\/","og_locale":"es_ES","og_type":"article","og_title":"Long Island Abogado de Robo | Condado de Nassau | Bufete de Abogados de Gianni Karmily, PLLC","og_description":"\u00bfSe le ha acusado de robo? De ser as\u00ed, comun\u00edquese con el experimentado abogado defensor penal Gianni Karmily a la brevedad posible.","og_url":"https:\/\/giannicriminallaw.com\/es\/robo\/","og_site_name":"Law Firm of Gianni Karmily PLLC","article_publisher":"https:\/\/www.facebook.com\/Law-Firm-of-Gianni-Karmily-PLLC-111458240497656\/","article_modified_time":"2025-01-30T16:29:06+00:00","twitter_card":"summary_large_image","twitter_site":"@LawGianni","twitter_misc":{"Tiempo de lectura":"4 minutos"},"schema":{"@context":"https:\/\/schema.org","@graph":[{"@type":"WebPage","@id":"https:\/\/giannicriminallaw.com\/es\/robo\/","url":"https:\/\/giannicriminallaw.com\/es\/robo\/","name":"Long Island Abogado de Robo | Condado de Nassau | Bufete de Abogados de Gianni Karmily, PLLC","isPartOf":{"@id":"https:\/\/giannicriminallaw.com\/#website"},"datePublished":"2020-02-27T09:53:38+00:00","dateModified":"2025-01-30T16:29:06+00:00","description":"\u00bfSe le ha acusado de robo? De ser as\u00ed, comun\u00edquese con el experimentado abogado defensor penal Gianni Karmily a la brevedad posible.","breadcrumb":{"@id":"https:\/\/giannicriminallaw.com\/es\/robo\/#breadcrumb"},"inLanguage":"es","potentialAction":[{"@type":"ReadAction","target":["https:\/\/giannicriminallaw.com\/es\/robo\/"]}]},{"@type":"BreadcrumbList","@id":"https:\/\/giannicriminallaw.com\/es\/robo\/#breadcrumb","itemListElement":[{"@type":"ListItem","position":1,"name":"Home","item":"https:\/\/giannicriminallaw.com\/es\/"},{"@type":"ListItem","position":2,"name":"Robo"}]},{"@type":"WebSite","@id":"https:\/\/giannicriminallaw.com\/#website","url":"https:\/\/giannicriminallaw.com\/","name":"Law Firm of Gianni Karmily PLLC","description":"","publisher":{"@id":"https:\/\/giannicriminallaw.com\/#organization"},"potentialAction":[{"@type":"SearchAction","target":{"@type":"EntryPoint","urlTemplate":"https:\/\/giannicriminallaw.com\/?s={search_term_string}"},"query-input":{"@type":"PropertyValueSpecification","valueRequired":true,"valueName":"search_term_string"}}],"inLanguage":"es"},{"@type":"Organization","@id":"https:\/\/giannicriminallaw.com\/#organization","name":"Law Firm of Gianni Karmily PLLC","url":"https:\/\/giannicriminallaw.com\/","logo":{"@type":"ImageObject","inLanguage":"es","@id":"https:\/\/giannicriminallaw.com\/#\/schema\/logo\/image\/","url":"https:\/\/giannicriminallaw.com\/wp-content\/uploads\/2021\/03\/cropped-favicon.png","contentUrl":"https:\/\/giannicriminallaw.com\/wp-content\/uploads\/2021\/03\/cropped-favicon.png","width":512,"height":512,"caption":"Law Firm of Gianni Karmily PLLC"},"image":{"@id":"https:\/\/giannicriminallaw.com\/#\/schema\/logo\/image\/"},"sameAs":["https:\/\/www.facebook.com\/Law-Firm-of-Gianni-Karmily-PLLC-111458240497656\/","https:\/\/x.com\/LawGianni"]}]}},"_links":{"self":[{"href":"https:\/\/giannicriminallaw.com\/es\/wp-json\/wp\/v2\/pages\/9014","targetHints":{"allow":["GET"]}}],"collection":[{"href":"https:\/\/giannicriminallaw.com\/es\/wp-json\/wp\/v2\/pages"}],"about":[{"href":"https:\/\/giannicriminallaw.com\/es\/wp-json\/wp\/v2\/types\/page"}],"author":[{"embeddable":true,"href":"https:\/\/giannicriminallaw.com\/es\/wp-json\/wp\/v2\/users\/3"}],"replies":[{"embeddable":true,"href":"https:\/\/giannicriminallaw.com\/es\/wp-json\/wp\/v2\/comments?post=9014"}],"version-history":[{"count":0,"href":"https:\/\/giannicriminallaw.com\/es\/wp-json\/wp\/v2\/pages\/9014\/revisions"}],"wp:attachment":[{"href":"https:\/\/giannicriminallaw.com\/es\/wp-json\/wp\/v2\/media?parent=9014"}],"curies":[{"name":"wp","href":"https:\/\/api.w.org\/{rel}","templated":true}]}}