{"id":9011,"date":"2020-02-01T10:21:46","date_gmt":"2020-02-01T10:21:46","guid":{"rendered":"https:\/\/giannikarmily.wpenginepowered.com\/sobre\/"},"modified":"2025-01-30T16:30:30","modified_gmt":"2025-01-30T16:30:30","slug":"sobre","status":"publish","type":"page","link":"https:\/\/giannicriminallaw.com\/es\/sobre\/","title":{"rendered":"Acerca de nosotros"},"content":{"rendered":"<h1><strong>Conozca a Jonathan (Gianni) Karmily, ESQ.<\/strong><\/h1>\n<p><iframe src=\"https:\/\/www.youtube.com\/embed\/6PJCXsemiqA\" width=\"587\" height=\"330\" frameborder=\"0\" allowfullscreen=\"allowfullscreen\"><\/iframe><br \/>\n<span style=\"font-weight: 400;\">Gianni es nativo de Italia. Tiene una Licenciatura en Administraci\u00f3n de Empresas de la Universidad Hofstra. Siempre le ha interesado marcar la diferencia. Como resultado, mientras estaba en la facultad de derecho, comenz\u00f3 a involucrarse como pasante de verano para la Asociaci\u00f3n de Defensores y Ayuda Legal en Detroit, Michigan, donde adquiri\u00f3 una mayor comprensi\u00f3n de los diferentes aspectos del sistema de justicia penal.<\/span><\/p>\n<p><span style=\"font-weight: 400;\">Recibi\u00f3 su Doctorado en Jurisprudencia de la Facultad de Derecho Mercy de la Universidad de Detroit, donde se desempe\u00f1\u00f3 como presidente de la Sociedad de Derecho Internacional.<\/span><\/p>\n<p><span style=\"font-weight: 400;\">Gianni se esfuerza todos los d\u00edas por la voz de una persona que enfrenta cargos por delitos graves, delitos menores, y violaciones.<\/span><\/p>\n<p><i><span style=\"font-weight: 400;\">\u201cNuestro trabajo es ser la voz de esa persona y asegurarnos de que el sistema no pisotee sus derechos. En el estado de Nueva York, una condena penal dura toda la vida, por lo que evitar una condena penal es extremadamente importante. Hay muchas maneras de proteger a alguien de enfrentar un resultado devastador para siempre. Siempre es un gran alivio cuando podemos devolverle a una persona su libertad.\u201d<\/span><\/i><\/p>\n<p><span style=\"font-weight: 400;\">Gianni es miembro de la Asociaci\u00f3n de Abogados en Defensa Penal del Estado de Nueva York (NYSACDL) y de la Asociaci\u00f3n de Abogados de Tribunales Penales en el Condado de Nassau (CCBANC). <a href=\"\/es\/\">Gianni Karmily<\/a> ha sido honrado por Super Lawyers como una estrella en ascenso en derecho penal para el metro de Nueva York de 2019 a 2024.<\/span><\/p>\n<p>Para programar una evaluaci\u00f3n confidencial de su caso con el Bufete de Abogados de Gianni Karmily, PLLC, llame a nuestra oficina de Great Neck al <a href=\"tel:5166303405\" target=\"_blank\" rel=\"noopener noreferrer\">(516) 630-3405<\/a> o a nuestra oficina de Hempstead al <a href=\"tel:5166144228\" target=\"_blank\" rel=\"noopener noreferrer\">(516) 614-4228<\/a>.<\/p>\n","protected":false},"excerpt":{"rendered":"<p>Conozca a Jonathan (Gianni) Karmily, ESQ. Gianni es nativo de Italia. Tiene una Licenciatura en Administraci\u00f3n de Empresas de la Universidad Hofstra. Siempre le ha interesado marcar la diferencia. Como resultado, mientras estaba en la facultad de derecho, comenz\u00f3 a involucrarse como pasante de verano para la Asociaci\u00f3n de Defensores y Ayuda Legal en Detroit, [&hellip;]<\/p>\n","protected":false},"author":3,"featured_media":0,"parent":0,"menu_order":0,"comment_status":"closed","ping_status":"closed","template":"","meta":{"_genesis_hide_title":false,"_genesis_hide_breadcrumbs":false,"_genesis_hide_singular_image":false,"_genesis_hide_footer_widgets":false,"_genesis_custom_body_class":"inner-page","_genesis_custom_post_class":"","_genesis_layout":"","footnotes":""},"class_list":{"0":"post-9011","1":"page","2":"type-page","3":"status-publish","5":"entry"},"yoast_head":"<!-- This site is optimized with the Yoast SEO plugin v27.4 - https:\/\/yoast.com\/product\/yoast-seo-wordpress\/ -->\n<title>Acerca de Gianni Karmily | Bufete de Abogados de Gianni Karmily, PLLC<\/title>\n<meta name=\"description\" content=\"Descubra m\u00e1s sobre el experimentado abogado en defensa penal, Jonathan (Gianni) Karmily, y Law Firm of Gianni Karmily en Long Island.\" \/>\n<meta name=\"robots\" content=\"index, follow, max-snippet:-1, max-image-preview:large, max-video-preview:-1\" \/>\n<link rel=\"canonical\" href=\"https:\/\/giannicriminallaw.com\/es\/sobre\/\" \/>\n<meta property=\"og:locale\" content=\"es_ES\" \/>\n<meta property=\"og:type\" content=\"article\" \/>\n<meta property=\"og:title\" content=\"Acerca de Gianni Karmily | Bufete de Abogados de Gianni Karmily, PLLC\" \/>\n<meta property=\"og:description\" content=\"Descubra m\u00e1s sobre el experimentado abogado en defensa penal, Jonathan (Gianni) Karmily, y Law Firm of Gianni Karmily en Long Island.\" \/>\n<meta property=\"og:url\" content=\"https:\/\/giannicriminallaw.com\/es\/sobre\/\" \/>\n<meta property=\"og:site_name\" content=\"Law Firm of Gianni Karmily PLLC\" \/>\n<meta property=\"article:publisher\" content=\"https:\/\/www.facebook.com\/Law-Firm-of-Gianni-Karmily-PLLC-111458240497656\/\" \/>\n<meta property=\"article:modified_time\" content=\"2025-01-30T16:30:30+00:00\" \/>\n<meta name=\"twitter:card\" content=\"summary_large_image\" \/>\n<meta name=\"twitter:site\" content=\"@LawGianni\" \/>\n<meta name=\"twitter:label1\" content=\"Tiempo de lectura\" \/>\n\t<meta name=\"twitter:data1\" content=\"2 minutos\" \/>\n<script type=\"application\/ld+json\" class=\"yoast-schema-graph\">{\"@context\":\"https:\\\/\\\/schema.org\",\"@graph\":[{\"@type\":\"WebPage\",\"@id\":\"https:\\\/\\\/giannicriminallaw.com\\\/es\\\/sobre\\\/\",\"url\":\"https:\\\/\\\/giannicriminallaw.com\\\/es\\\/sobre\\\/\",\"name\":\"Acerca de Gianni Karmily | Bufete de Abogados de Gianni Karmily, PLLC\",\"isPartOf\":{\"@id\":\"https:\\\/\\\/giannicriminallaw.com\\\/#website\"},\"datePublished\":\"2020-02-01T10:21:46+00:00\",\"dateModified\":\"2025-01-30T16:30:30+00:00\",\"description\":\"Descubra m\u00e1s sobre el experimentado abogado en defensa penal, Jonathan (Gianni) Karmily, y Law Firm of Gianni Karmily en Long Island.\",\"breadcrumb\":{\"@id\":\"https:\\\/\\\/giannicriminallaw.com\\\/es\\\/sobre\\\/#breadcrumb\"},\"inLanguage\":\"es\",\"potentialAction\":[{\"@type\":\"ReadAction\",\"target\":[\"https:\\\/\\\/giannicriminallaw.com\\\/es\\\/sobre\\\/\"]}]},{\"@type\":\"BreadcrumbList\",\"@id\":\"https:\\\/\\\/giannicriminallaw.com\\\/es\\\/sobre\\\/#breadcrumb\",\"itemListElement\":[{\"@type\":\"ListItem\",\"position\":1,\"name\":\"Home\",\"item\":\"https:\\\/\\\/giannicriminallaw.com\\\/es\\\/\"},{\"@type\":\"ListItem\",\"position\":2,\"name\":\"Acerca de nosotros\"}]},{\"@type\":\"WebSite\",\"@id\":\"https:\\\/\\\/giannicriminallaw.com\\\/#website\",\"url\":\"https:\\\/\\\/giannicriminallaw.com\\\/\",\"name\":\"Law Firm of Gianni Karmily PLLC\",\"description\":\"\",\"publisher\":{\"@id\":\"https:\\\/\\\/giannicriminallaw.com\\\/#organization\"},\"potentialAction\":[{\"@type\":\"SearchAction\",\"target\":{\"@type\":\"EntryPoint\",\"urlTemplate\":\"https:\\\/\\\/giannicriminallaw.com\\\/?s={search_term_string}\"},\"query-input\":{\"@type\":\"PropertyValueSpecification\",\"valueRequired\":true,\"valueName\":\"search_term_string\"}}],\"inLanguage\":\"es\"},{\"@type\":\"Organization\",\"@id\":\"https:\\\/\\\/giannicriminallaw.com\\\/#organization\",\"name\":\"Law Firm of Gianni Karmily PLLC\",\"url\":\"https:\\\/\\\/giannicriminallaw.com\\\/\",\"logo\":{\"@type\":\"ImageObject\",\"inLanguage\":\"es\",\"@id\":\"https:\\\/\\\/giannicriminallaw.com\\\/#\\\/schema\\\/logo\\\/image\\\/\",\"url\":\"https:\\\/\\\/giannicriminallaw.com\\\/wp-content\\\/uploads\\\/2021\\\/03\\\/cropped-favicon.png\",\"contentUrl\":\"https:\\\/\\\/giannicriminallaw.com\\\/wp-content\\\/uploads\\\/2021\\\/03\\\/cropped-favicon.png\",\"width\":512,\"height\":512,\"caption\":\"Law Firm of Gianni Karmily PLLC\"},\"image\":{\"@id\":\"https:\\\/\\\/giannicriminallaw.com\\\/#\\\/schema\\\/logo\\\/image\\\/\"},\"sameAs\":[\"https:\\\/\\\/www.facebook.com\\\/Law-Firm-of-Gianni-Karmily-PLLC-111458240497656\\\/\",\"https:\\\/\\\/x.com\\\/LawGianni\"]}]}<\/script>\n<!-- \/ Yoast SEO plugin. -->","yoast_head_json":{"title":"Acerca de Gianni Karmily | Bufete de Abogados de Gianni Karmily, PLLC","description":"Descubra m\u00e1s sobre el experimentado abogado en defensa penal, Jonathan (Gianni) Karmily, y Law Firm of Gianni Karmily en Long Island.","robots":{"index":"index","follow":"follow","max-snippet":"max-snippet:-1","max-image-preview":"max-image-preview:large","max-video-preview":"max-video-preview:-1"},"canonical":"https:\/\/giannicriminallaw.com\/es\/sobre\/","og_locale":"es_ES","og_type":"article","og_title":"Acerca de Gianni Karmily | Bufete de Abogados de Gianni Karmily, PLLC","og_description":"Descubra m\u00e1s sobre el experimentado abogado en defensa penal, Jonathan (Gianni) Karmily, y Law Firm of Gianni Karmily en Long Island.","og_url":"https:\/\/giannicriminallaw.com\/es\/sobre\/","og_site_name":"Law Firm of Gianni Karmily PLLC","article_publisher":"https:\/\/www.facebook.com\/Law-Firm-of-Gianni-Karmily-PLLC-111458240497656\/","article_modified_time":"2025-01-30T16:30:30+00:00","twitter_card":"summary_large_image","twitter_site":"@LawGianni","twitter_misc":{"Tiempo de lectura":"2 minutos"},"schema":{"@context":"https:\/\/schema.org","@graph":[{"@type":"WebPage","@id":"https:\/\/giannicriminallaw.com\/es\/sobre\/","url":"https:\/\/giannicriminallaw.com\/es\/sobre\/","name":"Acerca de Gianni Karmily | Bufete de Abogados de Gianni Karmily, PLLC","isPartOf":{"@id":"https:\/\/giannicriminallaw.com\/#website"},"datePublished":"2020-02-01T10:21:46+00:00","dateModified":"2025-01-30T16:30:30+00:00","description":"Descubra m\u00e1s sobre el experimentado abogado en defensa penal, Jonathan (Gianni) Karmily, y Law Firm of Gianni Karmily en Long Island.","breadcrumb":{"@id":"https:\/\/giannicriminallaw.com\/es\/sobre\/#breadcrumb"},"inLanguage":"es","potentialAction":[{"@type":"ReadAction","target":["https:\/\/giannicriminallaw.com\/es\/sobre\/"]}]},{"@type":"BreadcrumbList","@id":"https:\/\/giannicriminallaw.com\/es\/sobre\/#breadcrumb","itemListElement":[{"@type":"ListItem","position":1,"name":"Home","item":"https:\/\/giannicriminallaw.com\/es\/"},{"@type":"ListItem","position":2,"name":"Acerca de nosotros"}]},{"@type":"WebSite","@id":"https:\/\/giannicriminallaw.com\/#website","url":"https:\/\/giannicriminallaw.com\/","name":"Law Firm of Gianni Karmily PLLC","description":"","publisher":{"@id":"https:\/\/giannicriminallaw.com\/#organization"},"potentialAction":[{"@type":"SearchAction","target":{"@type":"EntryPoint","urlTemplate":"https:\/\/giannicriminallaw.com\/?s={search_term_string}"},"query-input":{"@type":"PropertyValueSpecification","valueRequired":true,"valueName":"search_term_string"}}],"inLanguage":"es"},{"@type":"Organization","@id":"https:\/\/giannicriminallaw.com\/#organization","name":"Law Firm of Gianni Karmily PLLC","url":"https:\/\/giannicriminallaw.com\/","logo":{"@type":"ImageObject","inLanguage":"es","@id":"https:\/\/giannicriminallaw.com\/#\/schema\/logo\/image\/","url":"https:\/\/giannicriminallaw.com\/wp-content\/uploads\/2021\/03\/cropped-favicon.png","contentUrl":"https:\/\/giannicriminallaw.com\/wp-content\/uploads\/2021\/03\/cropped-favicon.png","width":512,"height":512,"caption":"Law Firm of Gianni Karmily PLLC"},"image":{"@id":"https:\/\/giannicriminallaw.com\/#\/schema\/logo\/image\/"},"sameAs":["https:\/\/www.facebook.com\/Law-Firm-of-Gianni-Karmily-PLLC-111458240497656\/","https:\/\/x.com\/LawGianni"]}]}},"_links":{"self":[{"href":"https:\/\/giannicriminallaw.com\/es\/wp-json\/wp\/v2\/pages\/9011","targetHints":{"allow":["GET"]}}],"collection":[{"href":"https:\/\/giannicriminallaw.com\/es\/wp-json\/wp\/v2\/pages"}],"about":[{"href":"https:\/\/giannicriminallaw.com\/es\/wp-json\/wp\/v2\/types\/page"}],"author":[{"embeddable":true,"href":"https:\/\/giannicriminallaw.com\/es\/wp-json\/wp\/v2\/users\/3"}],"replies":[{"embeddable":true,"href":"https:\/\/giannicriminallaw.com\/es\/wp-json\/wp\/v2\/comments?post=9011"}],"version-history":[{"count":0,"href":"https:\/\/giannicriminallaw.com\/es\/wp-json\/wp\/v2\/pages\/9011\/revisions"}],"wp:attachment":[{"href":"https:\/\/giannicriminallaw.com\/es\/wp-json\/wp\/v2\/media?parent=9011"}],"curies":[{"name":"wp","href":"https:\/\/api.w.org\/{rel}","templated":true}]}}