{"id":18467,"date":"2020-03-07T10:33:03","date_gmt":"2020-03-07T10:33:03","guid":{"rendered":"https:\/\/giannicriminallaw.com\/mapa-del-sitio\/"},"modified":"2024-10-16T18:09:41","modified_gmt":"2024-10-16T18:09:41","slug":"mapa-del-sitio","status":"publish","type":"page","link":"https:\/\/giannicriminallaw.com\/es\/mapa-del-sitio\/","title":{"rendered":"Mapa del sitio"},"content":{"rendered":"<h1>Mapa del sitio<\/h1>\n<li style=\"list-style-type: none;\">\n<ul>\n<li><a href=\"https:\/\/giannicriminallaw.com\/es\/sobre\/\">Acerca de Nosotros<\/a><\/li>\n<li><a href=\"https:\/\/giannicriminallaw.com\/es\/contactenos\/\">Cont\u00e1ctenos<\/a><\/li>\n<li><a href=\"https:\/\/giannicriminallaw.com\/es\/\">Inicio<\/a><\/li>\n<li><a href=\"https:\/\/giannicriminallaw.com\/es\/resenas-de-clientes\/\">Rese\u00f1as de Clientes<\/a><\/li>\n<li><a href=\"#\">Servicios<\/a>\n<ul>\n<li><a href=\"https:\/\/giannicriminallaw.com\/es\/acoso\/\">Acoso<\/a><\/li>\n<li><a href=\"https:\/\/giannicriminallaw.com\/es\/agresiones\/\">Agresion<\/a><\/li>\n<li><a href=\"https:\/\/giannicriminallaw.com\/es\/asalto-vehicular\/\">Asalto Vehicular<\/a><\/li>\n<li><a href=\"https:\/\/giannicriminallaw.com\/es\/atropello-con-fuga\/\">Atropello con Fuga<\/a><\/li>\n<li><a href=\"https:\/\/giannicriminallaw.com\/es\/auo-license-suspendida\/\">AUO Licencia Suspendida<\/a><\/li>\n<li><a href=\"https:\/\/giannicriminallaw.com\/es\/boleto-de-comparecencia-en-el-escritorio-dat\/\">Boleto de Comparecencia en el Escritorio<\/a><\/li>\n<li><a href=\"https:\/\/giannicriminallaw.com\/es\/conduccion-imprudente\/\">Conducci\u00f3n Imprudente<\/a><\/li>\n<li><a href=\"https:\/\/giannicriminallaw.com\/es\/conducta-desordenada\/\">Conducta Desordenada<\/a><\/li>\n<li><a href=\"https:\/\/giannicriminallaw.com\/es\/crimenes-de-complicidad\/\">Cr\u00edmenes de Complicidad<\/a><\/li>\n<li><a href=\"https:\/\/giannicriminallaw.com\/es\/crimenes-violentos\/\">Cr\u00edmenes Violentos<\/a><\/li>\n<li><a href=\"https:\/\/giannicriminallaw.com\/es\/delito-contra-la-propiedad\/\">Delito Contra la Propiedad<\/a><\/li>\n<li><a href=\"https:\/\/giannicriminallaw.com\/es\/armas-y-armas-de-fuego\/\">Delitos con Armas y Armas de Fuego<\/a><\/li>\n<li><a href=\"https:\/\/giannicriminallaw.com\/es\/delitos-de-drogas\/\">Delitos de Drogas<\/a><\/li>\n<li><a href=\"https:\/\/giannicriminallaw.com\/es\/delitos-de-robo\/\">Delitos de Robo<\/a><\/li>\n<li><a href=\"https:\/\/giannicriminallaw.com\/es\/delitos-graves\/\">Delitos Graves<\/a><\/li>\n<li><a href=\"https:\/\/giannicriminallaw.com\/es\/delitos-incoados\/\">Delitos Incoados<\/a><\/li>\n<li><a href=\"https:\/\/giannicriminallaw.com\/es\/delitos-juveniles\/\">Delitos Juveniles<\/a><\/li>\n<li><a href=\"https:\/\/giannicriminallaw.com\/es\/delitos-menores\/\">Delitos Menores<\/a><\/li>\n<li><a href=\"https:\/\/giannicriminallaw.com\/es\/delitos-sexuales\/\">Delitos Sexuales<\/a><\/li>\n<li><a href=\"https:\/\/giannicriminallaw.com\/es\/desacato-penal\/\">Desacato Penal<\/a><\/li>\n<li><a href=\"https:\/\/giannicriminallaw.com\/es\/dwi\/\">DWI<\/a><\/li>\n<li><a href=\"https:\/\/giannicriminallaw.com\/es\/entrar-sin-derecho\/\">Entrar Sin Derecho<\/a><\/li>\n<li><a href=\"https:\/\/giannicriminallaw.com\/es\/estrangulacion\/\">Estrangulaci\u00f3n<\/a><\/li>\n<li><a href=\"https:\/\/giannicriminallaw.com\/es\/homicidio\/\">Homicidio<\/a><\/li>\n<li><a href=\"https:\/\/giannicriminallaw.com\/es\/multas-de-trafico\/\">Multas de Tr\u00e1fico<\/a><\/li>\n<li><a href=\"https:\/\/giannicriminallaw.com\/es\/obstruccion-de-la-respiracion\/\">Obstrucci\u00f3n de la Respiraci\u00f3n<\/a><\/li>\n<li><a href=\"https:\/\/giannicriminallaw.com\/es\/peligro-para-el-bienestar-de-una-nino\/\">Poner en Peligro el Bienestar de un Ni\u00f1o<\/a><\/li>\n<li><a href=\"https:\/\/giannicriminallaw.com\/es\/resistiendo-el-arresto\/\">Resistiendo el Arresto<\/a><\/li>\n<li><a href=\"https:\/\/giannicriminallaw.com\/es\/robo\/\">Robo<\/a><\/li>\n<li><a href=\"https:\/\/giannicriminallaw.com\/es\/violaciones-de-probatoria\/\">Violaciones de Probatoria<\/a><\/li>\n<li><a href=\"https:\/\/giannicriminallaw.com\/es\/violencia-domestica\/\">Violencia Dom\u00e9stica<\/a><\/li>\n<\/ul>\n<\/li>\n<li><a href=\"https:\/\/giannicriminallaw.com\/es\/ultimas-noticias\/\">\u00daltimas Noticias<\/a><\/li>\n<\/ul>\n<\/li>\n<\/ul>\n<p>&nbsp;<\/p>\n","protected":false},"excerpt":{"rendered":"<p>Mapa del sitio Acerca de Nosotros Cont\u00e1ctenos Inicio Rese\u00f1as de Clientes Servicios Acoso Agresion Asalto Vehicular Atropello con Fuga AUO Licencia Suspendida Boleto de Comparecencia en el Escritorio Conducci\u00f3n Imprudente Conducta Desordenada Cr\u00edmenes de Complicidad Cr\u00edmenes Violentos Delito Contra la Propiedad Delitos con Armas y Armas de Fuego Delitos de Drogas Delitos de Robo Delitos [&hellip;]<\/p>\n","protected":false},"author":3,"featured_media":0,"parent":0,"menu_order":0,"comment_status":"closed","ping_status":"closed","template":"","meta":{"_genesis_hide_title":false,"_genesis_hide_breadcrumbs":false,"_genesis_hide_singular_image":false,"_genesis_hide_footer_widgets":false,"_genesis_custom_body_class":"","_genesis_custom_post_class":"","_genesis_layout":"","footnotes":""},"class_list":{"0":"post-18467","1":"page","2":"type-page","3":"status-publish","5":"entry"},"yoast_head":"<!-- This site is optimized with the Yoast SEO plugin v27.5 - https:\/\/yoast.com\/product\/yoast-seo-wordpress\/ -->\n<title>Mapa del sitio - Law Firm of Gianni Karmily PLLC<\/title>\n<meta name=\"robots\" content=\"noindex, follow\" \/>\n<meta property=\"og:locale\" content=\"es_ES\" \/>\n<meta property=\"og:type\" content=\"article\" \/>\n<meta property=\"og:title\" content=\"Mapa del sitio - Law Firm of Gianni Karmily PLLC\" \/>\n<meta property=\"og:description\" content=\"Mapa del sitio Acerca de Nosotros Cont\u00e1ctenos Inicio Rese\u00f1as de Clientes Servicios Acoso Agresion Asalto Vehicular Atropello con Fuga AUO Licencia Suspendida Boleto de Comparecencia en el Escritorio Conducci\u00f3n Imprudente Conducta Desordenada Cr\u00edmenes de Complicidad Cr\u00edmenes Violentos Delito Contra la Propiedad Delitos con Armas y Armas de Fuego Delitos de Drogas Delitos de Robo Delitos [&hellip;]\" \/>\n<meta property=\"og:url\" content=\"https:\/\/giannicriminallaw.com\/es\/mapa-del-sitio\/\" \/>\n<meta property=\"og:site_name\" content=\"Law Firm of Gianni Karmily PLLC\" \/>\n<meta property=\"article:publisher\" content=\"https:\/\/www.facebook.com\/Law-Firm-of-Gianni-Karmily-PLLC-111458240497656\/\" \/>\n<meta property=\"article:modified_time\" content=\"2024-10-16T18:09:41+00:00\" \/>\n<meta name=\"twitter:card\" content=\"summary_large_image\" \/>\n<meta name=\"twitter:site\" content=\"@LawGianni\" \/>\n<meta name=\"twitter:label1\" content=\"Tiempo de lectura\" \/>\n\t<meta name=\"twitter:data1\" content=\"1 minuto\" \/>\n<script type=\"application\/ld+json\" class=\"yoast-schema-graph\">{\"@context\":\"https:\\\/\\\/schema.org\",\"@graph\":[{\"@type\":\"WebPage\",\"@id\":\"https:\\\/\\\/giannicriminallaw.com\\\/es\\\/mapa-del-sitio\\\/\",\"url\":\"https:\\\/\\\/giannicriminallaw.com\\\/es\\\/mapa-del-sitio\\\/\",\"name\":\"Mapa del sitio - Law Firm of Gianni Karmily PLLC\",\"isPartOf\":{\"@id\":\"https:\\\/\\\/giannicriminallaw.com\\\/#website\"},\"datePublished\":\"2020-03-07T10:33:03+00:00\",\"dateModified\":\"2024-10-16T18:09:41+00:00\",\"breadcrumb\":{\"@id\":\"https:\\\/\\\/giannicriminallaw.com\\\/es\\\/mapa-del-sitio\\\/#breadcrumb\"},\"inLanguage\":\"es\",\"potentialAction\":[{\"@type\":\"ReadAction\",\"target\":[\"https:\\\/\\\/giannicriminallaw.com\\\/es\\\/mapa-del-sitio\\\/\"]}]},{\"@type\":\"BreadcrumbList\",\"@id\":\"https:\\\/\\\/giannicriminallaw.com\\\/es\\\/mapa-del-sitio\\\/#breadcrumb\",\"itemListElement\":[{\"@type\":\"ListItem\",\"position\":1,\"name\":\"Home\",\"item\":\"https:\\\/\\\/giannicriminallaw.com\\\/es\\\/\"},{\"@type\":\"ListItem\",\"position\":2,\"name\":\"Mapa del sitio\"}]},{\"@type\":\"WebSite\",\"@id\":\"https:\\\/\\\/giannicriminallaw.com\\\/#website\",\"url\":\"https:\\\/\\\/giannicriminallaw.com\\\/\",\"name\":\"Law Firm of Gianni Karmily PLLC\",\"description\":\"\",\"publisher\":{\"@id\":\"https:\\\/\\\/giannicriminallaw.com\\\/#organization\"},\"potentialAction\":[{\"@type\":\"SearchAction\",\"target\":{\"@type\":\"EntryPoint\",\"urlTemplate\":\"https:\\\/\\\/giannicriminallaw.com\\\/?s={search_term_string}\"},\"query-input\":{\"@type\":\"PropertyValueSpecification\",\"valueRequired\":true,\"valueName\":\"search_term_string\"}}],\"inLanguage\":\"es\"},{\"@type\":\"Organization\",\"@id\":\"https:\\\/\\\/giannicriminallaw.com\\\/#organization\",\"name\":\"Law Firm of Gianni Karmily PLLC\",\"url\":\"https:\\\/\\\/giannicriminallaw.com\\\/\",\"logo\":{\"@type\":\"ImageObject\",\"inLanguage\":\"es\",\"@id\":\"https:\\\/\\\/giannicriminallaw.com\\\/#\\\/schema\\\/logo\\\/image\\\/\",\"url\":\"https:\\\/\\\/giannicriminallaw.com\\\/wp-content\\\/uploads\\\/2021\\\/03\\\/cropped-favicon.png\",\"contentUrl\":\"https:\\\/\\\/giannicriminallaw.com\\\/wp-content\\\/uploads\\\/2021\\\/03\\\/cropped-favicon.png\",\"width\":512,\"height\":512,\"caption\":\"Law Firm of Gianni Karmily PLLC\"},\"image\":{\"@id\":\"https:\\\/\\\/giannicriminallaw.com\\\/#\\\/schema\\\/logo\\\/image\\\/\"},\"sameAs\":[\"https:\\\/\\\/www.facebook.com\\\/Law-Firm-of-Gianni-Karmily-PLLC-111458240497656\\\/\",\"https:\\\/\\\/x.com\\\/LawGianni\"]}]}<\/script>\n<!-- \/ Yoast SEO plugin. -->","yoast_head_json":{"title":"Mapa del sitio - Law Firm of Gianni Karmily PLLC","robots":{"index":"noindex","follow":"follow"},"og_locale":"es_ES","og_type":"article","og_title":"Mapa del sitio - Law Firm of Gianni Karmily PLLC","og_description":"Mapa del sitio Acerca de Nosotros Cont\u00e1ctenos Inicio Rese\u00f1as de Clientes Servicios Acoso Agresion Asalto Vehicular Atropello con Fuga AUO Licencia Suspendida Boleto de Comparecencia en el Escritorio Conducci\u00f3n Imprudente Conducta Desordenada Cr\u00edmenes de Complicidad Cr\u00edmenes Violentos Delito Contra la Propiedad Delitos con Armas y Armas de Fuego Delitos de Drogas Delitos de Robo Delitos [&hellip;]","og_url":"https:\/\/giannicriminallaw.com\/es\/mapa-del-sitio\/","og_site_name":"Law Firm of Gianni Karmily PLLC","article_publisher":"https:\/\/www.facebook.com\/Law-Firm-of-Gianni-Karmily-PLLC-111458240497656\/","article_modified_time":"2024-10-16T18:09:41+00:00","twitter_card":"summary_large_image","twitter_site":"@LawGianni","twitter_misc":{"Tiempo de lectura":"1 minuto"},"schema":{"@context":"https:\/\/schema.org","@graph":[{"@type":"WebPage","@id":"https:\/\/giannicriminallaw.com\/es\/mapa-del-sitio\/","url":"https:\/\/giannicriminallaw.com\/es\/mapa-del-sitio\/","name":"Mapa del sitio - Law Firm of Gianni Karmily PLLC","isPartOf":{"@id":"https:\/\/giannicriminallaw.com\/#website"},"datePublished":"2020-03-07T10:33:03+00:00","dateModified":"2024-10-16T18:09:41+00:00","breadcrumb":{"@id":"https:\/\/giannicriminallaw.com\/es\/mapa-del-sitio\/#breadcrumb"},"inLanguage":"es","potentialAction":[{"@type":"ReadAction","target":["https:\/\/giannicriminallaw.com\/es\/mapa-del-sitio\/"]}]},{"@type":"BreadcrumbList","@id":"https:\/\/giannicriminallaw.com\/es\/mapa-del-sitio\/#breadcrumb","itemListElement":[{"@type":"ListItem","position":1,"name":"Home","item":"https:\/\/giannicriminallaw.com\/es\/"},{"@type":"ListItem","position":2,"name":"Mapa del sitio"}]},{"@type":"WebSite","@id":"https:\/\/giannicriminallaw.com\/#website","url":"https:\/\/giannicriminallaw.com\/","name":"Law Firm of Gianni Karmily PLLC","description":"","publisher":{"@id":"https:\/\/giannicriminallaw.com\/#organization"},"potentialAction":[{"@type":"SearchAction","target":{"@type":"EntryPoint","urlTemplate":"https:\/\/giannicriminallaw.com\/?s={search_term_string}"},"query-input":{"@type":"PropertyValueSpecification","valueRequired":true,"valueName":"search_term_string"}}],"inLanguage":"es"},{"@type":"Organization","@id":"https:\/\/giannicriminallaw.com\/#organization","name":"Law Firm of Gianni Karmily PLLC","url":"https:\/\/giannicriminallaw.com\/","logo":{"@type":"ImageObject","inLanguage":"es","@id":"https:\/\/giannicriminallaw.com\/#\/schema\/logo\/image\/","url":"https:\/\/giannicriminallaw.com\/wp-content\/uploads\/2021\/03\/cropped-favicon.png","contentUrl":"https:\/\/giannicriminallaw.com\/wp-content\/uploads\/2021\/03\/cropped-favicon.png","width":512,"height":512,"caption":"Law Firm of Gianni Karmily PLLC"},"image":{"@id":"https:\/\/giannicriminallaw.com\/#\/schema\/logo\/image\/"},"sameAs":["https:\/\/www.facebook.com\/Law-Firm-of-Gianni-Karmily-PLLC-111458240497656\/","https:\/\/x.com\/LawGianni"]}]}},"_links":{"self":[{"href":"https:\/\/giannicriminallaw.com\/es\/wp-json\/wp\/v2\/pages\/18467","targetHints":{"allow":["GET"]}}],"collection":[{"href":"https:\/\/giannicriminallaw.com\/es\/wp-json\/wp\/v2\/pages"}],"about":[{"href":"https:\/\/giannicriminallaw.com\/es\/wp-json\/wp\/v2\/types\/page"}],"author":[{"embeddable":true,"href":"https:\/\/giannicriminallaw.com\/es\/wp-json\/wp\/v2\/users\/3"}],"replies":[{"embeddable":true,"href":"https:\/\/giannicriminallaw.com\/es\/wp-json\/wp\/v2\/comments?post=18467"}],"version-history":[{"count":0,"href":"https:\/\/giannicriminallaw.com\/es\/wp-json\/wp\/v2\/pages\/18467\/revisions"}],"wp:attachment":[{"href":"https:\/\/giannicriminallaw.com\/es\/wp-json\/wp\/v2\/media?parent=18467"}],"curies":[{"name":"wp","href":"https:\/\/api.w.org\/{rel}","templated":true}]}}